{"id":5334,"date":"2017-05-23T19:43:09","date_gmt":"2017-05-23T19:43:09","guid":{"rendered":"https:\/\/gozu.zone\/?post_type=product&#038;p=5334"},"modified":"2019-05-18T20:18:02","modified_gmt":"2019-05-18T20:18:02","slug":"mafiozoo","status":"publish","type":"product","link":"https:\/\/gozu.zone\/?product=mafiozoo","title":{"rendered":"MAFIOZOO"},"content":{"rendered":"<p><a href=\"http:\/\/pro.gozu.zone\/wp-content\/uploads\/2017\/05\/MAFIOZOO-Titre.png\"><img loading=\"lazy\" decoding=\"async\" class=\"aligncenter wp-image-5336 size-large\" src=\"http:\/\/pro.gozu.zone\/wp-content\/uploads\/2017\/05\/MAFIOZOO-Titre-1024x251.png\" alt=\"\" width=\"730\" height=\"179\" srcset=\"https:\/\/gozu.zone\/wp-content\/uploads\/2017\/05\/MAFIOZOO-Titre-1024x251.png 1024w, https:\/\/gozu.zone\/wp-content\/uploads\/2017\/05\/MAFIOZOO-Titre-510x125.png 510w, https:\/\/gozu.zone\/wp-content\/uploads\/2017\/05\/MAFIOZOO-Titre-300x74.png 300w, https:\/\/gozu.zone\/wp-content\/uploads\/2017\/05\/MAFIOZOO-Titre-768x188.png 768w, https:\/\/gozu.zone\/wp-content\/uploads\/2017\/05\/MAFIOZOO-Titre-570x140.png 570w, https:\/\/gozu.zone\/wp-content\/uploads\/2017\/05\/MAFIOZOO-Titre.png 1497w\" sizes=\"auto, (max-width: 730px) 100vw, 730px\" \/><\/a><\/p>\n<p>Dans Mafiozoo, chaque joueur cherche \u00e0 devenir le nouvel affranchi du gang de Momo les dents longues en prenant le contr\u00f4le des quartiers et des lieux d\u2019influence de la ville. Mais attention, tout est dans la mani\u00e8re \u2026 Pour gagner votre place dans \u00ab\u00a0La famille\u00a0\u00bb, vous devez soudoyer les proches du parrain, gagner ou acheter leur soutien et b\u00e9n\u00e9ficier de leurs faveurs. H\u00e9las vous n\u2019\u00eates pas le seul sur le coup.<\/p>\n<p>Le gagnant sera celui qui aura su placer au mieux ses hommes et qui poss\u00e8dera le plus d\u2019influence \u00e0 la fin de la partie.<\/p>\n<p>&nbsp;<\/p>\n<h2>En savoir plus sur MAFIOZOO<\/h2>\n<p>&nbsp;<\/p>\n<p style=\"text-align: center;\"><iframe loading=\"lazy\" src=\"https:\/\/www.youtube.com\/embed\/xHMj1v4gulQ\" width=\"640\" height=\"360\" frameborder=\"0\" allowfullscreen=\"allowfullscreen\"><\/iframe><\/p>\n<p>&nbsp;<\/p>\n<div>\n<h2>Contenu de MAFIOZOO<\/h2>\n<\/div>\n<div class=\"disclaimer material\">\n<ul>\n<li>1 Plateau de Jeu<\/li>\n<li>12 Tuiles Famille<\/li>\n<li>34 Jetons Faveur<\/li>\n<li>60 Jetons Quartiers<\/li>\n<li>50 Cartes (Corruption, Indic, Parrain)<\/li>\n<li>33 Billets<\/li>\n<li>1 Jeton 1er Joueur (Voiture)<\/li>\n<li>1 Jeton Parrain<\/li>\n<li>1 R\u00e8gle du Jeu<\/li>\n<li>64 Gemmes Corruption<\/li>\n<li>64 Meeples GrosBras<\/li>\n<\/ul>\n<\/div>\n","protected":false},"excerpt":{"rendered":"<ul>\n<li><strong>\u00c2ge<\/strong> : 12 ans et +<\/li>\n<li><strong>Dur\u00e9e<\/strong> : 60 min<\/li>\n<li><strong>Joueurs<\/strong> : 2\u00a0\u00e0\u00a04<\/li>\n<\/ul>\n","protected":false},"featured_media":5335,"comment_status":"open","ping_status":"closed","template":"","meta":{"_acf_changed":false},"product_brand":[],"product_cat":[324,323],"product_tag":[550,344,366],"class_list":{"0":"post-5334","1":"product","2":"type-product","3":"status-publish","4":"has-post-thumbnail","6":"product_cat-experts","7":"product_cat-jeux","8":"product_tag-majorite","9":"product_tag-placement","10":"product_tag-polar","11":"product_shipping_class-livraisonstandard_colis","13":"first","14":"instock","15":"sale","16":"taxable","17":"shipping-taxable","18":"purchasable","19":"product-type-simple"},"acf":[],"yoast_head":"<!-- This site is optimized with the Yoast SEO plugin v25.3 - https:\/\/yoast.com\/wordpress\/plugins\/seo\/ -->\n<title>Acheter MAFIOZOO - Boutique GOZU ZONE - Jeux et Accessoires<\/title>\n<meta name=\"description\" content=\"MAFIOZOO un jeu Super Meeple de R\u00fcdiger Dorn. De 2 \u00e0 4 joueurs \u00e0 partir de 12 ans. Temps de jeu : environ 60 minutes\" \/>\n<meta name=\"robots\" content=\"index, follow, max-snippet:-1, max-image-preview:large, max-video-preview:-1\" \/>\n<link rel=\"canonical\" href=\"https:\/\/gozu.zone\/?product=mafiozoo\" \/>\n<meta property=\"og:locale\" content=\"fr_FR\" \/>\n<meta property=\"og:type\" content=\"article\" \/>\n<meta property=\"og:title\" content=\"Acheter MAFIOZOO - Boutique GOZU ZONE - Jeux et Accessoires\" \/>\n<meta property=\"og:description\" content=\"MAFIOZOO un jeu Super Meeple de R\u00fcdiger Dorn. De 2 \u00e0 4 joueurs \u00e0 partir de 12 ans. Temps de jeu : environ 60 minutes\" \/>\n<meta property=\"og:url\" content=\"https:\/\/gozu.zone\/?product=mafiozoo\" \/>\n<meta property=\"og:site_name\" content=\"GOZU ZONE\" \/>\n<meta property=\"article:publisher\" content=\"https:\/\/www.facebook.com\/gozuzone\/\" \/>\n<meta property=\"article:modified_time\" content=\"2019-05-18T20:18:02+00:00\" \/>\n<meta property=\"og:image\" content=\"https:\/\/gozu.zone\/wp-content\/uploads\/2017\/05\/MAFIOZOO.jpg\" \/>\n\t<meta property=\"og:image:width\" content=\"480\" \/>\n\t<meta property=\"og:image:height\" content=\"480\" \/>\n\t<meta property=\"og:image:type\" content=\"image\/jpeg\" \/>\n<meta name=\"twitter:card\" content=\"summary_large_image\" \/>\n<meta name=\"twitter:image\" content=\"http:\/\/pro.gozu.zone\/wp-content\/uploads\/2016\/07\/captain-sonar-gozu-zone.jpg\" \/>\n<meta name=\"twitter:site\" content=\"@gozuzone\" \/>\n<meta name=\"twitter:label1\" content=\"Dur\u00e9e de lecture estim\u00e9e\" \/>\n\t<meta name=\"twitter:data1\" content=\"1 minute\" \/>\n<script type=\"application\/ld+json\" class=\"yoast-schema-graph\">{\"@context\":\"https:\/\/schema.org\",\"@graph\":[{\"@type\":\"WebPage\",\"@id\":\"https:\/\/gozu.zone\/?product=mafiozoo\",\"url\":\"https:\/\/gozu.zone\/?product=mafiozoo\",\"name\":\"Acheter MAFIOZOO - Boutique GOZU ZONE - Jeux et Accessoires\",\"isPartOf\":{\"@id\":\"https:\/\/gozu.zone\/#website\"},\"primaryImageOfPage\":{\"@id\":\"https:\/\/gozu.zone\/?product=mafiozoo#primaryimage\"},\"image\":{\"@id\":\"https:\/\/gozu.zone\/?product=mafiozoo#primaryimage\"},\"thumbnailUrl\":\"https:\/\/gozu.zone\/wp-content\/uploads\/2017\/05\/MAFIOZOO.jpg\",\"datePublished\":\"2017-05-23T19:43:09+00:00\",\"dateModified\":\"2019-05-18T20:18:02+00:00\",\"description\":\"MAFIOZOO un jeu Super Meeple de R\u00fcdiger Dorn. De 2 \u00e0 4 joueurs \u00e0 partir de 12 ans. Temps de jeu : environ 60 minutes\",\"breadcrumb\":{\"@id\":\"https:\/\/gozu.zone\/?product=mafiozoo#breadcrumb\"},\"inLanguage\":\"fr-FR\",\"potentialAction\":[{\"@type\":\"ReadAction\",\"target\":[\"https:\/\/gozu.zone\/?product=mafiozoo\"]}]},{\"@type\":\"ImageObject\",\"inLanguage\":\"fr-FR\",\"@id\":\"https:\/\/gozu.zone\/?product=mafiozoo#primaryimage\",\"url\":\"https:\/\/gozu.zone\/wp-content\/uploads\/2017\/05\/MAFIOZOO.jpg\",\"contentUrl\":\"https:\/\/gozu.zone\/wp-content\/uploads\/2017\/05\/MAFIOZOO.jpg\",\"width\":480,\"height\":480,\"caption\":\"MAFIOZOO\"},{\"@type\":\"BreadcrumbList\",\"@id\":\"https:\/\/gozu.zone\/?product=mafiozoo#breadcrumb\",\"itemListElement\":[{\"@type\":\"ListItem\",\"position\":1,\"name\":\"Accueil\",\"item\":\"https:\/\/gozu.zone\/\"},{\"@type\":\"ListItem\",\"position\":2,\"name\":\"BOUTIQUE\",\"item\":\"https:\/\/gozu.zone\/?page_id=308\"},{\"@type\":\"ListItem\",\"position\":3,\"name\":\"MAFIOZOO\"}]},{\"@type\":\"WebSite\",\"@id\":\"https:\/\/gozu.zone\/#website\",\"url\":\"https:\/\/gozu.zone\/\",\"name\":\"GOZU ZONE\",\"description\":\"Toujours plus pour vos jeux\",\"potentialAction\":[{\"@type\":\"SearchAction\",\"target\":{\"@type\":\"EntryPoint\",\"urlTemplate\":\"https:\/\/gozu.zone\/?s={search_term_string}\"},\"query-input\":{\"@type\":\"PropertyValueSpecification\",\"valueRequired\":true,\"valueName\":\"search_term_string\"}}],\"inLanguage\":\"fr-FR\"}]}<\/script>\n<!-- \/ Yoast SEO plugin. -->","yoast_head_json":{"title":"Acheter MAFIOZOO - Boutique GOZU ZONE - Jeux et Accessoires","description":"MAFIOZOO un jeu Super Meeple de R\u00fcdiger Dorn. De 2 \u00e0 4 joueurs \u00e0 partir de 12 ans. Temps de jeu : environ 60 minutes","robots":{"index":"index","follow":"follow","max-snippet":"max-snippet:-1","max-image-preview":"max-image-preview:large","max-video-preview":"max-video-preview:-1"},"canonical":"https:\/\/gozu.zone\/?product=mafiozoo","og_locale":"fr_FR","og_type":"article","og_title":"Acheter MAFIOZOO - Boutique GOZU ZONE - Jeux et Accessoires","og_description":"MAFIOZOO un jeu Super Meeple de R\u00fcdiger Dorn. De 2 \u00e0 4 joueurs \u00e0 partir de 12 ans. Temps de jeu : environ 60 minutes","og_url":"https:\/\/gozu.zone\/?product=mafiozoo","og_site_name":"GOZU ZONE","article_publisher":"https:\/\/www.facebook.com\/gozuzone\/","article_modified_time":"2019-05-18T20:18:02+00:00","og_image":[{"width":480,"height":480,"url":"https:\/\/gozu.zone\/wp-content\/uploads\/2017\/05\/MAFIOZOO.jpg","type":"image\/jpeg"}],"twitter_card":"summary_large_image","twitter_image":"http:\/\/pro.gozu.zone\/wp-content\/uploads\/2016\/07\/captain-sonar-gozu-zone.jpg","twitter_site":"@gozuzone","twitter_misc":{"Dur\u00e9e de lecture estim\u00e9e":"1 minute"},"schema":{"@context":"https:\/\/schema.org","@graph":[{"@type":"WebPage","@id":"https:\/\/gozu.zone\/?product=mafiozoo","url":"https:\/\/gozu.zone\/?product=mafiozoo","name":"Acheter MAFIOZOO - Boutique GOZU ZONE - Jeux et Accessoires","isPartOf":{"@id":"https:\/\/gozu.zone\/#website"},"primaryImageOfPage":{"@id":"https:\/\/gozu.zone\/?product=mafiozoo#primaryimage"},"image":{"@id":"https:\/\/gozu.zone\/?product=mafiozoo#primaryimage"},"thumbnailUrl":"https:\/\/gozu.zone\/wp-content\/uploads\/2017\/05\/MAFIOZOO.jpg","datePublished":"2017-05-23T19:43:09+00:00","dateModified":"2019-05-18T20:18:02+00:00","description":"MAFIOZOO un jeu Super Meeple de R\u00fcdiger Dorn. De 2 \u00e0 4 joueurs \u00e0 partir de 12 ans. Temps de jeu : environ 60 minutes","breadcrumb":{"@id":"https:\/\/gozu.zone\/?product=mafiozoo#breadcrumb"},"inLanguage":"fr-FR","potentialAction":[{"@type":"ReadAction","target":["https:\/\/gozu.zone\/?product=mafiozoo"]}]},{"@type":"ImageObject","inLanguage":"fr-FR","@id":"https:\/\/gozu.zone\/?product=mafiozoo#primaryimage","url":"https:\/\/gozu.zone\/wp-content\/uploads\/2017\/05\/MAFIOZOO.jpg","contentUrl":"https:\/\/gozu.zone\/wp-content\/uploads\/2017\/05\/MAFIOZOO.jpg","width":480,"height":480,"caption":"MAFIOZOO"},{"@type":"BreadcrumbList","@id":"https:\/\/gozu.zone\/?product=mafiozoo#breadcrumb","itemListElement":[{"@type":"ListItem","position":1,"name":"Accueil","item":"https:\/\/gozu.zone\/"},{"@type":"ListItem","position":2,"name":"BOUTIQUE","item":"https:\/\/gozu.zone\/?page_id=308"},{"@type":"ListItem","position":3,"name":"MAFIOZOO"}]},{"@type":"WebSite","@id":"https:\/\/gozu.zone\/#website","url":"https:\/\/gozu.zone\/","name":"GOZU ZONE","description":"Toujours plus pour vos jeux","potentialAction":[{"@type":"SearchAction","target":{"@type":"EntryPoint","urlTemplate":"https:\/\/gozu.zone\/?s={search_term_string}"},"query-input":{"@type":"PropertyValueSpecification","valueRequired":true,"valueName":"search_term_string"}}],"inLanguage":"fr-FR"}]}},"_links":{"self":[{"href":"https:\/\/gozu.zone\/index.php?rest_route=\/wp\/v2\/product\/5334","targetHints":{"allow":["GET"]}}],"collection":[{"href":"https:\/\/gozu.zone\/index.php?rest_route=\/wp\/v2\/product"}],"about":[{"href":"https:\/\/gozu.zone\/index.php?rest_route=\/wp\/v2\/types\/product"}],"replies":[{"embeddable":true,"href":"https:\/\/gozu.zone\/index.php?rest_route=%2Fwp%2Fv2%2Fcomments&post=5334"}],"wp:featuredmedia":[{"embeddable":true,"href":"https:\/\/gozu.zone\/index.php?rest_route=\/wp\/v2\/media\/5335"}],"wp:attachment":[{"href":"https:\/\/gozu.zone\/index.php?rest_route=%2Fwp%2Fv2%2Fmedia&parent=5334"}],"wp:term":[{"taxonomy":"product_brand","embeddable":true,"href":"https:\/\/gozu.zone\/index.php?rest_route=%2Fwp%2Fv2%2Fproduct_brand&post=5334"},{"taxonomy":"product_cat","embeddable":true,"href":"https:\/\/gozu.zone\/index.php?rest_route=%2Fwp%2Fv2%2Fproduct_cat&post=5334"},{"taxonomy":"product_tag","embeddable":true,"href":"https:\/\/gozu.zone\/index.php?rest_route=%2Fwp%2Fv2%2Fproduct_tag&post=5334"}],"curies":[{"name":"wp","href":"https:\/\/api.w.org\/{rel}","templated":true}]}}