{"id":5466,"date":"2017-07-09T19:20:41","date_gmt":"2017-07-09T19:20:41","guid":{"rendered":"https:\/\/gozu.zone\/?post_type=product&#038;p=5466"},"modified":"2025-02-05T21:06:27","modified_gmt":"2025-02-05T21:06:27","slug":"dice-forge","status":"publish","type":"product","link":"https:\/\/gozu.zone\/?product=dice-forge","title":{"rendered":"Dice Forge"},"content":{"rendered":"<p><a href=\"http:\/\/pro.gozu.zone\/wp-content\/uploads\/2017\/07\/dice-forge-titre.png\"><img loading=\"lazy\" decoding=\"async\" class=\"aligncenter wp-image-5471 \" src=\"http:\/\/pro.gozu.zone\/wp-content\/uploads\/2017\/07\/dice-forge-titre.png\" alt=\"dice-forge-titre\" width=\"420\" height=\"261\" srcset=\"https:\/\/gozu.zone\/wp-content\/uploads\/2017\/07\/dice-forge-titre.png 1000w, https:\/\/gozu.zone\/wp-content\/uploads\/2017\/07\/dice-forge-titre-510x317.png 510w, https:\/\/gozu.zone\/wp-content\/uploads\/2017\/07\/dice-forge-titre-300x187.png 300w, https:\/\/gozu.zone\/wp-content\/uploads\/2017\/07\/dice-forge-titre-768x478.png 768w, https:\/\/gozu.zone\/wp-content\/uploads\/2017\/07\/dice-forge-titre-570x355.png 570w\" sizes=\"auto, (max-width: 420px) 100vw, 420px\" \/><\/a><\/p>\n<p>Forgez le monde, forgez vos d\u00e9s\u00a0!<\/p>\n<p>H\u00e9ros, soyez pr\u00eats ! Les Dieux offrent une place \u00e0 leurs c\u00f4t\u00e9s \u00e0 celui qui triomphera de ses concurrents. Votre courage et votre astuce seront vos meilleurs alli\u00e9s, gr\u00e2ce aux\u00a0 d\u00e9s\u00a0 offerts\u00a0 par\u00a0 les\u00a0 Dieux,\u00a0 r\u00e9coltez\u00a0 les\u00a0 ressources\u00a0 qui\u00a0 vous\u00a0 assureront\u00a0 la victoire !<\/p>\n<p>Vos d\u00e9s divins sont exceptionnels : leurs faces sont amovibles ! Personnalisez vos d\u00e9s en cours de partie pour devenir plus puissants. Am\u00e9liorez votre d\u00e9 pour r\u00e9colter les ressources dont vous avez besoin. Mesurez-vous aux\u00a0 \u00e9preuves\u00a0 concoct\u00e9es\u00a0 par\u00a0 les\u00a0 dieux pour\u00a0 augmenter\u00a0 votre gloire\u00a0 et\u00a0 gagner\u00a0 des\u00a0 r\u00e9compenses.\u00a0<em>Dice Forge<\/em>\u00a0est un jeu de d\u00e9veloppement dot\u00e9 d\u2019un mat\u00e9riel innovant : des d\u00e9s aux faces amovibles. Dans ce jeu de dice crafting* vous\u00a0 construisez\u00a0 vous-m\u00eame\u00a0 votre\u00a0 d\u00e9.\u00a0 Lancez vos d\u00e9s, g\u00e9rez vos ressources, r\u00e9alisez les \u00e9preuves avant vos adversaires et explorez les multiples strat\u00e9gies pour remporter la victoire.<\/p>\n<p>&nbsp;<\/p>\n<h2>R\u00e8gles de Dice Forge<\/h2>\n<p>&nbsp;<\/p>\n<p style=\"text-align: center;\"><iframe loading=\"lazy\" src=\"https:\/\/www.youtube.com\/embed\/FjYJkt5bbKg\" width=\"560\" height=\"315\" frameborder=\"0\" allowfullscreen=\"allowfullscreen\"><\/iframe><\/p>\n<p>&nbsp;<\/p>\n<div><\/div>\n<div class=\"disclaimer material\">\n<h2>Contenu de Dice Forge<\/h2>\n<ul>\n<li>1 plateau Temple avec \u00e9tui<\/li>\n<li>1 plateau \u00celes<a href=\"http:\/\/pro.gozu.zone\/wp-content\/uploads\/2017\/07\/dice-forge-matos.png\"><img loading=\"lazy\" decoding=\"async\" class=\"wp-image-5470 alignright\" src=\"http:\/\/pro.gozu.zone\/wp-content\/uploads\/2017\/07\/dice-forge-matos.png\" alt=\"\" width=\"377\" height=\"267\" srcset=\"https:\/\/gozu.zone\/wp-content\/uploads\/2017\/07\/dice-forge-matos.png 1413w, https:\/\/gozu.zone\/wp-content\/uploads\/2017\/07\/dice-forge-matos-510x361.png 510w, https:\/\/gozu.zone\/wp-content\/uploads\/2017\/07\/dice-forge-matos-300x212.png 300w, https:\/\/gozu.zone\/wp-content\/uploads\/2017\/07\/dice-forge-matos-768x544.png 768w, https:\/\/gozu.zone\/wp-content\/uploads\/2017\/07\/dice-forge-matos-1024x725.png 1024w, https:\/\/gozu.zone\/wp-content\/uploads\/2017\/07\/dice-forge-matos-570x403.png 570w\" sizes=\"auto, (max-width: 377px) 100vw, 377px\" \/><\/a><\/li>\n<li>96 cartes<\/li>\n<li>1 jeton compte-tours<\/li>\n<li>8 d\u00e9s aux faces amovibles<\/li>\n<li>108 faces de d\u00e9<\/li>\n<li>4 inventaires de H\u00e9ros<\/li>\n<li>4 pions h\u00e9ros<\/li>\n<li>20 cubes de couleur<\/li>\n<li>4 extensions de r\u00e9serve<\/li>\n<li>20 jetons<\/li>\n<li>1 jeton Premier joueur<\/li>\n<li>1 aide.<\/li>\n<\/ul>\n<\/div>\n","protected":false},"excerpt":{"rendered":"<p>Une place s\u2019est lib\u00e9r\u00e9e au Panth\u00e9on et les Dieux sont dispos\u00e9s \u00e0 \u00e9lever le plus prestigieux des h\u00e9ros \u00e0 leur rang. \u00c7a tombe bien, vous \u00eates un h\u00e9ros !<\/p>\n<ul>\n<li><strong>\u00c2ge<\/strong> : 10 ans et +<\/li>\n<li><strong>Dur\u00e9e<\/strong> : 40 min<\/li>\n<li><strong>Joueurs<\/strong> :\u00a02 \u00e0 4 jours<\/li>\n<\/ul>\n","protected":false},"featured_media":5472,"comment_status":"open","ping_status":"closed","template":"","meta":{"_acf_changed":false},"product_brand":[],"product_cat":[323,494,361,333],"product_tag":[383,436,405,352],"class_list":{"0":"post-5466","1":"product","2":"type-product","3":"status-publish","4":"has-post-thumbnail","6":"product_cat-jeux","7":"product_cat-jeux-de-societe","8":"product_cat-familiaux","9":"product_cat-par-types","10":"product_tag-combinaison","11":"product_tag-des","12":"product_tag-developpement","13":"product_tag-fantastique","14":"product_shipping_class-livraisonstandard_colis","16":"first","17":"outofstock","18":"sale","19":"taxable","20":"shipping-taxable","21":"purchasable","22":"product-type-simple"},"acf":[],"yoast_head":"<!-- This site is optimized with the Yoast SEO plugin v25.3 - https:\/\/yoast.com\/wordpress\/plugins\/seo\/ -->\n<title>Acheter Dice Forge - Boutique GOZU ZONE - Jeux et Accessoires<\/title>\n<meta name=\"robots\" content=\"index, follow, max-snippet:-1, max-image-preview:large, max-video-preview:-1\" \/>\n<link rel=\"canonical\" href=\"https:\/\/gozu.zone\/?product=dice-forge\" \/>\n<meta property=\"og:locale\" content=\"fr_FR\" \/>\n<meta property=\"og:type\" content=\"article\" \/>\n<meta property=\"og:title\" content=\"Acheter Dice Forge - Boutique GOZU ZONE - Jeux et Accessoires\" \/>\n<meta property=\"og:description\" content=\"Une place s\u2019est lib\u00e9r\u00e9e au Panth\u00e9on et les Dieux sont dispos\u00e9s \u00e0 \u00e9lever le plus prestigieux des h\u00e9ros \u00e0 leur rang. \u00c7a tombe bien, vous \u00eates un h\u00e9ros !   \u00c2ge : 10 ans et +  Dur\u00e9e : 40 min  Joueurs :\u00a02 \u00e0 4 jours\" \/>\n<meta property=\"og:url\" content=\"https:\/\/gozu.zone\/?product=dice-forge\" \/>\n<meta property=\"og:site_name\" content=\"GOZU ZONE\" \/>\n<meta property=\"article:publisher\" content=\"https:\/\/www.facebook.com\/gozuzone\/\" \/>\n<meta property=\"article:modified_time\" content=\"2025-02-05T21:06:27+00:00\" \/>\n<meta property=\"og:image\" content=\"https:\/\/gozu.zone\/wp-content\/uploads\/2017\/07\/dice-forge.jpg\" \/>\n\t<meta property=\"og:image:width\" content=\"480\" \/>\n\t<meta property=\"og:image:height\" content=\"480\" \/>\n\t<meta property=\"og:image:type\" content=\"image\/jpeg\" \/>\n<meta name=\"twitter:card\" content=\"summary_large_image\" \/>\n<meta name=\"twitter:site\" content=\"@gozuzone\" \/>\n<meta name=\"twitter:label1\" content=\"Dur\u00e9e de lecture estim\u00e9e\" \/>\n\t<meta name=\"twitter:data1\" content=\"1 minute\" \/>\n<script type=\"application\/ld+json\" class=\"yoast-schema-graph\">{\"@context\":\"https:\/\/schema.org\",\"@graph\":[{\"@type\":\"WebPage\",\"@id\":\"https:\/\/gozu.zone\/?product=dice-forge\",\"url\":\"https:\/\/gozu.zone\/?product=dice-forge\",\"name\":\"Acheter Dice Forge - Boutique GOZU ZONE - Jeux et Accessoires\",\"isPartOf\":{\"@id\":\"https:\/\/gozu.zone\/#website\"},\"primaryImageOfPage\":{\"@id\":\"https:\/\/gozu.zone\/?product=dice-forge#primaryimage\"},\"image\":{\"@id\":\"https:\/\/gozu.zone\/?product=dice-forge#primaryimage\"},\"thumbnailUrl\":\"https:\/\/gozu.zone\/wp-content\/uploads\/2017\/07\/dice-forge.jpg\",\"datePublished\":\"2017-07-09T19:20:41+00:00\",\"dateModified\":\"2025-02-05T21:06:27+00:00\",\"breadcrumb\":{\"@id\":\"https:\/\/gozu.zone\/?product=dice-forge#breadcrumb\"},\"inLanguage\":\"fr-FR\",\"potentialAction\":[{\"@type\":\"ReadAction\",\"target\":[\"https:\/\/gozu.zone\/?product=dice-forge\"]}]},{\"@type\":\"ImageObject\",\"inLanguage\":\"fr-FR\",\"@id\":\"https:\/\/gozu.zone\/?product=dice-forge#primaryimage\",\"url\":\"https:\/\/gozu.zone\/wp-content\/uploads\/2017\/07\/dice-forge.jpg\",\"contentUrl\":\"https:\/\/gozu.zone\/wp-content\/uploads\/2017\/07\/dice-forge.jpg\",\"width\":480,\"height\":480,\"caption\":\"dice-forge\"},{\"@type\":\"BreadcrumbList\",\"@id\":\"https:\/\/gozu.zone\/?product=dice-forge#breadcrumb\",\"itemListElement\":[{\"@type\":\"ListItem\",\"position\":1,\"name\":\"Accueil\",\"item\":\"https:\/\/gozu.zone\/\"},{\"@type\":\"ListItem\",\"position\":2,\"name\":\"BOUTIQUE\",\"item\":\"https:\/\/gozu.zone\/?page_id=308\"},{\"@type\":\"ListItem\",\"position\":3,\"name\":\"Dice Forge\"}]},{\"@type\":\"WebSite\",\"@id\":\"https:\/\/gozu.zone\/#website\",\"url\":\"https:\/\/gozu.zone\/\",\"name\":\"GOZU ZONE\",\"description\":\"Toujours plus pour vos jeux\",\"potentialAction\":[{\"@type\":\"SearchAction\",\"target\":{\"@type\":\"EntryPoint\",\"urlTemplate\":\"https:\/\/gozu.zone\/?s={search_term_string}\"},\"query-input\":{\"@type\":\"PropertyValueSpecification\",\"valueRequired\":true,\"valueName\":\"search_term_string\"}}],\"inLanguage\":\"fr-FR\"}]}<\/script>\n<!-- \/ Yoast SEO plugin. -->","yoast_head_json":{"title":"Acheter Dice Forge - Boutique GOZU ZONE - Jeux et Accessoires","robots":{"index":"index","follow":"follow","max-snippet":"max-snippet:-1","max-image-preview":"max-image-preview:large","max-video-preview":"max-video-preview:-1"},"canonical":"https:\/\/gozu.zone\/?product=dice-forge","og_locale":"fr_FR","og_type":"article","og_title":"Acheter Dice Forge - Boutique GOZU ZONE - Jeux et Accessoires","og_description":"Une place s\u2019est lib\u00e9r\u00e9e au Panth\u00e9on et les Dieux sont dispos\u00e9s \u00e0 \u00e9lever le plus prestigieux des h\u00e9ros \u00e0 leur rang. \u00c7a tombe bien, vous \u00eates un h\u00e9ros !   \u00c2ge : 10 ans et +  Dur\u00e9e : 40 min  Joueurs :\u00a02 \u00e0 4 jours","og_url":"https:\/\/gozu.zone\/?product=dice-forge","og_site_name":"GOZU ZONE","article_publisher":"https:\/\/www.facebook.com\/gozuzone\/","article_modified_time":"2025-02-05T21:06:27+00:00","og_image":[{"width":480,"height":480,"url":"https:\/\/gozu.zone\/wp-content\/uploads\/2017\/07\/dice-forge.jpg","type":"image\/jpeg"}],"twitter_card":"summary_large_image","twitter_site":"@gozuzone","twitter_misc":{"Dur\u00e9e de lecture estim\u00e9e":"1 minute"},"schema":{"@context":"https:\/\/schema.org","@graph":[{"@type":"WebPage","@id":"https:\/\/gozu.zone\/?product=dice-forge","url":"https:\/\/gozu.zone\/?product=dice-forge","name":"Acheter Dice Forge - Boutique GOZU ZONE - Jeux et Accessoires","isPartOf":{"@id":"https:\/\/gozu.zone\/#website"},"primaryImageOfPage":{"@id":"https:\/\/gozu.zone\/?product=dice-forge#primaryimage"},"image":{"@id":"https:\/\/gozu.zone\/?product=dice-forge#primaryimage"},"thumbnailUrl":"https:\/\/gozu.zone\/wp-content\/uploads\/2017\/07\/dice-forge.jpg","datePublished":"2017-07-09T19:20:41+00:00","dateModified":"2025-02-05T21:06:27+00:00","breadcrumb":{"@id":"https:\/\/gozu.zone\/?product=dice-forge#breadcrumb"},"inLanguage":"fr-FR","potentialAction":[{"@type":"ReadAction","target":["https:\/\/gozu.zone\/?product=dice-forge"]}]},{"@type":"ImageObject","inLanguage":"fr-FR","@id":"https:\/\/gozu.zone\/?product=dice-forge#primaryimage","url":"https:\/\/gozu.zone\/wp-content\/uploads\/2017\/07\/dice-forge.jpg","contentUrl":"https:\/\/gozu.zone\/wp-content\/uploads\/2017\/07\/dice-forge.jpg","width":480,"height":480,"caption":"dice-forge"},{"@type":"BreadcrumbList","@id":"https:\/\/gozu.zone\/?product=dice-forge#breadcrumb","itemListElement":[{"@type":"ListItem","position":1,"name":"Accueil","item":"https:\/\/gozu.zone\/"},{"@type":"ListItem","position":2,"name":"BOUTIQUE","item":"https:\/\/gozu.zone\/?page_id=308"},{"@type":"ListItem","position":3,"name":"Dice Forge"}]},{"@type":"WebSite","@id":"https:\/\/gozu.zone\/#website","url":"https:\/\/gozu.zone\/","name":"GOZU ZONE","description":"Toujours plus pour vos jeux","potentialAction":[{"@type":"SearchAction","target":{"@type":"EntryPoint","urlTemplate":"https:\/\/gozu.zone\/?s={search_term_string}"},"query-input":{"@type":"PropertyValueSpecification","valueRequired":true,"valueName":"search_term_string"}}],"inLanguage":"fr-FR"}]}},"_links":{"self":[{"href":"https:\/\/gozu.zone\/index.php?rest_route=\/wp\/v2\/product\/5466","targetHints":{"allow":["GET"]}}],"collection":[{"href":"https:\/\/gozu.zone\/index.php?rest_route=\/wp\/v2\/product"}],"about":[{"href":"https:\/\/gozu.zone\/index.php?rest_route=\/wp\/v2\/types\/product"}],"replies":[{"embeddable":true,"href":"https:\/\/gozu.zone\/index.php?rest_route=%2Fwp%2Fv2%2Fcomments&post=5466"}],"wp:featuredmedia":[{"embeddable":true,"href":"https:\/\/gozu.zone\/index.php?rest_route=\/wp\/v2\/media\/5472"}],"wp:attachment":[{"href":"https:\/\/gozu.zone\/index.php?rest_route=%2Fwp%2Fv2%2Fmedia&parent=5466"}],"wp:term":[{"taxonomy":"product_brand","embeddable":true,"href":"https:\/\/gozu.zone\/index.php?rest_route=%2Fwp%2Fv2%2Fproduct_brand&post=5466"},{"taxonomy":"product_cat","embeddable":true,"href":"https:\/\/gozu.zone\/index.php?rest_route=%2Fwp%2Fv2%2Fproduct_cat&post=5466"},{"taxonomy":"product_tag","embeddable":true,"href":"https:\/\/gozu.zone\/index.php?rest_route=%2Fwp%2Fv2%2Fproduct_tag&post=5466"}],"curies":[{"name":"wp","href":"https:\/\/api.w.org\/{rel}","templated":true}]}}