{"id":5532,"date":"2017-07-14T19:47:33","date_gmt":"2017-07-14T19:47:33","guid":{"rendered":"https:\/\/gozu.zone\/?post_type=product&#038;p=5532"},"modified":"2025-11-22T16:55:52","modified_gmt":"2025-11-22T16:55:52","slug":"unlock","status":"publish","type":"product","link":"https:\/\/gozu.zone\/?product=unlock","title":{"rendered":"Unlock ! Escape Adventures"},"content":{"rendered":"<p><strong>Unlock !<\/strong> est un jeu de cartes coop\u00e9ratif inspir\u00e9 des escape rooms. Les escape rooms sont des salles dont vous devez vous \u00e9chapper en moins de 60 minutes. <strong>Unlock !<\/strong> vous fait vivre ces exp\u00e9riences chez vous, autour d&rsquo;une table.<\/p>\n<p>Apr\u00e8s avoir pris connaissance du contexte du sc\u00e9nario, vous commencez votre aventure dans une pi\u00e8ce (une carte de lieu qui indique divers num\u00e9ros). Fouillez-la pour trouver des objets ! Attention : certains peuvent \u00eatre cach\u00e9s ! Des \u00e9nigmes visuelles ou audio ralentissent votre progression&#8230; \u00e0 vous de coop\u00e9rer avec vos partenaires pour avancer et terminer dans les temps !<\/p>\n<p>L&rsquo;application gratuite Unlock!, compatible avec les t\u00e9l\u00e9phones et tablettes Android et iOS, est n\u00e9cessaire pour jouer. Elle permet d&rsquo;obtenir des indices, de rep\u00e9rer des objets cach\u00e9s, mais aussi d&rsquo;entrer les codes d\u00e9couverts. Elle contribue \u00e9galement \u00e0 l&rsquo;ambiance avec ses musiques d\u00e9di\u00e9es \u00e0 chaque aventure, ses \u00e9nigmes audio, ses terribles p\u00e9nalit\u00e9s et son compte \u00e0 rebours fatal !<\/p>\n<p>Afin de bien appr\u00e9hender les r\u00e8gles, la bo\u00eete contient une dizaine de cartes servant de tutoriel.<\/p>\n<p>Les cartes du tutoriel sont emball\u00e9es avec les cartes du sc\u00e9nario 1.<\/p>\n<p>La bo\u00eete <strong>Unlock !<\/strong> contient <strong>trois<\/strong> aventures :<\/p>\n<ul>\n<li><strong>La Formule<\/strong> : Entrez dans un laboratoire secret pour r\u00e9cup\u00e9rer un myst\u00e9rieux s\u00e9rum \u00e9labor\u00e9 par un scientifique<\/li>\n<li><strong>Squeek &amp; Sausage<\/strong> : D\u00e9jouez les plans de l&rsquo;inf\u00e2me professeur Noside dans cette aventure cartoonesque.<\/li>\n<li><strong>L&rsquo;\u00eele du docteur Goorse<\/strong> : Visitez l&rsquo;\u00eele d&rsquo;un milliardaire excentrique collectionneur d&rsquo;antiquit\u00e9s et triomphez de ses pi\u00e8ges.<\/li>\n<\/ul>\n<p>&nbsp;<\/p>\n<h2>Explication du jeu\u00a0Unlock !<\/h2>\n<p>&nbsp;<\/p>\n<p style=\"text-align: center;\"><iframe loading=\"lazy\" src=\"https:\/\/www.trictrac.tv\/video\/iframe\/Unlock_de_le_tutoriel\" width=\"640\" height=\"360\" frameborder=\"0\" webkitallowfullscreen mozallowfullscreen allowfullscreen><\/iframe><\/p>\n<p>&nbsp;<\/p>\n<div class=\"disclaimer material\">\n<h3>Contenu du jeu<\/h3>\n<ul>\n<li>1 livret de r\u00e8gles<\/li>\n<li>1 tutoriel de 10 cartes (permet d&rsquo;apprendre les r\u00e8gles du jeu sans avoir \u00e0 les lire)<\/li>\n<li>La Formule (60 cartes)<\/li>\n<li>Squeek &amp; Sausage (60 cartes)<\/li>\n<li>L&rsquo;\u00eele du docteur Goorse (60 cartes)<\/li>\n<\/ul>\n<\/div>\n","protected":false},"excerpt":{"rendered":"<p>Unlock! est un jeu de cartes coop\u00e9ratif inspir\u00e9 des escape rooms. Unlock! vous fait vivre ces exp\u00e9riences chez vous, autour d&rsquo;une table.<\/p>\n<ul>\n<li><strong>\u00c2ge<\/strong> : 10\u00a0ans et +<\/li>\n<li><strong>Dur\u00e9e<\/strong> : 1 \u00e0 2 h<\/li>\n<li><strong>Joueurs<\/strong> : 2\u00a0\u00e0 6<\/li>\n<\/ul>\n","protected":false},"featured_media":5550,"comment_status":"open","ping_status":"closed","template":"","meta":{"_acf_changed":false},"product_brand":[],"product_cat":[323],"product_tag":[382,378,559],"class_list":{"0":"post-5532","1":"product","2":"type-product","3":"status-publish","4":"has-post-thumbnail","6":"product_cat-jeux","7":"product_tag-cooperatif","8":"product_tag-deduction","9":"product_tag-enigmes","10":"product_shipping_class-livraisonstandard_colis","12":"first","13":"outofstock","14":"sale","15":"taxable","16":"shipping-taxable","17":"purchasable","18":"product-type-simple"},"acf":[],"yoast_head":"<!-- This site is optimized with the Yoast SEO plugin v25.3 - https:\/\/yoast.com\/wordpress\/plugins\/seo\/ -->\n<title>Acheter Unlock ! Escape Adventures - GOZU ZONE - Jeux et Accessoires<\/title>\n<meta name=\"robots\" content=\"index, follow, max-snippet:-1, max-image-preview:large, max-video-preview:-1\" \/>\n<link rel=\"canonical\" href=\"https:\/\/gozu.zone\/?product=unlock\" \/>\n<meta property=\"og:locale\" content=\"fr_FR\" \/>\n<meta property=\"og:type\" content=\"article\" \/>\n<meta property=\"og:title\" content=\"Acheter Unlock ! Escape Adventures - GOZU ZONE - Jeux et Accessoires\" \/>\n<meta property=\"og:description\" content=\"Unlock! est un jeu de cartes coop\u00e9ratif inspir\u00e9 des escape rooms. Unlock! vous fait vivre ces exp\u00e9riences chez vous, autour d&#039;une table.    \u00c2ge : 10\u00a0ans et +  Dur\u00e9e : 1 \u00e0 2 h  Joueurs : 2\u00a0\u00e0 6\" \/>\n<meta property=\"og:url\" content=\"https:\/\/gozu.zone\/?product=unlock\" \/>\n<meta property=\"og:site_name\" content=\"GOZU ZONE\" \/>\n<meta property=\"article:publisher\" content=\"https:\/\/www.facebook.com\/gozuzone\/\" \/>\n<meta property=\"article:modified_time\" content=\"2025-11-22T16:55:52+00:00\" \/>\n<meta property=\"og:image\" content=\"https:\/\/gozu.zone\/wp-content\/uploads\/2017\/07\/Unlock.jpg\" \/>\n\t<meta property=\"og:image:width\" content=\"480\" \/>\n\t<meta property=\"og:image:height\" content=\"480\" \/>\n\t<meta property=\"og:image:type\" content=\"image\/jpeg\" \/>\n<meta name=\"twitter:card\" content=\"summary_large_image\" \/>\n<meta name=\"twitter:site\" content=\"@gozuzone\" \/>\n<meta name=\"twitter:label1\" content=\"Dur\u00e9e de lecture estim\u00e9e\" \/>\n\t<meta name=\"twitter:data1\" content=\"1 minute\" \/>\n<script type=\"application\/ld+json\" class=\"yoast-schema-graph\">{\"@context\":\"https:\/\/schema.org\",\"@graph\":[{\"@type\":\"WebPage\",\"@id\":\"https:\/\/gozu.zone\/?product=unlock\",\"url\":\"https:\/\/gozu.zone\/?product=unlock\",\"name\":\"Acheter Unlock ! Escape Adventures - GOZU ZONE - Jeux et Accessoires\",\"isPartOf\":{\"@id\":\"https:\/\/gozu.zone\/#website\"},\"primaryImageOfPage\":{\"@id\":\"https:\/\/gozu.zone\/?product=unlock#primaryimage\"},\"image\":{\"@id\":\"https:\/\/gozu.zone\/?product=unlock#primaryimage\"},\"thumbnailUrl\":\"https:\/\/gozu.zone\/wp-content\/uploads\/2017\/07\/Unlock.jpg\",\"datePublished\":\"2017-07-14T19:47:33+00:00\",\"dateModified\":\"2025-11-22T16:55:52+00:00\",\"breadcrumb\":{\"@id\":\"https:\/\/gozu.zone\/?product=unlock#breadcrumb\"},\"inLanguage\":\"fr-FR\",\"potentialAction\":[{\"@type\":\"ReadAction\",\"target\":[\"https:\/\/gozu.zone\/?product=unlock\"]}]},{\"@type\":\"ImageObject\",\"inLanguage\":\"fr-FR\",\"@id\":\"https:\/\/gozu.zone\/?product=unlock#primaryimage\",\"url\":\"https:\/\/gozu.zone\/wp-content\/uploads\/2017\/07\/Unlock.jpg\",\"contentUrl\":\"https:\/\/gozu.zone\/wp-content\/uploads\/2017\/07\/Unlock.jpg\",\"width\":480,\"height\":480,\"caption\":\"Unlock!\"},{\"@type\":\"BreadcrumbList\",\"@id\":\"https:\/\/gozu.zone\/?product=unlock#breadcrumb\",\"itemListElement\":[{\"@type\":\"ListItem\",\"position\":1,\"name\":\"Accueil\",\"item\":\"https:\/\/gozu.zone\/\"},{\"@type\":\"ListItem\",\"position\":2,\"name\":\"BOUTIQUE\",\"item\":\"https:\/\/gozu.zone\/?page_id=308\"},{\"@type\":\"ListItem\",\"position\":3,\"name\":\"Unlock ! Escape Adventures\"}]},{\"@type\":\"WebSite\",\"@id\":\"https:\/\/gozu.zone\/#website\",\"url\":\"https:\/\/gozu.zone\/\",\"name\":\"GOZU ZONE\",\"description\":\"Toujours plus pour vos jeux\",\"potentialAction\":[{\"@type\":\"SearchAction\",\"target\":{\"@type\":\"EntryPoint\",\"urlTemplate\":\"https:\/\/gozu.zone\/?s={search_term_string}\"},\"query-input\":{\"@type\":\"PropertyValueSpecification\",\"valueRequired\":true,\"valueName\":\"search_term_string\"}}],\"inLanguage\":\"fr-FR\"}]}<\/script>\n<!-- \/ Yoast SEO plugin. -->","yoast_head_json":{"title":"Acheter Unlock ! Escape Adventures - GOZU ZONE - Jeux et Accessoires","robots":{"index":"index","follow":"follow","max-snippet":"max-snippet:-1","max-image-preview":"max-image-preview:large","max-video-preview":"max-video-preview:-1"},"canonical":"https:\/\/gozu.zone\/?product=unlock","og_locale":"fr_FR","og_type":"article","og_title":"Acheter Unlock ! Escape Adventures - GOZU ZONE - Jeux et Accessoires","og_description":"Unlock! est un jeu de cartes coop\u00e9ratif inspir\u00e9 des escape rooms. Unlock! vous fait vivre ces exp\u00e9riences chez vous, autour d'une table.    \u00c2ge : 10\u00a0ans et +  Dur\u00e9e : 1 \u00e0 2 h  Joueurs : 2\u00a0\u00e0 6","og_url":"https:\/\/gozu.zone\/?product=unlock","og_site_name":"GOZU ZONE","article_publisher":"https:\/\/www.facebook.com\/gozuzone\/","article_modified_time":"2025-11-22T16:55:52+00:00","og_image":[{"width":480,"height":480,"url":"https:\/\/gozu.zone\/wp-content\/uploads\/2017\/07\/Unlock.jpg","type":"image\/jpeg"}],"twitter_card":"summary_large_image","twitter_site":"@gozuzone","twitter_misc":{"Dur\u00e9e de lecture estim\u00e9e":"1 minute"},"schema":{"@context":"https:\/\/schema.org","@graph":[{"@type":"WebPage","@id":"https:\/\/gozu.zone\/?product=unlock","url":"https:\/\/gozu.zone\/?product=unlock","name":"Acheter Unlock ! Escape Adventures - GOZU ZONE - Jeux et Accessoires","isPartOf":{"@id":"https:\/\/gozu.zone\/#website"},"primaryImageOfPage":{"@id":"https:\/\/gozu.zone\/?product=unlock#primaryimage"},"image":{"@id":"https:\/\/gozu.zone\/?product=unlock#primaryimage"},"thumbnailUrl":"https:\/\/gozu.zone\/wp-content\/uploads\/2017\/07\/Unlock.jpg","datePublished":"2017-07-14T19:47:33+00:00","dateModified":"2025-11-22T16:55:52+00:00","breadcrumb":{"@id":"https:\/\/gozu.zone\/?product=unlock#breadcrumb"},"inLanguage":"fr-FR","potentialAction":[{"@type":"ReadAction","target":["https:\/\/gozu.zone\/?product=unlock"]}]},{"@type":"ImageObject","inLanguage":"fr-FR","@id":"https:\/\/gozu.zone\/?product=unlock#primaryimage","url":"https:\/\/gozu.zone\/wp-content\/uploads\/2017\/07\/Unlock.jpg","contentUrl":"https:\/\/gozu.zone\/wp-content\/uploads\/2017\/07\/Unlock.jpg","width":480,"height":480,"caption":"Unlock!"},{"@type":"BreadcrumbList","@id":"https:\/\/gozu.zone\/?product=unlock#breadcrumb","itemListElement":[{"@type":"ListItem","position":1,"name":"Accueil","item":"https:\/\/gozu.zone\/"},{"@type":"ListItem","position":2,"name":"BOUTIQUE","item":"https:\/\/gozu.zone\/?page_id=308"},{"@type":"ListItem","position":3,"name":"Unlock ! Escape Adventures"}]},{"@type":"WebSite","@id":"https:\/\/gozu.zone\/#website","url":"https:\/\/gozu.zone\/","name":"GOZU ZONE","description":"Toujours plus pour vos jeux","potentialAction":[{"@type":"SearchAction","target":{"@type":"EntryPoint","urlTemplate":"https:\/\/gozu.zone\/?s={search_term_string}"},"query-input":{"@type":"PropertyValueSpecification","valueRequired":true,"valueName":"search_term_string"}}],"inLanguage":"fr-FR"}]}},"_links":{"self":[{"href":"https:\/\/gozu.zone\/index.php?rest_route=\/wp\/v2\/product\/5532","targetHints":{"allow":["GET"]}}],"collection":[{"href":"https:\/\/gozu.zone\/index.php?rest_route=\/wp\/v2\/product"}],"about":[{"href":"https:\/\/gozu.zone\/index.php?rest_route=\/wp\/v2\/types\/product"}],"replies":[{"embeddable":true,"href":"https:\/\/gozu.zone\/index.php?rest_route=%2Fwp%2Fv2%2Fcomments&post=5532"}],"wp:featuredmedia":[{"embeddable":true,"href":"https:\/\/gozu.zone\/index.php?rest_route=\/wp\/v2\/media\/5550"}],"wp:attachment":[{"href":"https:\/\/gozu.zone\/index.php?rest_route=%2Fwp%2Fv2%2Fmedia&parent=5532"}],"wp:term":[{"taxonomy":"product_brand","embeddable":true,"href":"https:\/\/gozu.zone\/index.php?rest_route=%2Fwp%2Fv2%2Fproduct_brand&post=5532"},{"taxonomy":"product_cat","embeddable":true,"href":"https:\/\/gozu.zone\/index.php?rest_route=%2Fwp%2Fv2%2Fproduct_cat&post=5532"},{"taxonomy":"product_tag","embeddable":true,"href":"https:\/\/gozu.zone\/index.php?rest_route=%2Fwp%2Fv2%2Fproduct_tag&post=5532"}],"curies":[{"name":"wp","href":"https:\/\/api.w.org\/{rel}","templated":true}]}}