{"id":5535,"date":"2017-08-20T13:47:12","date_gmt":"2017-08-20T13:47:12","guid":{"rendered":"https:\/\/gozu.zone\/?post_type=product&#038;p=5535"},"modified":"2019-03-17T10:50:15","modified_gmt":"2019-03-17T10:50:15","slug":"time-stories","status":"publish","type":"product","link":"https:\/\/gozu.zone\/?product=time-stories","title":{"rendered":"T.I.M.E Stories"},"content":{"rendered":"<p>Dans <strong>T.I.M.E Stories<\/strong>, les joueurs sont au service de l\u2019agence T.I.M.E, une organisation qui ma\u00eetrise le voyage dans le temps et les r\u00e9alit\u00e9s parall\u00e8les. Des agents partent en mission pour r\u00e9soudre des situations potentiellement dangereuses pour le continuum espace-temps.<\/p>\n<p><strong>T.I.M.E Stories<\/strong> poss\u00e8de des \u00e9l\u00e9ments propres au jeu de r\u00f4le. Les agents sont envoy\u00e9s dans des \u00ab r\u00e9ceptacles \u00bb, des personnages de l\u2019univers visit\u00e9. Les joueurs contr\u00f4lent compl\u00e8tement ces corps, qui ont une identit\u00e9, une personnalit\u00e9 et des capacit\u00e9s bien distinctes.<\/p>\n<p><strong>T.I.M.E Stories<\/strong> propose une m\u00e9canique simple et immersive, le decksploring, et s\u2019appuie sur des sc\u00e9narios, qui se combinent au mat\u00e9riel de jeu g\u00e9n\u00e9rique (plateau, pions, d\u00e9s,&#8230;). Un sc\u00e9nario se joue en plusieurs heures. Un syst\u00e8me de sauvegarde permet de mettre la partie en pause et de la d\u00e9couper en plusieurs sessions.<\/p>\n<p>Chaque sc\u00e9nario se pr\u00e9sente sous forme de deck(s) de cartes, \u00e0 ne d\u00e9couvrir qu\u2019en d\u00e9but de partie. Un panorama repr\u00e9sente chaque sc\u00e8ne observ\u00e9e par les joueurs au fil de leur aventure. Les agents \u00ab rentrent \u00bb dans les sc\u00e8nes pour interagir avec la situation, les personnes ou les objets repr\u00e9sent\u00e9s. Les actions prennent du temps, mesur\u00e9 en Unit\u00e9s de Temps (U.T.). Une fois les U.T. \u00e9coul\u00e9es, les agents sont renvoy\u00e9s \u00e0 la base puis repartent dans la mission pour faire un nouvel essai. Le but du jeu est de r\u00e9ussir le sc\u00e9nario en cours en un minimum de voyages.<\/p>\n<p>La bo\u00eete de base T.I.M.E Stories contient l\u2019ensemble du mat\u00e9riel de jeu (plateau,d\u00e9s, etc.) et le sc\u00e9nario Asylum (Manuel Rozoy\/Peggy Chassenet, illustr\u00e9 par Benjamin Carr\u00e9, David Lecossu et Pascal Quidault). Ce sc\u00e9nario propulse les joueurs \u00e0 l\u2019\u00e9poque des ann\u00e9es folles en France, dans un \u00e9tablissement o\u00f9 se trame une \u00e9trange situation.<\/p>\n<p>&nbsp;<\/p>\n<h2>\u00a0<a href=\"http:\/\/pro.gozu.zone\/wp-content\/uploads\/2017\/08\/board-fr.png\"><img loading=\"lazy\" decoding=\"async\" class=\"wp-image-5955 aligncenter\" src=\"http:\/\/pro.gozu.zone\/wp-content\/uploads\/2017\/08\/board-fr.png\" alt=\"\" width=\"524\" height=\"349\" srcset=\"https:\/\/gozu.zone\/wp-content\/uploads\/2017\/08\/board-fr.png 900w, https:\/\/gozu.zone\/wp-content\/uploads\/2017\/08\/board-fr-510x339.png 510w, https:\/\/gozu.zone\/wp-content\/uploads\/2017\/08\/board-fr-300x200.png 300w, https:\/\/gozu.zone\/wp-content\/uploads\/2017\/08\/board-fr-768x511.png 768w, https:\/\/gozu.zone\/wp-content\/uploads\/2017\/08\/board-fr-570x379.png 570w\" sizes=\"auto, (max-width: 524px) 100vw, 524px\" \/><\/a><\/h2>\n<h2>R\u00e8gles du jeu <strong>T.I.M.E Stories<\/strong><\/h2>\n<p>&nbsp;<\/p>\n<p style=\"text-align: center\">\n<div class=\"disclaimer material\">\n<h3>Contenu du jeu<\/h3>\n<ul>\n<li>8 pions Agent<\/li>\n<li>1 marqueur de temps<\/li>\n<li>1 marqueur de groupe<\/li>\n<li>1 d\u00e9 Time Captain<\/li>\n<li>6 d\u00e9s d&rsquo;action<\/li>\n<li>40 boucliers normaux\/cr\u00e2nes<\/li>\n<li>7 boucliers temps<\/li>\n<li>7 bouliers c\u0153ur<\/li>\n<li>7 bouclier sp\u00e9ciaux<\/li>\n<li>140 jetons de ressources<\/li>\n<li>30 points de vie<\/li>\n<li>24 jetons d&rsquo;\u00e9tat<\/li>\n<\/ul>\n<\/div>\n<p>&nbsp;<\/p>\n<p>&nbsp;<\/p>\n<p><a href=\"http:\/\/pro.gozu.zone\/wp-content\/uploads\/2017\/08\/personnages-asylum.png\"><img loading=\"lazy\" decoding=\"async\" class=\"aligncenter size-full wp-image-5951\" src=\"http:\/\/pro.gozu.zone\/wp-content\/uploads\/2017\/08\/personnages-asylum.png\" alt=\"\" width=\"685\" height=\"367\" srcset=\"https:\/\/gozu.zone\/wp-content\/uploads\/2017\/08\/personnages-asylum.png 685w, https:\/\/gozu.zone\/wp-content\/uploads\/2017\/08\/personnages-asylum-510x273.png 510w, https:\/\/gozu.zone\/wp-content\/uploads\/2017\/08\/personnages-asylum-300x161.png 300w, https:\/\/gozu.zone\/wp-content\/uploads\/2017\/08\/personnages-asylum-570x305.png 570w\" sizes=\"auto, (max-width: 685px) 100vw, 685px\" \/><\/a><\/p>\n","protected":false},"excerpt":{"rendered":"<p>Dans <strong>T.I.M.E Stories<\/strong>, les joueurs sont au service de l\u2019agence T.I.M.E, une organisation qui ma\u00eetrise le voyage dans le temps et les r\u00e9alit\u00e9s parall\u00e8les.<\/p>\n<ul>\n<li><strong>\u00c2ge<\/strong> : 12\u00a0ans et +<\/li>\n<li><strong>Dur\u00e9e<\/strong> : 2 \u00e0 3 h<\/li>\n<li><strong>Joueurs<\/strong> : 2\u00a0\u00e0 4<\/li>\n<\/ul>\n","protected":false},"featured_media":5954,"comment_status":"open","ping_status":"closed","template":"","meta":{"_acf_changed":false},"product_brand":[],"product_cat":[324,323,494,333],"product_tag":[578,382,577,380,532,566],"class_list":{"0":"post-5535","1":"product","2":"type-product","3":"status-publish","4":"has-post-thumbnail","6":"product_cat-experts","7":"product_cat-jeux","8":"product_cat-jeux-de-societe","9":"product_cat-par-types","10":"product_tag-aventure","11":"product_tag-cooperatif","12":"product_tag-enigme","13":"product_tag-exploration","14":"product_tag-roles","15":"product_tag-science-fiction","16":"product_shipping_class-livraisonstandard_colis","18":"first","19":"instock","20":"sale","21":"taxable","22":"shipping-taxable","23":"purchasable","24":"product-type-simple"},"acf":[],"yoast_head":"<!-- This site is optimized with the Yoast SEO plugin v25.3 - https:\/\/yoast.com\/wordpress\/plugins\/seo\/ -->\n<title>Acheter T.I.M.E Stories - GOZU ZONE - Jeux et Accessoires<\/title>\n<meta name=\"robots\" content=\"index, follow, max-snippet:-1, max-image-preview:large, max-video-preview:-1\" \/>\n<link rel=\"canonical\" href=\"https:\/\/gozu.zone\/?product=time-stories\" \/>\n<meta property=\"og:locale\" content=\"fr_FR\" \/>\n<meta property=\"og:type\" content=\"article\" \/>\n<meta property=\"og:title\" content=\"Acheter T.I.M.E Stories - GOZU ZONE - Jeux et Accessoires\" \/>\n<meta property=\"og:description\" content=\"Dans T.I.M.E Stories, les joueurs sont au service de l\u2019agence T.I.M.E, une organisation qui ma\u00eetrise le voyage dans le temps et les r\u00e9alit\u00e9s parall\u00e8les.   \u00c2ge : 12\u00a0ans et +  Dur\u00e9e : 2 \u00e0 3 h  Joueurs : 2\u00a0\u00e0 4\" \/>\n<meta property=\"og:url\" content=\"https:\/\/gozu.zone\/?product=time-stories\" \/>\n<meta property=\"og:site_name\" content=\"GOZU ZONE\" \/>\n<meta property=\"article:publisher\" content=\"https:\/\/www.facebook.com\/gozuzone\/\" \/>\n<meta property=\"article:modified_time\" content=\"2019-03-17T10:50:15+00:00\" \/>\n<meta property=\"og:image\" content=\"https:\/\/gozu.zone\/wp-content\/uploads\/2017\/08\/TIME-Stories.png\" \/>\n\t<meta property=\"og:image:width\" content=\"480\" \/>\n\t<meta property=\"og:image:height\" content=\"480\" \/>\n\t<meta property=\"og:image:type\" content=\"image\/png\" \/>\n<meta name=\"twitter:card\" content=\"summary_large_image\" \/>\n<meta name=\"twitter:site\" content=\"@gozuzone\" \/>\n<meta name=\"twitter:label1\" content=\"Dur\u00e9e de lecture estim\u00e9e\" \/>\n\t<meta name=\"twitter:data1\" content=\"2 minutes\" \/>\n<script type=\"application\/ld+json\" class=\"yoast-schema-graph\">{\"@context\":\"https:\/\/schema.org\",\"@graph\":[{\"@type\":\"WebPage\",\"@id\":\"https:\/\/gozu.zone\/?product=time-stories\",\"url\":\"https:\/\/gozu.zone\/?product=time-stories\",\"name\":\"Acheter T.I.M.E Stories - GOZU ZONE - Jeux et Accessoires\",\"isPartOf\":{\"@id\":\"https:\/\/gozu.zone\/#website\"},\"primaryImageOfPage\":{\"@id\":\"https:\/\/gozu.zone\/?product=time-stories#primaryimage\"},\"image\":{\"@id\":\"https:\/\/gozu.zone\/?product=time-stories#primaryimage\"},\"thumbnailUrl\":\"https:\/\/gozu.zone\/wp-content\/uploads\/2017\/08\/TIME-Stories.png\",\"datePublished\":\"2017-08-20T13:47:12+00:00\",\"dateModified\":\"2019-03-17T10:50:15+00:00\",\"breadcrumb\":{\"@id\":\"https:\/\/gozu.zone\/?product=time-stories#breadcrumb\"},\"inLanguage\":\"fr-FR\",\"potentialAction\":[{\"@type\":\"ReadAction\",\"target\":[\"https:\/\/gozu.zone\/?product=time-stories\"]}]},{\"@type\":\"ImageObject\",\"inLanguage\":\"fr-FR\",\"@id\":\"https:\/\/gozu.zone\/?product=time-stories#primaryimage\",\"url\":\"https:\/\/gozu.zone\/wp-content\/uploads\/2017\/08\/TIME-Stories.png\",\"contentUrl\":\"https:\/\/gozu.zone\/wp-content\/uploads\/2017\/08\/TIME-Stories.png\",\"width\":480,\"height\":480,\"caption\":\"T.I.M.E Stories\"},{\"@type\":\"BreadcrumbList\",\"@id\":\"https:\/\/gozu.zone\/?product=time-stories#breadcrumb\",\"itemListElement\":[{\"@type\":\"ListItem\",\"position\":1,\"name\":\"Accueil\",\"item\":\"https:\/\/gozu.zone\/\"},{\"@type\":\"ListItem\",\"position\":2,\"name\":\"BOUTIQUE\",\"item\":\"https:\/\/gozu.zone\/?page_id=308\"},{\"@type\":\"ListItem\",\"position\":3,\"name\":\"T.I.M.E Stories\"}]},{\"@type\":\"WebSite\",\"@id\":\"https:\/\/gozu.zone\/#website\",\"url\":\"https:\/\/gozu.zone\/\",\"name\":\"GOZU ZONE\",\"description\":\"Toujours plus pour vos jeux\",\"potentialAction\":[{\"@type\":\"SearchAction\",\"target\":{\"@type\":\"EntryPoint\",\"urlTemplate\":\"https:\/\/gozu.zone\/?s={search_term_string}\"},\"query-input\":{\"@type\":\"PropertyValueSpecification\",\"valueRequired\":true,\"valueName\":\"search_term_string\"}}],\"inLanguage\":\"fr-FR\"}]}<\/script>\n<!-- \/ Yoast SEO plugin. -->","yoast_head_json":{"title":"Acheter T.I.M.E Stories - GOZU ZONE - Jeux et Accessoires","robots":{"index":"index","follow":"follow","max-snippet":"max-snippet:-1","max-image-preview":"max-image-preview:large","max-video-preview":"max-video-preview:-1"},"canonical":"https:\/\/gozu.zone\/?product=time-stories","og_locale":"fr_FR","og_type":"article","og_title":"Acheter T.I.M.E Stories - GOZU ZONE - Jeux et Accessoires","og_description":"Dans T.I.M.E Stories, les joueurs sont au service de l\u2019agence T.I.M.E, une organisation qui ma\u00eetrise le voyage dans le temps et les r\u00e9alit\u00e9s parall\u00e8les.   \u00c2ge : 12\u00a0ans et +  Dur\u00e9e : 2 \u00e0 3 h  Joueurs : 2\u00a0\u00e0 4","og_url":"https:\/\/gozu.zone\/?product=time-stories","og_site_name":"GOZU ZONE","article_publisher":"https:\/\/www.facebook.com\/gozuzone\/","article_modified_time":"2019-03-17T10:50:15+00:00","og_image":[{"width":480,"height":480,"url":"https:\/\/gozu.zone\/wp-content\/uploads\/2017\/08\/TIME-Stories.png","type":"image\/png"}],"twitter_card":"summary_large_image","twitter_site":"@gozuzone","twitter_misc":{"Dur\u00e9e de lecture estim\u00e9e":"2 minutes"},"schema":{"@context":"https:\/\/schema.org","@graph":[{"@type":"WebPage","@id":"https:\/\/gozu.zone\/?product=time-stories","url":"https:\/\/gozu.zone\/?product=time-stories","name":"Acheter T.I.M.E Stories - GOZU ZONE - Jeux et Accessoires","isPartOf":{"@id":"https:\/\/gozu.zone\/#website"},"primaryImageOfPage":{"@id":"https:\/\/gozu.zone\/?product=time-stories#primaryimage"},"image":{"@id":"https:\/\/gozu.zone\/?product=time-stories#primaryimage"},"thumbnailUrl":"https:\/\/gozu.zone\/wp-content\/uploads\/2017\/08\/TIME-Stories.png","datePublished":"2017-08-20T13:47:12+00:00","dateModified":"2019-03-17T10:50:15+00:00","breadcrumb":{"@id":"https:\/\/gozu.zone\/?product=time-stories#breadcrumb"},"inLanguage":"fr-FR","potentialAction":[{"@type":"ReadAction","target":["https:\/\/gozu.zone\/?product=time-stories"]}]},{"@type":"ImageObject","inLanguage":"fr-FR","@id":"https:\/\/gozu.zone\/?product=time-stories#primaryimage","url":"https:\/\/gozu.zone\/wp-content\/uploads\/2017\/08\/TIME-Stories.png","contentUrl":"https:\/\/gozu.zone\/wp-content\/uploads\/2017\/08\/TIME-Stories.png","width":480,"height":480,"caption":"T.I.M.E Stories"},{"@type":"BreadcrumbList","@id":"https:\/\/gozu.zone\/?product=time-stories#breadcrumb","itemListElement":[{"@type":"ListItem","position":1,"name":"Accueil","item":"https:\/\/gozu.zone\/"},{"@type":"ListItem","position":2,"name":"BOUTIQUE","item":"https:\/\/gozu.zone\/?page_id=308"},{"@type":"ListItem","position":3,"name":"T.I.M.E Stories"}]},{"@type":"WebSite","@id":"https:\/\/gozu.zone\/#website","url":"https:\/\/gozu.zone\/","name":"GOZU ZONE","description":"Toujours plus pour vos jeux","potentialAction":[{"@type":"SearchAction","target":{"@type":"EntryPoint","urlTemplate":"https:\/\/gozu.zone\/?s={search_term_string}"},"query-input":{"@type":"PropertyValueSpecification","valueRequired":true,"valueName":"search_term_string"}}],"inLanguage":"fr-FR"}]}},"_links":{"self":[{"href":"https:\/\/gozu.zone\/index.php?rest_route=\/wp\/v2\/product\/5535","targetHints":{"allow":["GET"]}}],"collection":[{"href":"https:\/\/gozu.zone\/index.php?rest_route=\/wp\/v2\/product"}],"about":[{"href":"https:\/\/gozu.zone\/index.php?rest_route=\/wp\/v2\/types\/product"}],"replies":[{"embeddable":true,"href":"https:\/\/gozu.zone\/index.php?rest_route=%2Fwp%2Fv2%2Fcomments&post=5535"}],"wp:featuredmedia":[{"embeddable":true,"href":"https:\/\/gozu.zone\/index.php?rest_route=\/wp\/v2\/media\/5954"}],"wp:attachment":[{"href":"https:\/\/gozu.zone\/index.php?rest_route=%2Fwp%2Fv2%2Fmedia&parent=5535"}],"wp:term":[{"taxonomy":"product_brand","embeddable":true,"href":"https:\/\/gozu.zone\/index.php?rest_route=%2Fwp%2Fv2%2Fproduct_brand&post=5535"},{"taxonomy":"product_cat","embeddable":true,"href":"https:\/\/gozu.zone\/index.php?rest_route=%2Fwp%2Fv2%2Fproduct_cat&post=5535"},{"taxonomy":"product_tag","embeddable":true,"href":"https:\/\/gozu.zone\/index.php?rest_route=%2Fwp%2Fv2%2Fproduct_tag&post=5535"}],"curies":[{"name":"wp","href":"https:\/\/api.w.org\/{rel}","templated":true}]}}