{"id":5537,"date":"2017-08-20T14:05:57","date_gmt":"2017-08-20T14:05:57","guid":{"rendered":"https:\/\/gozu.zone\/?post_type=product&#038;p=5537"},"modified":"2017-11-13T20:35:19","modified_gmt":"2017-11-13T20:35:19","slug":"time-stories-sous-le-masque","status":"publish","type":"product","link":"https:\/\/gozu.zone\/?product=time-stories-sous-le-masque","title":{"rendered":"T.I.M.E Stories : Sous le Masque"},"content":{"rendered":"<p>Explorez les sables du Temps\u2026<\/p>\n<p>Cette aventure envoie les agents dans l\u2019Egypte des pharaons. Ils devront d\u00e9faire les plans de myst\u00e9rieux adversaires et percer les secrets de la Vall\u00e9e des rois. La gamme pl\u00e9biscit\u00e9e de <strong>T.I.M.E Stories<\/strong> s&rsquo;\u00e9toffe \u00e0 un rythme soutenu, pour toucher le plus grand public possible.<\/p>\n<p>&nbsp;<\/p>\n<h2>R\u00e8gles du jeu Time Stories<\/h2>\n<p>&nbsp;<\/p>\n<p style=\"text-align: center;\"><iframe loading=\"lazy\" src=\"https:\/\/www.youtube.com\/embed\/KwCIpE0QV6M\" width=\"480\" height=\"270\" frameborder=\"0\" allowfullscreen=\"allowfullscreen\"><\/iframe><\/p>\n","protected":false},"excerpt":{"rendered":"<ul>\n<li><strong>\u00c2ge<\/strong> : 12\u00a0ans et +<\/li>\n<li><strong>Dur\u00e9e<\/strong> : 90 min<\/li>\n<li><strong>Joueurs<\/strong> : 2\u00a0\u00e0 4<\/li>\n<\/ul>\n<p><strong>T.I.M.E Stories\u00a0<\/strong>est n\u00e9cessaire pour utiliser cette extension.<\/p>\n","protected":false},"featured_media":5959,"comment_status":"open","ping_status":"closed","template":"","meta":{"_acf_changed":false},"product_brand":[],"product_cat":[327,323],"product_tag":[578,382,577,380,532,566],"class_list":{"0":"post-5537","1":"product","2":"type-product","3":"status-publish","4":"has-post-thumbnail","6":"product_cat-extensions","7":"product_cat-jeux","8":"product_tag-aventure","9":"product_tag-cooperatif","10":"product_tag-enigme","11":"product_tag-exploration","12":"product_tag-roles","13":"product_tag-science-fiction","14":"product_shipping_class-livraisonstandard_colis","16":"first","17":"instock","18":"sale","19":"taxable","20":"shipping-taxable","21":"purchasable","22":"product-type-simple"},"acf":[],"yoast_head":"<!-- This site is optimized with the Yoast SEO plugin v25.3 - https:\/\/yoast.com\/wordpress\/plugins\/seo\/ -->\n<title>Acheter T.I.M.E Stories : Sous le Masque - GOZU ZONE - Jeux et Accessoires<\/title>\n<meta name=\"robots\" content=\"index, follow, max-snippet:-1, max-image-preview:large, max-video-preview:-1\" \/>\n<link rel=\"canonical\" href=\"https:\/\/gozu.zone\/?product=time-stories-sous-le-masque\" \/>\n<meta property=\"og:locale\" content=\"fr_FR\" \/>\n<meta property=\"og:type\" content=\"article\" \/>\n<meta property=\"og:title\" content=\"Acheter T.I.M.E Stories : Sous le Masque - GOZU ZONE - Jeux et Accessoires\" \/>\n<meta property=\"og:description\" content=\"\u00c2ge : 12\u00a0ans et +  Dur\u00e9e : 90 min  Joueurs : 2\u00a0\u00e0 4  T.I.M.E Stories\u00a0est n\u00e9cessaire pour utiliser cette extension.\" \/>\n<meta property=\"og:url\" content=\"https:\/\/gozu.zone\/?product=time-stories-sous-le-masque\" \/>\n<meta property=\"og:site_name\" content=\"GOZU ZONE\" \/>\n<meta property=\"article:publisher\" content=\"https:\/\/www.facebook.com\/gozuzone\/\" \/>\n<meta property=\"article:modified_time\" content=\"2017-11-13T20:35:19+00:00\" \/>\n<meta property=\"og:image\" content=\"https:\/\/gozu.zone\/wp-content\/uploads\/2017\/08\/sous-le-masque.png\" \/>\n\t<meta property=\"og:image:width\" content=\"480\" \/>\n\t<meta property=\"og:image:height\" content=\"480\" \/>\n\t<meta property=\"og:image:type\" content=\"image\/png\" \/>\n<meta name=\"twitter:card\" content=\"summary_large_image\" \/>\n<meta name=\"twitter:site\" content=\"@gozuzone\" \/>\n<script type=\"application\/ld+json\" class=\"yoast-schema-graph\">{\"@context\":\"https:\/\/schema.org\",\"@graph\":[{\"@type\":\"WebPage\",\"@id\":\"https:\/\/gozu.zone\/?product=time-stories-sous-le-masque\",\"url\":\"https:\/\/gozu.zone\/?product=time-stories-sous-le-masque\",\"name\":\"Acheter T.I.M.E Stories : Sous le Masque - GOZU ZONE - Jeux et Accessoires\",\"isPartOf\":{\"@id\":\"https:\/\/gozu.zone\/#website\"},\"primaryImageOfPage\":{\"@id\":\"https:\/\/gozu.zone\/?product=time-stories-sous-le-masque#primaryimage\"},\"image\":{\"@id\":\"https:\/\/gozu.zone\/?product=time-stories-sous-le-masque#primaryimage\"},\"thumbnailUrl\":\"https:\/\/gozu.zone\/wp-content\/uploads\/2017\/08\/sous-le-masque.png\",\"datePublished\":\"2017-08-20T14:05:57+00:00\",\"dateModified\":\"2017-11-13T20:35:19+00:00\",\"breadcrumb\":{\"@id\":\"https:\/\/gozu.zone\/?product=time-stories-sous-le-masque#breadcrumb\"},\"inLanguage\":\"fr-FR\",\"potentialAction\":[{\"@type\":\"ReadAction\",\"target\":[\"https:\/\/gozu.zone\/?product=time-stories-sous-le-masque\"]}]},{\"@type\":\"ImageObject\",\"inLanguage\":\"fr-FR\",\"@id\":\"https:\/\/gozu.zone\/?product=time-stories-sous-le-masque#primaryimage\",\"url\":\"https:\/\/gozu.zone\/wp-content\/uploads\/2017\/08\/sous-le-masque.png\",\"contentUrl\":\"https:\/\/gozu.zone\/wp-content\/uploads\/2017\/08\/sous-le-masque.png\",\"width\":480,\"height\":480},{\"@type\":\"BreadcrumbList\",\"@id\":\"https:\/\/gozu.zone\/?product=time-stories-sous-le-masque#breadcrumb\",\"itemListElement\":[{\"@type\":\"ListItem\",\"position\":1,\"name\":\"Accueil\",\"item\":\"https:\/\/gozu.zone\/\"},{\"@type\":\"ListItem\",\"position\":2,\"name\":\"BOUTIQUE\",\"item\":\"https:\/\/gozu.zone\/?page_id=308\"},{\"@type\":\"ListItem\",\"position\":3,\"name\":\"T.I.M.E Stories : Sous le Masque\"}]},{\"@type\":\"WebSite\",\"@id\":\"https:\/\/gozu.zone\/#website\",\"url\":\"https:\/\/gozu.zone\/\",\"name\":\"GOZU ZONE\",\"description\":\"Toujours plus pour vos jeux\",\"potentialAction\":[{\"@type\":\"SearchAction\",\"target\":{\"@type\":\"EntryPoint\",\"urlTemplate\":\"https:\/\/gozu.zone\/?s={search_term_string}\"},\"query-input\":{\"@type\":\"PropertyValueSpecification\",\"valueRequired\":true,\"valueName\":\"search_term_string\"}}],\"inLanguage\":\"fr-FR\"}]}<\/script>\n<!-- \/ Yoast SEO plugin. -->","yoast_head_json":{"title":"Acheter T.I.M.E Stories : Sous le Masque - GOZU ZONE - Jeux et Accessoires","robots":{"index":"index","follow":"follow","max-snippet":"max-snippet:-1","max-image-preview":"max-image-preview:large","max-video-preview":"max-video-preview:-1"},"canonical":"https:\/\/gozu.zone\/?product=time-stories-sous-le-masque","og_locale":"fr_FR","og_type":"article","og_title":"Acheter T.I.M.E Stories : Sous le Masque - GOZU ZONE - Jeux et Accessoires","og_description":"\u00c2ge : 12\u00a0ans et +  Dur\u00e9e : 90 min  Joueurs : 2\u00a0\u00e0 4  T.I.M.E Stories\u00a0est n\u00e9cessaire pour utiliser cette extension.","og_url":"https:\/\/gozu.zone\/?product=time-stories-sous-le-masque","og_site_name":"GOZU ZONE","article_publisher":"https:\/\/www.facebook.com\/gozuzone\/","article_modified_time":"2017-11-13T20:35:19+00:00","og_image":[{"width":480,"height":480,"url":"https:\/\/gozu.zone\/wp-content\/uploads\/2017\/08\/sous-le-masque.png","type":"image\/png"}],"twitter_card":"summary_large_image","twitter_site":"@gozuzone","schema":{"@context":"https:\/\/schema.org","@graph":[{"@type":"WebPage","@id":"https:\/\/gozu.zone\/?product=time-stories-sous-le-masque","url":"https:\/\/gozu.zone\/?product=time-stories-sous-le-masque","name":"Acheter T.I.M.E Stories : Sous le Masque - GOZU ZONE - Jeux et Accessoires","isPartOf":{"@id":"https:\/\/gozu.zone\/#website"},"primaryImageOfPage":{"@id":"https:\/\/gozu.zone\/?product=time-stories-sous-le-masque#primaryimage"},"image":{"@id":"https:\/\/gozu.zone\/?product=time-stories-sous-le-masque#primaryimage"},"thumbnailUrl":"https:\/\/gozu.zone\/wp-content\/uploads\/2017\/08\/sous-le-masque.png","datePublished":"2017-08-20T14:05:57+00:00","dateModified":"2017-11-13T20:35:19+00:00","breadcrumb":{"@id":"https:\/\/gozu.zone\/?product=time-stories-sous-le-masque#breadcrumb"},"inLanguage":"fr-FR","potentialAction":[{"@type":"ReadAction","target":["https:\/\/gozu.zone\/?product=time-stories-sous-le-masque"]}]},{"@type":"ImageObject","inLanguage":"fr-FR","@id":"https:\/\/gozu.zone\/?product=time-stories-sous-le-masque#primaryimage","url":"https:\/\/gozu.zone\/wp-content\/uploads\/2017\/08\/sous-le-masque.png","contentUrl":"https:\/\/gozu.zone\/wp-content\/uploads\/2017\/08\/sous-le-masque.png","width":480,"height":480},{"@type":"BreadcrumbList","@id":"https:\/\/gozu.zone\/?product=time-stories-sous-le-masque#breadcrumb","itemListElement":[{"@type":"ListItem","position":1,"name":"Accueil","item":"https:\/\/gozu.zone\/"},{"@type":"ListItem","position":2,"name":"BOUTIQUE","item":"https:\/\/gozu.zone\/?page_id=308"},{"@type":"ListItem","position":3,"name":"T.I.M.E Stories : Sous le Masque"}]},{"@type":"WebSite","@id":"https:\/\/gozu.zone\/#website","url":"https:\/\/gozu.zone\/","name":"GOZU ZONE","description":"Toujours plus pour vos jeux","potentialAction":[{"@type":"SearchAction","target":{"@type":"EntryPoint","urlTemplate":"https:\/\/gozu.zone\/?s={search_term_string}"},"query-input":{"@type":"PropertyValueSpecification","valueRequired":true,"valueName":"search_term_string"}}],"inLanguage":"fr-FR"}]}},"_links":{"self":[{"href":"https:\/\/gozu.zone\/index.php?rest_route=\/wp\/v2\/product\/5537","targetHints":{"allow":["GET"]}}],"collection":[{"href":"https:\/\/gozu.zone\/index.php?rest_route=\/wp\/v2\/product"}],"about":[{"href":"https:\/\/gozu.zone\/index.php?rest_route=\/wp\/v2\/types\/product"}],"replies":[{"embeddable":true,"href":"https:\/\/gozu.zone\/index.php?rest_route=%2Fwp%2Fv2%2Fcomments&post=5537"}],"wp:featuredmedia":[{"embeddable":true,"href":"https:\/\/gozu.zone\/index.php?rest_route=\/wp\/v2\/media\/5959"}],"wp:attachment":[{"href":"https:\/\/gozu.zone\/index.php?rest_route=%2Fwp%2Fv2%2Fmedia&parent=5537"}],"wp:term":[{"taxonomy":"product_brand","embeddable":true,"href":"https:\/\/gozu.zone\/index.php?rest_route=%2Fwp%2Fv2%2Fproduct_brand&post=5537"},{"taxonomy":"product_cat","embeddable":true,"href":"https:\/\/gozu.zone\/index.php?rest_route=%2Fwp%2Fv2%2Fproduct_cat&post=5537"},{"taxonomy":"product_tag","embeddable":true,"href":"https:\/\/gozu.zone\/index.php?rest_route=%2Fwp%2Fv2%2Fproduct_tag&post=5537"}],"curies":[{"name":"wp","href":"https:\/\/api.w.org\/{rel}","templated":true}]}}