{"id":5578,"date":"2017-07-15T19:53:23","date_gmt":"2017-07-15T19:53:23","guid":{"rendered":"https:\/\/gozu.zone\/?post_type=product&#038;p=5578"},"modified":"2024-12-30T15:43:06","modified_gmt":"2024-12-30T15:43:06","slug":"assaut-sur-lempire-blasters-a-louer","status":"publish","type":"product","link":"https:\/\/gozu.zone\/?product=assaut-sur-lempire-blasters-a-louer","title":{"rendered":"Assaut sur l&rsquo;Empire\u00a0: Blasters \u00e0 louer"},"content":{"rendered":"<p><em>\u00ab\u00a0Moi, c\u2019est le fric qui m\u2019int\u00e9resse.\u00a0\u00bb<\/em><\/p>\n<p>Les\u00a0<em>Blasters \u00e0 louer<\/em>\u00a0apportent souplesse et pers\u00e9v\u00e9rance \u00e0 vos parties d\u2019<em>Assaut sur l\u2019Empire<\/em>. La s\u00e9rie de cartes Projet \u00ab\u00a0Pacte inf\u00e2me\u00a0\u00bb fournit de nouvelles options redoutables au joueur Imp\u00e9rial ainsi qu\u2019une mission annexe palpitante qui s\u2019int\u00e9grera \u00e0 n\u2019importe quelle campagne. Cette extension contient de nouvelles cartes Commandement ainsi que deux missions d\u2019escarmouche uniques pour jouer \u00e0 un contre un.<\/p>\n<p>&nbsp;<\/p>\n<div class=\"disclaimer material\">\n<h3>Contenu du jeu<\/h3>\n<ul>\n<li>2 figurines en plastique<\/li>\n<li>1 feuillet de r\u00e8gles<\/li>\n<li>3 cartes D\u00e9ploiement<\/li>\n<li>3 cartes Projet<\/li>\n<li>4 cartes Commandement<\/li>\n<li>1 carte R\u00e9compense<\/li>\n<li>2 cartes Mission d\u2019escarmouche<\/li>\n<li>4 pions d\u2019Identification<\/li>\n<li>12 autocollants d\u2019Identification.<\/li>\n<\/ul>\n<\/div>\n","protected":false},"excerpt":{"rendered":"<ul>\n<li><strong>\u00c2ge<\/strong> : 14\u00a0ans et +<\/li>\n<li><strong>Dur\u00e9e<\/strong> : 1 \u00e0 2h<\/li>\n<li><strong>Joueurs<\/strong> : 2 \u00e0 5<\/li>\n<\/ul>\n","protected":false},"featured_media":5654,"comment_status":"open","ping_status":"closed","template":"","meta":{"_acf_changed":false},"product_brand":[],"product_cat":[565,327,323,495,561],"product_tag":[336,195,544,416,566],"class_list":{"0":"post-5578","1":"product","2":"type-product","3":"status-publish","4":"has-post-thumbnail","6":"product_cat-boosters-antagonistes","7":"product_cat-extensions","8":"product_cat-jeux","9":"product_cat-jeux-de-figurines","10":"product_cat-star-wars-assaut-sur-lempire","11":"product_tag-affrontement","12":"product_tag-extension","13":"product_tag-figurines","14":"product_tag-modulable","15":"product_tag-science-fiction","17":"first","18":"outofstock","19":"taxable","20":"shipping-taxable","21":"purchasable","22":"product-type-simple"},"acf":[],"yoast_head":"<!-- This site is optimized with the Yoast SEO plugin v25.3 - https:\/\/yoast.com\/wordpress\/plugins\/seo\/ -->\n<title>Acheter Assaut sur l&#039;Empire\u00a0: Blasters \u00e0 louer - GOZU ZONE - Jeux et Accessoires<\/title>\n<meta name=\"robots\" content=\"index, follow, max-snippet:-1, max-image-preview:large, max-video-preview:-1\" \/>\n<link rel=\"canonical\" href=\"https:\/\/gozu.zone\/?product=assaut-sur-lempire-blasters-a-louer\" \/>\n<meta property=\"og:locale\" content=\"fr_FR\" \/>\n<meta property=\"og:type\" content=\"article\" \/>\n<meta property=\"og:title\" content=\"Acheter Assaut sur l&#039;Empire\u00a0: Blasters \u00e0 louer - GOZU ZONE - Jeux et Accessoires\" \/>\n<meta property=\"og:description\" content=\"\u00c2ge : 14\u00a0ans et +  Dur\u00e9e : 1 \u00e0 2h  Joueurs : 2 \u00e0 5\" \/>\n<meta property=\"og:url\" content=\"https:\/\/gozu.zone\/?product=assaut-sur-lempire-blasters-a-louer\" \/>\n<meta property=\"og:site_name\" content=\"GOZU ZONE\" \/>\n<meta property=\"article:publisher\" content=\"https:\/\/www.facebook.com\/gozuzone\/\" \/>\n<meta property=\"article:modified_time\" content=\"2024-12-30T15:43:06+00:00\" \/>\n<meta property=\"og:image\" content=\"https:\/\/gozu.zone\/wp-content\/uploads\/2017\/07\/Blasters-\u00e0-louer.png\" \/>\n\t<meta property=\"og:image:width\" content=\"480\" \/>\n\t<meta property=\"og:image:height\" content=\"480\" \/>\n\t<meta property=\"og:image:type\" content=\"image\/png\" \/>\n<meta name=\"twitter:card\" content=\"summary_large_image\" \/>\n<meta name=\"twitter:site\" content=\"@gozuzone\" \/>\n<meta name=\"twitter:label1\" content=\"Dur\u00e9e de lecture estim\u00e9e\" \/>\n\t<meta name=\"twitter:data1\" content=\"1 minute\" \/>\n<script type=\"application\/ld+json\" class=\"yoast-schema-graph\">{\"@context\":\"https:\/\/schema.org\",\"@graph\":[{\"@type\":\"WebPage\",\"@id\":\"https:\/\/gozu.zone\/?product=assaut-sur-lempire-blasters-a-louer\",\"url\":\"https:\/\/gozu.zone\/?product=assaut-sur-lempire-blasters-a-louer\",\"name\":\"Acheter Assaut sur l'Empire\u00a0: Blasters \u00e0 louer - GOZU ZONE - Jeux et Accessoires\",\"isPartOf\":{\"@id\":\"https:\/\/gozu.zone\/#website\"},\"primaryImageOfPage\":{\"@id\":\"https:\/\/gozu.zone\/?product=assaut-sur-lempire-blasters-a-louer#primaryimage\"},\"image\":{\"@id\":\"https:\/\/gozu.zone\/?product=assaut-sur-lempire-blasters-a-louer#primaryimage\"},\"thumbnailUrl\":\"https:\/\/gozu.zone\/wp-content\/uploads\/2017\/07\/Blasters-\u00e0-louer.png\",\"datePublished\":\"2017-07-15T19:53:23+00:00\",\"dateModified\":\"2024-12-30T15:43:06+00:00\",\"breadcrumb\":{\"@id\":\"https:\/\/gozu.zone\/?product=assaut-sur-lempire-blasters-a-louer#breadcrumb\"},\"inLanguage\":\"fr-FR\",\"potentialAction\":[{\"@type\":\"ReadAction\",\"target\":[\"https:\/\/gozu.zone\/?product=assaut-sur-lempire-blasters-a-louer\"]}]},{\"@type\":\"ImageObject\",\"inLanguage\":\"fr-FR\",\"@id\":\"https:\/\/gozu.zone\/?product=assaut-sur-lempire-blasters-a-louer#primaryimage\",\"url\":\"https:\/\/gozu.zone\/wp-content\/uploads\/2017\/07\/Blasters-\u00e0-louer.png\",\"contentUrl\":\"https:\/\/gozu.zone\/wp-content\/uploads\/2017\/07\/Blasters-\u00e0-louer.png\",\"width\":480,\"height\":480,\"caption\":\"Blasters-\u00e0-louer\"},{\"@type\":\"BreadcrumbList\",\"@id\":\"https:\/\/gozu.zone\/?product=assaut-sur-lempire-blasters-a-louer#breadcrumb\",\"itemListElement\":[{\"@type\":\"ListItem\",\"position\":1,\"name\":\"Accueil\",\"item\":\"https:\/\/gozu.zone\/\"},{\"@type\":\"ListItem\",\"position\":2,\"name\":\"BOUTIQUE\",\"item\":\"https:\/\/gozu.zone\/?page_id=308\"},{\"@type\":\"ListItem\",\"position\":3,\"name\":\"Assaut sur l&rsquo;Empire\u00a0: Blasters \u00e0 louer\"}]},{\"@type\":\"WebSite\",\"@id\":\"https:\/\/gozu.zone\/#website\",\"url\":\"https:\/\/gozu.zone\/\",\"name\":\"GOZU ZONE\",\"description\":\"Toujours plus pour vos jeux\",\"potentialAction\":[{\"@type\":\"SearchAction\",\"target\":{\"@type\":\"EntryPoint\",\"urlTemplate\":\"https:\/\/gozu.zone\/?s={search_term_string}\"},\"query-input\":{\"@type\":\"PropertyValueSpecification\",\"valueRequired\":true,\"valueName\":\"search_term_string\"}}],\"inLanguage\":\"fr-FR\"}]}<\/script>\n<!-- \/ Yoast SEO plugin. -->","yoast_head_json":{"title":"Acheter Assaut sur l'Empire\u00a0: Blasters \u00e0 louer - GOZU ZONE - Jeux et Accessoires","robots":{"index":"index","follow":"follow","max-snippet":"max-snippet:-1","max-image-preview":"max-image-preview:large","max-video-preview":"max-video-preview:-1"},"canonical":"https:\/\/gozu.zone\/?product=assaut-sur-lempire-blasters-a-louer","og_locale":"fr_FR","og_type":"article","og_title":"Acheter Assaut sur l'Empire\u00a0: Blasters \u00e0 louer - GOZU ZONE - Jeux et Accessoires","og_description":"\u00c2ge : 14\u00a0ans et +  Dur\u00e9e : 1 \u00e0 2h  Joueurs : 2 \u00e0 5","og_url":"https:\/\/gozu.zone\/?product=assaut-sur-lempire-blasters-a-louer","og_site_name":"GOZU ZONE","article_publisher":"https:\/\/www.facebook.com\/gozuzone\/","article_modified_time":"2024-12-30T15:43:06+00:00","og_image":[{"width":480,"height":480,"url":"https:\/\/gozu.zone\/wp-content\/uploads\/2017\/07\/Blasters-\u00e0-louer.png","type":"image\/png"}],"twitter_card":"summary_large_image","twitter_site":"@gozuzone","twitter_misc":{"Dur\u00e9e de lecture estim\u00e9e":"1 minute"},"schema":{"@context":"https:\/\/schema.org","@graph":[{"@type":"WebPage","@id":"https:\/\/gozu.zone\/?product=assaut-sur-lempire-blasters-a-louer","url":"https:\/\/gozu.zone\/?product=assaut-sur-lempire-blasters-a-louer","name":"Acheter Assaut sur l'Empire\u00a0: Blasters \u00e0 louer - GOZU ZONE - Jeux et Accessoires","isPartOf":{"@id":"https:\/\/gozu.zone\/#website"},"primaryImageOfPage":{"@id":"https:\/\/gozu.zone\/?product=assaut-sur-lempire-blasters-a-louer#primaryimage"},"image":{"@id":"https:\/\/gozu.zone\/?product=assaut-sur-lempire-blasters-a-louer#primaryimage"},"thumbnailUrl":"https:\/\/gozu.zone\/wp-content\/uploads\/2017\/07\/Blasters-\u00e0-louer.png","datePublished":"2017-07-15T19:53:23+00:00","dateModified":"2024-12-30T15:43:06+00:00","breadcrumb":{"@id":"https:\/\/gozu.zone\/?product=assaut-sur-lempire-blasters-a-louer#breadcrumb"},"inLanguage":"fr-FR","potentialAction":[{"@type":"ReadAction","target":["https:\/\/gozu.zone\/?product=assaut-sur-lempire-blasters-a-louer"]}]},{"@type":"ImageObject","inLanguage":"fr-FR","@id":"https:\/\/gozu.zone\/?product=assaut-sur-lempire-blasters-a-louer#primaryimage","url":"https:\/\/gozu.zone\/wp-content\/uploads\/2017\/07\/Blasters-\u00e0-louer.png","contentUrl":"https:\/\/gozu.zone\/wp-content\/uploads\/2017\/07\/Blasters-\u00e0-louer.png","width":480,"height":480,"caption":"Blasters-\u00e0-louer"},{"@type":"BreadcrumbList","@id":"https:\/\/gozu.zone\/?product=assaut-sur-lempire-blasters-a-louer#breadcrumb","itemListElement":[{"@type":"ListItem","position":1,"name":"Accueil","item":"https:\/\/gozu.zone\/"},{"@type":"ListItem","position":2,"name":"BOUTIQUE","item":"https:\/\/gozu.zone\/?page_id=308"},{"@type":"ListItem","position":3,"name":"Assaut sur l&rsquo;Empire\u00a0: Blasters \u00e0 louer"}]},{"@type":"WebSite","@id":"https:\/\/gozu.zone\/#website","url":"https:\/\/gozu.zone\/","name":"GOZU ZONE","description":"Toujours plus pour vos jeux","potentialAction":[{"@type":"SearchAction","target":{"@type":"EntryPoint","urlTemplate":"https:\/\/gozu.zone\/?s={search_term_string}"},"query-input":{"@type":"PropertyValueSpecification","valueRequired":true,"valueName":"search_term_string"}}],"inLanguage":"fr-FR"}]}},"_links":{"self":[{"href":"https:\/\/gozu.zone\/index.php?rest_route=\/wp\/v2\/product\/5578","targetHints":{"allow":["GET"]}}],"collection":[{"href":"https:\/\/gozu.zone\/index.php?rest_route=\/wp\/v2\/product"}],"about":[{"href":"https:\/\/gozu.zone\/index.php?rest_route=\/wp\/v2\/types\/product"}],"replies":[{"embeddable":true,"href":"https:\/\/gozu.zone\/index.php?rest_route=%2Fwp%2Fv2%2Fcomments&post=5578"}],"wp:featuredmedia":[{"embeddable":true,"href":"https:\/\/gozu.zone\/index.php?rest_route=\/wp\/v2\/media\/5654"}],"wp:attachment":[{"href":"https:\/\/gozu.zone\/index.php?rest_route=%2Fwp%2Fv2%2Fmedia&parent=5578"}],"wp:term":[{"taxonomy":"product_brand","embeddable":true,"href":"https:\/\/gozu.zone\/index.php?rest_route=%2Fwp%2Fv2%2Fproduct_brand&post=5578"},{"taxonomy":"product_cat","embeddable":true,"href":"https:\/\/gozu.zone\/index.php?rest_route=%2Fwp%2Fv2%2Fproduct_cat&post=5578"},{"taxonomy":"product_tag","embeddable":true,"href":"https:\/\/gozu.zone\/index.php?rest_route=%2Fwp%2Fv2%2Fproduct_tag&post=5578"}],"curies":[{"name":"wp","href":"https:\/\/api.w.org\/{rel}","templated":true}]}}