{"id":5662,"date":"2017-07-16T16:24:26","date_gmt":"2017-07-16T16:24:26","guid":{"rendered":"https:\/\/gozu.zone\/?post_type=product&#038;p=5662"},"modified":"2020-05-12T17:00:02","modified_gmt":"2020-05-12T17:00:02","slug":"assaut-sur-lempire-retour-sur-hoth","status":"publish","type":"product","link":"https:\/\/gozu.zone\/?product=assaut-sur-lempire-retour-sur-hoth","title":{"rendered":"Assaut sur l&rsquo;Empire\u00a0: Retour sur Hoth"},"content":{"rendered":"<p>L\u2019Empire triomphant\u2026<\/p>\n<p><em>La Marine Imp\u00e9riale a localis\u00e9 la Base \u00c9cho, le refuge temporaire de la R\u00e9bellion, et lanc\u00e9 une attaque d\u00e9vastatrice\u00a0! Les Rebelles se d\u00e9m\u00e8nent pour quitter la surface de Hoth dans l\u2019espoir de trouver refuge sur les plan\u00e8tes proches du syst\u00e8me. Le danger est omnipr\u00e9sent\u00a0: les patrouilles des forces Imp\u00e9riales sont incessantes, et les espions ennemis fouillent le syst\u00e8me en qu\u00eate des Rebelles. Seuls les plus courageux h\u00e9ros oseraient revenir sur Hoth\u2026<\/em><\/p>\n<p>Parcourez les plaines glac\u00e9es de Hoth dans cette nouvelle extension pour\u00a0<em>Assaut sur l\u2019Empire\u00a0! Retour sur Hoth<\/em>\u00a0propose une nouvelle campagne de seize missions in\u00e9dites qui d\u00e9bute dans le sillage fr\u00e9n\u00e9tique de la bataille de Hoth. Votre combat acharn\u00e9 pour prot\u00e9ger les r\u00e9fugi\u00e9s Rebelles vous conduira au travers de la Bordure ext\u00e9rieure, mais vous vous retrouverez bient\u00f4t dans les ruines abandonn\u00e9es de la Base \u00c9cho, avec un plan d\u00e9sesp\u00e9r\u00e9 pour arr\u00eater l\u2019attaque Imp\u00e9riale\u00a0! Trois nouveaux h\u00e9ros rejoindront le combat dans cette extension, et \u0153uvreront aux c\u00f4t\u00e9s de la princesse Leia pour s\u2019opposer aux forces de l\u2019Empire, tandis que de nouveaux articles, classes, r\u00e9compenses et tuiles de plateau vous plongeront un peu plus dans l\u2019aventure\u00a0<em>Star Wars<\/em>.<\/p>\n<p><em>Retour sur Hoth<\/em>\u00a0propose \u00e9galement de nouvelles figurines et cartes Commandement qui permettront \u00e0 chaque faction de mettre en place des strat\u00e9gies passionnantes en mode escarmouche. Vous pourrez aligner de mortels dro\u00efdes assassins HK, des snowtroopers Imp\u00e9riaux d\u2019\u00e9lite, de robustes fantassins de la Base \u00c9cho ou le meurtrier chasseur de primes Dengar. Les toutes nouvelles missions en mode escarmouche proposent des plateaux couverts de neige, et les nouvelles cartes Commandement vous aideront \u00e0 mener vos troupes \u00e0 la victoire\u00a0!<\/p>\n<div class=\"disclaimer material\">\n<h3>Contenu du jeu<\/h3>\n<ul>\n<li>3 figurines de H\u00e9ros<\/li>\n<li>6 figurines de Snowtroopers<\/li>\n<li>4 figurines de Dro\u00efde Assassin HK<\/li>\n<li>2 figurines de Wampas<\/li>\n<li>1 figurine de Char r\u00e9pulseur SC2-M<\/li>\n<li>17 cartes D\u00e9ploiement<\/li>\n<li>6 cartes Projet<\/li>\n<li>8 cartes Mission de l\u2019Intrigue<\/li>\n<li>3 cartes Mission Annexe<\/li>\n<li>4 cartes Mission de Menace<\/li>\n<li>11 cartes R\u00e9compense<\/li>\n<li>4 cartes Ravitaillement<\/li>\n<li>9 cartes Article<\/li>\n<li>4 cartes Mission d\u2019Escarmouche<\/li>\n<li>28 cartes Classe de H\u00e9ros<\/li>\n<li>18 cartes Classe Imp\u00e9riale<\/li>\n<li>9 cartes Commandement<\/li>\n<li>3 fiches H\u00e9ros<\/li>\n<li>4 cartes \u00c9tat<\/li>\n<li>37 tuiles de plateau<\/li>\n<li>5 pions \u00c9tat<\/li>\n<li>2 pions Reconnaissance<\/li>\n<li>5 pions Alli\u00e9 et Antagoniste<\/li>\n<li>14 pions D\u00e9g\u00e2ts<\/li>\n<li>13 pions Stress<\/li>\n<li>8 pions Identification<\/li>\n<li>24 autocollants Identification<\/li>\n<li>1 fiche de plateau d\u2019escarmouche<\/li>\n<li>1 livret de r\u00e8gles<\/li>\n<\/ul>\n<\/div>\n","protected":false},"excerpt":{"rendered":"<ul>\n<li><strong>\u00c2ge<\/strong> : 14\u00a0ans et +<\/li>\n<li><strong>Dur\u00e9e<\/strong> : 1 \u00e0 2 h<\/li>\n<li><strong>Joueurs<\/strong> : 2 \u00e0 5<\/li>\n<\/ul>\n","protected":false},"featured_media":5683,"comment_status":"open","ping_status":"closed","template":"","meta":{"_acf_changed":false},"product_brand":[],"product_cat":[327,563,323,495,561],"product_tag":[336,195,544,416,566],"class_list":{"0":"post-5662","1":"product","2":"type-product","3":"status-publish","4":"has-post-thumbnail","6":"product_cat-extensions","7":"product_cat-extensions-majeures","8":"product_cat-jeux","9":"product_cat-jeux-de-figurines","10":"product_cat-star-wars-assaut-sur-lempire","11":"product_tag-affrontement","12":"product_tag-extension","13":"product_tag-figurines","14":"product_tag-modulable","15":"product_tag-science-fiction","16":"product_shipping_class-livraisonstandard_colis","18":"first","19":"instock","20":"taxable","21":"shipping-taxable","22":"purchasable","23":"product-type-simple"},"acf":[],"yoast_head":"<!-- This site is optimized with the Yoast SEO plugin v25.3 - https:\/\/yoast.com\/wordpress\/plugins\/seo\/ -->\n<title>Acheter Assaut sur l&#039;Empire\u00a0: Retour sur Hoth - GOZU ZONE - Jeux et Accessoires<\/title>\n<meta name=\"robots\" content=\"index, follow, max-snippet:-1, max-image-preview:large, max-video-preview:-1\" \/>\n<link rel=\"canonical\" href=\"https:\/\/gozu.zone\/?product=assaut-sur-lempire-retour-sur-hoth\" \/>\n<meta property=\"og:locale\" content=\"fr_FR\" \/>\n<meta property=\"og:type\" content=\"article\" \/>\n<meta property=\"og:title\" content=\"Acheter Assaut sur l&#039;Empire\u00a0: Retour sur Hoth - GOZU ZONE - Jeux et Accessoires\" \/>\n<meta property=\"og:description\" content=\"\u00c2ge : 14\u00a0ans et +  Dur\u00e9e : 1 \u00e0 2 h  Joueurs : 2 \u00e0 5\" \/>\n<meta property=\"og:url\" content=\"https:\/\/gozu.zone\/?product=assaut-sur-lempire-retour-sur-hoth\" \/>\n<meta property=\"og:site_name\" content=\"GOZU ZONE\" \/>\n<meta property=\"article:publisher\" content=\"https:\/\/www.facebook.com\/gozuzone\/\" \/>\n<meta property=\"article:modified_time\" content=\"2020-05-12T17:00:02+00:00\" \/>\n<meta property=\"og:image\" content=\"https:\/\/gozu.zone\/wp-content\/uploads\/2017\/07\/Retour-sur-Hoth.png\" \/>\n\t<meta property=\"og:image:width\" content=\"480\" \/>\n\t<meta property=\"og:image:height\" content=\"480\" \/>\n\t<meta property=\"og:image:type\" content=\"image\/png\" \/>\n<meta name=\"twitter:card\" content=\"summary_large_image\" \/>\n<meta name=\"twitter:site\" content=\"@gozuzone\" \/>\n<meta name=\"twitter:label1\" content=\"Dur\u00e9e de lecture estim\u00e9e\" \/>\n\t<meta name=\"twitter:data1\" content=\"2 minutes\" \/>\n<script type=\"application\/ld+json\" class=\"yoast-schema-graph\">{\"@context\":\"https:\/\/schema.org\",\"@graph\":[{\"@type\":\"WebPage\",\"@id\":\"https:\/\/gozu.zone\/?product=assaut-sur-lempire-retour-sur-hoth\",\"url\":\"https:\/\/gozu.zone\/?product=assaut-sur-lempire-retour-sur-hoth\",\"name\":\"Acheter Assaut sur l'Empire\u00a0: Retour sur Hoth - GOZU ZONE - Jeux et Accessoires\",\"isPartOf\":{\"@id\":\"https:\/\/gozu.zone\/#website\"},\"primaryImageOfPage\":{\"@id\":\"https:\/\/gozu.zone\/?product=assaut-sur-lempire-retour-sur-hoth#primaryimage\"},\"image\":{\"@id\":\"https:\/\/gozu.zone\/?product=assaut-sur-lempire-retour-sur-hoth#primaryimage\"},\"thumbnailUrl\":\"https:\/\/gozu.zone\/wp-content\/uploads\/2017\/07\/Retour-sur-Hoth.png\",\"datePublished\":\"2017-07-16T16:24:26+00:00\",\"dateModified\":\"2020-05-12T17:00:02+00:00\",\"breadcrumb\":{\"@id\":\"https:\/\/gozu.zone\/?product=assaut-sur-lempire-retour-sur-hoth#breadcrumb\"},\"inLanguage\":\"fr-FR\",\"potentialAction\":[{\"@type\":\"ReadAction\",\"target\":[\"https:\/\/gozu.zone\/?product=assaut-sur-lempire-retour-sur-hoth\"]}]},{\"@type\":\"ImageObject\",\"inLanguage\":\"fr-FR\",\"@id\":\"https:\/\/gozu.zone\/?product=assaut-sur-lempire-retour-sur-hoth#primaryimage\",\"url\":\"https:\/\/gozu.zone\/wp-content\/uploads\/2017\/07\/Retour-sur-Hoth.png\",\"contentUrl\":\"https:\/\/gozu.zone\/wp-content\/uploads\/2017\/07\/Retour-sur-Hoth.png\",\"width\":480,\"height\":480,\"caption\":\"Retour-sur-Hoth\"},{\"@type\":\"BreadcrumbList\",\"@id\":\"https:\/\/gozu.zone\/?product=assaut-sur-lempire-retour-sur-hoth#breadcrumb\",\"itemListElement\":[{\"@type\":\"ListItem\",\"position\":1,\"name\":\"Accueil\",\"item\":\"https:\/\/gozu.zone\/\"},{\"@type\":\"ListItem\",\"position\":2,\"name\":\"BOUTIQUE\",\"item\":\"https:\/\/gozu.zone\/?page_id=308\"},{\"@type\":\"ListItem\",\"position\":3,\"name\":\"Assaut sur l&rsquo;Empire\u00a0: Retour sur Hoth\"}]},{\"@type\":\"WebSite\",\"@id\":\"https:\/\/gozu.zone\/#website\",\"url\":\"https:\/\/gozu.zone\/\",\"name\":\"GOZU ZONE\",\"description\":\"Toujours plus pour vos jeux\",\"potentialAction\":[{\"@type\":\"SearchAction\",\"target\":{\"@type\":\"EntryPoint\",\"urlTemplate\":\"https:\/\/gozu.zone\/?s={search_term_string}\"},\"query-input\":{\"@type\":\"PropertyValueSpecification\",\"valueRequired\":true,\"valueName\":\"search_term_string\"}}],\"inLanguage\":\"fr-FR\"}]}<\/script>\n<!-- \/ Yoast SEO plugin. -->","yoast_head_json":{"title":"Acheter Assaut sur l'Empire\u00a0: Retour sur Hoth - GOZU ZONE - Jeux et Accessoires","robots":{"index":"index","follow":"follow","max-snippet":"max-snippet:-1","max-image-preview":"max-image-preview:large","max-video-preview":"max-video-preview:-1"},"canonical":"https:\/\/gozu.zone\/?product=assaut-sur-lempire-retour-sur-hoth","og_locale":"fr_FR","og_type":"article","og_title":"Acheter Assaut sur l'Empire\u00a0: Retour sur Hoth - GOZU ZONE - Jeux et Accessoires","og_description":"\u00c2ge : 14\u00a0ans et +  Dur\u00e9e : 1 \u00e0 2 h  Joueurs : 2 \u00e0 5","og_url":"https:\/\/gozu.zone\/?product=assaut-sur-lempire-retour-sur-hoth","og_site_name":"GOZU ZONE","article_publisher":"https:\/\/www.facebook.com\/gozuzone\/","article_modified_time":"2020-05-12T17:00:02+00:00","og_image":[{"width":480,"height":480,"url":"https:\/\/gozu.zone\/wp-content\/uploads\/2017\/07\/Retour-sur-Hoth.png","type":"image\/png"}],"twitter_card":"summary_large_image","twitter_site":"@gozuzone","twitter_misc":{"Dur\u00e9e de lecture estim\u00e9e":"2 minutes"},"schema":{"@context":"https:\/\/schema.org","@graph":[{"@type":"WebPage","@id":"https:\/\/gozu.zone\/?product=assaut-sur-lempire-retour-sur-hoth","url":"https:\/\/gozu.zone\/?product=assaut-sur-lempire-retour-sur-hoth","name":"Acheter Assaut sur l'Empire\u00a0: Retour sur Hoth - GOZU ZONE - Jeux et Accessoires","isPartOf":{"@id":"https:\/\/gozu.zone\/#website"},"primaryImageOfPage":{"@id":"https:\/\/gozu.zone\/?product=assaut-sur-lempire-retour-sur-hoth#primaryimage"},"image":{"@id":"https:\/\/gozu.zone\/?product=assaut-sur-lempire-retour-sur-hoth#primaryimage"},"thumbnailUrl":"https:\/\/gozu.zone\/wp-content\/uploads\/2017\/07\/Retour-sur-Hoth.png","datePublished":"2017-07-16T16:24:26+00:00","dateModified":"2020-05-12T17:00:02+00:00","breadcrumb":{"@id":"https:\/\/gozu.zone\/?product=assaut-sur-lempire-retour-sur-hoth#breadcrumb"},"inLanguage":"fr-FR","potentialAction":[{"@type":"ReadAction","target":["https:\/\/gozu.zone\/?product=assaut-sur-lempire-retour-sur-hoth"]}]},{"@type":"ImageObject","inLanguage":"fr-FR","@id":"https:\/\/gozu.zone\/?product=assaut-sur-lempire-retour-sur-hoth#primaryimage","url":"https:\/\/gozu.zone\/wp-content\/uploads\/2017\/07\/Retour-sur-Hoth.png","contentUrl":"https:\/\/gozu.zone\/wp-content\/uploads\/2017\/07\/Retour-sur-Hoth.png","width":480,"height":480,"caption":"Retour-sur-Hoth"},{"@type":"BreadcrumbList","@id":"https:\/\/gozu.zone\/?product=assaut-sur-lempire-retour-sur-hoth#breadcrumb","itemListElement":[{"@type":"ListItem","position":1,"name":"Accueil","item":"https:\/\/gozu.zone\/"},{"@type":"ListItem","position":2,"name":"BOUTIQUE","item":"https:\/\/gozu.zone\/?page_id=308"},{"@type":"ListItem","position":3,"name":"Assaut sur l&rsquo;Empire\u00a0: Retour sur Hoth"}]},{"@type":"WebSite","@id":"https:\/\/gozu.zone\/#website","url":"https:\/\/gozu.zone\/","name":"GOZU ZONE","description":"Toujours plus pour vos jeux","potentialAction":[{"@type":"SearchAction","target":{"@type":"EntryPoint","urlTemplate":"https:\/\/gozu.zone\/?s={search_term_string}"},"query-input":{"@type":"PropertyValueSpecification","valueRequired":true,"valueName":"search_term_string"}}],"inLanguage":"fr-FR"}]}},"_links":{"self":[{"href":"https:\/\/gozu.zone\/index.php?rest_route=\/wp\/v2\/product\/5662","targetHints":{"allow":["GET"]}}],"collection":[{"href":"https:\/\/gozu.zone\/index.php?rest_route=\/wp\/v2\/product"}],"about":[{"href":"https:\/\/gozu.zone\/index.php?rest_route=\/wp\/v2\/types\/product"}],"replies":[{"embeddable":true,"href":"https:\/\/gozu.zone\/index.php?rest_route=%2Fwp%2Fv2%2Fcomments&post=5662"}],"wp:featuredmedia":[{"embeddable":true,"href":"https:\/\/gozu.zone\/index.php?rest_route=\/wp\/v2\/media\/5683"}],"wp:attachment":[{"href":"https:\/\/gozu.zone\/index.php?rest_route=%2Fwp%2Fv2%2Fmedia&parent=5662"}],"wp:term":[{"taxonomy":"product_brand","embeddable":true,"href":"https:\/\/gozu.zone\/index.php?rest_route=%2Fwp%2Fv2%2Fproduct_brand&post=5662"},{"taxonomy":"product_cat","embeddable":true,"href":"https:\/\/gozu.zone\/index.php?rest_route=%2Fwp%2Fv2%2Fproduct_cat&post=5662"},{"taxonomy":"product_tag","embeddable":true,"href":"https:\/\/gozu.zone\/index.php?rest_route=%2Fwp%2Fv2%2Fproduct_tag&post=5662"}],"curies":[{"name":"wp","href":"https:\/\/api.w.org\/{rel}","templated":true}]}}