{"id":6040,"date":"2017-09-06T11:12:07","date_gmt":"2017-09-06T11:12:07","guid":{"rendered":"https:\/\/gozu.zone\/?post_type=product&#038;p=6040"},"modified":"2025-12-27T20:12:57","modified_gmt":"2025-12-27T20:12:57","slug":"legende-ds-5-anneaux-jeu-de-cartes","status":"publish","type":"product","link":"https:\/\/gozu.zone\/?product=legende-ds-5-anneaux-jeu-de-cartes","title":{"rendered":"La L\u00e9gende des 5 anneaux : Le Jeu de Cartes"},"content":{"rendered":"<p><a href=\"http:\/\/pro.gozu.zone\/wp-content\/uploads\/2017\/09\/1_L5R_LCG_CORE_logo.png\"><img loading=\"lazy\" decoding=\"async\" class=\"aligncenter wp-image-6085 size-full\" src=\"http:\/\/pro.gozu.zone\/wp-content\/uploads\/2017\/09\/1_L5R_LCG_CORE_logo.png\" alt=\"\" width=\"880\" height=\"230\" srcset=\"https:\/\/gozu.zone\/wp-content\/uploads\/2017\/09\/1_L5R_LCG_CORE_logo.png 880w, https:\/\/gozu.zone\/wp-content\/uploads\/2017\/09\/1_L5R_LCG_CORE_logo-510x133.png 510w, https:\/\/gozu.zone\/wp-content\/uploads\/2017\/09\/1_L5R_LCG_CORE_logo-300x78.png 300w, https:\/\/gozu.zone\/wp-content\/uploads\/2017\/09\/1_L5R_LCG_CORE_logo-768x201.png 768w, https:\/\/gozu.zone\/wp-content\/uploads\/2017\/09\/1_L5R_LCG_CORE_logo-570x149.png 570w\" sizes=\"auto, (max-width: 880px) 100vw, 880px\" \/><\/a><\/p>\n<p>D\u2019abord publi\u00e9 en 1995 sous la forme d\u2019un jeu de cartes \u00e0 collectionner,<strong>\u00a0<em>La L\u00e9gende\u00a0des Cinq Anneaux<\/em><\/strong>\u00a0a depuis connu le succ\u00e8s gr\u00e2ce \u00e0 son univers unique, son exp\u00e9rience de jeu captivante et sa communaut\u00e9 de joueurs enthousiastes. Les nouveaux arrivants \u00e0 Rokugan mais aussi les visiteurs assidus vont pouvoir d\u00e9couvrir l\u2019Empire comme jamais auparavant gr\u00e2ce au format du jeu de cartes \u00e9volutif.<\/p>\n<p>Chaque joueur dirige ses forces \u00e0 l\u2019aide de deux decks s\u00e9par\u00e9s\u00a0: un deck Dynastie, qui peuple ses provinces de personnages et propri\u00e9t\u00e9s, et un deck Conflit, comprenant des tactiques, des man\u0153uvres, des partisans et des accessoires qui peuvent \u00eatre utilis\u00e9s pour reprendre le dessus et asseoir sa supr\u00e9matie dans un combat. Au cours des parties, les joueurs s\u2019opposeront dans des conflits politiques et militaires, dans le but de conqu\u00e9rir les places fortes de leur adversaire pour atteindre la victoire. Mais les r\u00e8gles de la soci\u00e9t\u00e9 sont absolues, et les clans ne doivent jamais oublier les principes du Bushid\u014d, sans quoi leur qu\u00eate \u00e9go\u00efste de gloire les m\u00e8nera \u00e0 leur perte\u2026<\/p>\n<div>\n<h2><\/h2>\n<h2>Pour ranger et prot\u00e9ger votre jeu<\/h2>\n<ul>\n<li><a href=\"http:\/\/pro.gozu.zone\/?product_cat=format-mini-americain\" target=\"_blank\" rel=\"noopener noreferrer\">Les pochettes au format MINI AMERICAN<\/a><\/li>\n<li><a href=\"http:\/\/pro.gozu.zone\/?product_cat=format-standard\" target=\"_blank\" rel=\"noopener noreferrer\">Les pochettes au format STANDARD<\/a><\/li>\n<li><a href=\"http:\/\/pro.gozu.zone\/?product=rangement-legende-5-anneaux-jce\" target=\"_blank\" rel=\"noopener noreferrer\">Le rangement GOZU ZONE<\/a><\/li>\n<\/ul>\n<\/div>\n","protected":false},"excerpt":{"rendered":"<p>Affrontez votre adversaire sans perdre votre Honneur !<\/p>\n<ul>\n<li><strong>\u00c2ge<\/strong> : 14\u00a0ans et +<\/li>\n<li><strong>Dur\u00e9e<\/strong> : 45 &#8211; 90 min<\/li>\n<li><strong>Joueurs<\/strong> :\u00a02<\/li>\n<\/ul>\n<p>&nbsp;<\/p>\n","protected":false},"featured_media":6041,"comment_status":"open","ping_status":"closed","template":"","meta":{"_acf_changed":false},"product_brand":[],"product_cat":[560,494,333,324,401],"product_tag":[177],"class_list":{"0":"post-6040","1":"product","2":"type-product","3":"status-publish","4":"has-post-thumbnail","6":"product_cat-destockage","7":"product_cat-jeux-de-societe","8":"product_cat-par-types","9":"product_cat-experts","10":"product_cat-jeux-a-2","11":"product_tag-cartes","12":"product_shipping_class-livraisonstandard_colis","14":"first","15":"instock","16":"sale","17":"taxable","18":"shipping-taxable","19":"purchasable","20":"product-type-simple"},"acf":[],"yoast_head":"<!-- This site is optimized with the Yoast SEO plugin v25.3 - https:\/\/yoast.com\/wordpress\/plugins\/seo\/ -->\n<title>Acheter La L\u00e9gende des 5 anneaux : Le Jeu de Cartes - GOZU ZONE - Jeux et Accessoires<\/title>\n<meta name=\"robots\" content=\"index, follow, max-snippet:-1, max-image-preview:large, max-video-preview:-1\" \/>\n<link rel=\"canonical\" href=\"https:\/\/gozu.zone\/?product=legende-ds-5-anneaux-jeu-de-cartes\" \/>\n<meta property=\"og:locale\" content=\"fr_FR\" \/>\n<meta property=\"og:type\" content=\"article\" \/>\n<meta property=\"og:title\" content=\"Acheter La L\u00e9gende des 5 anneaux : Le Jeu de Cartes - GOZU ZONE - Jeux et Accessoires\" \/>\n<meta property=\"og:description\" content=\"Affrontez votre adversaire sans perdre votre Honneur !   \u00c2ge : 14\u00a0ans et +  Dur\u00e9e : 45 - 90 min  Joueurs :\u00a02  &nbsp;\" \/>\n<meta property=\"og:url\" content=\"https:\/\/gozu.zone\/?product=legende-ds-5-anneaux-jeu-de-cartes\" \/>\n<meta property=\"og:site_name\" content=\"GOZU ZONE\" \/>\n<meta property=\"article:publisher\" content=\"https:\/\/www.facebook.com\/gozuzone\/\" \/>\n<meta property=\"article:modified_time\" content=\"2025-12-27T20:12:57+00:00\" \/>\n<meta property=\"og:image\" content=\"https:\/\/gozu.zone\/wp-content\/uploads\/2017\/09\/L5A-boite.jpg\" \/>\n\t<meta property=\"og:image:width\" content=\"640\" \/>\n\t<meta property=\"og:image:height\" content=\"640\" \/>\n\t<meta property=\"og:image:type\" content=\"image\/jpeg\" \/>\n<meta name=\"twitter:card\" content=\"summary_large_image\" \/>\n<meta name=\"twitter:site\" content=\"@gozuzone\" \/>\n<meta name=\"twitter:label1\" content=\"Dur\u00e9e de lecture estim\u00e9e\" \/>\n\t<meta name=\"twitter:data1\" content=\"1 minute\" \/>\n<script type=\"application\/ld+json\" class=\"yoast-schema-graph\">{\"@context\":\"https:\/\/schema.org\",\"@graph\":[{\"@type\":\"WebPage\",\"@id\":\"https:\/\/gozu.zone\/?product=legende-ds-5-anneaux-jeu-de-cartes\",\"url\":\"https:\/\/gozu.zone\/?product=legende-ds-5-anneaux-jeu-de-cartes\",\"name\":\"Acheter La L\u00e9gende des 5 anneaux : Le Jeu de Cartes - GOZU ZONE - Jeux et Accessoires\",\"isPartOf\":{\"@id\":\"https:\/\/gozu.zone\/#website\"},\"primaryImageOfPage\":{\"@id\":\"https:\/\/gozu.zone\/?product=legende-ds-5-anneaux-jeu-de-cartes#primaryimage\"},\"image\":{\"@id\":\"https:\/\/gozu.zone\/?product=legende-ds-5-anneaux-jeu-de-cartes#primaryimage\"},\"thumbnailUrl\":\"https:\/\/gozu.zone\/wp-content\/uploads\/2017\/09\/L5A-boite.jpg\",\"datePublished\":\"2017-09-06T11:12:07+00:00\",\"dateModified\":\"2025-12-27T20:12:57+00:00\",\"breadcrumb\":{\"@id\":\"https:\/\/gozu.zone\/?product=legende-ds-5-anneaux-jeu-de-cartes#breadcrumb\"},\"inLanguage\":\"fr-FR\",\"potentialAction\":[{\"@type\":\"ReadAction\",\"target\":[\"https:\/\/gozu.zone\/?product=legende-ds-5-anneaux-jeu-de-cartes\"]}]},{\"@type\":\"ImageObject\",\"inLanguage\":\"fr-FR\",\"@id\":\"https:\/\/gozu.zone\/?product=legende-ds-5-anneaux-jeu-de-cartes#primaryimage\",\"url\":\"https:\/\/gozu.zone\/wp-content\/uploads\/2017\/09\/L5A-boite.jpg\",\"contentUrl\":\"https:\/\/gozu.zone\/wp-content\/uploads\/2017\/09\/L5A-boite.jpg\",\"width\":640,\"height\":640},{\"@type\":\"BreadcrumbList\",\"@id\":\"https:\/\/gozu.zone\/?product=legende-ds-5-anneaux-jeu-de-cartes#breadcrumb\",\"itemListElement\":[{\"@type\":\"ListItem\",\"position\":1,\"name\":\"Accueil\",\"item\":\"https:\/\/gozu.zone\/\"},{\"@type\":\"ListItem\",\"position\":2,\"name\":\"BOUTIQUE\",\"item\":\"https:\/\/gozu.zone\/?page_id=308\"},{\"@type\":\"ListItem\",\"position\":3,\"name\":\"La L\u00e9gende des 5 anneaux : Le Jeu de Cartes\"}]},{\"@type\":\"WebSite\",\"@id\":\"https:\/\/gozu.zone\/#website\",\"url\":\"https:\/\/gozu.zone\/\",\"name\":\"GOZU ZONE\",\"description\":\"Toujours plus pour vos jeux\",\"potentialAction\":[{\"@type\":\"SearchAction\",\"target\":{\"@type\":\"EntryPoint\",\"urlTemplate\":\"https:\/\/gozu.zone\/?s={search_term_string}\"},\"query-input\":{\"@type\":\"PropertyValueSpecification\",\"valueRequired\":true,\"valueName\":\"search_term_string\"}}],\"inLanguage\":\"fr-FR\"}]}<\/script>\n<!-- \/ Yoast SEO plugin. -->","yoast_head_json":{"title":"Acheter La L\u00e9gende des 5 anneaux : Le Jeu de Cartes - GOZU ZONE - Jeux et Accessoires","robots":{"index":"index","follow":"follow","max-snippet":"max-snippet:-1","max-image-preview":"max-image-preview:large","max-video-preview":"max-video-preview:-1"},"canonical":"https:\/\/gozu.zone\/?product=legende-ds-5-anneaux-jeu-de-cartes","og_locale":"fr_FR","og_type":"article","og_title":"Acheter La L\u00e9gende des 5 anneaux : Le Jeu de Cartes - GOZU ZONE - Jeux et Accessoires","og_description":"Affrontez votre adversaire sans perdre votre Honneur !   \u00c2ge : 14\u00a0ans et +  Dur\u00e9e : 45 - 90 min  Joueurs :\u00a02  &nbsp;","og_url":"https:\/\/gozu.zone\/?product=legende-ds-5-anneaux-jeu-de-cartes","og_site_name":"GOZU ZONE","article_publisher":"https:\/\/www.facebook.com\/gozuzone\/","article_modified_time":"2025-12-27T20:12:57+00:00","og_image":[{"width":640,"height":640,"url":"https:\/\/gozu.zone\/wp-content\/uploads\/2017\/09\/L5A-boite.jpg","type":"image\/jpeg"}],"twitter_card":"summary_large_image","twitter_site":"@gozuzone","twitter_misc":{"Dur\u00e9e de lecture estim\u00e9e":"1 minute"},"schema":{"@context":"https:\/\/schema.org","@graph":[{"@type":"WebPage","@id":"https:\/\/gozu.zone\/?product=legende-ds-5-anneaux-jeu-de-cartes","url":"https:\/\/gozu.zone\/?product=legende-ds-5-anneaux-jeu-de-cartes","name":"Acheter La L\u00e9gende des 5 anneaux : Le Jeu de Cartes - GOZU ZONE - Jeux et Accessoires","isPartOf":{"@id":"https:\/\/gozu.zone\/#website"},"primaryImageOfPage":{"@id":"https:\/\/gozu.zone\/?product=legende-ds-5-anneaux-jeu-de-cartes#primaryimage"},"image":{"@id":"https:\/\/gozu.zone\/?product=legende-ds-5-anneaux-jeu-de-cartes#primaryimage"},"thumbnailUrl":"https:\/\/gozu.zone\/wp-content\/uploads\/2017\/09\/L5A-boite.jpg","datePublished":"2017-09-06T11:12:07+00:00","dateModified":"2025-12-27T20:12:57+00:00","breadcrumb":{"@id":"https:\/\/gozu.zone\/?product=legende-ds-5-anneaux-jeu-de-cartes#breadcrumb"},"inLanguage":"fr-FR","potentialAction":[{"@type":"ReadAction","target":["https:\/\/gozu.zone\/?product=legende-ds-5-anneaux-jeu-de-cartes"]}]},{"@type":"ImageObject","inLanguage":"fr-FR","@id":"https:\/\/gozu.zone\/?product=legende-ds-5-anneaux-jeu-de-cartes#primaryimage","url":"https:\/\/gozu.zone\/wp-content\/uploads\/2017\/09\/L5A-boite.jpg","contentUrl":"https:\/\/gozu.zone\/wp-content\/uploads\/2017\/09\/L5A-boite.jpg","width":640,"height":640},{"@type":"BreadcrumbList","@id":"https:\/\/gozu.zone\/?product=legende-ds-5-anneaux-jeu-de-cartes#breadcrumb","itemListElement":[{"@type":"ListItem","position":1,"name":"Accueil","item":"https:\/\/gozu.zone\/"},{"@type":"ListItem","position":2,"name":"BOUTIQUE","item":"https:\/\/gozu.zone\/?page_id=308"},{"@type":"ListItem","position":3,"name":"La L\u00e9gende des 5 anneaux : Le Jeu de Cartes"}]},{"@type":"WebSite","@id":"https:\/\/gozu.zone\/#website","url":"https:\/\/gozu.zone\/","name":"GOZU ZONE","description":"Toujours plus pour vos jeux","potentialAction":[{"@type":"SearchAction","target":{"@type":"EntryPoint","urlTemplate":"https:\/\/gozu.zone\/?s={search_term_string}"},"query-input":{"@type":"PropertyValueSpecification","valueRequired":true,"valueName":"search_term_string"}}],"inLanguage":"fr-FR"}]}},"_links":{"self":[{"href":"https:\/\/gozu.zone\/index.php?rest_route=\/wp\/v2\/product\/6040","targetHints":{"allow":["GET"]}}],"collection":[{"href":"https:\/\/gozu.zone\/index.php?rest_route=\/wp\/v2\/product"}],"about":[{"href":"https:\/\/gozu.zone\/index.php?rest_route=\/wp\/v2\/types\/product"}],"replies":[{"embeddable":true,"href":"https:\/\/gozu.zone\/index.php?rest_route=%2Fwp%2Fv2%2Fcomments&post=6040"}],"wp:featuredmedia":[{"embeddable":true,"href":"https:\/\/gozu.zone\/index.php?rest_route=\/wp\/v2\/media\/6041"}],"wp:attachment":[{"href":"https:\/\/gozu.zone\/index.php?rest_route=%2Fwp%2Fv2%2Fmedia&parent=6040"}],"wp:term":[{"taxonomy":"product_brand","embeddable":true,"href":"https:\/\/gozu.zone\/index.php?rest_route=%2Fwp%2Fv2%2Fproduct_brand&post=6040"},{"taxonomy":"product_cat","embeddable":true,"href":"https:\/\/gozu.zone\/index.php?rest_route=%2Fwp%2Fv2%2Fproduct_cat&post=6040"},{"taxonomy":"product_tag","embeddable":true,"href":"https:\/\/gozu.zone\/index.php?rest_route=%2Fwp%2Fv2%2Fproduct_tag&post=6040"}],"curies":[{"name":"wp","href":"https:\/\/api.w.org\/{rel}","templated":true}]}}