{"id":6056,"date":"2017-09-07T14:04:19","date_gmt":"2017-09-07T14:04:19","guid":{"rendered":"https:\/\/gozu.zone\/?post_type=product&#038;p=6056"},"modified":"2024-06-03T20:20:27","modified_gmt":"2024-06-03T20:20:27","slug":"abyss","status":"publish","type":"product","link":"https:\/\/gozu.zone\/?product=abyss","title":{"rendered":"ABYSS"},"content":{"rendered":"<p>Depuis des si\u00e8cles, des cr\u00e9atures r\u00e8gnent sans partage dans les profondeurs des oc\u00e9ans. Leur Royaume, <strong>Abyss<\/strong>, est respect\u00e9 par tous les peuples alli\u00e9s, heureux d\u2019y trouver une protection contre les redoutables monstres sous-marins.<br \/>\nBient\u00f4t le Tr\u00f4ne sera vacant&#8230;<\/p>\n<p>Et si c\u2019\u00e9tait le moment de vous emparer ?<\/p>\n<p>Le temps presse ! Plus que quelques jours avant la nomination du futur monarque. Pour \u00e9tendre votre influence et appara\u00eetre comme le seul et unique recours, explorez, recruter, contr\u00f4ler&#8230;<\/p>\n<h3>Contenu du jeu<\/h3>\n<ul>\n<li>71\u00a0petites cartes Exploration<\/li>\n<li>35\u00a0cartes Seigneurs<\/li>\n<li>20\u00a0lieux<\/li>\n<li>1 plateau de jeu<\/li>\n<li>5\u00a0coupelles<\/li>\n<li>50\u00a0Perles<\/li>\n<li>10\u00a0pions Clef<\/li>\n<li>20\u00a0pions Monstres<\/li>\n<li>1\u00a0marqueur menace<\/li>\n<li>1\u00a0livret de r\u00e8gles<\/li>\n<\/ul>\n","protected":false},"excerpt":{"rendered":"<p>Le pouvoir d&rsquo;Abyss est de nouveau vacant. Votre heure est venue de mettre la main sur le tr\u00f4ne et sur ses privil\u00e8ges.<\/p>\n<ul>\n<li><strong>\u00c2ge<\/strong> : 10\u00a0ans et +<\/li>\n<li><strong>Dur\u00e9e<\/strong> : 30 \u00e0 60 min<\/li>\n<li><strong>Joueurs<\/strong> : 2\u00a0\u00e0 4<\/li>\n<\/ul>\n","protected":false},"featured_media":18796,"comment_status":"open","ping_status":"closed","template":"","meta":{"_acf_changed":false},"product_brand":[],"product_cat":[758,323,494,333,361],"product_tag":[383,405,352,369],"class_list":{"0":"post-6056","1":"product","2":"type-product","3":"status-publish","4":"has-post-thumbnail","6":"product_cat-abyss","7":"product_cat-jeux","8":"product_cat-jeux-de-societe","9":"product_cat-par-types","10":"product_cat-familiaux","11":"product_tag-combinaison","12":"product_tag-developpement","13":"product_tag-fantastique","14":"product_tag-ocean","15":"product_shipping_class-livraisonstandard_colis","17":"first","18":"instock","19":"taxable","20":"shipping-taxable","21":"purchasable","22":"product-type-simple"},"acf":[],"yoast_head":"<!-- This site is optimized with the Yoast SEO plugin v25.3 - https:\/\/yoast.com\/wordpress\/plugins\/seo\/ -->\n<title>Acheter ABYSS - GOZU ZONE - Jeux et Accessoires<\/title>\n<meta name=\"robots\" content=\"index, follow, max-snippet:-1, max-image-preview:large, max-video-preview:-1\" \/>\n<link rel=\"canonical\" href=\"https:\/\/gozu.zone\/?product=abyss\" \/>\n<meta property=\"og:locale\" content=\"fr_FR\" \/>\n<meta property=\"og:type\" content=\"article\" \/>\n<meta property=\"og:title\" content=\"Acheter ABYSS - GOZU ZONE - Jeux et Accessoires\" \/>\n<meta property=\"og:description\" content=\"Le pouvoir d&#039;Abyss est de nouveau vacant. Votre heure est venue de mettre la main sur le tr\u00f4ne et sur ses privil\u00e8ges.   \u00c2ge : 10\u00a0ans et +  Dur\u00e9e : 30 \u00e0 60 min  Joueurs : 2\u00a0\u00e0 4\" \/>\n<meta property=\"og:url\" content=\"https:\/\/gozu.zone\/?product=abyss\" \/>\n<meta property=\"og:site_name\" content=\"GOZU ZONE\" \/>\n<meta property=\"article:publisher\" content=\"https:\/\/www.facebook.com\/gozuzone\/\" \/>\n<meta property=\"article:modified_time\" content=\"2024-06-03T20:20:27+00:00\" \/>\n<meta property=\"og:image\" content=\"https:\/\/gozu.zone\/wp-content\/uploads\/2017\/09\/abyss-boite-base.png\" \/>\n\t<meta property=\"og:image:width\" content=\"1000\" \/>\n\t<meta property=\"og:image:height\" content=\"1000\" \/>\n\t<meta property=\"og:image:type\" content=\"image\/png\" \/>\n<meta name=\"twitter:card\" content=\"summary_large_image\" \/>\n<meta name=\"twitter:site\" content=\"@gozuzone\" \/>\n<meta name=\"twitter:label1\" content=\"Dur\u00e9e de lecture estim\u00e9e\" \/>\n\t<meta name=\"twitter:data1\" content=\"1 minute\" \/>\n<script type=\"application\/ld+json\" class=\"yoast-schema-graph\">{\"@context\":\"https:\/\/schema.org\",\"@graph\":[{\"@type\":\"WebPage\",\"@id\":\"https:\/\/gozu.zone\/?product=abyss\",\"url\":\"https:\/\/gozu.zone\/?product=abyss\",\"name\":\"Acheter ABYSS - GOZU ZONE - Jeux et Accessoires\",\"isPartOf\":{\"@id\":\"https:\/\/gozu.zone\/#website\"},\"primaryImageOfPage\":{\"@id\":\"https:\/\/gozu.zone\/?product=abyss#primaryimage\"},\"image\":{\"@id\":\"https:\/\/gozu.zone\/?product=abyss#primaryimage\"},\"thumbnailUrl\":\"https:\/\/gozu.zone\/wp-content\/uploads\/2017\/09\/abyss-boite-base.png\",\"datePublished\":\"2017-09-07T14:04:19+00:00\",\"dateModified\":\"2024-06-03T20:20:27+00:00\",\"breadcrumb\":{\"@id\":\"https:\/\/gozu.zone\/?product=abyss#breadcrumb\"},\"inLanguage\":\"fr-FR\",\"potentialAction\":[{\"@type\":\"ReadAction\",\"target\":[\"https:\/\/gozu.zone\/?product=abyss\"]}]},{\"@type\":\"ImageObject\",\"inLanguage\":\"fr-FR\",\"@id\":\"https:\/\/gozu.zone\/?product=abyss#primaryimage\",\"url\":\"https:\/\/gozu.zone\/wp-content\/uploads\/2017\/09\/abyss-boite-base.png\",\"contentUrl\":\"https:\/\/gozu.zone\/wp-content\/uploads\/2017\/09\/abyss-boite-base.png\",\"width\":1000,\"height\":1000},{\"@type\":\"BreadcrumbList\",\"@id\":\"https:\/\/gozu.zone\/?product=abyss#breadcrumb\",\"itemListElement\":[{\"@type\":\"ListItem\",\"position\":1,\"name\":\"Accueil\",\"item\":\"https:\/\/gozu.zone\/\"},{\"@type\":\"ListItem\",\"position\":2,\"name\":\"BOUTIQUE\",\"item\":\"https:\/\/gozu.zone\/?page_id=308\"},{\"@type\":\"ListItem\",\"position\":3,\"name\":\"ABYSS\"}]},{\"@type\":\"WebSite\",\"@id\":\"https:\/\/gozu.zone\/#website\",\"url\":\"https:\/\/gozu.zone\/\",\"name\":\"GOZU ZONE\",\"description\":\"Toujours plus pour vos jeux\",\"potentialAction\":[{\"@type\":\"SearchAction\",\"target\":{\"@type\":\"EntryPoint\",\"urlTemplate\":\"https:\/\/gozu.zone\/?s={search_term_string}\"},\"query-input\":{\"@type\":\"PropertyValueSpecification\",\"valueRequired\":true,\"valueName\":\"search_term_string\"}}],\"inLanguage\":\"fr-FR\"}]}<\/script>\n<!-- \/ Yoast SEO plugin. -->","yoast_head_json":{"title":"Acheter ABYSS - GOZU ZONE - Jeux et Accessoires","robots":{"index":"index","follow":"follow","max-snippet":"max-snippet:-1","max-image-preview":"max-image-preview:large","max-video-preview":"max-video-preview:-1"},"canonical":"https:\/\/gozu.zone\/?product=abyss","og_locale":"fr_FR","og_type":"article","og_title":"Acheter ABYSS - GOZU ZONE - Jeux et Accessoires","og_description":"Le pouvoir d'Abyss est de nouveau vacant. Votre heure est venue de mettre la main sur le tr\u00f4ne et sur ses privil\u00e8ges.   \u00c2ge : 10\u00a0ans et +  Dur\u00e9e : 30 \u00e0 60 min  Joueurs : 2\u00a0\u00e0 4","og_url":"https:\/\/gozu.zone\/?product=abyss","og_site_name":"GOZU ZONE","article_publisher":"https:\/\/www.facebook.com\/gozuzone\/","article_modified_time":"2024-06-03T20:20:27+00:00","og_image":[{"width":1000,"height":1000,"url":"https:\/\/gozu.zone\/wp-content\/uploads\/2017\/09\/abyss-boite-base.png","type":"image\/png"}],"twitter_card":"summary_large_image","twitter_site":"@gozuzone","twitter_misc":{"Dur\u00e9e de lecture estim\u00e9e":"1 minute"},"schema":{"@context":"https:\/\/schema.org","@graph":[{"@type":"WebPage","@id":"https:\/\/gozu.zone\/?product=abyss","url":"https:\/\/gozu.zone\/?product=abyss","name":"Acheter ABYSS - GOZU ZONE - Jeux et Accessoires","isPartOf":{"@id":"https:\/\/gozu.zone\/#website"},"primaryImageOfPage":{"@id":"https:\/\/gozu.zone\/?product=abyss#primaryimage"},"image":{"@id":"https:\/\/gozu.zone\/?product=abyss#primaryimage"},"thumbnailUrl":"https:\/\/gozu.zone\/wp-content\/uploads\/2017\/09\/abyss-boite-base.png","datePublished":"2017-09-07T14:04:19+00:00","dateModified":"2024-06-03T20:20:27+00:00","breadcrumb":{"@id":"https:\/\/gozu.zone\/?product=abyss#breadcrumb"},"inLanguage":"fr-FR","potentialAction":[{"@type":"ReadAction","target":["https:\/\/gozu.zone\/?product=abyss"]}]},{"@type":"ImageObject","inLanguage":"fr-FR","@id":"https:\/\/gozu.zone\/?product=abyss#primaryimage","url":"https:\/\/gozu.zone\/wp-content\/uploads\/2017\/09\/abyss-boite-base.png","contentUrl":"https:\/\/gozu.zone\/wp-content\/uploads\/2017\/09\/abyss-boite-base.png","width":1000,"height":1000},{"@type":"BreadcrumbList","@id":"https:\/\/gozu.zone\/?product=abyss#breadcrumb","itemListElement":[{"@type":"ListItem","position":1,"name":"Accueil","item":"https:\/\/gozu.zone\/"},{"@type":"ListItem","position":2,"name":"BOUTIQUE","item":"https:\/\/gozu.zone\/?page_id=308"},{"@type":"ListItem","position":3,"name":"ABYSS"}]},{"@type":"WebSite","@id":"https:\/\/gozu.zone\/#website","url":"https:\/\/gozu.zone\/","name":"GOZU ZONE","description":"Toujours plus pour vos jeux","potentialAction":[{"@type":"SearchAction","target":{"@type":"EntryPoint","urlTemplate":"https:\/\/gozu.zone\/?s={search_term_string}"},"query-input":{"@type":"PropertyValueSpecification","valueRequired":true,"valueName":"search_term_string"}}],"inLanguage":"fr-FR"}]}},"_links":{"self":[{"href":"https:\/\/gozu.zone\/index.php?rest_route=\/wp\/v2\/product\/6056","targetHints":{"allow":["GET"]}}],"collection":[{"href":"https:\/\/gozu.zone\/index.php?rest_route=\/wp\/v2\/product"}],"about":[{"href":"https:\/\/gozu.zone\/index.php?rest_route=\/wp\/v2\/types\/product"}],"replies":[{"embeddable":true,"href":"https:\/\/gozu.zone\/index.php?rest_route=%2Fwp%2Fv2%2Fcomments&post=6056"}],"wp:featuredmedia":[{"embeddable":true,"href":"https:\/\/gozu.zone\/index.php?rest_route=\/wp\/v2\/media\/18796"}],"wp:attachment":[{"href":"https:\/\/gozu.zone\/index.php?rest_route=%2Fwp%2Fv2%2Fmedia&parent=6056"}],"wp:term":[{"taxonomy":"product_brand","embeddable":true,"href":"https:\/\/gozu.zone\/index.php?rest_route=%2Fwp%2Fv2%2Fproduct_brand&post=6056"},{"taxonomy":"product_cat","embeddable":true,"href":"https:\/\/gozu.zone\/index.php?rest_route=%2Fwp%2Fv2%2Fproduct_cat&post=6056"},{"taxonomy":"product_tag","embeddable":true,"href":"https:\/\/gozu.zone\/index.php?rest_route=%2Fwp%2Fv2%2Fproduct_tag&post=6056"}],"curies":[{"name":"wp","href":"https:\/\/api.w.org\/{rel}","templated":true}]}}