{"id":6064,"date":"2017-09-07T14:33:25","date_gmt":"2017-09-07T14:33:25","guid":{"rendered":"https:\/\/gozu.zone\/?post_type=product&#038;p=6064"},"modified":"2025-02-05T21:06:30","modified_gmt":"2025-02-05T21:06:30","slug":"abyss-kraken","status":"publish","type":"product","link":"https:\/\/gozu.zone\/?product=abyss-kraken","title":{"rendered":"ABYSS &#8211; Kraken"},"content":{"rendered":"<p>Le royaume d&rsquo;Abyss regorge de cr\u00e9atures fantastiques avides de pouvoir et d&rsquo;influence. Avec l&rsquo;arriv\u00e9e de l&rsquo;extension, les contrebandiers alli\u00e9s au Kraken, s&rsquo;activent&#8230; Au c\u0153ur d&rsquo;inqui\u00e9tants squelettes titanesques, un trafic de Nebulis se met en place. Ces perles noires peuvent acc\u00e9l\u00e9rer votre \u00e9volution politique ou r\u00e9duire vos efforts \u00e0 n\u00e9ant.<\/p>\n<p><i><strong>Abyss Kraken<\/strong> est une <strong>extension<\/strong> pour le jeu Abyss et ne peut pas \u00eatre jou\u00e9 ind\u00e9pendamment.<\/i><\/p>\n<h3>Contenu du jeu<\/h3>\n<ul>\n<li>1 livret de r\u00e8gles<\/li>\n<li>7 cartes Alli\u00e9<\/li>\n<li>18 cartes Seigneur<\/li>\n<li>3 pions Sentinelle<\/li>\n<li>6 tuiles Lieu<\/li>\n<li>25 cartes Butins<\/li>\n<li>25 perles noires (les Nebulis)<\/li>\n<li>1 figurine Kraken<\/li>\n<li>1 coupelle transparente.<\/li>\n<\/ul>\n","protected":false},"excerpt":{"rendered":"<p>Avec Kraken, entrez dans les profondeurs les plus sombres du royaume. Dans cette premi\u00e8re extension pour Abyss, les r\u00e8gles ne changent pas m\u00eame si de nouveaux \u00e9l\u00e9ments sont ajout\u00e9s.<\/p>\n<ul>\n<li><strong>\u00c2ge<\/strong> : 10\u00a0ans et +<\/li>\n<li><strong>Dur\u00e9e<\/strong> : 30 \u00e0 60 min<\/li>\n<li><strong>Joueurs<\/strong> : 2\u00a0\u00e0 4<\/li>\n<\/ul>\n","protected":false},"featured_media":18791,"comment_status":"open","ping_status":"closed","template":"","meta":{"_acf_changed":false},"product_brand":[],"product_cat":[758,327,323,494,361,333],"product_tag":[383,405,352,369],"class_list":{"0":"post-6064","1":"product","2":"type-product","3":"status-publish","4":"has-post-thumbnail","6":"product_cat-abyss","7":"product_cat-extensions","8":"product_cat-jeux","9":"product_cat-jeux-de-societe","10":"product_cat-familiaux","11":"product_cat-par-types","12":"product_tag-combinaison","13":"product_tag-developpement","14":"product_tag-fantastique","15":"product_tag-ocean","16":"product_shipping_class-livraisonstandard_colis","18":"first","19":"outofstock","20":"taxable","21":"shipping-taxable","22":"purchasable","23":"product-type-simple"},"acf":[],"yoast_head":"<!-- This site is optimized with the Yoast SEO plugin v25.3 - https:\/\/yoast.com\/wordpress\/plugins\/seo\/ -->\n<title>Acheter ABYSS - Kraken - GOZU ZONE - Jeux et Accessoires<\/title>\n<meta name=\"robots\" content=\"index, follow, max-snippet:-1, max-image-preview:large, max-video-preview:-1\" \/>\n<link rel=\"canonical\" href=\"https:\/\/gozu.zone\/?product=abyss-kraken\" \/>\n<meta property=\"og:locale\" content=\"fr_FR\" \/>\n<meta property=\"og:type\" content=\"article\" \/>\n<meta property=\"og:title\" content=\"Acheter ABYSS - Kraken - GOZU ZONE - Jeux et Accessoires\" \/>\n<meta property=\"og:description\" content=\"Avec Kraken, entrez dans les profondeurs les plus sombres du royaume. Dans cette premi\u00e8re extension pour Abyss, les r\u00e8gles ne changent pas m\u00eame si de nouveaux \u00e9l\u00e9ments sont ajout\u00e9s.   \u00c2ge : 10\u00a0ans et +  Dur\u00e9e : 30 \u00e0 60 min  Joueurs : 2\u00a0\u00e0 4\" \/>\n<meta property=\"og:url\" content=\"https:\/\/gozu.zone\/?product=abyss-kraken\" \/>\n<meta property=\"og:site_name\" content=\"GOZU ZONE\" \/>\n<meta property=\"article:publisher\" content=\"https:\/\/www.facebook.com\/gozuzone\/\" \/>\n<meta property=\"article:modified_time\" content=\"2025-02-05T21:06:30+00:00\" \/>\n<meta property=\"og:image\" content=\"https:\/\/gozu.zone\/wp-content\/uploads\/2017\/09\/abyss-kraken-extension.png\" \/>\n\t<meta property=\"og:image:width\" content=\"1000\" \/>\n\t<meta property=\"og:image:height\" content=\"1000\" \/>\n\t<meta property=\"og:image:type\" content=\"image\/png\" \/>\n<meta name=\"twitter:card\" content=\"summary_large_image\" \/>\n<meta name=\"twitter:site\" content=\"@gozuzone\" \/>\n<meta name=\"twitter:label1\" content=\"Dur\u00e9e de lecture estim\u00e9e\" \/>\n\t<meta name=\"twitter:data1\" content=\"1 minute\" \/>\n<script type=\"application\/ld+json\" class=\"yoast-schema-graph\">{\"@context\":\"https:\/\/schema.org\",\"@graph\":[{\"@type\":\"WebPage\",\"@id\":\"https:\/\/gozu.zone\/?product=abyss-kraken\",\"url\":\"https:\/\/gozu.zone\/?product=abyss-kraken\",\"name\":\"Acheter ABYSS - Kraken - GOZU ZONE - Jeux et Accessoires\",\"isPartOf\":{\"@id\":\"https:\/\/gozu.zone\/#website\"},\"primaryImageOfPage\":{\"@id\":\"https:\/\/gozu.zone\/?product=abyss-kraken#primaryimage\"},\"image\":{\"@id\":\"https:\/\/gozu.zone\/?product=abyss-kraken#primaryimage\"},\"thumbnailUrl\":\"https:\/\/gozu.zone\/wp-content\/uploads\/2017\/09\/abyss-kraken-extension.png\",\"datePublished\":\"2017-09-07T14:33:25+00:00\",\"dateModified\":\"2025-02-05T21:06:30+00:00\",\"breadcrumb\":{\"@id\":\"https:\/\/gozu.zone\/?product=abyss-kraken#breadcrumb\"},\"inLanguage\":\"fr-FR\",\"potentialAction\":[{\"@type\":\"ReadAction\",\"target\":[\"https:\/\/gozu.zone\/?product=abyss-kraken\"]}]},{\"@type\":\"ImageObject\",\"inLanguage\":\"fr-FR\",\"@id\":\"https:\/\/gozu.zone\/?product=abyss-kraken#primaryimage\",\"url\":\"https:\/\/gozu.zone\/wp-content\/uploads\/2017\/09\/abyss-kraken-extension.png\",\"contentUrl\":\"https:\/\/gozu.zone\/wp-content\/uploads\/2017\/09\/abyss-kraken-extension.png\",\"width\":1000,\"height\":1000,\"caption\":\"abyss-kraken-extension\"},{\"@type\":\"BreadcrumbList\",\"@id\":\"https:\/\/gozu.zone\/?product=abyss-kraken#breadcrumb\",\"itemListElement\":[{\"@type\":\"ListItem\",\"position\":1,\"name\":\"Accueil\",\"item\":\"https:\/\/gozu.zone\/\"},{\"@type\":\"ListItem\",\"position\":2,\"name\":\"BOUTIQUE\",\"item\":\"https:\/\/gozu.zone\/?page_id=308\"},{\"@type\":\"ListItem\",\"position\":3,\"name\":\"ABYSS &#8211; Kraken\"}]},{\"@type\":\"WebSite\",\"@id\":\"https:\/\/gozu.zone\/#website\",\"url\":\"https:\/\/gozu.zone\/\",\"name\":\"GOZU ZONE\",\"description\":\"Toujours plus pour vos jeux\",\"potentialAction\":[{\"@type\":\"SearchAction\",\"target\":{\"@type\":\"EntryPoint\",\"urlTemplate\":\"https:\/\/gozu.zone\/?s={search_term_string}\"},\"query-input\":{\"@type\":\"PropertyValueSpecification\",\"valueRequired\":true,\"valueName\":\"search_term_string\"}}],\"inLanguage\":\"fr-FR\"}]}<\/script>\n<!-- \/ Yoast SEO plugin. -->","yoast_head_json":{"title":"Acheter ABYSS - Kraken - GOZU ZONE - Jeux et Accessoires","robots":{"index":"index","follow":"follow","max-snippet":"max-snippet:-1","max-image-preview":"max-image-preview:large","max-video-preview":"max-video-preview:-1"},"canonical":"https:\/\/gozu.zone\/?product=abyss-kraken","og_locale":"fr_FR","og_type":"article","og_title":"Acheter ABYSS - Kraken - GOZU ZONE - Jeux et Accessoires","og_description":"Avec Kraken, entrez dans les profondeurs les plus sombres du royaume. Dans cette premi\u00e8re extension pour Abyss, les r\u00e8gles ne changent pas m\u00eame si de nouveaux \u00e9l\u00e9ments sont ajout\u00e9s.   \u00c2ge : 10\u00a0ans et +  Dur\u00e9e : 30 \u00e0 60 min  Joueurs : 2\u00a0\u00e0 4","og_url":"https:\/\/gozu.zone\/?product=abyss-kraken","og_site_name":"GOZU ZONE","article_publisher":"https:\/\/www.facebook.com\/gozuzone\/","article_modified_time":"2025-02-05T21:06:30+00:00","og_image":[{"width":1000,"height":1000,"url":"https:\/\/gozu.zone\/wp-content\/uploads\/2017\/09\/abyss-kraken-extension.png","type":"image\/png"}],"twitter_card":"summary_large_image","twitter_site":"@gozuzone","twitter_misc":{"Dur\u00e9e de lecture estim\u00e9e":"1 minute"},"schema":{"@context":"https:\/\/schema.org","@graph":[{"@type":"WebPage","@id":"https:\/\/gozu.zone\/?product=abyss-kraken","url":"https:\/\/gozu.zone\/?product=abyss-kraken","name":"Acheter ABYSS - Kraken - GOZU ZONE - Jeux et Accessoires","isPartOf":{"@id":"https:\/\/gozu.zone\/#website"},"primaryImageOfPage":{"@id":"https:\/\/gozu.zone\/?product=abyss-kraken#primaryimage"},"image":{"@id":"https:\/\/gozu.zone\/?product=abyss-kraken#primaryimage"},"thumbnailUrl":"https:\/\/gozu.zone\/wp-content\/uploads\/2017\/09\/abyss-kraken-extension.png","datePublished":"2017-09-07T14:33:25+00:00","dateModified":"2025-02-05T21:06:30+00:00","breadcrumb":{"@id":"https:\/\/gozu.zone\/?product=abyss-kraken#breadcrumb"},"inLanguage":"fr-FR","potentialAction":[{"@type":"ReadAction","target":["https:\/\/gozu.zone\/?product=abyss-kraken"]}]},{"@type":"ImageObject","inLanguage":"fr-FR","@id":"https:\/\/gozu.zone\/?product=abyss-kraken#primaryimage","url":"https:\/\/gozu.zone\/wp-content\/uploads\/2017\/09\/abyss-kraken-extension.png","contentUrl":"https:\/\/gozu.zone\/wp-content\/uploads\/2017\/09\/abyss-kraken-extension.png","width":1000,"height":1000,"caption":"abyss-kraken-extension"},{"@type":"BreadcrumbList","@id":"https:\/\/gozu.zone\/?product=abyss-kraken#breadcrumb","itemListElement":[{"@type":"ListItem","position":1,"name":"Accueil","item":"https:\/\/gozu.zone\/"},{"@type":"ListItem","position":2,"name":"BOUTIQUE","item":"https:\/\/gozu.zone\/?page_id=308"},{"@type":"ListItem","position":3,"name":"ABYSS &#8211; Kraken"}]},{"@type":"WebSite","@id":"https:\/\/gozu.zone\/#website","url":"https:\/\/gozu.zone\/","name":"GOZU ZONE","description":"Toujours plus pour vos jeux","potentialAction":[{"@type":"SearchAction","target":{"@type":"EntryPoint","urlTemplate":"https:\/\/gozu.zone\/?s={search_term_string}"},"query-input":{"@type":"PropertyValueSpecification","valueRequired":true,"valueName":"search_term_string"}}],"inLanguage":"fr-FR"}]}},"_links":{"self":[{"href":"https:\/\/gozu.zone\/index.php?rest_route=\/wp\/v2\/product\/6064","targetHints":{"allow":["GET"]}}],"collection":[{"href":"https:\/\/gozu.zone\/index.php?rest_route=\/wp\/v2\/product"}],"about":[{"href":"https:\/\/gozu.zone\/index.php?rest_route=\/wp\/v2\/types\/product"}],"replies":[{"embeddable":true,"href":"https:\/\/gozu.zone\/index.php?rest_route=%2Fwp%2Fv2%2Fcomments&post=6064"}],"wp:featuredmedia":[{"embeddable":true,"href":"https:\/\/gozu.zone\/index.php?rest_route=\/wp\/v2\/media\/18791"}],"wp:attachment":[{"href":"https:\/\/gozu.zone\/index.php?rest_route=%2Fwp%2Fv2%2Fmedia&parent=6064"}],"wp:term":[{"taxonomy":"product_brand","embeddable":true,"href":"https:\/\/gozu.zone\/index.php?rest_route=%2Fwp%2Fv2%2Fproduct_brand&post=6064"},{"taxonomy":"product_cat","embeddable":true,"href":"https:\/\/gozu.zone\/index.php?rest_route=%2Fwp%2Fv2%2Fproduct_cat&post=6064"},{"taxonomy":"product_tag","embeddable":true,"href":"https:\/\/gozu.zone\/index.php?rest_route=%2Fwp%2Fv2%2Fproduct_tag&post=6064"}],"curies":[{"name":"wp","href":"https:\/\/api.w.org\/{rel}","templated":true}]}}