{"id":6101,"date":"2017-09-09T20:57:52","date_gmt":"2017-09-09T20:57:52","guid":{"rendered":"https:\/\/gozu.zone\/?post_type=product&#038;p=6101"},"modified":"2018-10-15T00:46:01","modified_gmt":"2018-10-15T00:46:01","slug":"the-scroll","status":"publish","type":"product","link":"https:\/\/gozu.zone\/?product=the-scroll","title":{"rendered":"The Scroll"},"content":{"rendered":"<p><a href=\"http:\/\/pro.gozu.zone\/wp-content\/uploads\/2017\/09\/252381d3f627105494c7d6aa8415ed.jpg\"><img loading=\"lazy\" decoding=\"async\" class=\"aligncenter wp-image-6102 size-medium\" src=\"http:\/\/pro.gozu.zone\/wp-content\/uploads\/2017\/09\/252381d3f627105494c7d6aa8415ed-300x235.jpg\" alt=\"\" width=\"300\" height=\"235\" srcset=\"https:\/\/gozu.zone\/wp-content\/uploads\/2017\/09\/252381d3f627105494c7d6aa8415ed-300x235.jpg 300w, https:\/\/gozu.zone\/wp-content\/uploads\/2017\/09\/252381d3f627105494c7d6aa8415ed-510x400.jpg 510w, https:\/\/gozu.zone\/wp-content\/uploads\/2017\/09\/252381d3f627105494c7d6aa8415ed-570x447.jpg 570w, https:\/\/gozu.zone\/wp-content\/uploads\/2017\/09\/252381d3f627105494c7d6aa8415ed.jpg 640w\" sizes=\"auto, (max-width: 300px) 100vw, 300px\" \/><\/a><\/p>\n<p>Incarnez le H\u00e9ros d&rsquo;un puissants Clans des Terres Sacr\u00e9es et partez \u00e0 la recherche du Pouvoir Ultime ! L&rsquo;Art ancestral des Dieux Primordiaux coule dans vos veines et \u00eatre fid\u00e8le \u00e0 votre lign\u00e9e vous apportera une puissance d\u00e9mesur\u00e9e.<\/p>\n<p><strong><span style=\"color: #ea6511\">The Scroll\u00a0<\/span>est une qu\u00eate sous forme de Deckbuilding<\/strong>\u00a0(chaque d\u00e9but avec la m\u00eame main de cartes mais celle-ci s&rsquo;enrichie au cours de la partie selon les choix des joueurs). Am\u00e9liorez votre jeu pour atteindre l&rsquo;antre du Grand Sage en premier, mais attention car Armadiliyun, le Mage Sombre, pourrait vous barrer le chemin et s&#8217;emparer du Pouvoir Ultime.<\/p>\n<p>Soyez le premier \u00e0 r\u00e9unir 2 larmes de puissance, pi\u00e8ces ma\u00eetresses du rituel d\u2019incantation du Parchemin, pour devenir le Ma\u00eetre de toutes les Terres Sacr\u00e9es !<\/p>\n<h2>Aper\u00e7u du jeu The Scroll<\/h2>\n<p>&nbsp;<\/p>\n<p style=\"text-align: center\">\n","protected":false},"excerpt":{"rendered":"<p><strong><span style=\"color: #ea6511\">The Scroll\u00a0<\/span>est un jeu de cartes et de deckbuilding\u00a0<\/strong><\/p>\n<ul>\n<li><strong>\u00c2ge<\/strong> : 13\u00a0ans et +<\/li>\n<li><strong>Dur\u00e9e<\/strong> : 30 \u00e0 60 min<\/li>\n<li><strong>Joueurs<\/strong> : 2\u00a0\u00e0 4<\/li>\n<\/ul>\n","protected":false},"featured_media":6069,"comment_status":"open","ping_status":"closed","template":"","meta":{"_acf_changed":false},"product_brand":[],"product_cat":[560,323,494,333,324],"product_tag":[177,485,545],"class_list":{"0":"post-6101","1":"product","2":"type-product","3":"status-publish","4":"has-post-thumbnail","6":"product_cat-destockage","7":"product_cat-jeux","8":"product_cat-jeux-de-societe","9":"product_cat-par-types","10":"product_cat-experts","11":"product_tag-cartes","12":"product_tag-deckbuilding","13":"product_tag-heroic-fantasy","14":"product_shipping_class-livraisonstandard_colis","16":"first","17":"instock","18":"sale","19":"taxable","20":"shipping-taxable","21":"purchasable","22":"product-type-simple"},"acf":[],"yoast_head":"<!-- This site is optimized with the Yoast SEO plugin v25.3 - https:\/\/yoast.com\/wordpress\/plugins\/seo\/ -->\n<title>Acheter The Scroll - GOZU ZONE - Jeux et Accessoires<\/title>\n<meta name=\"robots\" content=\"index, follow, max-snippet:-1, max-image-preview:large, max-video-preview:-1\" \/>\n<link rel=\"canonical\" href=\"https:\/\/gozu.zone\/?product=the-scroll\" \/>\n<meta property=\"og:locale\" content=\"fr_FR\" \/>\n<meta property=\"og:type\" content=\"article\" \/>\n<meta property=\"og:title\" content=\"Acheter The Scroll - GOZU ZONE - Jeux et Accessoires\" \/>\n<meta property=\"og:description\" content=\"The Scroll\u00a0est un jeu de cartes et de deckbuilding\u00a0   \u00c2ge : 13\u00a0ans et +  Dur\u00e9e : 30 \u00e0 60 min  Joueurs : 2\u00a0\u00e0 4\" \/>\n<meta property=\"og:url\" content=\"https:\/\/gozu.zone\/?product=the-scroll\" \/>\n<meta property=\"og:site_name\" content=\"GOZU ZONE\" \/>\n<meta property=\"article:publisher\" content=\"https:\/\/www.facebook.com\/gozuzone\/\" \/>\n<meta property=\"article:modified_time\" content=\"2018-10-15T00:46:01+00:00\" \/>\n<meta property=\"og:image\" content=\"https:\/\/gozu.zone\/wp-content\/uploads\/2017\/09\/the-scroll.jpg\" \/>\n\t<meta property=\"og:image:width\" content=\"800\" \/>\n\t<meta property=\"og:image:height\" content=\"800\" \/>\n\t<meta property=\"og:image:type\" content=\"image\/jpeg\" \/>\n<meta name=\"twitter:card\" content=\"summary_large_image\" \/>\n<meta name=\"twitter:site\" content=\"@gozuzone\" \/>\n<meta name=\"twitter:label1\" content=\"Dur\u00e9e de lecture estim\u00e9e\" \/>\n\t<meta name=\"twitter:data1\" content=\"1 minute\" \/>\n<script type=\"application\/ld+json\" class=\"yoast-schema-graph\">{\"@context\":\"https:\/\/schema.org\",\"@graph\":[{\"@type\":\"WebPage\",\"@id\":\"https:\/\/gozu.zone\/?product=the-scroll\",\"url\":\"https:\/\/gozu.zone\/?product=the-scroll\",\"name\":\"Acheter The Scroll - GOZU ZONE - Jeux et Accessoires\",\"isPartOf\":{\"@id\":\"https:\/\/gozu.zone\/#website\"},\"primaryImageOfPage\":{\"@id\":\"https:\/\/gozu.zone\/?product=the-scroll#primaryimage\"},\"image\":{\"@id\":\"https:\/\/gozu.zone\/?product=the-scroll#primaryimage\"},\"thumbnailUrl\":\"https:\/\/gozu.zone\/wp-content\/uploads\/2017\/09\/the-scroll.jpg\",\"datePublished\":\"2017-09-09T20:57:52+00:00\",\"dateModified\":\"2018-10-15T00:46:01+00:00\",\"breadcrumb\":{\"@id\":\"https:\/\/gozu.zone\/?product=the-scroll#breadcrumb\"},\"inLanguage\":\"fr-FR\",\"potentialAction\":[{\"@type\":\"ReadAction\",\"target\":[\"https:\/\/gozu.zone\/?product=the-scroll\"]}]},{\"@type\":\"ImageObject\",\"inLanguage\":\"fr-FR\",\"@id\":\"https:\/\/gozu.zone\/?product=the-scroll#primaryimage\",\"url\":\"https:\/\/gozu.zone\/wp-content\/uploads\/2017\/09\/the-scroll.jpg\",\"contentUrl\":\"https:\/\/gozu.zone\/wp-content\/uploads\/2017\/09\/the-scroll.jpg\",\"width\":800,\"height\":800},{\"@type\":\"BreadcrumbList\",\"@id\":\"https:\/\/gozu.zone\/?product=the-scroll#breadcrumb\",\"itemListElement\":[{\"@type\":\"ListItem\",\"position\":1,\"name\":\"Accueil\",\"item\":\"https:\/\/gozu.zone\/\"},{\"@type\":\"ListItem\",\"position\":2,\"name\":\"BOUTIQUE\",\"item\":\"https:\/\/gozu.zone\/?page_id=308\"},{\"@type\":\"ListItem\",\"position\":3,\"name\":\"The Scroll\"}]},{\"@type\":\"WebSite\",\"@id\":\"https:\/\/gozu.zone\/#website\",\"url\":\"https:\/\/gozu.zone\/\",\"name\":\"GOZU ZONE\",\"description\":\"Toujours plus pour vos jeux\",\"potentialAction\":[{\"@type\":\"SearchAction\",\"target\":{\"@type\":\"EntryPoint\",\"urlTemplate\":\"https:\/\/gozu.zone\/?s={search_term_string}\"},\"query-input\":{\"@type\":\"PropertyValueSpecification\",\"valueRequired\":true,\"valueName\":\"search_term_string\"}}],\"inLanguage\":\"fr-FR\"}]}<\/script>\n<!-- \/ Yoast SEO plugin. -->","yoast_head_json":{"title":"Acheter The Scroll - GOZU ZONE - Jeux et Accessoires","robots":{"index":"index","follow":"follow","max-snippet":"max-snippet:-1","max-image-preview":"max-image-preview:large","max-video-preview":"max-video-preview:-1"},"canonical":"https:\/\/gozu.zone\/?product=the-scroll","og_locale":"fr_FR","og_type":"article","og_title":"Acheter The Scroll - GOZU ZONE - Jeux et Accessoires","og_description":"The Scroll\u00a0est un jeu de cartes et de deckbuilding\u00a0   \u00c2ge : 13\u00a0ans et +  Dur\u00e9e : 30 \u00e0 60 min  Joueurs : 2\u00a0\u00e0 4","og_url":"https:\/\/gozu.zone\/?product=the-scroll","og_site_name":"GOZU ZONE","article_publisher":"https:\/\/www.facebook.com\/gozuzone\/","article_modified_time":"2018-10-15T00:46:01+00:00","og_image":[{"width":800,"height":800,"url":"https:\/\/gozu.zone\/wp-content\/uploads\/2017\/09\/the-scroll.jpg","type":"image\/jpeg"}],"twitter_card":"summary_large_image","twitter_site":"@gozuzone","twitter_misc":{"Dur\u00e9e de lecture estim\u00e9e":"1 minute"},"schema":{"@context":"https:\/\/schema.org","@graph":[{"@type":"WebPage","@id":"https:\/\/gozu.zone\/?product=the-scroll","url":"https:\/\/gozu.zone\/?product=the-scroll","name":"Acheter The Scroll - GOZU ZONE - Jeux et Accessoires","isPartOf":{"@id":"https:\/\/gozu.zone\/#website"},"primaryImageOfPage":{"@id":"https:\/\/gozu.zone\/?product=the-scroll#primaryimage"},"image":{"@id":"https:\/\/gozu.zone\/?product=the-scroll#primaryimage"},"thumbnailUrl":"https:\/\/gozu.zone\/wp-content\/uploads\/2017\/09\/the-scroll.jpg","datePublished":"2017-09-09T20:57:52+00:00","dateModified":"2018-10-15T00:46:01+00:00","breadcrumb":{"@id":"https:\/\/gozu.zone\/?product=the-scroll#breadcrumb"},"inLanguage":"fr-FR","potentialAction":[{"@type":"ReadAction","target":["https:\/\/gozu.zone\/?product=the-scroll"]}]},{"@type":"ImageObject","inLanguage":"fr-FR","@id":"https:\/\/gozu.zone\/?product=the-scroll#primaryimage","url":"https:\/\/gozu.zone\/wp-content\/uploads\/2017\/09\/the-scroll.jpg","contentUrl":"https:\/\/gozu.zone\/wp-content\/uploads\/2017\/09\/the-scroll.jpg","width":800,"height":800},{"@type":"BreadcrumbList","@id":"https:\/\/gozu.zone\/?product=the-scroll#breadcrumb","itemListElement":[{"@type":"ListItem","position":1,"name":"Accueil","item":"https:\/\/gozu.zone\/"},{"@type":"ListItem","position":2,"name":"BOUTIQUE","item":"https:\/\/gozu.zone\/?page_id=308"},{"@type":"ListItem","position":3,"name":"The Scroll"}]},{"@type":"WebSite","@id":"https:\/\/gozu.zone\/#website","url":"https:\/\/gozu.zone\/","name":"GOZU ZONE","description":"Toujours plus pour vos jeux","potentialAction":[{"@type":"SearchAction","target":{"@type":"EntryPoint","urlTemplate":"https:\/\/gozu.zone\/?s={search_term_string}"},"query-input":{"@type":"PropertyValueSpecification","valueRequired":true,"valueName":"search_term_string"}}],"inLanguage":"fr-FR"}]}},"_links":{"self":[{"href":"https:\/\/gozu.zone\/index.php?rest_route=\/wp\/v2\/product\/6101","targetHints":{"allow":["GET"]}}],"collection":[{"href":"https:\/\/gozu.zone\/index.php?rest_route=\/wp\/v2\/product"}],"about":[{"href":"https:\/\/gozu.zone\/index.php?rest_route=\/wp\/v2\/types\/product"}],"replies":[{"embeddable":true,"href":"https:\/\/gozu.zone\/index.php?rest_route=%2Fwp%2Fv2%2Fcomments&post=6101"}],"wp:featuredmedia":[{"embeddable":true,"href":"https:\/\/gozu.zone\/index.php?rest_route=\/wp\/v2\/media\/6069"}],"wp:attachment":[{"href":"https:\/\/gozu.zone\/index.php?rest_route=%2Fwp%2Fv2%2Fmedia&parent=6101"}],"wp:term":[{"taxonomy":"product_brand","embeddable":true,"href":"https:\/\/gozu.zone\/index.php?rest_route=%2Fwp%2Fv2%2Fproduct_brand&post=6101"},{"taxonomy":"product_cat","embeddable":true,"href":"https:\/\/gozu.zone\/index.php?rest_route=%2Fwp%2Fv2%2Fproduct_cat&post=6101"},{"taxonomy":"product_tag","embeddable":true,"href":"https:\/\/gozu.zone\/index.php?rest_route=%2Fwp%2Fv2%2Fproduct_tag&post=6101"}],"curies":[{"name":"wp","href":"https:\/\/api.w.org\/{rel}","templated":true}]}}