{"id":6129,"date":"2017-09-17T14:56:08","date_gmt":"2017-09-17T14:56:08","guid":{"rendered":"https:\/\/gozu.zone\/?post_type=product&#038;p=6129"},"modified":"2024-05-14T18:30:34","modified_gmt":"2024-05-14T18:30:34","slug":"13-jours-crise-missiles-de-cuba","status":"publish","type":"product","link":"https:\/\/gozu.zone\/?product=13-jours-crise-missiles-de-cuba","title":{"rendered":"13 jours : la crise des missiles de Cuba"},"content":{"rendered":"<p>\u00ab\u00a0On \u00e9tait l\u00e0 \u00e0 se regarder en chiens de fa\u00efence et celui d\u2019en face a clign\u00e9 des yeux le premier.\u00a0\u00bbDean Rusk, Secr\u00e9taire d\u2019\u00c9tat am\u00e9ricain 13 Days recr\u00e9e toute la tension de cet \u00e9pisode historique haletant. Dans ce duel, il faudra peser chacun de vos choix minutieusement pour prendre l\u2019ascendant sans risquer de d\u00e9clencher la guerre nucl\u00e9aire\u00a0!<\/p>\n<h2>R\u00e8gles du jeu\u00a0&#8211; 13 jours : la crise des missiles de Cuba<\/h2>\n<p>&nbsp;<\/p>\n<p style=\"text-align: center;\"><iframe loading=\"lazy\" src=\"https:\/\/player.trictrac.tv\/embed\/13_Jours_de_l_explication?autoplay=0\" width=\"640\" height=\"360\" frameborder=\"0\" allowfullscreen=\"allowfullscreen\"><\/iframe><\/p>\n<p>&nbsp;<\/p>\n<div class=\"disclaimer material\">\n<h3>Contenu du jeu<a href=\"http:\/\/pro.gozu.zone\/wp-content\/uploads\/2017\/09\/13-jours-exclusivite-1.jpg\"><img loading=\"lazy\" decoding=\"async\" class=\" wp-image-6130 alignright\" src=\"http:\/\/pro.gozu.zone\/wp-content\/uploads\/2017\/09\/13-jours-exclusivite-1-300x300.jpg\" alt=\"\" width=\"268\" height=\"268\" srcset=\"https:\/\/gozu.zone\/wp-content\/uploads\/2017\/09\/13-jours-exclusivite-1-300x300.jpg 300w, https:\/\/gozu.zone\/wp-content\/uploads\/2017\/09\/13-jours-exclusivite-1-247x247.jpg 247w, https:\/\/gozu.zone\/wp-content\/uploads\/2017\/09\/13-jours-exclusivite-1-100x100.jpg 100w, https:\/\/gozu.zone\/wp-content\/uploads\/2017\/09\/13-jours-exclusivite-1-510x510.jpg 510w, https:\/\/gozu.zone\/wp-content\/uploads\/2017\/09\/13-jours-exclusivite-1-150x150.jpg 150w, https:\/\/gozu.zone\/wp-content\/uploads\/2017\/09\/13-jours-exclusivite-1-768x768.jpg 768w, https:\/\/gozu.zone\/wp-content\/uploads\/2017\/09\/13-jours-exclusivite-1-350x350.jpg 350w, https:\/\/gozu.zone\/wp-content\/uploads\/2017\/09\/13-jours-exclusivite-1-570x570.jpg 570w, https:\/\/gozu.zone\/wp-content\/uploads\/2017\/09\/13-jours-exclusivite-1-60x60.jpg 60w, https:\/\/gozu.zone\/wp-content\/uploads\/2017\/09\/13-jours-exclusivite-1.jpg 1000w\" sizes=\"auto, (max-width: 268px) 100vw, 268px\" \/><\/a><\/h3>\n<ul>\n<li>1 plateau de jeu<\/li>\n<li>39 cartes Strat\u00e9gie<\/li>\n<li>1 carte Lettre personnelle<\/li>\n<li>13 cartes Priorit\u00e9<\/li>\n<li>34 cubes Influence (17 rouges,\u00a017 bleus)<\/li>\n<li>6 marqueurs DEFCON (3 rouges,\u00a03 bleus)<\/li>\n<li>6 pions Drapeau (3 US,\u00a03 URSS)<\/li>\n<li>1 marqueur Prestige<\/li>\n<li>1 marqueur Tour de jeu<\/li>\n<\/ul>\n<\/div>\n","protected":false},"excerpt":{"rendered":"<p>13 Jours est un jeu de cartes sur la crise des missiles \u00e0 Cuba en 1962<\/p>\n<p>Offre promo : Recevez 13 minutes en cadeau<\/p>\n<ul>\n<li><strong>\u00c2ge<\/strong> : 14\u00a0ans et +<\/li>\n<li><strong>Dur\u00e9e<\/strong> : 45min<\/li>\n<li><strong>Joueurs<\/strong> : 2<\/li>\n<\/ul>\n","protected":false},"featured_media":6132,"comment_status":"open","ping_status":"closed","template":"","meta":{"_acf_changed":false},"product_brand":[],"product_cat":[323,494,333,401],"product_tag":[177,383,430],"class_list":{"0":"post-6129","1":"product","2":"type-product","3":"status-publish","4":"has-post-thumbnail","6":"product_cat-jeux","7":"product_cat-jeux-de-societe","8":"product_cat-par-types","9":"product_cat-jeux-a-2","10":"product_tag-cartes","11":"product_tag-combinaison","12":"product_tag-histoire","13":"product_shipping_class-livraisonstandard_colis","15":"first","16":"instock","17":"sale","18":"taxable","19":"shipping-taxable","20":"purchasable","21":"product-type-simple"},"acf":[],"yoast_head":"<!-- This site is optimized with the Yoast SEO plugin v25.3 - https:\/\/yoast.com\/wordpress\/plugins\/seo\/ -->\n<title>Acheter 13 jours : la crise des missiles de Cuba - GOZU ZONE - Jeux et Accessoires<\/title>\n<meta name=\"robots\" content=\"index, follow, max-snippet:-1, max-image-preview:large, max-video-preview:-1\" \/>\n<link rel=\"canonical\" href=\"https:\/\/gozu.zone\/?product=13-jours-crise-missiles-de-cuba\" \/>\n<meta property=\"og:locale\" content=\"fr_FR\" \/>\n<meta property=\"og:type\" content=\"article\" \/>\n<meta property=\"og:title\" content=\"Acheter 13 jours : la crise des missiles de Cuba - GOZU ZONE - Jeux et Accessoires\" \/>\n<meta property=\"og:description\" content=\"13 Jours est un jeu de cartes sur la crise des missiles \u00e0 Cuba en 1962  Offre promo : Recevez 13 minutes en cadeau   \u00c2ge : 14\u00a0ans et +  Dur\u00e9e : 45min  Joueurs : 2\" \/>\n<meta property=\"og:url\" content=\"https:\/\/gozu.zone\/?product=13-jours-crise-missiles-de-cuba\" \/>\n<meta property=\"og:site_name\" content=\"GOZU ZONE\" \/>\n<meta property=\"article:publisher\" content=\"https:\/\/www.facebook.com\/gozuzone\/\" \/>\n<meta property=\"article:modified_time\" content=\"2024-05-14T18:30:34+00:00\" \/>\n<meta property=\"og:image\" content=\"https:\/\/gozu.zone\/wp-content\/uploads\/2017\/09\/13-jours.jpg\" \/>\n\t<meta property=\"og:image:width\" content=\"1000\" \/>\n\t<meta property=\"og:image:height\" content=\"1000\" \/>\n\t<meta property=\"og:image:type\" content=\"image\/jpeg\" \/>\n<meta name=\"twitter:card\" content=\"summary_large_image\" \/>\n<meta name=\"twitter:site\" content=\"@gozuzone\" \/>\n<meta name=\"twitter:label1\" content=\"Dur\u00e9e de lecture estim\u00e9e\" \/>\n\t<meta name=\"twitter:data1\" content=\"1 minute\" \/>\n<script type=\"application\/ld+json\" class=\"yoast-schema-graph\">{\"@context\":\"https:\/\/schema.org\",\"@graph\":[{\"@type\":\"WebPage\",\"@id\":\"https:\/\/gozu.zone\/?product=13-jours-crise-missiles-de-cuba\",\"url\":\"https:\/\/gozu.zone\/?product=13-jours-crise-missiles-de-cuba\",\"name\":\"Acheter 13 jours : la crise des missiles de Cuba - GOZU ZONE - Jeux et Accessoires\",\"isPartOf\":{\"@id\":\"https:\/\/gozu.zone\/#website\"},\"primaryImageOfPage\":{\"@id\":\"https:\/\/gozu.zone\/?product=13-jours-crise-missiles-de-cuba#primaryimage\"},\"image\":{\"@id\":\"https:\/\/gozu.zone\/?product=13-jours-crise-missiles-de-cuba#primaryimage\"},\"thumbnailUrl\":\"https:\/\/gozu.zone\/wp-content\/uploads\/2017\/09\/13-jours.jpg\",\"datePublished\":\"2017-09-17T14:56:08+00:00\",\"dateModified\":\"2024-05-14T18:30:34+00:00\",\"breadcrumb\":{\"@id\":\"https:\/\/gozu.zone\/?product=13-jours-crise-missiles-de-cuba#breadcrumb\"},\"inLanguage\":\"fr-FR\",\"potentialAction\":[{\"@type\":\"ReadAction\",\"target\":[\"https:\/\/gozu.zone\/?product=13-jours-crise-missiles-de-cuba\"]}]},{\"@type\":\"ImageObject\",\"inLanguage\":\"fr-FR\",\"@id\":\"https:\/\/gozu.zone\/?product=13-jours-crise-missiles-de-cuba#primaryimage\",\"url\":\"https:\/\/gozu.zone\/wp-content\/uploads\/2017\/09\/13-jours.jpg\",\"contentUrl\":\"https:\/\/gozu.zone\/wp-content\/uploads\/2017\/09\/13-jours.jpg\",\"width\":1000,\"height\":1000,\"caption\":\"13-jours\"},{\"@type\":\"BreadcrumbList\",\"@id\":\"https:\/\/gozu.zone\/?product=13-jours-crise-missiles-de-cuba#breadcrumb\",\"itemListElement\":[{\"@type\":\"ListItem\",\"position\":1,\"name\":\"Accueil\",\"item\":\"https:\/\/gozu.zone\/\"},{\"@type\":\"ListItem\",\"position\":2,\"name\":\"BOUTIQUE\",\"item\":\"https:\/\/gozu.zone\/?page_id=308\"},{\"@type\":\"ListItem\",\"position\":3,\"name\":\"13 jours : la crise des missiles de Cuba\"}]},{\"@type\":\"WebSite\",\"@id\":\"https:\/\/gozu.zone\/#website\",\"url\":\"https:\/\/gozu.zone\/\",\"name\":\"GOZU ZONE\",\"description\":\"Toujours plus pour vos jeux\",\"potentialAction\":[{\"@type\":\"SearchAction\",\"target\":{\"@type\":\"EntryPoint\",\"urlTemplate\":\"https:\/\/gozu.zone\/?s={search_term_string}\"},\"query-input\":{\"@type\":\"PropertyValueSpecification\",\"valueRequired\":true,\"valueName\":\"search_term_string\"}}],\"inLanguage\":\"fr-FR\"}]}<\/script>\n<!-- \/ Yoast SEO plugin. -->","yoast_head_json":{"title":"Acheter 13 jours : la crise des missiles de Cuba - GOZU ZONE - Jeux et Accessoires","robots":{"index":"index","follow":"follow","max-snippet":"max-snippet:-1","max-image-preview":"max-image-preview:large","max-video-preview":"max-video-preview:-1"},"canonical":"https:\/\/gozu.zone\/?product=13-jours-crise-missiles-de-cuba","og_locale":"fr_FR","og_type":"article","og_title":"Acheter 13 jours : la crise des missiles de Cuba - GOZU ZONE - Jeux et Accessoires","og_description":"13 Jours est un jeu de cartes sur la crise des missiles \u00e0 Cuba en 1962  Offre promo : Recevez 13 minutes en cadeau   \u00c2ge : 14\u00a0ans et +  Dur\u00e9e : 45min  Joueurs : 2","og_url":"https:\/\/gozu.zone\/?product=13-jours-crise-missiles-de-cuba","og_site_name":"GOZU ZONE","article_publisher":"https:\/\/www.facebook.com\/gozuzone\/","article_modified_time":"2024-05-14T18:30:34+00:00","og_image":[{"width":1000,"height":1000,"url":"https:\/\/gozu.zone\/wp-content\/uploads\/2017\/09\/13-jours.jpg","type":"image\/jpeg"}],"twitter_card":"summary_large_image","twitter_site":"@gozuzone","twitter_misc":{"Dur\u00e9e de lecture estim\u00e9e":"1 minute"},"schema":{"@context":"https:\/\/schema.org","@graph":[{"@type":"WebPage","@id":"https:\/\/gozu.zone\/?product=13-jours-crise-missiles-de-cuba","url":"https:\/\/gozu.zone\/?product=13-jours-crise-missiles-de-cuba","name":"Acheter 13 jours : la crise des missiles de Cuba - GOZU ZONE - Jeux et Accessoires","isPartOf":{"@id":"https:\/\/gozu.zone\/#website"},"primaryImageOfPage":{"@id":"https:\/\/gozu.zone\/?product=13-jours-crise-missiles-de-cuba#primaryimage"},"image":{"@id":"https:\/\/gozu.zone\/?product=13-jours-crise-missiles-de-cuba#primaryimage"},"thumbnailUrl":"https:\/\/gozu.zone\/wp-content\/uploads\/2017\/09\/13-jours.jpg","datePublished":"2017-09-17T14:56:08+00:00","dateModified":"2024-05-14T18:30:34+00:00","breadcrumb":{"@id":"https:\/\/gozu.zone\/?product=13-jours-crise-missiles-de-cuba#breadcrumb"},"inLanguage":"fr-FR","potentialAction":[{"@type":"ReadAction","target":["https:\/\/gozu.zone\/?product=13-jours-crise-missiles-de-cuba"]}]},{"@type":"ImageObject","inLanguage":"fr-FR","@id":"https:\/\/gozu.zone\/?product=13-jours-crise-missiles-de-cuba#primaryimage","url":"https:\/\/gozu.zone\/wp-content\/uploads\/2017\/09\/13-jours.jpg","contentUrl":"https:\/\/gozu.zone\/wp-content\/uploads\/2017\/09\/13-jours.jpg","width":1000,"height":1000,"caption":"13-jours"},{"@type":"BreadcrumbList","@id":"https:\/\/gozu.zone\/?product=13-jours-crise-missiles-de-cuba#breadcrumb","itemListElement":[{"@type":"ListItem","position":1,"name":"Accueil","item":"https:\/\/gozu.zone\/"},{"@type":"ListItem","position":2,"name":"BOUTIQUE","item":"https:\/\/gozu.zone\/?page_id=308"},{"@type":"ListItem","position":3,"name":"13 jours : la crise des missiles de Cuba"}]},{"@type":"WebSite","@id":"https:\/\/gozu.zone\/#website","url":"https:\/\/gozu.zone\/","name":"GOZU ZONE","description":"Toujours plus pour vos jeux","potentialAction":[{"@type":"SearchAction","target":{"@type":"EntryPoint","urlTemplate":"https:\/\/gozu.zone\/?s={search_term_string}"},"query-input":{"@type":"PropertyValueSpecification","valueRequired":true,"valueName":"search_term_string"}}],"inLanguage":"fr-FR"}]}},"_links":{"self":[{"href":"https:\/\/gozu.zone\/index.php?rest_route=\/wp\/v2\/product\/6129","targetHints":{"allow":["GET"]}}],"collection":[{"href":"https:\/\/gozu.zone\/index.php?rest_route=\/wp\/v2\/product"}],"about":[{"href":"https:\/\/gozu.zone\/index.php?rest_route=\/wp\/v2\/types\/product"}],"replies":[{"embeddable":true,"href":"https:\/\/gozu.zone\/index.php?rest_route=%2Fwp%2Fv2%2Fcomments&post=6129"}],"wp:featuredmedia":[{"embeddable":true,"href":"https:\/\/gozu.zone\/index.php?rest_route=\/wp\/v2\/media\/6132"}],"wp:attachment":[{"href":"https:\/\/gozu.zone\/index.php?rest_route=%2Fwp%2Fv2%2Fmedia&parent=6129"}],"wp:term":[{"taxonomy":"product_brand","embeddable":true,"href":"https:\/\/gozu.zone\/index.php?rest_route=%2Fwp%2Fv2%2Fproduct_brand&post=6129"},{"taxonomy":"product_cat","embeddable":true,"href":"https:\/\/gozu.zone\/index.php?rest_route=%2Fwp%2Fv2%2Fproduct_cat&post=6129"},{"taxonomy":"product_tag","embeddable":true,"href":"https:\/\/gozu.zone\/index.php?rest_route=%2Fwp%2Fv2%2Fproduct_tag&post=6129"}],"curies":[{"name":"wp","href":"https:\/\/api.w.org\/{rel}","templated":true}]}}