{"id":6291,"date":"2017-10-11T16:02:13","date_gmt":"2017-10-11T16:02:13","guid":{"rendered":"https:\/\/gozu.zone\/?post_type=product&#038;p=6291"},"modified":"2018-08-18T18:16:22","modified_gmt":"2018-08-18T18:16:22","slug":"settlers-naissance-dun-empire","status":"publish","type":"product","link":"https:\/\/gozu.zone\/?product=settlers-naissance-dun-empire","title":{"rendered":"Settlers : Naissance d&rsquo;un Empire"},"content":{"rendered":"<p>Quatre puissances d\u00e9couvrent de nouvelles terres riches en ressources et opportunit\u00e9s. Les Romains, les Barbares, les \u00c9gyptiens et les Japonais \u2013 tous ont charg\u00e9 des colons de repousser les fronti\u00e8res de leur empire. Mais la r\u00e9gion ne sera bient\u00f4t plus assez grande pour accueillir tout le monde, et la guerre \u00e9clatera in\u00e9vitablement !<\/p>\n<div>\n<p><strong>Settlers : Naissance d\u2019un Empire<\/strong>\u00a0est un jeu de cartes dans lequel chaque joueur prend le contr\u00f4le d\u2019une de ces quatre puissantes civilisations. Vous avez cinq rounds pour explorer de nouvelles terres, construire des b\u00e2timents, produire et \u00e9changer des ressources, vaincre vos ennemis, et ainsi marquer des points de victoire.<\/p>\n<p>Les colons sont en route. Conduisez-les \u00e0 la victoire !<\/p>\n<\/div>\n<p>&nbsp;<\/p>\n<div class=\"disclaimer material\">\n<h3>Contenu du jeu<\/h3>\n<ul>\n<li>1 livret de r\u00e8gles<\/li>\n<li>220 cartes (30 cartes Barbare, 30 cartes Japonais, 30 cartes Romain, 30 cartes \u00c9gyptien, 84 cartes communes, 16 cartes d\u2019attaque)<\/li>\n<li>4 plateaux de faction<\/li>\n<li>1 plateau de scores<\/li>\n<li>4 marqueurs de faction<\/li>\n<li>1 marqueur de round<\/li>\n<li>1 marqueur Premier joueur<\/li>\n<li>24 pions or<\/li>\n<li>18 pions raser<\/li>\n<li>10 pions d\u00e9fense<\/li>\n<li>6 pions multiplicateurs<\/li>\n<li>4 pions sp\u00e9ciaux \u00c9gyptien<\/li>\n<li>plus de 100 marqueurs en bois (repr\u00e9sentant la nourriture, la pierre, le bois et les ouvriers).<\/li>\n<\/ul>\n<\/div>\n","protected":false},"excerpt":{"rendered":"<ul>\n<li><strong>\u00c2ge<\/strong> : 10\u00a0ans et +<\/li>\n<li><strong>Dur\u00e9e<\/strong> : 1 \u00e0 2h<\/li>\n<li><strong>Joueurs<\/strong> : 1\u00a0\u00e0 4<\/li>\n<\/ul>\n","protected":false},"featured_media":6307,"comment_status":"open","ping_status":"closed","template":"","meta":{"_acf_changed":false},"product_brand":[],"product_cat":[323,494,361,333],"product_tag":[334,383,569,516,413],"class_list":{"0":"post-6291","1":"product","2":"type-product","3":"status-publish","4":"has-post-thumbnail","6":"product_cat-jeux","7":"product_cat-jeux-de-societe","8":"product_cat-familiaux","9":"product_cat-par-types","10":"product_tag-antiquite","11":"product_tag-combinaison","12":"product_tag-construction","13":"product_tag-draft","14":"product_tag-pouvoirs","15":"product_shipping_class-livraisonstandard_colis","17":"first","18":"instock","19":"sale","20":"taxable","21":"shipping-taxable","22":"purchasable","23":"product-type-simple"},"acf":[],"yoast_head":"<!-- This site is optimized with the Yoast SEO plugin v25.3 - https:\/\/yoast.com\/wordpress\/plugins\/seo\/ -->\n<title>Acheter Settlers : Naissance d&#039;un Empire - GOZU ZONE - Jeux et Accessoires<\/title>\n<meta name=\"robots\" content=\"index, follow, max-snippet:-1, max-image-preview:large, max-video-preview:-1\" \/>\n<link rel=\"canonical\" href=\"https:\/\/gozu.zone\/?product=settlers-naissance-dun-empire\" \/>\n<meta property=\"og:locale\" content=\"fr_FR\" \/>\n<meta property=\"og:type\" content=\"article\" \/>\n<meta property=\"og:title\" content=\"Acheter Settlers : Naissance d&#039;un Empire - GOZU ZONE - Jeux et Accessoires\" \/>\n<meta property=\"og:description\" content=\"\u00c2ge : 10\u00a0ans et +  Dur\u00e9e : 1 \u00e0 2h  Joueurs : 1\u00a0\u00e0 4\" \/>\n<meta property=\"og:url\" content=\"https:\/\/gozu.zone\/?product=settlers-naissance-dun-empire\" \/>\n<meta property=\"og:site_name\" content=\"GOZU ZONE\" \/>\n<meta property=\"article:publisher\" content=\"https:\/\/www.facebook.com\/gozuzone\/\" \/>\n<meta property=\"article:modified_time\" content=\"2018-08-18T18:16:22+00:00\" \/>\n<meta property=\"og:image\" content=\"https:\/\/gozu.zone\/wp-content\/uploads\/2017\/10\/The-Settlers.png\" \/>\n\t<meta property=\"og:image:width\" content=\"480\" \/>\n\t<meta property=\"og:image:height\" content=\"480\" \/>\n\t<meta property=\"og:image:type\" content=\"image\/png\" \/>\n<meta name=\"twitter:card\" content=\"summary_large_image\" \/>\n<meta name=\"twitter:site\" content=\"@gozuzone\" \/>\n<meta name=\"twitter:label1\" content=\"Dur\u00e9e de lecture estim\u00e9e\" \/>\n\t<meta name=\"twitter:data1\" content=\"1 minute\" \/>\n<script type=\"application\/ld+json\" class=\"yoast-schema-graph\">{\"@context\":\"https:\/\/schema.org\",\"@graph\":[{\"@type\":\"WebPage\",\"@id\":\"https:\/\/gozu.zone\/?product=settlers-naissance-dun-empire\",\"url\":\"https:\/\/gozu.zone\/?product=settlers-naissance-dun-empire\",\"name\":\"Acheter Settlers : Naissance d'un Empire - GOZU ZONE - Jeux et Accessoires\",\"isPartOf\":{\"@id\":\"https:\/\/gozu.zone\/#website\"},\"primaryImageOfPage\":{\"@id\":\"https:\/\/gozu.zone\/?product=settlers-naissance-dun-empire#primaryimage\"},\"image\":{\"@id\":\"https:\/\/gozu.zone\/?product=settlers-naissance-dun-empire#primaryimage\"},\"thumbnailUrl\":\"https:\/\/gozu.zone\/wp-content\/uploads\/2017\/10\/The-Settlers.png\",\"datePublished\":\"2017-10-11T16:02:13+00:00\",\"dateModified\":\"2018-08-18T18:16:22+00:00\",\"breadcrumb\":{\"@id\":\"https:\/\/gozu.zone\/?product=settlers-naissance-dun-empire#breadcrumb\"},\"inLanguage\":\"fr-FR\",\"potentialAction\":[{\"@type\":\"ReadAction\",\"target\":[\"https:\/\/gozu.zone\/?product=settlers-naissance-dun-empire\"]}]},{\"@type\":\"ImageObject\",\"inLanguage\":\"fr-FR\",\"@id\":\"https:\/\/gozu.zone\/?product=settlers-naissance-dun-empire#primaryimage\",\"url\":\"https:\/\/gozu.zone\/wp-content\/uploads\/2017\/10\/The-Settlers.png\",\"contentUrl\":\"https:\/\/gozu.zone\/wp-content\/uploads\/2017\/10\/The-Settlers.png\",\"width\":480,\"height\":480,\"caption\":\"The Settlers\"},{\"@type\":\"BreadcrumbList\",\"@id\":\"https:\/\/gozu.zone\/?product=settlers-naissance-dun-empire#breadcrumb\",\"itemListElement\":[{\"@type\":\"ListItem\",\"position\":1,\"name\":\"Accueil\",\"item\":\"https:\/\/gozu.zone\/\"},{\"@type\":\"ListItem\",\"position\":2,\"name\":\"BOUTIQUE\",\"item\":\"https:\/\/gozu.zone\/?page_id=308\"},{\"@type\":\"ListItem\",\"position\":3,\"name\":\"Settlers : Naissance d&rsquo;un Empire\"}]},{\"@type\":\"WebSite\",\"@id\":\"https:\/\/gozu.zone\/#website\",\"url\":\"https:\/\/gozu.zone\/\",\"name\":\"GOZU ZONE\",\"description\":\"Toujours plus pour vos jeux\",\"potentialAction\":[{\"@type\":\"SearchAction\",\"target\":{\"@type\":\"EntryPoint\",\"urlTemplate\":\"https:\/\/gozu.zone\/?s={search_term_string}\"},\"query-input\":{\"@type\":\"PropertyValueSpecification\",\"valueRequired\":true,\"valueName\":\"search_term_string\"}}],\"inLanguage\":\"fr-FR\"}]}<\/script>\n<!-- \/ Yoast SEO plugin. -->","yoast_head_json":{"title":"Acheter Settlers : Naissance d'un Empire - GOZU ZONE - Jeux et Accessoires","robots":{"index":"index","follow":"follow","max-snippet":"max-snippet:-1","max-image-preview":"max-image-preview:large","max-video-preview":"max-video-preview:-1"},"canonical":"https:\/\/gozu.zone\/?product=settlers-naissance-dun-empire","og_locale":"fr_FR","og_type":"article","og_title":"Acheter Settlers : Naissance d'un Empire - GOZU ZONE - Jeux et Accessoires","og_description":"\u00c2ge : 10\u00a0ans et +  Dur\u00e9e : 1 \u00e0 2h  Joueurs : 1\u00a0\u00e0 4","og_url":"https:\/\/gozu.zone\/?product=settlers-naissance-dun-empire","og_site_name":"GOZU ZONE","article_publisher":"https:\/\/www.facebook.com\/gozuzone\/","article_modified_time":"2018-08-18T18:16:22+00:00","og_image":[{"width":480,"height":480,"url":"https:\/\/gozu.zone\/wp-content\/uploads\/2017\/10\/The-Settlers.png","type":"image\/png"}],"twitter_card":"summary_large_image","twitter_site":"@gozuzone","twitter_misc":{"Dur\u00e9e de lecture estim\u00e9e":"1 minute"},"schema":{"@context":"https:\/\/schema.org","@graph":[{"@type":"WebPage","@id":"https:\/\/gozu.zone\/?product=settlers-naissance-dun-empire","url":"https:\/\/gozu.zone\/?product=settlers-naissance-dun-empire","name":"Acheter Settlers : Naissance d'un Empire - GOZU ZONE - Jeux et Accessoires","isPartOf":{"@id":"https:\/\/gozu.zone\/#website"},"primaryImageOfPage":{"@id":"https:\/\/gozu.zone\/?product=settlers-naissance-dun-empire#primaryimage"},"image":{"@id":"https:\/\/gozu.zone\/?product=settlers-naissance-dun-empire#primaryimage"},"thumbnailUrl":"https:\/\/gozu.zone\/wp-content\/uploads\/2017\/10\/The-Settlers.png","datePublished":"2017-10-11T16:02:13+00:00","dateModified":"2018-08-18T18:16:22+00:00","breadcrumb":{"@id":"https:\/\/gozu.zone\/?product=settlers-naissance-dun-empire#breadcrumb"},"inLanguage":"fr-FR","potentialAction":[{"@type":"ReadAction","target":["https:\/\/gozu.zone\/?product=settlers-naissance-dun-empire"]}]},{"@type":"ImageObject","inLanguage":"fr-FR","@id":"https:\/\/gozu.zone\/?product=settlers-naissance-dun-empire#primaryimage","url":"https:\/\/gozu.zone\/wp-content\/uploads\/2017\/10\/The-Settlers.png","contentUrl":"https:\/\/gozu.zone\/wp-content\/uploads\/2017\/10\/The-Settlers.png","width":480,"height":480,"caption":"The Settlers"},{"@type":"BreadcrumbList","@id":"https:\/\/gozu.zone\/?product=settlers-naissance-dun-empire#breadcrumb","itemListElement":[{"@type":"ListItem","position":1,"name":"Accueil","item":"https:\/\/gozu.zone\/"},{"@type":"ListItem","position":2,"name":"BOUTIQUE","item":"https:\/\/gozu.zone\/?page_id=308"},{"@type":"ListItem","position":3,"name":"Settlers : Naissance d&rsquo;un Empire"}]},{"@type":"WebSite","@id":"https:\/\/gozu.zone\/#website","url":"https:\/\/gozu.zone\/","name":"GOZU ZONE","description":"Toujours plus pour vos jeux","potentialAction":[{"@type":"SearchAction","target":{"@type":"EntryPoint","urlTemplate":"https:\/\/gozu.zone\/?s={search_term_string}"},"query-input":{"@type":"PropertyValueSpecification","valueRequired":true,"valueName":"search_term_string"}}],"inLanguage":"fr-FR"}]}},"_links":{"self":[{"href":"https:\/\/gozu.zone\/index.php?rest_route=\/wp\/v2\/product\/6291","targetHints":{"allow":["GET"]}}],"collection":[{"href":"https:\/\/gozu.zone\/index.php?rest_route=\/wp\/v2\/product"}],"about":[{"href":"https:\/\/gozu.zone\/index.php?rest_route=\/wp\/v2\/types\/product"}],"replies":[{"embeddable":true,"href":"https:\/\/gozu.zone\/index.php?rest_route=%2Fwp%2Fv2%2Fcomments&post=6291"}],"wp:featuredmedia":[{"embeddable":true,"href":"https:\/\/gozu.zone\/index.php?rest_route=\/wp\/v2\/media\/6307"}],"wp:attachment":[{"href":"https:\/\/gozu.zone\/index.php?rest_route=%2Fwp%2Fv2%2Fmedia&parent=6291"}],"wp:term":[{"taxonomy":"product_brand","embeddable":true,"href":"https:\/\/gozu.zone\/index.php?rest_route=%2Fwp%2Fv2%2Fproduct_brand&post=6291"},{"taxonomy":"product_cat","embeddable":true,"href":"https:\/\/gozu.zone\/index.php?rest_route=%2Fwp%2Fv2%2Fproduct_cat&post=6291"},{"taxonomy":"product_tag","embeddable":true,"href":"https:\/\/gozu.zone\/index.php?rest_route=%2Fwp%2Fv2%2Fproduct_tag&post=6291"}],"curies":[{"name":"wp","href":"https:\/\/api.w.org\/{rel}","templated":true}]}}