{"id":6308,"date":"2017-10-11T16:19:42","date_gmt":"2017-10-11T16:19:42","guid":{"rendered":"https:\/\/gozu.zone\/?post_type=product&#038;p=6308"},"modified":"2025-10-19T16:16:02","modified_gmt":"2025-10-19T16:16:02","slug":"settlers-atlantes","status":"publish","type":"product","link":"https:\/\/gozu.zone\/?product=settlers-atlantes","title":{"rendered":"Settlers : Atlantes"},"content":{"rendered":"<p>La culture et la technologie des Atlantes d\u00e9passaient de loin celles des autres civilisations antiques. Au moment o\u00f9 la partie commence, toutes ces merveilles \u2013 et votre existence m\u00eame \u2013 sont menac\u00e9es par une catastrophe. Sauvez votre h\u00e9ritage en vous installant sur des terres s\u00fbres avant que les flots n\u2019engloutissent tout ce que vous avez cr\u00e9\u00e9.<\/p>\n<p><strong>Settlers : Naissance d\u2019un Empire, Atlantes<\/strong> vous propose une toute nouvelle faction avec ses propres objectifs et modes de d\u00e9veloppement. Vous y trouverez aussi des cartes pour les quatre factions de base, ainsi qu\u2019un paquet de cartes communes pourvues de nouveaux traits et types compatibles avec les Atlantes.<\/p>\n<p>La fin est proche. Votre survie ne d\u00e9pend que de vous !<\/p>\n<p>&nbsp;<\/p>\n<div class=\"disclaimer material\">\n<h3>Contenu du jeu<\/h3>\n<ul>\n<li>110 cartes: 40 cartes Atlante, 10 cartes Romain, 10 cartes Barbare, 10 cartes Japonais, 10\u00a0cartes \u00c9gyptien, 28\u00a0cartes communes, 2 cartes solo<\/li>\n<li>1 plateau de faction<\/li>\n<li>1\u00a0marqueur de faction<\/li>\n<li>1 livret de r\u00e8gles<\/li>\n<\/ul>\n<\/div>\n","protected":false},"excerpt":{"rendered":"<ul>\n<li><strong>\u00c2ge<\/strong> : 10\u00a0ans et +<\/li>\n<li><strong>Dur\u00e9e<\/strong> : 1 \u00e0 2h<\/li>\n<li><strong>Joueurs<\/strong> : 1\u00a0\u00e0 4<\/li>\n<\/ul>\n","protected":false},"featured_media":6299,"comment_status":"open","ping_status":"closed","template":"","meta":{"_acf_changed":false},"product_brand":[],"product_cat":[327,323,494,361,333],"product_tag":[334,383,569,516,413],"class_list":{"0":"post-6308","1":"product","2":"type-product","3":"status-publish","4":"has-post-thumbnail","6":"product_cat-extensions","7":"product_cat-jeux","8":"product_cat-jeux-de-societe","9":"product_cat-familiaux","10":"product_cat-par-types","11":"product_tag-antiquite","12":"product_tag-combinaison","13":"product_tag-construction","14":"product_tag-draft","15":"product_tag-pouvoirs","16":"product_shipping_class-livraisonstandard_colis","18":"first","19":"outofstock","20":"sale","21":"taxable","22":"shipping-taxable","23":"purchasable","24":"product-type-simple"},"acf":[],"yoast_head":"<!-- This site is optimized with the Yoast SEO plugin v25.3 - https:\/\/yoast.com\/wordpress\/plugins\/seo\/ -->\n<title>Acheter Settlers : Atlantes - GOZU ZONE - Jeux et Accessoires<\/title>\n<meta name=\"robots\" content=\"index, follow, max-snippet:-1, max-image-preview:large, max-video-preview:-1\" \/>\n<link rel=\"canonical\" href=\"https:\/\/gozu.zone\/?product=settlers-atlantes\" \/>\n<meta property=\"og:locale\" content=\"fr_FR\" \/>\n<meta property=\"og:type\" content=\"article\" \/>\n<meta property=\"og:title\" content=\"Acheter Settlers : Atlantes - GOZU ZONE - Jeux et Accessoires\" \/>\n<meta property=\"og:description\" content=\"\u00c2ge : 10\u00a0ans et +  Dur\u00e9e : 1 \u00e0 2h  Joueurs : 1\u00a0\u00e0 4\" \/>\n<meta property=\"og:url\" content=\"https:\/\/gozu.zone\/?product=settlers-atlantes\" \/>\n<meta property=\"og:site_name\" content=\"GOZU ZONE\" \/>\n<meta property=\"article:publisher\" content=\"https:\/\/www.facebook.com\/gozuzone\/\" \/>\n<meta property=\"article:modified_time\" content=\"2025-10-19T16:16:02+00:00\" \/>\n<meta property=\"og:image\" content=\"https:\/\/gozu.zone\/wp-content\/uploads\/2017\/10\/The-Settlers-Atlantes.png\" \/>\n\t<meta property=\"og:image:width\" content=\"480\" \/>\n\t<meta property=\"og:image:height\" content=\"480\" \/>\n\t<meta property=\"og:image:type\" content=\"image\/png\" \/>\n<meta name=\"twitter:card\" content=\"summary_large_image\" \/>\n<meta name=\"twitter:site\" content=\"@gozuzone\" \/>\n<meta name=\"twitter:label1\" content=\"Dur\u00e9e de lecture estim\u00e9e\" \/>\n\t<meta name=\"twitter:data1\" content=\"1 minute\" \/>\n<script type=\"application\/ld+json\" class=\"yoast-schema-graph\">{\"@context\":\"https:\/\/schema.org\",\"@graph\":[{\"@type\":\"WebPage\",\"@id\":\"https:\/\/gozu.zone\/?product=settlers-atlantes\",\"url\":\"https:\/\/gozu.zone\/?product=settlers-atlantes\",\"name\":\"Acheter Settlers : Atlantes - GOZU ZONE - Jeux et Accessoires\",\"isPartOf\":{\"@id\":\"https:\/\/gozu.zone\/#website\"},\"primaryImageOfPage\":{\"@id\":\"https:\/\/gozu.zone\/?product=settlers-atlantes#primaryimage\"},\"image\":{\"@id\":\"https:\/\/gozu.zone\/?product=settlers-atlantes#primaryimage\"},\"thumbnailUrl\":\"https:\/\/gozu.zone\/wp-content\/uploads\/2017\/10\/The-Settlers-Atlantes.png\",\"datePublished\":\"2017-10-11T16:19:42+00:00\",\"dateModified\":\"2025-10-19T16:16:02+00:00\",\"breadcrumb\":{\"@id\":\"https:\/\/gozu.zone\/?product=settlers-atlantes#breadcrumb\"},\"inLanguage\":\"fr-FR\",\"potentialAction\":[{\"@type\":\"ReadAction\",\"target\":[\"https:\/\/gozu.zone\/?product=settlers-atlantes\"]}]},{\"@type\":\"ImageObject\",\"inLanguage\":\"fr-FR\",\"@id\":\"https:\/\/gozu.zone\/?product=settlers-atlantes#primaryimage\",\"url\":\"https:\/\/gozu.zone\/wp-content\/uploads\/2017\/10\/The-Settlers-Atlantes.png\",\"contentUrl\":\"https:\/\/gozu.zone\/wp-content\/uploads\/2017\/10\/The-Settlers-Atlantes.png\",\"width\":480,\"height\":480},{\"@type\":\"BreadcrumbList\",\"@id\":\"https:\/\/gozu.zone\/?product=settlers-atlantes#breadcrumb\",\"itemListElement\":[{\"@type\":\"ListItem\",\"position\":1,\"name\":\"Accueil\",\"item\":\"https:\/\/gozu.zone\/\"},{\"@type\":\"ListItem\",\"position\":2,\"name\":\"BOUTIQUE\",\"item\":\"https:\/\/gozu.zone\/?page_id=308\"},{\"@type\":\"ListItem\",\"position\":3,\"name\":\"Settlers : Atlantes\"}]},{\"@type\":\"WebSite\",\"@id\":\"https:\/\/gozu.zone\/#website\",\"url\":\"https:\/\/gozu.zone\/\",\"name\":\"GOZU ZONE\",\"description\":\"Toujours plus pour vos jeux\",\"potentialAction\":[{\"@type\":\"SearchAction\",\"target\":{\"@type\":\"EntryPoint\",\"urlTemplate\":\"https:\/\/gozu.zone\/?s={search_term_string}\"},\"query-input\":{\"@type\":\"PropertyValueSpecification\",\"valueRequired\":true,\"valueName\":\"search_term_string\"}}],\"inLanguage\":\"fr-FR\"}]}<\/script>\n<!-- \/ Yoast SEO plugin. -->","yoast_head_json":{"title":"Acheter Settlers : Atlantes - GOZU ZONE - Jeux et Accessoires","robots":{"index":"index","follow":"follow","max-snippet":"max-snippet:-1","max-image-preview":"max-image-preview:large","max-video-preview":"max-video-preview:-1"},"canonical":"https:\/\/gozu.zone\/?product=settlers-atlantes","og_locale":"fr_FR","og_type":"article","og_title":"Acheter Settlers : Atlantes - GOZU ZONE - Jeux et Accessoires","og_description":"\u00c2ge : 10\u00a0ans et +  Dur\u00e9e : 1 \u00e0 2h  Joueurs : 1\u00a0\u00e0 4","og_url":"https:\/\/gozu.zone\/?product=settlers-atlantes","og_site_name":"GOZU ZONE","article_publisher":"https:\/\/www.facebook.com\/gozuzone\/","article_modified_time":"2025-10-19T16:16:02+00:00","og_image":[{"width":480,"height":480,"url":"https:\/\/gozu.zone\/wp-content\/uploads\/2017\/10\/The-Settlers-Atlantes.png","type":"image\/png"}],"twitter_card":"summary_large_image","twitter_site":"@gozuzone","twitter_misc":{"Dur\u00e9e de lecture estim\u00e9e":"1 minute"},"schema":{"@context":"https:\/\/schema.org","@graph":[{"@type":"WebPage","@id":"https:\/\/gozu.zone\/?product=settlers-atlantes","url":"https:\/\/gozu.zone\/?product=settlers-atlantes","name":"Acheter Settlers : Atlantes - GOZU ZONE - Jeux et Accessoires","isPartOf":{"@id":"https:\/\/gozu.zone\/#website"},"primaryImageOfPage":{"@id":"https:\/\/gozu.zone\/?product=settlers-atlantes#primaryimage"},"image":{"@id":"https:\/\/gozu.zone\/?product=settlers-atlantes#primaryimage"},"thumbnailUrl":"https:\/\/gozu.zone\/wp-content\/uploads\/2017\/10\/The-Settlers-Atlantes.png","datePublished":"2017-10-11T16:19:42+00:00","dateModified":"2025-10-19T16:16:02+00:00","breadcrumb":{"@id":"https:\/\/gozu.zone\/?product=settlers-atlantes#breadcrumb"},"inLanguage":"fr-FR","potentialAction":[{"@type":"ReadAction","target":["https:\/\/gozu.zone\/?product=settlers-atlantes"]}]},{"@type":"ImageObject","inLanguage":"fr-FR","@id":"https:\/\/gozu.zone\/?product=settlers-atlantes#primaryimage","url":"https:\/\/gozu.zone\/wp-content\/uploads\/2017\/10\/The-Settlers-Atlantes.png","contentUrl":"https:\/\/gozu.zone\/wp-content\/uploads\/2017\/10\/The-Settlers-Atlantes.png","width":480,"height":480},{"@type":"BreadcrumbList","@id":"https:\/\/gozu.zone\/?product=settlers-atlantes#breadcrumb","itemListElement":[{"@type":"ListItem","position":1,"name":"Accueil","item":"https:\/\/gozu.zone\/"},{"@type":"ListItem","position":2,"name":"BOUTIQUE","item":"https:\/\/gozu.zone\/?page_id=308"},{"@type":"ListItem","position":3,"name":"Settlers : Atlantes"}]},{"@type":"WebSite","@id":"https:\/\/gozu.zone\/#website","url":"https:\/\/gozu.zone\/","name":"GOZU ZONE","description":"Toujours plus pour vos jeux","potentialAction":[{"@type":"SearchAction","target":{"@type":"EntryPoint","urlTemplate":"https:\/\/gozu.zone\/?s={search_term_string}"},"query-input":{"@type":"PropertyValueSpecification","valueRequired":true,"valueName":"search_term_string"}}],"inLanguage":"fr-FR"}]}},"_links":{"self":[{"href":"https:\/\/gozu.zone\/index.php?rest_route=\/wp\/v2\/product\/6308","targetHints":{"allow":["GET"]}}],"collection":[{"href":"https:\/\/gozu.zone\/index.php?rest_route=\/wp\/v2\/product"}],"about":[{"href":"https:\/\/gozu.zone\/index.php?rest_route=\/wp\/v2\/types\/product"}],"replies":[{"embeddable":true,"href":"https:\/\/gozu.zone\/index.php?rest_route=%2Fwp%2Fv2%2Fcomments&post=6308"}],"wp:featuredmedia":[{"embeddable":true,"href":"https:\/\/gozu.zone\/index.php?rest_route=\/wp\/v2\/media\/6299"}],"wp:attachment":[{"href":"https:\/\/gozu.zone\/index.php?rest_route=%2Fwp%2Fv2%2Fmedia&parent=6308"}],"wp:term":[{"taxonomy":"product_brand","embeddable":true,"href":"https:\/\/gozu.zone\/index.php?rest_route=%2Fwp%2Fv2%2Fproduct_brand&post=6308"},{"taxonomy":"product_cat","embeddable":true,"href":"https:\/\/gozu.zone\/index.php?rest_route=%2Fwp%2Fv2%2Fproduct_cat&post=6308"},{"taxonomy":"product_tag","embeddable":true,"href":"https:\/\/gozu.zone\/index.php?rest_route=%2Fwp%2Fv2%2Fproduct_tag&post=6308"}],"curies":[{"name":"wp","href":"https:\/\/api.w.org\/{rel}","templated":true}]}}