{"id":6310,"date":"2017-10-11T16:27:20","date_gmt":"2017-10-11T16:27:20","guid":{"rendered":"https:\/\/gozu.zone\/?post_type=product&#038;p=6310"},"modified":"2025-10-19T16:16:02","modified_gmt":"2025-10-19T16:16:02","slug":"settlers-azteques","status":"publish","type":"product","link":"https:\/\/gozu.zone\/?product=settlers-azteques","title":{"rendered":"Settlers : Azt\u00e8ques"},"content":{"rendered":"<p>Durant sa p\u00e9riode faste, l\u2019empire Azt\u00e8que recouvrait une grande partie de la M\u00e9soam\u00e9rique, et sa culture et son influence religieuse s\u2019\u00e9tendaient tr\u00e8s loin. En tant que dirigeant du peuple Azt\u00e8que, vous devez maintenant vous tourner vers les dieux pour leur demander de l\u2019aide. Utilisez des b\u00e9n\u00e9dictions et autres faveurs divines pour surpasser vos adversaires !<\/p>\n<p><strong>Settlers : Naissance d\u2019un Empire, Azt\u00e8ques<\/strong>\u00a0vous propose une toute nouvelle faction et des r\u00e8gles sur la religion. Lorsqu\u2019ils prient, les joueurs introduisent une notion de risque dans la mani\u00e8re de r\u00e9soudre leurs actions.<\/p>\n<p>Oserez-vous qu\u00e9mander encore plus aux dieux ?<\/p>\n<div class=\"disclaimer material\">\n<h3>Contenu du jeu<\/h3>\n<ul>\n<li>110 cartes : 60 cartes Azt\u00e8que, 10 cartes Romain, 10\u00a0cartes Barbare, 10 cartes Japonais, 10 cartes \u00c9gyptien, 10\u00a0cartes Atlante<\/li>\n<li>1 plateau de faction<\/li>\n<li>1 marqueur de faction<\/li>\n<li>9\u00a0pions Statue \u00c9gyptienne<\/li>\n<li>37 pions B\u00e9n\u00e9diction<\/li>\n<li>1 livret de r\u00e8gles.<\/li>\n<\/ul>\n<\/div>\n","protected":false},"excerpt":{"rendered":"<ul>\n<li><strong>\u00c2ge<\/strong> : 10\u00a0ans et +<\/li>\n<li><strong>Dur\u00e9e<\/strong> : 1 \u00e0 2h<\/li>\n<li><strong>Joueurs<\/strong> : 1\u00a0\u00e0 4<\/li>\n<\/ul>\n","protected":false},"featured_media":6302,"comment_status":"open","ping_status":"closed","template":"","meta":{"_acf_changed":false},"product_brand":[],"product_cat":[323,494,333,361,327],"product_tag":[334,383,569,516,413],"class_list":{"0":"post-6310","1":"product","2":"type-product","3":"status-publish","4":"has-post-thumbnail","6":"product_cat-jeux","7":"product_cat-jeux-de-societe","8":"product_cat-par-types","9":"product_cat-familiaux","10":"product_cat-extensions","11":"product_tag-antiquite","12":"product_tag-combinaison","13":"product_tag-construction","14":"product_tag-draft","15":"product_tag-pouvoirs","16":"product_shipping_class-livraisonstandard_colis","18":"first","19":"instock","20":"sale","21":"taxable","22":"shipping-taxable","23":"purchasable","24":"product-type-simple"},"acf":[],"yoast_head":"<!-- This site is optimized with the Yoast SEO plugin v25.3 - https:\/\/yoast.com\/wordpress\/plugins\/seo\/ -->\n<title>Acheter Settlers : Azt\u00e8ques - GOZU ZONE - Jeux et Accessoires<\/title>\n<meta name=\"robots\" content=\"index, follow, max-snippet:-1, max-image-preview:large, max-video-preview:-1\" \/>\n<link rel=\"canonical\" href=\"https:\/\/gozu.zone\/?product=settlers-azteques\" \/>\n<meta property=\"og:locale\" content=\"fr_FR\" \/>\n<meta property=\"og:type\" content=\"article\" \/>\n<meta property=\"og:title\" content=\"Acheter Settlers : Azt\u00e8ques - GOZU ZONE - Jeux et Accessoires\" \/>\n<meta property=\"og:description\" content=\"\u00c2ge : 10\u00a0ans et +  Dur\u00e9e : 1 \u00e0 2h  Joueurs : 1\u00a0\u00e0 4\" \/>\n<meta property=\"og:url\" content=\"https:\/\/gozu.zone\/?product=settlers-azteques\" \/>\n<meta property=\"og:site_name\" content=\"GOZU ZONE\" \/>\n<meta property=\"article:publisher\" content=\"https:\/\/www.facebook.com\/gozuzone\/\" \/>\n<meta property=\"article:modified_time\" content=\"2025-10-19T16:16:02+00:00\" \/>\n<meta property=\"og:image\" content=\"https:\/\/gozu.zone\/wp-content\/uploads\/2017\/10\/The-Settlers-Azt\u00e8ques.png\" \/>\n\t<meta property=\"og:image:width\" content=\"480\" \/>\n\t<meta property=\"og:image:height\" content=\"480\" \/>\n\t<meta property=\"og:image:type\" content=\"image\/png\" \/>\n<meta name=\"twitter:card\" content=\"summary_large_image\" \/>\n<meta name=\"twitter:site\" content=\"@gozuzone\" \/>\n<meta name=\"twitter:label1\" content=\"Dur\u00e9e de lecture estim\u00e9e\" \/>\n\t<meta name=\"twitter:data1\" content=\"1 minute\" \/>\n<script type=\"application\/ld+json\" class=\"yoast-schema-graph\">{\"@context\":\"https:\/\/schema.org\",\"@graph\":[{\"@type\":\"WebPage\",\"@id\":\"https:\/\/gozu.zone\/?product=settlers-azteques\",\"url\":\"https:\/\/gozu.zone\/?product=settlers-azteques\",\"name\":\"Acheter Settlers : Azt\u00e8ques - GOZU ZONE - Jeux et Accessoires\",\"isPartOf\":{\"@id\":\"https:\/\/gozu.zone\/#website\"},\"primaryImageOfPage\":{\"@id\":\"https:\/\/gozu.zone\/?product=settlers-azteques#primaryimage\"},\"image\":{\"@id\":\"https:\/\/gozu.zone\/?product=settlers-azteques#primaryimage\"},\"thumbnailUrl\":\"https:\/\/gozu.zone\/wp-content\/uploads\/2017\/10\/The-Settlers-Azt\u00e8ques.png\",\"datePublished\":\"2017-10-11T16:27:20+00:00\",\"dateModified\":\"2025-10-19T16:16:02+00:00\",\"breadcrumb\":{\"@id\":\"https:\/\/gozu.zone\/?product=settlers-azteques#breadcrumb\"},\"inLanguage\":\"fr-FR\",\"potentialAction\":[{\"@type\":\"ReadAction\",\"target\":[\"https:\/\/gozu.zone\/?product=settlers-azteques\"]}]},{\"@type\":\"ImageObject\",\"inLanguage\":\"fr-FR\",\"@id\":\"https:\/\/gozu.zone\/?product=settlers-azteques#primaryimage\",\"url\":\"https:\/\/gozu.zone\/wp-content\/uploads\/2017\/10\/The-Settlers-Azt\u00e8ques.png\",\"contentUrl\":\"https:\/\/gozu.zone\/wp-content\/uploads\/2017\/10\/The-Settlers-Azt\u00e8ques.png\",\"width\":480,\"height\":480,\"caption\":\"The Settlers - Azt\u00e8ques\"},{\"@type\":\"BreadcrumbList\",\"@id\":\"https:\/\/gozu.zone\/?product=settlers-azteques#breadcrumb\",\"itemListElement\":[{\"@type\":\"ListItem\",\"position\":1,\"name\":\"Accueil\",\"item\":\"https:\/\/gozu.zone\/\"},{\"@type\":\"ListItem\",\"position\":2,\"name\":\"BOUTIQUE\",\"item\":\"https:\/\/gozu.zone\/?page_id=308\"},{\"@type\":\"ListItem\",\"position\":3,\"name\":\"Settlers : Azt\u00e8ques\"}]},{\"@type\":\"WebSite\",\"@id\":\"https:\/\/gozu.zone\/#website\",\"url\":\"https:\/\/gozu.zone\/\",\"name\":\"GOZU ZONE\",\"description\":\"Toujours plus pour vos jeux\",\"potentialAction\":[{\"@type\":\"SearchAction\",\"target\":{\"@type\":\"EntryPoint\",\"urlTemplate\":\"https:\/\/gozu.zone\/?s={search_term_string}\"},\"query-input\":{\"@type\":\"PropertyValueSpecification\",\"valueRequired\":true,\"valueName\":\"search_term_string\"}}],\"inLanguage\":\"fr-FR\"}]}<\/script>\n<!-- \/ Yoast SEO plugin. -->","yoast_head_json":{"title":"Acheter Settlers : Azt\u00e8ques - GOZU ZONE - Jeux et Accessoires","robots":{"index":"index","follow":"follow","max-snippet":"max-snippet:-1","max-image-preview":"max-image-preview:large","max-video-preview":"max-video-preview:-1"},"canonical":"https:\/\/gozu.zone\/?product=settlers-azteques","og_locale":"fr_FR","og_type":"article","og_title":"Acheter Settlers : Azt\u00e8ques - GOZU ZONE - Jeux et Accessoires","og_description":"\u00c2ge : 10\u00a0ans et +  Dur\u00e9e : 1 \u00e0 2h  Joueurs : 1\u00a0\u00e0 4","og_url":"https:\/\/gozu.zone\/?product=settlers-azteques","og_site_name":"GOZU ZONE","article_publisher":"https:\/\/www.facebook.com\/gozuzone\/","article_modified_time":"2025-10-19T16:16:02+00:00","og_image":[{"width":480,"height":480,"url":"https:\/\/gozu.zone\/wp-content\/uploads\/2017\/10\/The-Settlers-Azt\u00e8ques.png","type":"image\/png"}],"twitter_card":"summary_large_image","twitter_site":"@gozuzone","twitter_misc":{"Dur\u00e9e de lecture estim\u00e9e":"1 minute"},"schema":{"@context":"https:\/\/schema.org","@graph":[{"@type":"WebPage","@id":"https:\/\/gozu.zone\/?product=settlers-azteques","url":"https:\/\/gozu.zone\/?product=settlers-azteques","name":"Acheter Settlers : Azt\u00e8ques - GOZU ZONE - Jeux et Accessoires","isPartOf":{"@id":"https:\/\/gozu.zone\/#website"},"primaryImageOfPage":{"@id":"https:\/\/gozu.zone\/?product=settlers-azteques#primaryimage"},"image":{"@id":"https:\/\/gozu.zone\/?product=settlers-azteques#primaryimage"},"thumbnailUrl":"https:\/\/gozu.zone\/wp-content\/uploads\/2017\/10\/The-Settlers-Azt\u00e8ques.png","datePublished":"2017-10-11T16:27:20+00:00","dateModified":"2025-10-19T16:16:02+00:00","breadcrumb":{"@id":"https:\/\/gozu.zone\/?product=settlers-azteques#breadcrumb"},"inLanguage":"fr-FR","potentialAction":[{"@type":"ReadAction","target":["https:\/\/gozu.zone\/?product=settlers-azteques"]}]},{"@type":"ImageObject","inLanguage":"fr-FR","@id":"https:\/\/gozu.zone\/?product=settlers-azteques#primaryimage","url":"https:\/\/gozu.zone\/wp-content\/uploads\/2017\/10\/The-Settlers-Azt\u00e8ques.png","contentUrl":"https:\/\/gozu.zone\/wp-content\/uploads\/2017\/10\/The-Settlers-Azt\u00e8ques.png","width":480,"height":480,"caption":"The Settlers - Azt\u00e8ques"},{"@type":"BreadcrumbList","@id":"https:\/\/gozu.zone\/?product=settlers-azteques#breadcrumb","itemListElement":[{"@type":"ListItem","position":1,"name":"Accueil","item":"https:\/\/gozu.zone\/"},{"@type":"ListItem","position":2,"name":"BOUTIQUE","item":"https:\/\/gozu.zone\/?page_id=308"},{"@type":"ListItem","position":3,"name":"Settlers : Azt\u00e8ques"}]},{"@type":"WebSite","@id":"https:\/\/gozu.zone\/#website","url":"https:\/\/gozu.zone\/","name":"GOZU ZONE","description":"Toujours plus pour vos jeux","potentialAction":[{"@type":"SearchAction","target":{"@type":"EntryPoint","urlTemplate":"https:\/\/gozu.zone\/?s={search_term_string}"},"query-input":{"@type":"PropertyValueSpecification","valueRequired":true,"valueName":"search_term_string"}}],"inLanguage":"fr-FR"}]}},"_links":{"self":[{"href":"https:\/\/gozu.zone\/index.php?rest_route=\/wp\/v2\/product\/6310","targetHints":{"allow":["GET"]}}],"collection":[{"href":"https:\/\/gozu.zone\/index.php?rest_route=\/wp\/v2\/product"}],"about":[{"href":"https:\/\/gozu.zone\/index.php?rest_route=\/wp\/v2\/types\/product"}],"replies":[{"embeddable":true,"href":"https:\/\/gozu.zone\/index.php?rest_route=%2Fwp%2Fv2%2Fcomments&post=6310"}],"wp:featuredmedia":[{"embeddable":true,"href":"https:\/\/gozu.zone\/index.php?rest_route=\/wp\/v2\/media\/6302"}],"wp:attachment":[{"href":"https:\/\/gozu.zone\/index.php?rest_route=%2Fwp%2Fv2%2Fmedia&parent=6310"}],"wp:term":[{"taxonomy":"product_brand","embeddable":true,"href":"https:\/\/gozu.zone\/index.php?rest_route=%2Fwp%2Fv2%2Fproduct_brand&post=6310"},{"taxonomy":"product_cat","embeddable":true,"href":"https:\/\/gozu.zone\/index.php?rest_route=%2Fwp%2Fv2%2Fproduct_cat&post=6310"},{"taxonomy":"product_tag","embeddable":true,"href":"https:\/\/gozu.zone\/index.php?rest_route=%2Fwp%2Fv2%2Fproduct_tag&post=6310"}],"curies":[{"name":"wp","href":"https:\/\/api.w.org\/{rel}","templated":true}]}}