{"id":6354,"date":"2017-10-17T19:27:45","date_gmt":"2017-10-17T19:27:45","guid":{"rendered":"https:\/\/gozu.zone\/?post_type=product&#038;p=6354"},"modified":"2025-03-26T09:16:50","modified_gmt":"2025-03-26T09:16:50","slug":"rangement-splendor-extensions","status":"publish","type":"product","link":"https:\/\/gozu.zone\/?product=rangement-splendor-extensions","title":{"rendered":"Rangement &#8211; Splendor \u2122 et extensions"},"content":{"rendered":"  <div id=\"page-header-2107216062\" class=\"page-header-wrapper\">\n  <div class=\"page-title dark featured-title has-parallax\">\n\n        <div class=\"page-title-bg\">\n      <div class=\"title-bg fill bg-fill\"\n        data-parallax-container=\".page-title\"\n        data-parallax-background\n        data-parallax=\"-8\">\n      <\/div>\n      <div class=\"title-overlay fill\"><\/div>\n    <\/div>\n    \n    <div class=\"page-title-inner container align-center flex-row medium-flex-wrap\" >\n              <div class=\"title-wrapper flex-col text-left medium-text-center\">\n          <h1 class=\"entry-title mb-0\">\n            Rangement &#8211; Splendor \u2122 et extensions          <\/h1>\n        <\/div>\n                    <div class=\"title-content flex-col flex-right text-right medium-text-center\">\n        <div class=\"title-breadcrumbs pb-half pt-half\"><\/div>      <\/div>\n    <\/div>\n\n     \n<style>\n#page-header-2107216062 .title-bg {\n  background-image: url(https:\/\/gozu.zone\/wp-content\/uploads\/2017\/10\/splendor-gozu-zone-0.png);\n}\n<\/style>\n  <\/div>\n    <\/div>\n  \r\n<hr \/>\r\n<p>&nbsp;<\/p>\r\n<p>Vous avez achet\u00e9 <b>Splendor\u00a0<\/b>\u2122 et comme nous, vous adorez ce jeu. Alors naturellement vous avez d\u00e9cid\u00e9 de prendre les extensions. Seulement les deux boites prennent de la place&#8230; \u00a0C&rsquo;est pour cela que<strong> Gozu Zone<\/strong> a con\u00e7u\u00a0pour vous : l&rsquo;organiseur <b>Splendor\u00a0<\/b>\u2122 Cet ensemble vous permettra donc d&rsquo;organiser, de prot\u00e9ger et de ranger <b>Splendor\u00a0<\/b>\u2122 et ses extensions dans une seule boite<span class=\"st\">\u00a0!<\/span> Voici la liste des \u00e9l\u00e9ments que vous pouvez ranger sans probl\u00e8mes gr\u00e2ce \u00e0 notre rangement :<\/p>\r\n<ul>\r\n<li><b>Splendor\u00a0<\/b>\u2122 : bo\u00eete de base<\/li>\r\n<li><strong>Les cit\u00e9s de Splendor\u00a0\u2122\u00a0<\/strong><\/li>\r\n<\/ul>\r\n<h2>\u00a0<\/h2>\r\n<h2>Contenu de l\u2019insert imprim\u00e9s en 3D :<\/h2>\r\n<ul>\r\n<li>1 rack permettant de\u00a0ranger les jetons et de les utiliser en partie.<\/li>\r\n<li>6 distributeurs vous permettant de ranger les nombreuses cartes pochet\u00e9es *.<\/li>\r\n<li>1 module souple pour maintenir les tuiles en place.<\/li>\r\n<li>1 module pour ranger les bastions et blasons.<\/li>\r\n<\/ul>\r\n<h2>\u00a0<\/h2>\r\n<h2>Remarques:<\/h2>\r\n<ul>\r\n<li>Compatible <strong>avec ou sans<\/strong> pochettes<\/li>\r\n<\/ul>\r\n<p>\u00a0 <em>* les pochettes utilis\u00e9es sont de la marque Arcane Tinmen : <a href=\"http:\/\/gozu.zone\/?product=pochettes-100-medium-standard-american-sleeves-57x89mm\">voir le produit<\/a><\/em><\/p>\r\n<p>&nbsp;<\/p>\r\n<hr \/>\r\n<p>&nbsp;<\/p>\r\n<p class=\"disclaimer\"><span class=\"st\"><a href=\"http:\/\/pro.gozu.zone\/?product=splendor\" target=\"_blank\" rel=\"noopener noreferrer\">Splendor<\/a> \u2122 et <a href=\"http:\/\/pro.gozu.zone\/?product=splendor-extension-cites-de-splendor\" target=\"_blank\" rel=\"noopener noreferrer\">les cit\u00e9s de Splendor<\/a> \u2122\u00a0<\/span> est un jeu \u00e9dit\u00e9 par les<a href=\"http:\/\/pro.gozu.zone\/?product_cat=space-cowboys\" target=\"_blank\" rel=\"noopener noreferrer\"> Space Cowboys<\/a>. Gozu Zone propose de sa propre initiative des rangements compatibles avec ce jeu et ses extensions, qui demeurent la propri\u00e9t\u00e9 de l&rsquo;\u00e9diteur. Ce dernier n&rsquo;assume aucune responsabilit\u00e9 quant \u00e0 nos produits.<\/p>\r\n<p class=\"disclaimer\"><strong>Remarque<\/strong> : Ce rangement est propos\u00e9 en couleur\u00a0<strong>noire\u00a0<\/strong>par d\u00e9faut. Si vous souhaitez un coloris personnalis\u00e9, merci de contacter l&rsquo;\u00e9quipe via le chat en bas \u00e0 droite ! Nous nous ferons un plaisir d&rsquo;\u00e9tudier votre demande et nous vous r\u00e9pondrons\u00a0dans les plus brefs d\u00e9lais.<\/p>\r\n<p>Ce produit est <strong>fabriqu\u00e9 en France<\/strong>. Si vous souhaitez en savoir un peu plus sur notre proc\u00e9d\u00e9 de fabrication, nous sommes dispos\u00e9s \u00e0 r\u00e9pondre \u00e0 toutes vos questions !<\/p>","protected":false},"excerpt":{"rendered":"<p>Pour ranger Splendor \u2122 et ses extensions dans la boite de base !<\/p>\n","protected":false},"featured_media":18744,"comment_status":"open","ping_status":"closed","template":"","meta":{"_acf_changed":false},"product_brand":[],"product_cat":[311],"product_tag":[294,259,459],"class_list":{"0":"post-6354","1":"product","2":"type-product","3":"status-publish","4":"has-post-thumbnail","6":"product_cat-organiseurs","7":"product_tag-organiseur","8":"product_tag-rangements","9":"product_tag-rangements-j2s","10":"product_shipping_class-livraisonstandard_colis","12":"first","13":"instock","14":"featured","15":"taxable","16":"shipping-taxable","17":"purchasable","18":"product-type-simple"},"acf":[],"yoast_head":"<!-- This site is optimized with the Yoast SEO plugin v25.3 - https:\/\/yoast.com\/wordpress\/plugins\/seo\/ -->\n<title>Acheter Rangement - Splendor \u2122 et extensions - GOZU ZONE<\/title>\n<meta name=\"description\" content=\"Pour ranger Splendor \u2122 et ses extensions dans la boite de base !\" \/>\n<meta name=\"robots\" content=\"index, follow, max-snippet:-1, max-image-preview:large, max-video-preview:-1\" \/>\n<link rel=\"canonical\" href=\"http:\/\/pro.gozu.zone\/?product=rangement-splendor-extensions\" \/>\n<meta property=\"og:locale\" content=\"fr_FR\" \/>\n<meta property=\"og:type\" content=\"article\" \/>\n<meta property=\"og:title\" content=\"Acheter Rangement - Splendor \u2122 et extensions - GOZU ZONE\" \/>\n<meta property=\"og:description\" content=\"Pour ranger Splendor \u2122 et ses extensions dans la boite de base !\" \/>\n<meta property=\"og:url\" content=\"http:\/\/pro.gozu.zone\/?product=rangement-splendor-extensions\" \/>\n<meta property=\"og:site_name\" content=\"GOZU ZONE\" \/>\n<meta property=\"article:publisher\" content=\"https:\/\/www.facebook.com\/gozuzone\/\" \/>\n<meta property=\"article:modified_time\" content=\"2025-03-26T09:16:50+00:00\" \/>\n<meta property=\"og:image\" content=\"https:\/\/gozu.zone\/wp-content\/uploads\/2017\/10\/splendor-gozu-zone-0.png\" \/>\n\t<meta property=\"og:image:width\" content=\"1200\" \/>\n\t<meta property=\"og:image:height\" content=\"1200\" \/>\n\t<meta property=\"og:image:type\" content=\"image\/png\" \/>\n<meta name=\"twitter:card\" content=\"summary_large_image\" \/>\n<meta name=\"twitter:site\" content=\"@gozuzone\" \/>\n<meta name=\"twitter:label1\" content=\"Dur\u00e9e de lecture estim\u00e9e\" \/>\n\t<meta name=\"twitter:data1\" content=\"2 minutes\" \/>\n<script type=\"application\/ld+json\" class=\"yoast-schema-graph\">{\"@context\":\"https:\/\/schema.org\",\"@graph\":[{\"@type\":\"WebPage\",\"@id\":\"https:\/\/gozu.zone\/?product=rangement-splendor-extensions\",\"url\":\"http:\/\/pro.gozu.zone\/?product=rangement-splendor-extensions\",\"name\":\"Acheter Rangement - Splendor \u2122 et extensions - GOZU ZONE\",\"isPartOf\":{\"@id\":\"https:\/\/gozu.zone\/#website\"},\"primaryImageOfPage\":{\"@id\":\"http:\/\/pro.gozu.zone\/?product=rangement-splendor-extensions#primaryimage\"},\"image\":{\"@id\":\"http:\/\/pro.gozu.zone\/?product=rangement-splendor-extensions#primaryimage\"},\"thumbnailUrl\":\"https:\/\/gozu.zone\/wp-content\/uploads\/2017\/10\/splendor-gozu-zone-0.png\",\"datePublished\":\"2017-10-17T19:27:45+00:00\",\"dateModified\":\"2025-03-26T09:16:50+00:00\",\"description\":\"Pour ranger Splendor \u2122 et ses extensions dans la boite de base !\",\"breadcrumb\":{\"@id\":\"http:\/\/pro.gozu.zone\/?product=rangement-splendor-extensions#breadcrumb\"},\"inLanguage\":\"fr-FR\",\"potentialAction\":[{\"@type\":\"ReadAction\",\"target\":[\"http:\/\/pro.gozu.zone\/?product=rangement-splendor-extensions\"]}]},{\"@type\":\"ImageObject\",\"inLanguage\":\"fr-FR\",\"@id\":\"http:\/\/pro.gozu.zone\/?product=rangement-splendor-extensions#primaryimage\",\"url\":\"https:\/\/gozu.zone\/wp-content\/uploads\/2017\/10\/splendor-gozu-zone-0.png\",\"contentUrl\":\"https:\/\/gozu.zone\/wp-content\/uploads\/2017\/10\/splendor-gozu-zone-0.png\",\"width\":1200,\"height\":1200},{\"@type\":\"BreadcrumbList\",\"@id\":\"http:\/\/pro.gozu.zone\/?product=rangement-splendor-extensions#breadcrumb\",\"itemListElement\":[{\"@type\":\"ListItem\",\"position\":1,\"name\":\"Accueil\",\"item\":\"https:\/\/gozu.zone\/\"},{\"@type\":\"ListItem\",\"position\":2,\"name\":\"BOUTIQUE\",\"item\":\"https:\/\/gozu.zone\/?page_id=308\"},{\"@type\":\"ListItem\",\"position\":3,\"name\":\"Rangement &#8211; Splendor \u2122 et extensions\"}]},{\"@type\":\"WebSite\",\"@id\":\"https:\/\/gozu.zone\/#website\",\"url\":\"https:\/\/gozu.zone\/\",\"name\":\"GOZU ZONE\",\"description\":\"Toujours plus pour vos jeux\",\"potentialAction\":[{\"@type\":\"SearchAction\",\"target\":{\"@type\":\"EntryPoint\",\"urlTemplate\":\"https:\/\/gozu.zone\/?s={search_term_string}\"},\"query-input\":{\"@type\":\"PropertyValueSpecification\",\"valueRequired\":true,\"valueName\":\"search_term_string\"}}],\"inLanguage\":\"fr-FR\"}]}<\/script>\n<!-- \/ Yoast SEO plugin. -->","yoast_head_json":{"title":"Acheter Rangement - Splendor \u2122 et extensions - GOZU ZONE","description":"Pour ranger Splendor \u2122 et ses extensions dans la boite de base !","robots":{"index":"index","follow":"follow","max-snippet":"max-snippet:-1","max-image-preview":"max-image-preview:large","max-video-preview":"max-video-preview:-1"},"canonical":"http:\/\/pro.gozu.zone\/?product=rangement-splendor-extensions","og_locale":"fr_FR","og_type":"article","og_title":"Acheter Rangement - Splendor \u2122 et extensions - GOZU ZONE","og_description":"Pour ranger Splendor \u2122 et ses extensions dans la boite de base !","og_url":"http:\/\/pro.gozu.zone\/?product=rangement-splendor-extensions","og_site_name":"GOZU ZONE","article_publisher":"https:\/\/www.facebook.com\/gozuzone\/","article_modified_time":"2025-03-26T09:16:50+00:00","og_image":[{"width":1200,"height":1200,"url":"https:\/\/gozu.zone\/wp-content\/uploads\/2017\/10\/splendor-gozu-zone-0.png","type":"image\/png"}],"twitter_card":"summary_large_image","twitter_site":"@gozuzone","twitter_misc":{"Dur\u00e9e de lecture estim\u00e9e":"2 minutes"},"schema":{"@context":"https:\/\/schema.org","@graph":[{"@type":"WebPage","@id":"https:\/\/gozu.zone\/?product=rangement-splendor-extensions","url":"http:\/\/pro.gozu.zone\/?product=rangement-splendor-extensions","name":"Acheter Rangement - Splendor \u2122 et extensions - GOZU ZONE","isPartOf":{"@id":"https:\/\/gozu.zone\/#website"},"primaryImageOfPage":{"@id":"http:\/\/pro.gozu.zone\/?product=rangement-splendor-extensions#primaryimage"},"image":{"@id":"http:\/\/pro.gozu.zone\/?product=rangement-splendor-extensions#primaryimage"},"thumbnailUrl":"https:\/\/gozu.zone\/wp-content\/uploads\/2017\/10\/splendor-gozu-zone-0.png","datePublished":"2017-10-17T19:27:45+00:00","dateModified":"2025-03-26T09:16:50+00:00","description":"Pour ranger Splendor \u2122 et ses extensions dans la boite de base !","breadcrumb":{"@id":"http:\/\/pro.gozu.zone\/?product=rangement-splendor-extensions#breadcrumb"},"inLanguage":"fr-FR","potentialAction":[{"@type":"ReadAction","target":["http:\/\/pro.gozu.zone\/?product=rangement-splendor-extensions"]}]},{"@type":"ImageObject","inLanguage":"fr-FR","@id":"http:\/\/pro.gozu.zone\/?product=rangement-splendor-extensions#primaryimage","url":"https:\/\/gozu.zone\/wp-content\/uploads\/2017\/10\/splendor-gozu-zone-0.png","contentUrl":"https:\/\/gozu.zone\/wp-content\/uploads\/2017\/10\/splendor-gozu-zone-0.png","width":1200,"height":1200},{"@type":"BreadcrumbList","@id":"http:\/\/pro.gozu.zone\/?product=rangement-splendor-extensions#breadcrumb","itemListElement":[{"@type":"ListItem","position":1,"name":"Accueil","item":"https:\/\/gozu.zone\/"},{"@type":"ListItem","position":2,"name":"BOUTIQUE","item":"https:\/\/gozu.zone\/?page_id=308"},{"@type":"ListItem","position":3,"name":"Rangement &#8211; Splendor \u2122 et extensions"}]},{"@type":"WebSite","@id":"https:\/\/gozu.zone\/#website","url":"https:\/\/gozu.zone\/","name":"GOZU ZONE","description":"Toujours plus pour vos jeux","potentialAction":[{"@type":"SearchAction","target":{"@type":"EntryPoint","urlTemplate":"https:\/\/gozu.zone\/?s={search_term_string}"},"query-input":{"@type":"PropertyValueSpecification","valueRequired":true,"valueName":"search_term_string"}}],"inLanguage":"fr-FR"}]}},"_links":{"self":[{"href":"https:\/\/gozu.zone\/index.php?rest_route=\/wp\/v2\/product\/6354","targetHints":{"allow":["GET"]}}],"collection":[{"href":"https:\/\/gozu.zone\/index.php?rest_route=\/wp\/v2\/product"}],"about":[{"href":"https:\/\/gozu.zone\/index.php?rest_route=\/wp\/v2\/types\/product"}],"replies":[{"embeddable":true,"href":"https:\/\/gozu.zone\/index.php?rest_route=%2Fwp%2Fv2%2Fcomments&post=6354"}],"wp:featuredmedia":[{"embeddable":true,"href":"https:\/\/gozu.zone\/index.php?rest_route=\/wp\/v2\/media\/18744"}],"wp:attachment":[{"href":"https:\/\/gozu.zone\/index.php?rest_route=%2Fwp%2Fv2%2Fmedia&parent=6354"}],"wp:term":[{"taxonomy":"product_brand","embeddable":true,"href":"https:\/\/gozu.zone\/index.php?rest_route=%2Fwp%2Fv2%2Fproduct_brand&post=6354"},{"taxonomy":"product_cat","embeddable":true,"href":"https:\/\/gozu.zone\/index.php?rest_route=%2Fwp%2Fv2%2Fproduct_cat&post=6354"},{"taxonomy":"product_tag","embeddable":true,"href":"https:\/\/gozu.zone\/index.php?rest_route=%2Fwp%2Fv2%2Fproduct_tag&post=6354"}],"curies":[{"name":"wp","href":"https:\/\/api.w.org\/{rel}","templated":true}]}}