{"id":6358,"date":"2017-10-18T10:41:52","date_gmt":"2017-10-18T10:41:52","guid":{"rendered":"https:\/\/gozu.zone\/?post_type=product&#038;p=6358"},"modified":"2024-05-14T18:36:08","modified_gmt":"2024-05-14T18:36:08","slug":"rangement-scythe-conquerants-lointain","status":"publish","type":"product","link":"https:\/\/gozu.zone\/?product=rangement-scythe-conquerants-lointain","title":{"rendered":"Rangement &#8211; Scythe\u2122 et Les Conqu\u00e9rants du lointain \u2122"},"content":{"rendered":"<p>Vous avez achet\u00e9 <strong>Scythe<\/strong>\u2122 et comme nous, vous adorez ce jeu. Alors naturellement vous avez d\u00e9cid\u00e9 de prendre l&rsquo;extension : <strong>Les conqu\u00e9rants de lointain \u2122<\/strong><\/p>\n<p>Pour organiser, prot\u00e9ger et ranger <strong>Scythe\u2122\u00a0et les Conqu\u00e9rants du lointain <\/strong>\u2122 dans une seule boite,\u00a0<strong>Gozu Zone<\/strong> a con\u00e7u\u00a0pour vous cet organiseur !<\/p>\n<p>Voici la liste des \u00e9l\u00e9ments que vous pouvez ranger sans probl\u00e8mes gr\u00e2ce \u00e0 notre rangement :<\/p>\n<ul>\n<li><strong>Scythe<\/strong>\u2122 : bo\u00eete de base<\/li>\n<li><strong>Les Conqu\u00e9rants du lointain\u2122\u00a0<\/strong><\/li>\n<\/ul>\n<p>&nbsp;<\/p>\n<h3><strong>Contenu du kit :<\/strong><\/h3>\n<p>11 pi\u00e8ces plastiques imprim\u00e9s en 3D dont<\/p>\n<ul>\n<li>7 modules pour les figurines, mechas et meeples<\/li>\n<li>1 module pour les cartes standards ( format euro )<\/li>\n<li>1 module pour les cartes mini ( format euro )<\/li>\n<li>1 module pour les pi\u00e8ces<\/li>\n<li>1 module pour les ressources<\/li>\n<\/ul>\n<p>&nbsp;<\/p>\n<p class=\"disclaimer\"><span class=\"st\"><a href=\"http:\/\/pro.gozu.zone\/?product=scythe\" target=\"_blank\" rel=\"noopener\"><strong>Scythe<\/strong><\/a>\u00a0\u2122 et\u00a0 <a href=\"http:\/\/pro.gozu.zone\/?product=scythe-conquerants-lointain\" target=\"_blank\" rel=\"noopener\">Les Conqu\u00e9rants du lointain<\/a> \u2122\u00a0<\/span> est un jeu \u00e9dit\u00e9 par Matagot. Gozu Zone propose de sa propre initiative des rangements compatibles avec ce jeu et ses extensions, qui demeurent la propri\u00e9t\u00e9 de l&rsquo;\u00e9diteur. Ce dernier n&rsquo;assume aucune responsabilit\u00e9 quant \u00e0 nos produits.<\/p>\n<p class=\"disclaimer\"><strong>Remarque<\/strong> : Ce rangement est propos\u00e9 en couleur\u00a0<strong>noire\u00a0<\/strong>par d\u00e9faut. Si vous souhaitez un coloris personnalis\u00e9, merci de contacter l&rsquo;\u00e9quipe via le chat en bas \u00e0 droite ! Nous nous ferons un plaisir d&rsquo;\u00e9tudier votre demande et nous vous r\u00e9pondrons\u00a0dans les plus brefs d\u00e9lais.<\/p>\n<p>Ce produit est <strong>fabriqu\u00e9 en France<\/strong>. Si vous souhaitez en savoir un peu plus sur notre proc\u00e9d\u00e9 de fabrication, nous sommes dispos\u00e9s \u00e0 r\u00e9pondre \u00e0 toutes vos questions !<\/p>\n","protected":false},"excerpt":{"rendered":"<p>Pour ranger Scythe\u2122 et les conqu\u00e9rants du lointain dans la boite de base !<\/p>\n<ul>\n<li>Compatible pour cartes pochet\u00e9es ou non<\/li>\n<li>Rangement sur la tranche possible !<\/li>\n<li>La boite garde la m\u00eame \u00e9paisseur avec le rangement.<\/li>\n<\/ul>\n","protected":false},"featured_media":6352,"comment_status":"open","ping_status":"closed","template":"","meta":{"_acf_changed":false},"product_brand":[],"product_cat":[311],"product_tag":[294,259,459],"class_list":{"0":"post-6358","1":"product","2":"type-product","3":"status-publish","4":"has-post-thumbnail","6":"product_cat-organiseurs","7":"product_tag-organiseur","8":"product_tag-rangements","9":"product_tag-rangements-j2s","10":"product_shipping_class-livraisonstandard_colis","12":"first","13":"instock","14":"taxable","15":"shipping-taxable","16":"purchasable","17":"product-type-simple"},"acf":[],"yoast_head":"<!-- This site is optimized with the Yoast SEO plugin v25.3 - https:\/\/yoast.com\/wordpress\/plugins\/seo\/ -->\n<title>Acheter Rangement - Scythe\u2122 et Les Conqu\u00e9rants du lointain \u2122 - GOZU ZONE - Jeux et Accessoires<\/title>\n<meta name=\"description\" content=\"Pour ranger Scythe\u2122 et les conqu\u00e9rants du lointain dans la boite de base !\" \/>\n<meta name=\"robots\" content=\"index, follow, max-snippet:-1, max-image-preview:large, max-video-preview:-1\" \/>\n<link rel=\"canonical\" href=\"https:\/\/gozu.zone\/?product=rangement-scythe-conquerants-lointain\" \/>\n<meta property=\"og:locale\" content=\"fr_FR\" \/>\n<meta property=\"og:type\" content=\"article\" \/>\n<meta property=\"og:title\" content=\"Acheter Rangement - Scythe\u2122 et Les Conqu\u00e9rants du lointain \u2122 - GOZU ZONE - Jeux et Accessoires\" \/>\n<meta property=\"og:description\" content=\"Pour ranger Scythe\u2122 et les conqu\u00e9rants du lointain dans la boite de base !\" \/>\n<meta property=\"og:url\" content=\"https:\/\/gozu.zone\/?product=rangement-scythe-conquerants-lointain\" \/>\n<meta property=\"og:site_name\" content=\"GOZU ZONE\" \/>\n<meta property=\"article:publisher\" content=\"https:\/\/www.facebook.com\/gozuzone\/\" \/>\n<meta property=\"article:modified_time\" content=\"2024-05-14T18:36:08+00:00\" \/>\n<meta property=\"og:image\" content=\"https:\/\/gozu.zone\/wp-content\/uploads\/2017\/10\/SCYTHE-ORGANISEUR.png\" \/>\n\t<meta property=\"og:image:width\" content=\"800\" \/>\n\t<meta property=\"og:image:height\" content=\"800\" \/>\n\t<meta property=\"og:image:type\" content=\"image\/png\" \/>\n<meta name=\"twitter:card\" content=\"summary_large_image\" \/>\n<meta name=\"twitter:site\" content=\"@gozuzone\" \/>\n<meta name=\"twitter:label1\" content=\"Dur\u00e9e de lecture estim\u00e9e\" \/>\n\t<meta name=\"twitter:data1\" content=\"2 minutes\" \/>\n<script type=\"application\/ld+json\" class=\"yoast-schema-graph\">{\"@context\":\"https:\/\/schema.org\",\"@graph\":[{\"@type\":\"WebPage\",\"@id\":\"https:\/\/gozu.zone\/?product=rangement-scythe-conquerants-lointain\",\"url\":\"https:\/\/gozu.zone\/?product=rangement-scythe-conquerants-lointain\",\"name\":\"Acheter Rangement - Scythe\u2122 et Les Conqu\u00e9rants du lointain \u2122 - GOZU ZONE - Jeux et Accessoires\",\"isPartOf\":{\"@id\":\"https:\/\/gozu.zone\/#website\"},\"primaryImageOfPage\":{\"@id\":\"https:\/\/gozu.zone\/?product=rangement-scythe-conquerants-lointain#primaryimage\"},\"image\":{\"@id\":\"https:\/\/gozu.zone\/?product=rangement-scythe-conquerants-lointain#primaryimage\"},\"thumbnailUrl\":\"https:\/\/gozu.zone\/wp-content\/uploads\/2017\/10\/SCYTHE-ORGANISEUR.png\",\"datePublished\":\"2017-10-18T10:41:52+00:00\",\"dateModified\":\"2024-05-14T18:36:08+00:00\",\"description\":\"Pour ranger Scythe\u2122 et les conqu\u00e9rants du lointain dans la boite de base !\",\"breadcrumb\":{\"@id\":\"https:\/\/gozu.zone\/?product=rangement-scythe-conquerants-lointain#breadcrumb\"},\"inLanguage\":\"fr-FR\",\"potentialAction\":[{\"@type\":\"ReadAction\",\"target\":[\"https:\/\/gozu.zone\/?product=rangement-scythe-conquerants-lointain\"]}]},{\"@type\":\"ImageObject\",\"inLanguage\":\"fr-FR\",\"@id\":\"https:\/\/gozu.zone\/?product=rangement-scythe-conquerants-lointain#primaryimage\",\"url\":\"https:\/\/gozu.zone\/wp-content\/uploads\/2017\/10\/SCYTHE-ORGANISEUR.png\",\"contentUrl\":\"https:\/\/gozu.zone\/wp-content\/uploads\/2017\/10\/SCYTHE-ORGANISEUR.png\",\"width\":800,\"height\":800,\"caption\":\"SCYTHE-ORGANISEUR\"},{\"@type\":\"BreadcrumbList\",\"@id\":\"https:\/\/gozu.zone\/?product=rangement-scythe-conquerants-lointain#breadcrumb\",\"itemListElement\":[{\"@type\":\"ListItem\",\"position\":1,\"name\":\"Accueil\",\"item\":\"https:\/\/gozu.zone\/\"},{\"@type\":\"ListItem\",\"position\":2,\"name\":\"BOUTIQUE\",\"item\":\"https:\/\/gozu.zone\/?page_id=308\"},{\"@type\":\"ListItem\",\"position\":3,\"name\":\"Rangement &#8211; Scythe\u2122 et Les Conqu\u00e9rants du lointain \u2122\"}]},{\"@type\":\"WebSite\",\"@id\":\"https:\/\/gozu.zone\/#website\",\"url\":\"https:\/\/gozu.zone\/\",\"name\":\"GOZU ZONE\",\"description\":\"Toujours plus pour vos jeux\",\"potentialAction\":[{\"@type\":\"SearchAction\",\"target\":{\"@type\":\"EntryPoint\",\"urlTemplate\":\"https:\/\/gozu.zone\/?s={search_term_string}\"},\"query-input\":{\"@type\":\"PropertyValueSpecification\",\"valueRequired\":true,\"valueName\":\"search_term_string\"}}],\"inLanguage\":\"fr-FR\"}]}<\/script>\n<!-- \/ Yoast SEO plugin. -->","yoast_head_json":{"title":"Acheter Rangement - Scythe\u2122 et Les Conqu\u00e9rants du lointain \u2122 - GOZU ZONE - Jeux et Accessoires","description":"Pour ranger Scythe\u2122 et les conqu\u00e9rants du lointain dans la boite de base !","robots":{"index":"index","follow":"follow","max-snippet":"max-snippet:-1","max-image-preview":"max-image-preview:large","max-video-preview":"max-video-preview:-1"},"canonical":"https:\/\/gozu.zone\/?product=rangement-scythe-conquerants-lointain","og_locale":"fr_FR","og_type":"article","og_title":"Acheter Rangement - Scythe\u2122 et Les Conqu\u00e9rants du lointain \u2122 - GOZU ZONE - Jeux et Accessoires","og_description":"Pour ranger Scythe\u2122 et les conqu\u00e9rants du lointain dans la boite de base !","og_url":"https:\/\/gozu.zone\/?product=rangement-scythe-conquerants-lointain","og_site_name":"GOZU ZONE","article_publisher":"https:\/\/www.facebook.com\/gozuzone\/","article_modified_time":"2024-05-14T18:36:08+00:00","og_image":[{"width":800,"height":800,"url":"https:\/\/gozu.zone\/wp-content\/uploads\/2017\/10\/SCYTHE-ORGANISEUR.png","type":"image\/png"}],"twitter_card":"summary_large_image","twitter_site":"@gozuzone","twitter_misc":{"Dur\u00e9e de lecture estim\u00e9e":"2 minutes"},"schema":{"@context":"https:\/\/schema.org","@graph":[{"@type":"WebPage","@id":"https:\/\/gozu.zone\/?product=rangement-scythe-conquerants-lointain","url":"https:\/\/gozu.zone\/?product=rangement-scythe-conquerants-lointain","name":"Acheter Rangement - Scythe\u2122 et Les Conqu\u00e9rants du lointain \u2122 - GOZU ZONE - Jeux et Accessoires","isPartOf":{"@id":"https:\/\/gozu.zone\/#website"},"primaryImageOfPage":{"@id":"https:\/\/gozu.zone\/?product=rangement-scythe-conquerants-lointain#primaryimage"},"image":{"@id":"https:\/\/gozu.zone\/?product=rangement-scythe-conquerants-lointain#primaryimage"},"thumbnailUrl":"https:\/\/gozu.zone\/wp-content\/uploads\/2017\/10\/SCYTHE-ORGANISEUR.png","datePublished":"2017-10-18T10:41:52+00:00","dateModified":"2024-05-14T18:36:08+00:00","description":"Pour ranger Scythe\u2122 et les conqu\u00e9rants du lointain dans la boite de base !","breadcrumb":{"@id":"https:\/\/gozu.zone\/?product=rangement-scythe-conquerants-lointain#breadcrumb"},"inLanguage":"fr-FR","potentialAction":[{"@type":"ReadAction","target":["https:\/\/gozu.zone\/?product=rangement-scythe-conquerants-lointain"]}]},{"@type":"ImageObject","inLanguage":"fr-FR","@id":"https:\/\/gozu.zone\/?product=rangement-scythe-conquerants-lointain#primaryimage","url":"https:\/\/gozu.zone\/wp-content\/uploads\/2017\/10\/SCYTHE-ORGANISEUR.png","contentUrl":"https:\/\/gozu.zone\/wp-content\/uploads\/2017\/10\/SCYTHE-ORGANISEUR.png","width":800,"height":800,"caption":"SCYTHE-ORGANISEUR"},{"@type":"BreadcrumbList","@id":"https:\/\/gozu.zone\/?product=rangement-scythe-conquerants-lointain#breadcrumb","itemListElement":[{"@type":"ListItem","position":1,"name":"Accueil","item":"https:\/\/gozu.zone\/"},{"@type":"ListItem","position":2,"name":"BOUTIQUE","item":"https:\/\/gozu.zone\/?page_id=308"},{"@type":"ListItem","position":3,"name":"Rangement &#8211; Scythe\u2122 et Les Conqu\u00e9rants du lointain \u2122"}]},{"@type":"WebSite","@id":"https:\/\/gozu.zone\/#website","url":"https:\/\/gozu.zone\/","name":"GOZU ZONE","description":"Toujours plus pour vos jeux","potentialAction":[{"@type":"SearchAction","target":{"@type":"EntryPoint","urlTemplate":"https:\/\/gozu.zone\/?s={search_term_string}"},"query-input":{"@type":"PropertyValueSpecification","valueRequired":true,"valueName":"search_term_string"}}],"inLanguage":"fr-FR"}]}},"_links":{"self":[{"href":"https:\/\/gozu.zone\/index.php?rest_route=\/wp\/v2\/product\/6358","targetHints":{"allow":["GET"]}}],"collection":[{"href":"https:\/\/gozu.zone\/index.php?rest_route=\/wp\/v2\/product"}],"about":[{"href":"https:\/\/gozu.zone\/index.php?rest_route=\/wp\/v2\/types\/product"}],"replies":[{"embeddable":true,"href":"https:\/\/gozu.zone\/index.php?rest_route=%2Fwp%2Fv2%2Fcomments&post=6358"}],"wp:featuredmedia":[{"embeddable":true,"href":"https:\/\/gozu.zone\/index.php?rest_route=\/wp\/v2\/media\/6352"}],"wp:attachment":[{"href":"https:\/\/gozu.zone\/index.php?rest_route=%2Fwp%2Fv2%2Fmedia&parent=6358"}],"wp:term":[{"taxonomy":"product_brand","embeddable":true,"href":"https:\/\/gozu.zone\/index.php?rest_route=%2Fwp%2Fv2%2Fproduct_brand&post=6358"},{"taxonomy":"product_cat","embeddable":true,"href":"https:\/\/gozu.zone\/index.php?rest_route=%2Fwp%2Fv2%2Fproduct_cat&post=6358"},{"taxonomy":"product_tag","embeddable":true,"href":"https:\/\/gozu.zone\/index.php?rest_route=%2Fwp%2Fv2%2Fproduct_tag&post=6358"}],"curies":[{"name":"wp","href":"https:\/\/api.w.org\/{rel}","templated":true}]}}