{"id":6386,"date":"2017-10-29T18:04:02","date_gmt":"2017-10-29T18:04:02","guid":{"rendered":"https:\/\/gozu.zone\/?post_type=product&#038;p=6386"},"modified":"2025-03-12T07:44:05","modified_gmt":"2025-03-12T07:44:05","slug":"7-wonders","status":"publish","type":"product","link":"https:\/\/gozu.zone\/?product=7-wonders","title":{"rendered":"7 Wonders"},"content":{"rendered":"<p>Pour ses 10 ans 7 Wonders s\u2019offre une nouvelle jeunesse !<br \/>\nDe nombreux \u00e9l\u00e9ments ont \u00e9t\u00e9 repens\u00e9s : les illustrations, la r\u00e9daction des r\u00e8gles, l\u2019ergonomie des cartes, la taille des Merveilles, etc.<\/p>\n<p>\u00c0 la t\u00eate d\u2019une grande Cit\u00e9 du monde antique, exploitez les ressources naturelles de vos terres, d\u00e9veloppez vos relations commerciales et armez votre supr\u00e9matie militaire.<\/p>\n<p><strong>Contenu<\/strong><\/p>\n<ul>\n<li>7 plateaux Merveille,<\/li>\n<li>7 cartes Merveille,<\/li>\n<li>49 cartes \u00c2ge I,<\/li>\n<li>49 cartes \u00c2ge II,<\/li>\n<li>50 cartes \u00c2ge III,<\/li>\n<li>46 jetons Conflit,<\/li>\n<li>24 pi\u00e8ces de monnaie de valeur 3,<\/li>\n<li>46 pi\u00e8ces de monnaie de valeur 1,<\/li>\n<li>1 carnet de scores,<\/li>\n<li>1 livret de r\u00e8gles,<\/li>\n<li>1 aide de jeu,<\/li>\n<li>2 cartes \u00ab 2 joueurs \u00bb.<\/li>\n<\/ul>\n","protected":false},"excerpt":{"rendered":"<p>Dans 7 Wonders Nouvelle Edition, prenez la t\u00eate de l&rsquo;une des sept grandes cit\u00e9s du monde antique et laissez votre empreinte dans l&rsquo;histoire des civilisations. Cette bo\u00eete est la 2\u00e8me \u00e9dition de ce jeu devenu un classique<\/p>\n<ul>\n<li><strong>\u00c2ge<\/strong> : 13 ans et<\/li>\n<li><strong>Dur\u00e9e<\/strong> : 30 min \u00e0 1h<\/li>\n<li><strong>Joueurs<\/strong> : 3 \u00e0 7<\/li>\n<\/ul>\n","protected":false},"featured_media":18769,"comment_status":"open","ping_status":"closed","template":"","meta":{"_acf_changed":false},"product_brand":[],"product_cat":[757,323,494],"product_tag":[334,177,405,516],"class_list":{"0":"post-6386","1":"product","2":"type-product","3":"status-publish","4":"has-post-thumbnail","6":"product_cat-7-wonders","7":"product_cat-jeux","8":"product_cat-jeux-de-societe","9":"product_tag-antiquite","10":"product_tag-cartes","11":"product_tag-developpement","12":"product_tag-draft","13":"product_shipping_class-livraisonstandard_colis","15":"first","16":"instock","17":"taxable","18":"shipping-taxable","19":"purchasable","20":"product-type-simple"},"acf":[],"yoast_head":"<!-- This site is optimized with the Yoast SEO plugin v25.3 - https:\/\/yoast.com\/wordpress\/plugins\/seo\/ -->\n<title>Acheter 7 Wonders - GOZU ZONE - Jeux et Accessoires<\/title>\n<meta name=\"robots\" content=\"index, follow, max-snippet:-1, max-image-preview:large, max-video-preview:-1\" \/>\n<link rel=\"canonical\" href=\"https:\/\/gozu.zone\/?product=7-wonders\" \/>\n<meta property=\"og:locale\" content=\"fr_FR\" \/>\n<meta property=\"og:type\" content=\"article\" \/>\n<meta property=\"og:title\" content=\"Acheter 7 Wonders - GOZU ZONE - Jeux et Accessoires\" \/>\n<meta property=\"og:description\" content=\"Dans 7 Wonders Nouvelle Edition, prenez la t\u00eate de l&#039;une des sept grandes cit\u00e9s du monde antique et laissez votre empreinte dans l&#039;histoire des civilisations. Cette bo\u00eete est la 2\u00e8me \u00e9dition de ce jeu devenu un classique   \u00c2ge : 13 ans et  Dur\u00e9e : 30 min \u00e0 1h  Joueurs : 3 \u00e0 7\" \/>\n<meta property=\"og:url\" content=\"https:\/\/gozu.zone\/?product=7-wonders\" \/>\n<meta property=\"og:site_name\" content=\"GOZU ZONE\" \/>\n<meta property=\"article:publisher\" content=\"https:\/\/www.facebook.com\/gozuzone\/\" \/>\n<meta property=\"article:modified_time\" content=\"2025-03-12T07:44:05+00:00\" \/>\n<meta property=\"og:image\" content=\"https:\/\/gozu.zone\/wp-content\/uploads\/2017\/10\/7wonders_box.png\" \/>\n\t<meta property=\"og:image:width\" content=\"1000\" \/>\n\t<meta property=\"og:image:height\" content=\"1000\" \/>\n\t<meta property=\"og:image:type\" content=\"image\/png\" \/>\n<meta name=\"twitter:card\" content=\"summary_large_image\" \/>\n<meta name=\"twitter:site\" content=\"@gozuzone\" \/>\n<meta name=\"twitter:label1\" content=\"Dur\u00e9e de lecture estim\u00e9e\" \/>\n\t<meta name=\"twitter:data1\" content=\"1 minute\" \/>\n<script type=\"application\/ld+json\" class=\"yoast-schema-graph\">{\"@context\":\"https:\/\/schema.org\",\"@graph\":[{\"@type\":\"WebPage\",\"@id\":\"https:\/\/gozu.zone\/?product=7-wonders\",\"url\":\"https:\/\/gozu.zone\/?product=7-wonders\",\"name\":\"Acheter 7 Wonders - GOZU ZONE - Jeux et Accessoires\",\"isPartOf\":{\"@id\":\"https:\/\/gozu.zone\/#website\"},\"primaryImageOfPage\":{\"@id\":\"https:\/\/gozu.zone\/?product=7-wonders#primaryimage\"},\"image\":{\"@id\":\"https:\/\/gozu.zone\/?product=7-wonders#primaryimage\"},\"thumbnailUrl\":\"https:\/\/gozu.zone\/wp-content\/uploads\/2017\/10\/7wonders_box.png\",\"datePublished\":\"2017-10-29T18:04:02+00:00\",\"dateModified\":\"2025-03-12T07:44:05+00:00\",\"breadcrumb\":{\"@id\":\"https:\/\/gozu.zone\/?product=7-wonders#breadcrumb\"},\"inLanguage\":\"fr-FR\",\"potentialAction\":[{\"@type\":\"ReadAction\",\"target\":[\"https:\/\/gozu.zone\/?product=7-wonders\"]}]},{\"@type\":\"ImageObject\",\"inLanguage\":\"fr-FR\",\"@id\":\"https:\/\/gozu.zone\/?product=7-wonders#primaryimage\",\"url\":\"https:\/\/gozu.zone\/wp-content\/uploads\/2017\/10\/7wonders_box.png\",\"contentUrl\":\"https:\/\/gozu.zone\/wp-content\/uploads\/2017\/10\/7wonders_box.png\",\"width\":1000,\"height\":1000,\"caption\":\"boite de 7 wonders\"},{\"@type\":\"BreadcrumbList\",\"@id\":\"https:\/\/gozu.zone\/?product=7-wonders#breadcrumb\",\"itemListElement\":[{\"@type\":\"ListItem\",\"position\":1,\"name\":\"Accueil\",\"item\":\"https:\/\/gozu.zone\/\"},{\"@type\":\"ListItem\",\"position\":2,\"name\":\"BOUTIQUE\",\"item\":\"https:\/\/gozu.zone\/?page_id=308\"},{\"@type\":\"ListItem\",\"position\":3,\"name\":\"7 Wonders\"}]},{\"@type\":\"WebSite\",\"@id\":\"https:\/\/gozu.zone\/#website\",\"url\":\"https:\/\/gozu.zone\/\",\"name\":\"GOZU ZONE\",\"description\":\"Toujours plus pour vos jeux\",\"potentialAction\":[{\"@type\":\"SearchAction\",\"target\":{\"@type\":\"EntryPoint\",\"urlTemplate\":\"https:\/\/gozu.zone\/?s={search_term_string}\"},\"query-input\":{\"@type\":\"PropertyValueSpecification\",\"valueRequired\":true,\"valueName\":\"search_term_string\"}}],\"inLanguage\":\"fr-FR\"}]}<\/script>\n<!-- \/ Yoast SEO plugin. -->","yoast_head_json":{"title":"Acheter 7 Wonders - GOZU ZONE - Jeux et Accessoires","robots":{"index":"index","follow":"follow","max-snippet":"max-snippet:-1","max-image-preview":"max-image-preview:large","max-video-preview":"max-video-preview:-1"},"canonical":"https:\/\/gozu.zone\/?product=7-wonders","og_locale":"fr_FR","og_type":"article","og_title":"Acheter 7 Wonders - GOZU ZONE - Jeux et Accessoires","og_description":"Dans 7 Wonders Nouvelle Edition, prenez la t\u00eate de l'une des sept grandes cit\u00e9s du monde antique et laissez votre empreinte dans l'histoire des civilisations. Cette bo\u00eete est la 2\u00e8me \u00e9dition de ce jeu devenu un classique   \u00c2ge : 13 ans et  Dur\u00e9e : 30 min \u00e0 1h  Joueurs : 3 \u00e0 7","og_url":"https:\/\/gozu.zone\/?product=7-wonders","og_site_name":"GOZU ZONE","article_publisher":"https:\/\/www.facebook.com\/gozuzone\/","article_modified_time":"2025-03-12T07:44:05+00:00","og_image":[{"width":1000,"height":1000,"url":"https:\/\/gozu.zone\/wp-content\/uploads\/2017\/10\/7wonders_box.png","type":"image\/png"}],"twitter_card":"summary_large_image","twitter_site":"@gozuzone","twitter_misc":{"Dur\u00e9e de lecture estim\u00e9e":"1 minute"},"schema":{"@context":"https:\/\/schema.org","@graph":[{"@type":"WebPage","@id":"https:\/\/gozu.zone\/?product=7-wonders","url":"https:\/\/gozu.zone\/?product=7-wonders","name":"Acheter 7 Wonders - GOZU ZONE - Jeux et Accessoires","isPartOf":{"@id":"https:\/\/gozu.zone\/#website"},"primaryImageOfPage":{"@id":"https:\/\/gozu.zone\/?product=7-wonders#primaryimage"},"image":{"@id":"https:\/\/gozu.zone\/?product=7-wonders#primaryimage"},"thumbnailUrl":"https:\/\/gozu.zone\/wp-content\/uploads\/2017\/10\/7wonders_box.png","datePublished":"2017-10-29T18:04:02+00:00","dateModified":"2025-03-12T07:44:05+00:00","breadcrumb":{"@id":"https:\/\/gozu.zone\/?product=7-wonders#breadcrumb"},"inLanguage":"fr-FR","potentialAction":[{"@type":"ReadAction","target":["https:\/\/gozu.zone\/?product=7-wonders"]}]},{"@type":"ImageObject","inLanguage":"fr-FR","@id":"https:\/\/gozu.zone\/?product=7-wonders#primaryimage","url":"https:\/\/gozu.zone\/wp-content\/uploads\/2017\/10\/7wonders_box.png","contentUrl":"https:\/\/gozu.zone\/wp-content\/uploads\/2017\/10\/7wonders_box.png","width":1000,"height":1000,"caption":"boite de 7 wonders"},{"@type":"BreadcrumbList","@id":"https:\/\/gozu.zone\/?product=7-wonders#breadcrumb","itemListElement":[{"@type":"ListItem","position":1,"name":"Accueil","item":"https:\/\/gozu.zone\/"},{"@type":"ListItem","position":2,"name":"BOUTIQUE","item":"https:\/\/gozu.zone\/?page_id=308"},{"@type":"ListItem","position":3,"name":"7 Wonders"}]},{"@type":"WebSite","@id":"https:\/\/gozu.zone\/#website","url":"https:\/\/gozu.zone\/","name":"GOZU ZONE","description":"Toujours plus pour vos jeux","potentialAction":[{"@type":"SearchAction","target":{"@type":"EntryPoint","urlTemplate":"https:\/\/gozu.zone\/?s={search_term_string}"},"query-input":{"@type":"PropertyValueSpecification","valueRequired":true,"valueName":"search_term_string"}}],"inLanguage":"fr-FR"}]}},"_links":{"self":[{"href":"https:\/\/gozu.zone\/index.php?rest_route=\/wp\/v2\/product\/6386","targetHints":{"allow":["GET"]}}],"collection":[{"href":"https:\/\/gozu.zone\/index.php?rest_route=\/wp\/v2\/product"}],"about":[{"href":"https:\/\/gozu.zone\/index.php?rest_route=\/wp\/v2\/types\/product"}],"replies":[{"embeddable":true,"href":"https:\/\/gozu.zone\/index.php?rest_route=%2Fwp%2Fv2%2Fcomments&post=6386"}],"wp:featuredmedia":[{"embeddable":true,"href":"https:\/\/gozu.zone\/index.php?rest_route=\/wp\/v2\/media\/18769"}],"wp:attachment":[{"href":"https:\/\/gozu.zone\/index.php?rest_route=%2Fwp%2Fv2%2Fmedia&parent=6386"}],"wp:term":[{"taxonomy":"product_brand","embeddable":true,"href":"https:\/\/gozu.zone\/index.php?rest_route=%2Fwp%2Fv2%2Fproduct_brand&post=6386"},{"taxonomy":"product_cat","embeddable":true,"href":"https:\/\/gozu.zone\/index.php?rest_route=%2Fwp%2Fv2%2Fproduct_cat&post=6386"},{"taxonomy":"product_tag","embeddable":true,"href":"https:\/\/gozu.zone\/index.php?rest_route=%2Fwp%2Fv2%2Fproduct_tag&post=6386"}],"curies":[{"name":"wp","href":"https:\/\/api.w.org\/{rel}","templated":true}]}}