{"id":6503,"date":"2017-11-13T20:36:17","date_gmt":"2017-11-13T20:36:17","guid":{"rendered":"https:\/\/gozu.zone\/?post_type=product&#038;p=6503"},"modified":"2024-05-14T18:37:47","modified_gmt":"2024-05-14T18:37:47","slug":"t-i-m-e-stories-estrella-drive","status":"publish","type":"product","link":"https:\/\/gozu.zone\/?product=t-i-m-e-stories-estrella-drive","title":{"rendered":"T.I.M.E Stories : Estrella Drive"},"content":{"rendered":"<p>\u00c0 Hollywood, les fant\u00f4mes du pass\u00e9 ne meurent jamais. Embarquez dans une nouvelle aventure dans le pass\u00e9 avec la 6e extension de\u00a0T.I.M.E Stories. Comme \u00e0 chaque fois, vous voici charg\u00e9 d\u2019enqu\u00eatersur une perturbation de la courbe du temps. Cette fois, vous voici en 1982, appel\u00e9 \u00e0 enqu\u00eater dans une villa hollywoodienne pr\u00e9tendument hant\u00e9e !<br \/>\nVous incarnerez tous des avatars parfaitement ancr\u00e9s dans ce contexte : servante malhonn\u00eate, journaliste de tablo\u00efd, gigolo, acteur en devenir, etc.<br \/>\nCette aventure est la plus mature jamais propos\u00e9e par les Space Cowboys. Il faudra donc ne pas la confier aux mains des plus jeunes<\/p>\n<p>&nbsp;<\/p>\n<h2>R\u00e8gles du jeu Time Stories<\/h2>\n<p>&nbsp;<\/p>\n<p style=\"text-align: center;\"><iframe loading=\"lazy\" src=\"https:\/\/www.youtube.com\/embed\/KwCIpE0QV6M\" width=\"480\" height=\"270\" frameborder=\"0\" allowfullscreen=\"allowfullscreen\"><\/iframe><\/p>\n<div class=\"disclaimer material\"><\/div>\n","protected":false},"excerpt":{"rendered":"<p>La 6e\u00a0extension de T.I.M.E. Stories :\u00a0Une ambiance sulfureuse et oppressante plong\u00e9e dans le monde hollywoodien\u00a0des ann\u00e9es 80<\/p>\n<ul>\n<li><strong>\u00c2ge<\/strong> : 16\u00a0ans et +<\/li>\n<li><strong>Dur\u00e9e<\/strong> : 90 min<\/li>\n<li><strong>Joueurs<\/strong> : 2\u00a0\u00e0 4<\/li>\n<\/ul>\n<p><strong>T.I.M.E Stories\u00a0<\/strong>est n\u00e9cessaire pour utiliser cette extension.<\/p>\n","protected":false},"featured_media":6504,"comment_status":"open","ping_status":"closed","template":"","meta":{"_acf_changed":false},"product_brand":[],"product_cat":[324,327,323,494,333],"product_tag":[578,382,577,380,532,566],"class_list":{"0":"post-6503","1":"product","2":"type-product","3":"status-publish","4":"has-post-thumbnail","6":"product_cat-experts","7":"product_cat-extensions","8":"product_cat-jeux","9":"product_cat-jeux-de-societe","10":"product_cat-par-types","11":"product_tag-aventure","12":"product_tag-cooperatif","13":"product_tag-enigme","14":"product_tag-exploration","15":"product_tag-roles","16":"product_tag-science-fiction","17":"product_shipping_class-livraisonstandard_colis","19":"first","20":"instock","21":"sale","22":"taxable","23":"shipping-taxable","24":"purchasable","25":"product-type-simple"},"acf":[],"yoast_head":"<!-- This site is optimized with the Yoast SEO plugin v25.3 - https:\/\/yoast.com\/wordpress\/plugins\/seo\/ -->\n<title>Acheter T.I.M.E Stories : Estrella Drive - GOZU ZONE - Jeux et Accessoires<\/title>\n<meta name=\"robots\" content=\"index, follow, max-snippet:-1, max-image-preview:large, max-video-preview:-1\" \/>\n<link rel=\"canonical\" href=\"https:\/\/gozu.zone\/?product=t-i-m-e-stories-estrella-drive\" \/>\n<meta property=\"og:locale\" content=\"fr_FR\" \/>\n<meta property=\"og:type\" content=\"article\" \/>\n<meta property=\"og:title\" content=\"Acheter T.I.M.E Stories : Estrella Drive - GOZU ZONE - Jeux et Accessoires\" \/>\n<meta property=\"og:description\" content=\"La 6e\u00a0extension de T.I.M.E. Stories :\u00a0Une ambiance sulfureuse et oppressante plong\u00e9e dans le monde hollywoodien\u00a0des ann\u00e9es 80   \u00c2ge : 16\u00a0ans et +  Dur\u00e9e : 90 min  Joueurs : 2\u00a0\u00e0 4  T.I.M.E Stories\u00a0est n\u00e9cessaire pour utiliser cette extension.\" \/>\n<meta property=\"og:url\" content=\"https:\/\/gozu.zone\/?product=t-i-m-e-stories-estrella-drive\" \/>\n<meta property=\"og:site_name\" content=\"GOZU ZONE\" \/>\n<meta property=\"article:publisher\" content=\"https:\/\/www.facebook.com\/gozuzone\/\" \/>\n<meta property=\"article:modified_time\" content=\"2024-05-14T18:37:47+00:00\" \/>\n<meta property=\"og:image\" content=\"https:\/\/gozu.zone\/wp-content\/uploads\/2017\/11\/estrella-drive.jpg\" \/>\n\t<meta property=\"og:image:width\" content=\"480\" \/>\n\t<meta property=\"og:image:height\" content=\"480\" \/>\n\t<meta property=\"og:image:type\" content=\"image\/jpeg\" \/>\n<meta name=\"twitter:card\" content=\"summary_large_image\" \/>\n<meta name=\"twitter:site\" content=\"@gozuzone\" \/>\n<meta name=\"twitter:label1\" content=\"Dur\u00e9e de lecture estim\u00e9e\" \/>\n\t<meta name=\"twitter:data1\" content=\"1 minute\" \/>\n<script type=\"application\/ld+json\" class=\"yoast-schema-graph\">{\"@context\":\"https:\/\/schema.org\",\"@graph\":[{\"@type\":\"WebPage\",\"@id\":\"https:\/\/gozu.zone\/?product=t-i-m-e-stories-estrella-drive\",\"url\":\"https:\/\/gozu.zone\/?product=t-i-m-e-stories-estrella-drive\",\"name\":\"Acheter T.I.M.E Stories : Estrella Drive - GOZU ZONE - Jeux et Accessoires\",\"isPartOf\":{\"@id\":\"https:\/\/gozu.zone\/#website\"},\"primaryImageOfPage\":{\"@id\":\"https:\/\/gozu.zone\/?product=t-i-m-e-stories-estrella-drive#primaryimage\"},\"image\":{\"@id\":\"https:\/\/gozu.zone\/?product=t-i-m-e-stories-estrella-drive#primaryimage\"},\"thumbnailUrl\":\"https:\/\/gozu.zone\/wp-content\/uploads\/2017\/11\/estrella-drive.jpg\",\"datePublished\":\"2017-11-13T20:36:17+00:00\",\"dateModified\":\"2024-05-14T18:37:47+00:00\",\"breadcrumb\":{\"@id\":\"https:\/\/gozu.zone\/?product=t-i-m-e-stories-estrella-drive#breadcrumb\"},\"inLanguage\":\"fr-FR\",\"potentialAction\":[{\"@type\":\"ReadAction\",\"target\":[\"https:\/\/gozu.zone\/?product=t-i-m-e-stories-estrella-drive\"]}]},{\"@type\":\"ImageObject\",\"inLanguage\":\"fr-FR\",\"@id\":\"https:\/\/gozu.zone\/?product=t-i-m-e-stories-estrella-drive#primaryimage\",\"url\":\"https:\/\/gozu.zone\/wp-content\/uploads\/2017\/11\/estrella-drive.jpg\",\"contentUrl\":\"https:\/\/gozu.zone\/wp-content\/uploads\/2017\/11\/estrella-drive.jpg\",\"width\":480,\"height\":480},{\"@type\":\"BreadcrumbList\",\"@id\":\"https:\/\/gozu.zone\/?product=t-i-m-e-stories-estrella-drive#breadcrumb\",\"itemListElement\":[{\"@type\":\"ListItem\",\"position\":1,\"name\":\"Accueil\",\"item\":\"https:\/\/gozu.zone\/\"},{\"@type\":\"ListItem\",\"position\":2,\"name\":\"BOUTIQUE\",\"item\":\"https:\/\/gozu.zone\/?page_id=308\"},{\"@type\":\"ListItem\",\"position\":3,\"name\":\"T.I.M.E Stories : Estrella Drive\"}]},{\"@type\":\"WebSite\",\"@id\":\"https:\/\/gozu.zone\/#website\",\"url\":\"https:\/\/gozu.zone\/\",\"name\":\"GOZU ZONE\",\"description\":\"Toujours plus pour vos jeux\",\"potentialAction\":[{\"@type\":\"SearchAction\",\"target\":{\"@type\":\"EntryPoint\",\"urlTemplate\":\"https:\/\/gozu.zone\/?s={search_term_string}\"},\"query-input\":{\"@type\":\"PropertyValueSpecification\",\"valueRequired\":true,\"valueName\":\"search_term_string\"}}],\"inLanguage\":\"fr-FR\"}]}<\/script>\n<!-- \/ Yoast SEO plugin. -->","yoast_head_json":{"title":"Acheter T.I.M.E Stories : Estrella Drive - GOZU ZONE - Jeux et Accessoires","robots":{"index":"index","follow":"follow","max-snippet":"max-snippet:-1","max-image-preview":"max-image-preview:large","max-video-preview":"max-video-preview:-1"},"canonical":"https:\/\/gozu.zone\/?product=t-i-m-e-stories-estrella-drive","og_locale":"fr_FR","og_type":"article","og_title":"Acheter T.I.M.E Stories : Estrella Drive - GOZU ZONE - Jeux et Accessoires","og_description":"La 6e\u00a0extension de T.I.M.E. Stories :\u00a0Une ambiance sulfureuse et oppressante plong\u00e9e dans le monde hollywoodien\u00a0des ann\u00e9es 80   \u00c2ge : 16\u00a0ans et +  Dur\u00e9e : 90 min  Joueurs : 2\u00a0\u00e0 4  T.I.M.E Stories\u00a0est n\u00e9cessaire pour utiliser cette extension.","og_url":"https:\/\/gozu.zone\/?product=t-i-m-e-stories-estrella-drive","og_site_name":"GOZU ZONE","article_publisher":"https:\/\/www.facebook.com\/gozuzone\/","article_modified_time":"2024-05-14T18:37:47+00:00","og_image":[{"width":480,"height":480,"url":"https:\/\/gozu.zone\/wp-content\/uploads\/2017\/11\/estrella-drive.jpg","type":"image\/jpeg"}],"twitter_card":"summary_large_image","twitter_site":"@gozuzone","twitter_misc":{"Dur\u00e9e de lecture estim\u00e9e":"1 minute"},"schema":{"@context":"https:\/\/schema.org","@graph":[{"@type":"WebPage","@id":"https:\/\/gozu.zone\/?product=t-i-m-e-stories-estrella-drive","url":"https:\/\/gozu.zone\/?product=t-i-m-e-stories-estrella-drive","name":"Acheter T.I.M.E Stories : Estrella Drive - GOZU ZONE - Jeux et Accessoires","isPartOf":{"@id":"https:\/\/gozu.zone\/#website"},"primaryImageOfPage":{"@id":"https:\/\/gozu.zone\/?product=t-i-m-e-stories-estrella-drive#primaryimage"},"image":{"@id":"https:\/\/gozu.zone\/?product=t-i-m-e-stories-estrella-drive#primaryimage"},"thumbnailUrl":"https:\/\/gozu.zone\/wp-content\/uploads\/2017\/11\/estrella-drive.jpg","datePublished":"2017-11-13T20:36:17+00:00","dateModified":"2024-05-14T18:37:47+00:00","breadcrumb":{"@id":"https:\/\/gozu.zone\/?product=t-i-m-e-stories-estrella-drive#breadcrumb"},"inLanguage":"fr-FR","potentialAction":[{"@type":"ReadAction","target":["https:\/\/gozu.zone\/?product=t-i-m-e-stories-estrella-drive"]}]},{"@type":"ImageObject","inLanguage":"fr-FR","@id":"https:\/\/gozu.zone\/?product=t-i-m-e-stories-estrella-drive#primaryimage","url":"https:\/\/gozu.zone\/wp-content\/uploads\/2017\/11\/estrella-drive.jpg","contentUrl":"https:\/\/gozu.zone\/wp-content\/uploads\/2017\/11\/estrella-drive.jpg","width":480,"height":480},{"@type":"BreadcrumbList","@id":"https:\/\/gozu.zone\/?product=t-i-m-e-stories-estrella-drive#breadcrumb","itemListElement":[{"@type":"ListItem","position":1,"name":"Accueil","item":"https:\/\/gozu.zone\/"},{"@type":"ListItem","position":2,"name":"BOUTIQUE","item":"https:\/\/gozu.zone\/?page_id=308"},{"@type":"ListItem","position":3,"name":"T.I.M.E Stories : Estrella Drive"}]},{"@type":"WebSite","@id":"https:\/\/gozu.zone\/#website","url":"https:\/\/gozu.zone\/","name":"GOZU ZONE","description":"Toujours plus pour vos jeux","potentialAction":[{"@type":"SearchAction","target":{"@type":"EntryPoint","urlTemplate":"https:\/\/gozu.zone\/?s={search_term_string}"},"query-input":{"@type":"PropertyValueSpecification","valueRequired":true,"valueName":"search_term_string"}}],"inLanguage":"fr-FR"}]}},"_links":{"self":[{"href":"https:\/\/gozu.zone\/index.php?rest_route=\/wp\/v2\/product\/6503","targetHints":{"allow":["GET"]}}],"collection":[{"href":"https:\/\/gozu.zone\/index.php?rest_route=\/wp\/v2\/product"}],"about":[{"href":"https:\/\/gozu.zone\/index.php?rest_route=\/wp\/v2\/types\/product"}],"replies":[{"embeddable":true,"href":"https:\/\/gozu.zone\/index.php?rest_route=%2Fwp%2Fv2%2Fcomments&post=6503"}],"wp:featuredmedia":[{"embeddable":true,"href":"https:\/\/gozu.zone\/index.php?rest_route=\/wp\/v2\/media\/6504"}],"wp:attachment":[{"href":"https:\/\/gozu.zone\/index.php?rest_route=%2Fwp%2Fv2%2Fmedia&parent=6503"}],"wp:term":[{"taxonomy":"product_brand","embeddable":true,"href":"https:\/\/gozu.zone\/index.php?rest_route=%2Fwp%2Fv2%2Fproduct_brand&post=6503"},{"taxonomy":"product_cat","embeddable":true,"href":"https:\/\/gozu.zone\/index.php?rest_route=%2Fwp%2Fv2%2Fproduct_cat&post=6503"},{"taxonomy":"product_tag","embeddable":true,"href":"https:\/\/gozu.zone\/index.php?rest_route=%2Fwp%2Fv2%2Fproduct_tag&post=6503"}],"curies":[{"name":"wp","href":"https:\/\/api.w.org\/{rel}","templated":true}]}}