{"id":6519,"date":"2017-11-14T20:42:59","date_gmt":"2017-11-14T20:42:59","guid":{"rendered":"https:\/\/gozu.zone\/?post_type=product&#038;p=6519"},"modified":"2017-11-14T20:59:24","modified_gmt":"2017-11-14T20:59:24","slug":"x-wing-jeu-de-figurines","status":"publish","type":"product","link":"https:\/\/gozu.zone\/?product=x-wing-jeu-de-figurines","title":{"rendered":"X-Wing : Le Jeu de Figurines"},"content":{"rendered":"<p>Il y a bien longtemps, dans une galaxie lointaine, tr\u00e8s lointaine \u2026<\/p>\n<p>Nous sommes en pleine guerre civile. Contre toute attente, l\u2019Alliance\u00a0rebelle d\u00e9fie la tyrannie du mal\u00e9fique Empire galactique. Bien\u00a0que la Marine imp\u00e9riale domine outrageusement la flotte rebelle,\u00a0l\u2019Alliance s\u2019accroche \u00e0 l\u2019espoir qu\u2019une poign\u00e9e de pilotes courageux\u00a0parviendra\u00a0\u00e0 changer le destin de la galaxie\u2026<\/p>\n<p><em>X-Wing<\/em>\u00a0est un jeu de combat spatial \u00e9pique qui se d\u00e9roule\u00a0dans l\u2019univers de Star Wars. Les joueurs prennent le contr\u00f4le de\u00a0chasseurs de l\u2019Alliance rebelle ou de l\u2019Empire galactique et disposent\u00a0pour les \u00e9quiper d\u2019un large \u00e9ventail de pilotes, d\u2019armes sp\u00e9ciales et\u00a0d\u2019am\u00e9liorations, puis tentent d\u2019abattre leurs adversaires.<\/p>\n<p>Cette bo\u00eete contient tout ce dont deux joueurs ont besoin pour\u00a0commencer tr\u00e8s rapidement une partie de\u00a0<em>X-Wing<\/em>\u00a0: des vaisseaux\u00a0en plastique pr\u00e9peints, des d\u00e9s sp\u00e9ciaux, des cartes, des marqueurs et\u00a0une version simplifi\u00e9e des r\u00e8gles. Vous y trouverez aussi des r\u00e8gles\u00a0avanc\u00e9es et des missions sp\u00e9ciales qui donneront une tout autre\u00a0dimension tactique au jeu.<\/p>\n<p>\u00c9quipez vos vaisseaux ! Et que la Force soit avec vous !<\/p>\n<p>&amp;nbsp<\/p>\n<div class=\"disclaimer material\">\n<h3>CONTENU de\u00a0X-Wing : Le Jeu de Figurines<\/h3>\n<ul>\n<li>1 livre de r\u00e8gles<\/li>\n<li>1 livret de r\u00e8gles simplifi\u00e9es<\/li>\n<li>3 vaisseaux en plastique peints<\/li>\n<li>3 socles en plastique transparent<\/li>\n<li>6 fixations en plastique transparentes<\/li>\n<li>11 gabarits de man\u0153uvre<\/li>\n<li>3 cadrans de man\u0153uvres<\/li>\n<li>81 marqueurs<\/li>\n<li>13 cartes de vaisseau<\/li>\n<li>33 cartes de d\u00e9g\u00e2ts<\/li>\n<li>5 cartes d\u2019am\u00e9lioration<\/li>\n<li>6 d\u00e9s<\/li>\n<li>3 d\u00e9s de d\u00e9fense verts<\/li>\n<li>1 r\u00e8gle des port\u00e9es<a href=\"http:\/\/pro.gozu.zone\/wp-content\/uploads\/2017\/11\/xw_step_1.png\"><img loading=\"lazy\" decoding=\"async\" class=\"alignright wp-image-6521 \" src=\"http:\/\/pro.gozu.zone\/wp-content\/uploads\/2017\/11\/xw_step_1-1024x407.png\" alt=\"\" width=\"579\" height=\"230\" srcset=\"https:\/\/gozu.zone\/wp-content\/uploads\/2017\/11\/xw_step_1-1024x407.png 1024w, https:\/\/gozu.zone\/wp-content\/uploads\/2017\/11\/xw_step_1-510x203.png 510w, https:\/\/gozu.zone\/wp-content\/uploads\/2017\/11\/xw_step_1-300x119.png 300w, https:\/\/gozu.zone\/wp-content\/uploads\/2017\/11\/xw_step_1-768x305.png 768w, https:\/\/gozu.zone\/wp-content\/uploads\/2017\/11\/xw_step_1-570x226.png 570w, https:\/\/gozu.zone\/wp-content\/uploads\/2017\/11\/xw_step_1.png 1435w\" sizes=\"auto, (max-width: 579px) 100vw, 579px\" \/><\/a><\/li>\n<\/ul>\n<\/div>\n<p>&nbsp;<\/p>\n","protected":false},"excerpt":{"rendered":"<p>Il y a bien longtemps, dans une galaxie lointaine, tr\u00e8s lointaine \u2026<\/p>\n<ul>\n<li><strong>\u00c2ge<\/strong> : 14\u00a0ans et +<\/li>\n<li><strong>Dur\u00e9e<\/strong> : 30 \u00e0 60 min<\/li>\n<li><strong>Joueurs<\/strong> : 2<\/li>\n<\/ul>\n","protected":false},"featured_media":6524,"comment_status":"open","ping_status":"closed","template":"","meta":{"_acf_changed":false},"product_brand":[],"product_cat":[601,324,323,401,495,494,333,600],"product_tag":[544,602],"class_list":{"0":"post-6519","1":"product","2":"type-product","3":"status-publish","4":"has-post-thumbnail","6":"product_cat-boite-de-base-et-accessoires-star-wars-x-wing","7":"product_cat-experts","8":"product_cat-jeux","9":"product_cat-jeux-a-2","10":"product_cat-jeux-de-figurines","11":"product_cat-jeux-de-societe","12":"product_cat-par-types","13":"product_cat-star-wars-x-wing","14":"product_tag-figurines","15":"product_tag-programmation","16":"product_shipping_class-livraisonstandard_colis","18":"first","19":"instock","20":"sale","21":"taxable","22":"shipping-taxable","23":"purchasable","24":"product-type-simple"},"acf":[],"yoast_head":"<!-- This site is optimized with the Yoast SEO plugin v25.3 - https:\/\/yoast.com\/wordpress\/plugins\/seo\/ -->\n<title>Acheter X-Wing : Le Jeu de Figurines - GOZU ZONE - Jeux et Accessoires<\/title>\n<meta name=\"robots\" content=\"index, follow, max-snippet:-1, max-image-preview:large, max-video-preview:-1\" \/>\n<link rel=\"canonical\" href=\"https:\/\/gozu.zone\/?product=x-wing-jeu-de-figurines\" \/>\n<meta property=\"og:locale\" content=\"fr_FR\" \/>\n<meta property=\"og:type\" content=\"article\" \/>\n<meta property=\"og:title\" content=\"Acheter X-Wing : Le Jeu de Figurines - GOZU ZONE - Jeux et Accessoires\" \/>\n<meta property=\"og:description\" content=\"Il y a bien longtemps, dans une galaxie lointaine, tr\u00e8s lointaine \u2026   \u00c2ge : 14\u00a0ans et +  Dur\u00e9e : 30 \u00e0 60 min  Joueurs : 2\" \/>\n<meta property=\"og:url\" content=\"https:\/\/gozu.zone\/?product=x-wing-jeu-de-figurines\" \/>\n<meta property=\"og:site_name\" content=\"GOZU ZONE\" \/>\n<meta property=\"article:publisher\" content=\"https:\/\/www.facebook.com\/gozuzone\/\" \/>\n<meta property=\"article:modified_time\" content=\"2017-11-14T20:59:24+00:00\" \/>\n<meta property=\"og:image\" content=\"https:\/\/gozu.zone\/wp-content\/uploads\/2017\/11\/ubiswx01.jpg\" \/>\n\t<meta property=\"og:image:width\" content=\"640\" \/>\n\t<meta property=\"og:image:height\" content=\"640\" \/>\n\t<meta property=\"og:image:type\" content=\"image\/jpeg\" \/>\n<meta name=\"twitter:card\" content=\"summary_large_image\" \/>\n<meta name=\"twitter:site\" content=\"@gozuzone\" \/>\n<meta name=\"twitter:label1\" content=\"Dur\u00e9e de lecture estim\u00e9e\" \/>\n\t<meta name=\"twitter:data1\" content=\"1 minute\" \/>\n<script type=\"application\/ld+json\" class=\"yoast-schema-graph\">{\"@context\":\"https:\/\/schema.org\",\"@graph\":[{\"@type\":\"WebPage\",\"@id\":\"https:\/\/gozu.zone\/?product=x-wing-jeu-de-figurines\",\"url\":\"https:\/\/gozu.zone\/?product=x-wing-jeu-de-figurines\",\"name\":\"Acheter X-Wing : Le Jeu de Figurines - GOZU ZONE - Jeux et Accessoires\",\"isPartOf\":{\"@id\":\"https:\/\/gozu.zone\/#website\"},\"primaryImageOfPage\":{\"@id\":\"https:\/\/gozu.zone\/?product=x-wing-jeu-de-figurines#primaryimage\"},\"image\":{\"@id\":\"https:\/\/gozu.zone\/?product=x-wing-jeu-de-figurines#primaryimage\"},\"thumbnailUrl\":\"https:\/\/gozu.zone\/wp-content\/uploads\/2017\/11\/ubiswx01.jpg\",\"datePublished\":\"2017-11-14T20:42:59+00:00\",\"dateModified\":\"2017-11-14T20:59:24+00:00\",\"breadcrumb\":{\"@id\":\"https:\/\/gozu.zone\/?product=x-wing-jeu-de-figurines#breadcrumb\"},\"inLanguage\":\"fr-FR\",\"potentialAction\":[{\"@type\":\"ReadAction\",\"target\":[\"https:\/\/gozu.zone\/?product=x-wing-jeu-de-figurines\"]}]},{\"@type\":\"ImageObject\",\"inLanguage\":\"fr-FR\",\"@id\":\"https:\/\/gozu.zone\/?product=x-wing-jeu-de-figurines#primaryimage\",\"url\":\"https:\/\/gozu.zone\/wp-content\/uploads\/2017\/11\/ubiswx01.jpg\",\"contentUrl\":\"https:\/\/gozu.zone\/wp-content\/uploads\/2017\/11\/ubiswx01.jpg\",\"width\":640,\"height\":640,\"caption\":\"X-Wing : Le Jeu de Figurines\"},{\"@type\":\"BreadcrumbList\",\"@id\":\"https:\/\/gozu.zone\/?product=x-wing-jeu-de-figurines#breadcrumb\",\"itemListElement\":[{\"@type\":\"ListItem\",\"position\":1,\"name\":\"Accueil\",\"item\":\"https:\/\/gozu.zone\/\"},{\"@type\":\"ListItem\",\"position\":2,\"name\":\"BOUTIQUE\",\"item\":\"https:\/\/gozu.zone\/?page_id=308\"},{\"@type\":\"ListItem\",\"position\":3,\"name\":\"X-Wing : Le Jeu de Figurines\"}]},{\"@type\":\"WebSite\",\"@id\":\"https:\/\/gozu.zone\/#website\",\"url\":\"https:\/\/gozu.zone\/\",\"name\":\"GOZU ZONE\",\"description\":\"Toujours plus pour vos jeux\",\"potentialAction\":[{\"@type\":\"SearchAction\",\"target\":{\"@type\":\"EntryPoint\",\"urlTemplate\":\"https:\/\/gozu.zone\/?s={search_term_string}\"},\"query-input\":{\"@type\":\"PropertyValueSpecification\",\"valueRequired\":true,\"valueName\":\"search_term_string\"}}],\"inLanguage\":\"fr-FR\"}]}<\/script>\n<!-- \/ Yoast SEO plugin. -->","yoast_head_json":{"title":"Acheter X-Wing : Le Jeu de Figurines - GOZU ZONE - Jeux et Accessoires","robots":{"index":"index","follow":"follow","max-snippet":"max-snippet:-1","max-image-preview":"max-image-preview:large","max-video-preview":"max-video-preview:-1"},"canonical":"https:\/\/gozu.zone\/?product=x-wing-jeu-de-figurines","og_locale":"fr_FR","og_type":"article","og_title":"Acheter X-Wing : Le Jeu de Figurines - GOZU ZONE - Jeux et Accessoires","og_description":"Il y a bien longtemps, dans une galaxie lointaine, tr\u00e8s lointaine \u2026   \u00c2ge : 14\u00a0ans et +  Dur\u00e9e : 30 \u00e0 60 min  Joueurs : 2","og_url":"https:\/\/gozu.zone\/?product=x-wing-jeu-de-figurines","og_site_name":"GOZU ZONE","article_publisher":"https:\/\/www.facebook.com\/gozuzone\/","article_modified_time":"2017-11-14T20:59:24+00:00","og_image":[{"width":640,"height":640,"url":"https:\/\/gozu.zone\/wp-content\/uploads\/2017\/11\/ubiswx01.jpg","type":"image\/jpeg"}],"twitter_card":"summary_large_image","twitter_site":"@gozuzone","twitter_misc":{"Dur\u00e9e de lecture estim\u00e9e":"1 minute"},"schema":{"@context":"https:\/\/schema.org","@graph":[{"@type":"WebPage","@id":"https:\/\/gozu.zone\/?product=x-wing-jeu-de-figurines","url":"https:\/\/gozu.zone\/?product=x-wing-jeu-de-figurines","name":"Acheter X-Wing : Le Jeu de Figurines - GOZU ZONE - Jeux et Accessoires","isPartOf":{"@id":"https:\/\/gozu.zone\/#website"},"primaryImageOfPage":{"@id":"https:\/\/gozu.zone\/?product=x-wing-jeu-de-figurines#primaryimage"},"image":{"@id":"https:\/\/gozu.zone\/?product=x-wing-jeu-de-figurines#primaryimage"},"thumbnailUrl":"https:\/\/gozu.zone\/wp-content\/uploads\/2017\/11\/ubiswx01.jpg","datePublished":"2017-11-14T20:42:59+00:00","dateModified":"2017-11-14T20:59:24+00:00","breadcrumb":{"@id":"https:\/\/gozu.zone\/?product=x-wing-jeu-de-figurines#breadcrumb"},"inLanguage":"fr-FR","potentialAction":[{"@type":"ReadAction","target":["https:\/\/gozu.zone\/?product=x-wing-jeu-de-figurines"]}]},{"@type":"ImageObject","inLanguage":"fr-FR","@id":"https:\/\/gozu.zone\/?product=x-wing-jeu-de-figurines#primaryimage","url":"https:\/\/gozu.zone\/wp-content\/uploads\/2017\/11\/ubiswx01.jpg","contentUrl":"https:\/\/gozu.zone\/wp-content\/uploads\/2017\/11\/ubiswx01.jpg","width":640,"height":640,"caption":"X-Wing : Le Jeu de Figurines"},{"@type":"BreadcrumbList","@id":"https:\/\/gozu.zone\/?product=x-wing-jeu-de-figurines#breadcrumb","itemListElement":[{"@type":"ListItem","position":1,"name":"Accueil","item":"https:\/\/gozu.zone\/"},{"@type":"ListItem","position":2,"name":"BOUTIQUE","item":"https:\/\/gozu.zone\/?page_id=308"},{"@type":"ListItem","position":3,"name":"X-Wing : Le Jeu de Figurines"}]},{"@type":"WebSite","@id":"https:\/\/gozu.zone\/#website","url":"https:\/\/gozu.zone\/","name":"GOZU ZONE","description":"Toujours plus pour vos jeux","potentialAction":[{"@type":"SearchAction","target":{"@type":"EntryPoint","urlTemplate":"https:\/\/gozu.zone\/?s={search_term_string}"},"query-input":{"@type":"PropertyValueSpecification","valueRequired":true,"valueName":"search_term_string"}}],"inLanguage":"fr-FR"}]}},"_links":{"self":[{"href":"https:\/\/gozu.zone\/index.php?rest_route=\/wp\/v2\/product\/6519","targetHints":{"allow":["GET"]}}],"collection":[{"href":"https:\/\/gozu.zone\/index.php?rest_route=\/wp\/v2\/product"}],"about":[{"href":"https:\/\/gozu.zone\/index.php?rest_route=\/wp\/v2\/types\/product"}],"replies":[{"embeddable":true,"href":"https:\/\/gozu.zone\/index.php?rest_route=%2Fwp%2Fv2%2Fcomments&post=6519"}],"wp:featuredmedia":[{"embeddable":true,"href":"https:\/\/gozu.zone\/index.php?rest_route=\/wp\/v2\/media\/6524"}],"wp:attachment":[{"href":"https:\/\/gozu.zone\/index.php?rest_route=%2Fwp%2Fv2%2Fmedia&parent=6519"}],"wp:term":[{"taxonomy":"product_brand","embeddable":true,"href":"https:\/\/gozu.zone\/index.php?rest_route=%2Fwp%2Fv2%2Fproduct_brand&post=6519"},{"taxonomy":"product_cat","embeddable":true,"href":"https:\/\/gozu.zone\/index.php?rest_route=%2Fwp%2Fv2%2Fproduct_cat&post=6519"},{"taxonomy":"product_tag","embeddable":true,"href":"https:\/\/gozu.zone\/index.php?rest_route=%2Fwp%2Fv2%2Fproduct_tag&post=6519"}],"curies":[{"name":"wp","href":"https:\/\/api.w.org\/{rel}","templated":true}]}}