{"id":6544,"date":"2017-11-18T21:38:30","date_gmt":"2017-11-18T21:38:30","guid":{"rendered":"https:\/\/gozu.zone\/?post_type=product&#038;p=6544"},"modified":"2025-01-10T03:15:47","modified_gmt":"2025-01-10T03:15:47","slug":"munchkin-cthulhu-4-oh-my-grottes","status":"publish","type":"product","link":"https:\/\/gozu.zone\/?product=munchkin-cthulhu-4-oh-my-grottes","title":{"rendered":"Munchkin Cthulhu 4 : Oh my Grottes !"},"content":{"rendered":"<p>La qu\u00eate de connaissances impies se poursuit sous terre\u00a0! Explorez le\u00a0Cloaque des Mi-Go\u00a0! Extirpez-vous du\u00a0Foss\u00e9 de Dunwich\u00a0! Bravez la lueur bleut\u00e9e de\u00a0K\u2019n-Yan\u00a0! Si \u00e7a se trouve&#8230; il faudra faire les trois en m\u00eame temps\u00a0!<\/p>\n<p>Munchkin Cthulhu\u00a0vous a d\u00e9j\u00e0 rendu fou, mais cette fois-ci, la d\u00e9mence empire\u00a0! Les 16 Portails et les 20 fiches Donjon de\u00a0<em>Oh my Grottes\u00a0!<\/em>\u00a0vous ouvrent de toutes nouvelles dimensions \u00e0 explorer&#8230; Et nous savons tous que tra\u00eener dans des dimensions non-euclidiennes, c\u2019est parfaitement sain et totalement d\u00e9pourvu du moindre danger\u2026 Pas vrai ?<\/p>\n<p>&nbsp;<\/p>\n<div class=\"disclaimer material\">\n<h3>Contenu du jeu Munchkin Cthulhu 4 : Oh my Grottes !<\/h3>\n<ul>\n<li>20 fiches Donjon<\/li>\n<li>16 cartes Portail<\/li>\n<li>1 livret de r\u00e8gles<\/li>\n<\/ul>\n<\/div>\n","protected":false},"excerpt":{"rendered":"<p><strong style=\"color: #ff0000;\">Ceci est une extension du jeu Munchkin Cthulhu. N\u00e9cessite le jeu de base<\/strong><\/p>\n<ul>\n<li><strong>\u00c2ge<\/strong> : 10\u00a0ans et +<\/li>\n<li><strong>Dur\u00e9e<\/strong> : 90min<\/li>\n<li><strong>Joueurs<\/strong> : 3 \u00e0 6<\/li>\n<\/ul>\n","protected":false},"featured_media":6542,"comment_status":"open","ping_status":"closed","template":"","meta":{"_acf_changed":false},"product_brand":[],"product_cat":[323,494,333,339,327],"product_tag":[],"class_list":{"0":"post-6544","1":"product","2":"type-product","3":"status-publish","4":"has-post-thumbnail","6":"product_cat-jeux","7":"product_cat-jeux-de-societe","8":"product_cat-par-types","9":"product_cat-petits","10":"product_cat-extensions","11":"product_shipping_class-livraisonstandard_enveloppe-fr","13":"first","14":"outofstock","15":"sale","16":"taxable","17":"shipping-taxable","18":"purchasable","19":"product-type-simple"},"acf":[],"yoast_head":"<!-- This site is optimized with the Yoast SEO plugin v25.3 - https:\/\/yoast.com\/wordpress\/plugins\/seo\/ -->\n<title>Acheter Munchkin Cthulhu 4 : Oh my Grottes ! - GOZU ZONE - Jeux et Accessoires<\/title>\n<meta name=\"robots\" content=\"index, follow, max-snippet:-1, max-image-preview:large, max-video-preview:-1\" \/>\n<link rel=\"canonical\" href=\"https:\/\/gozu.zone\/?product=munchkin-cthulhu-4-oh-my-grottes\" \/>\n<meta property=\"og:locale\" content=\"fr_FR\" \/>\n<meta property=\"og:type\" content=\"article\" \/>\n<meta property=\"og:title\" content=\"Acheter Munchkin Cthulhu 4 : Oh my Grottes ! - GOZU ZONE - Jeux et Accessoires\" \/>\n<meta property=\"og:description\" content=\"Ceci est une extension du jeu Munchkin Cthulhu. N\u00e9cessite le jeu de base   \u00c2ge : 10\u00a0ans et +  Dur\u00e9e : 90min  Joueurs : 3 \u00e0 6\" \/>\n<meta property=\"og:url\" content=\"https:\/\/gozu.zone\/?product=munchkin-cthulhu-4-oh-my-grottes\" \/>\n<meta property=\"og:site_name\" content=\"GOZU ZONE\" \/>\n<meta property=\"article:publisher\" content=\"https:\/\/www.facebook.com\/gozuzone\/\" \/>\n<meta property=\"article:modified_time\" content=\"2025-01-10T03:15:47+00:00\" \/>\n<meta property=\"og:image\" content=\"https:\/\/gozu.zone\/wp-content\/uploads\/2017\/11\/munchkin-chtulhu-oh-my-grottes.jpg\" \/>\n\t<meta property=\"og:image:width\" content=\"520\" \/>\n\t<meta property=\"og:image:height\" content=\"520\" \/>\n\t<meta property=\"og:image:type\" content=\"image\/jpeg\" \/>\n<meta name=\"twitter:card\" content=\"summary_large_image\" \/>\n<meta name=\"twitter:site\" content=\"@gozuzone\" \/>\n<meta name=\"twitter:label1\" content=\"Dur\u00e9e de lecture estim\u00e9e\" \/>\n\t<meta name=\"twitter:data1\" content=\"1 minute\" \/>\n<script type=\"application\/ld+json\" class=\"yoast-schema-graph\">{\"@context\":\"https:\/\/schema.org\",\"@graph\":[{\"@type\":\"WebPage\",\"@id\":\"https:\/\/gozu.zone\/?product=munchkin-cthulhu-4-oh-my-grottes\",\"url\":\"https:\/\/gozu.zone\/?product=munchkin-cthulhu-4-oh-my-grottes\",\"name\":\"Acheter Munchkin Cthulhu 4 : Oh my Grottes ! - GOZU ZONE - Jeux et Accessoires\",\"isPartOf\":{\"@id\":\"https:\/\/gozu.zone\/#website\"},\"primaryImageOfPage\":{\"@id\":\"https:\/\/gozu.zone\/?product=munchkin-cthulhu-4-oh-my-grottes#primaryimage\"},\"image\":{\"@id\":\"https:\/\/gozu.zone\/?product=munchkin-cthulhu-4-oh-my-grottes#primaryimage\"},\"thumbnailUrl\":\"https:\/\/gozu.zone\/wp-content\/uploads\/2017\/11\/munchkin-chtulhu-oh-my-grottes.jpg\",\"datePublished\":\"2017-11-18T21:38:30+00:00\",\"dateModified\":\"2025-01-10T03:15:47+00:00\",\"breadcrumb\":{\"@id\":\"https:\/\/gozu.zone\/?product=munchkin-cthulhu-4-oh-my-grottes#breadcrumb\"},\"inLanguage\":\"fr-FR\",\"potentialAction\":[{\"@type\":\"ReadAction\",\"target\":[\"https:\/\/gozu.zone\/?product=munchkin-cthulhu-4-oh-my-grottes\"]}]},{\"@type\":\"ImageObject\",\"inLanguage\":\"fr-FR\",\"@id\":\"https:\/\/gozu.zone\/?product=munchkin-cthulhu-4-oh-my-grottes#primaryimage\",\"url\":\"https:\/\/gozu.zone\/wp-content\/uploads\/2017\/11\/munchkin-chtulhu-oh-my-grottes.jpg\",\"contentUrl\":\"https:\/\/gozu.zone\/wp-content\/uploads\/2017\/11\/munchkin-chtulhu-oh-my-grottes.jpg\",\"width\":520,\"height\":520},{\"@type\":\"BreadcrumbList\",\"@id\":\"https:\/\/gozu.zone\/?product=munchkin-cthulhu-4-oh-my-grottes#breadcrumb\",\"itemListElement\":[{\"@type\":\"ListItem\",\"position\":1,\"name\":\"Accueil\",\"item\":\"https:\/\/gozu.zone\/\"},{\"@type\":\"ListItem\",\"position\":2,\"name\":\"BOUTIQUE\",\"item\":\"https:\/\/gozu.zone\/?page_id=308\"},{\"@type\":\"ListItem\",\"position\":3,\"name\":\"Munchkin Cthulhu 4 : Oh my Grottes !\"}]},{\"@type\":\"WebSite\",\"@id\":\"https:\/\/gozu.zone\/#website\",\"url\":\"https:\/\/gozu.zone\/\",\"name\":\"GOZU ZONE\",\"description\":\"Toujours plus pour vos jeux\",\"potentialAction\":[{\"@type\":\"SearchAction\",\"target\":{\"@type\":\"EntryPoint\",\"urlTemplate\":\"https:\/\/gozu.zone\/?s={search_term_string}\"},\"query-input\":{\"@type\":\"PropertyValueSpecification\",\"valueRequired\":true,\"valueName\":\"search_term_string\"}}],\"inLanguage\":\"fr-FR\"}]}<\/script>\n<!-- \/ Yoast SEO plugin. -->","yoast_head_json":{"title":"Acheter Munchkin Cthulhu 4 : Oh my Grottes ! - GOZU ZONE - Jeux et Accessoires","robots":{"index":"index","follow":"follow","max-snippet":"max-snippet:-1","max-image-preview":"max-image-preview:large","max-video-preview":"max-video-preview:-1"},"canonical":"https:\/\/gozu.zone\/?product=munchkin-cthulhu-4-oh-my-grottes","og_locale":"fr_FR","og_type":"article","og_title":"Acheter Munchkin Cthulhu 4 : Oh my Grottes ! - GOZU ZONE - Jeux et Accessoires","og_description":"Ceci est une extension du jeu Munchkin Cthulhu. N\u00e9cessite le jeu de base   \u00c2ge : 10\u00a0ans et +  Dur\u00e9e : 90min  Joueurs : 3 \u00e0 6","og_url":"https:\/\/gozu.zone\/?product=munchkin-cthulhu-4-oh-my-grottes","og_site_name":"GOZU ZONE","article_publisher":"https:\/\/www.facebook.com\/gozuzone\/","article_modified_time":"2025-01-10T03:15:47+00:00","og_image":[{"width":520,"height":520,"url":"https:\/\/gozu.zone\/wp-content\/uploads\/2017\/11\/munchkin-chtulhu-oh-my-grottes.jpg","type":"image\/jpeg"}],"twitter_card":"summary_large_image","twitter_site":"@gozuzone","twitter_misc":{"Dur\u00e9e de lecture estim\u00e9e":"1 minute"},"schema":{"@context":"https:\/\/schema.org","@graph":[{"@type":"WebPage","@id":"https:\/\/gozu.zone\/?product=munchkin-cthulhu-4-oh-my-grottes","url":"https:\/\/gozu.zone\/?product=munchkin-cthulhu-4-oh-my-grottes","name":"Acheter Munchkin Cthulhu 4 : Oh my Grottes ! - GOZU ZONE - Jeux et Accessoires","isPartOf":{"@id":"https:\/\/gozu.zone\/#website"},"primaryImageOfPage":{"@id":"https:\/\/gozu.zone\/?product=munchkin-cthulhu-4-oh-my-grottes#primaryimage"},"image":{"@id":"https:\/\/gozu.zone\/?product=munchkin-cthulhu-4-oh-my-grottes#primaryimage"},"thumbnailUrl":"https:\/\/gozu.zone\/wp-content\/uploads\/2017\/11\/munchkin-chtulhu-oh-my-grottes.jpg","datePublished":"2017-11-18T21:38:30+00:00","dateModified":"2025-01-10T03:15:47+00:00","breadcrumb":{"@id":"https:\/\/gozu.zone\/?product=munchkin-cthulhu-4-oh-my-grottes#breadcrumb"},"inLanguage":"fr-FR","potentialAction":[{"@type":"ReadAction","target":["https:\/\/gozu.zone\/?product=munchkin-cthulhu-4-oh-my-grottes"]}]},{"@type":"ImageObject","inLanguage":"fr-FR","@id":"https:\/\/gozu.zone\/?product=munchkin-cthulhu-4-oh-my-grottes#primaryimage","url":"https:\/\/gozu.zone\/wp-content\/uploads\/2017\/11\/munchkin-chtulhu-oh-my-grottes.jpg","contentUrl":"https:\/\/gozu.zone\/wp-content\/uploads\/2017\/11\/munchkin-chtulhu-oh-my-grottes.jpg","width":520,"height":520},{"@type":"BreadcrumbList","@id":"https:\/\/gozu.zone\/?product=munchkin-cthulhu-4-oh-my-grottes#breadcrumb","itemListElement":[{"@type":"ListItem","position":1,"name":"Accueil","item":"https:\/\/gozu.zone\/"},{"@type":"ListItem","position":2,"name":"BOUTIQUE","item":"https:\/\/gozu.zone\/?page_id=308"},{"@type":"ListItem","position":3,"name":"Munchkin Cthulhu 4 : Oh my Grottes !"}]},{"@type":"WebSite","@id":"https:\/\/gozu.zone\/#website","url":"https:\/\/gozu.zone\/","name":"GOZU ZONE","description":"Toujours plus pour vos jeux","potentialAction":[{"@type":"SearchAction","target":{"@type":"EntryPoint","urlTemplate":"https:\/\/gozu.zone\/?s={search_term_string}"},"query-input":{"@type":"PropertyValueSpecification","valueRequired":true,"valueName":"search_term_string"}}],"inLanguage":"fr-FR"}]}},"_links":{"self":[{"href":"https:\/\/gozu.zone\/index.php?rest_route=\/wp\/v2\/product\/6544","targetHints":{"allow":["GET"]}}],"collection":[{"href":"https:\/\/gozu.zone\/index.php?rest_route=\/wp\/v2\/product"}],"about":[{"href":"https:\/\/gozu.zone\/index.php?rest_route=\/wp\/v2\/types\/product"}],"replies":[{"embeddable":true,"href":"https:\/\/gozu.zone\/index.php?rest_route=%2Fwp%2Fv2%2Fcomments&post=6544"}],"wp:featuredmedia":[{"embeddable":true,"href":"https:\/\/gozu.zone\/index.php?rest_route=\/wp\/v2\/media\/6542"}],"wp:attachment":[{"href":"https:\/\/gozu.zone\/index.php?rest_route=%2Fwp%2Fv2%2Fmedia&parent=6544"}],"wp:term":[{"taxonomy":"product_brand","embeddable":true,"href":"https:\/\/gozu.zone\/index.php?rest_route=%2Fwp%2Fv2%2Fproduct_brand&post=6544"},{"taxonomy":"product_cat","embeddable":true,"href":"https:\/\/gozu.zone\/index.php?rest_route=%2Fwp%2Fv2%2Fproduct_cat&post=6544"},{"taxonomy":"product_tag","embeddable":true,"href":"https:\/\/gozu.zone\/index.php?rest_route=%2Fwp%2Fv2%2Fproduct_tag&post=6544"}],"curies":[{"name":"wp","href":"https:\/\/api.w.org\/{rel}","templated":true}]}}