{"id":6571,"date":"2017-11-25T14:42:52","date_gmt":"2017-11-25T14:42:52","guid":{"rendered":"https:\/\/gozu.zone\/?post_type=product&#038;p=6571"},"modified":"2019-05-30T18:24:29","modified_gmt":"2019-05-30T18:24:29","slug":"aquasphere","status":"publish","type":"product","link":"https:\/\/gozu.zone\/?product=aquasphere","title":{"rendered":"Aquasphere"},"content":{"rendered":"<p>Votre t\u00e2che est de r\u00e9cup\u00e9rer et d\u2019analyser un nouveau type de cristaux, ainsi que de mener des recherches plus pouss\u00e9es. Votre pr\u00e9sence sur la station est accr\u00e9dit\u00e9e pour une p\u00e9riode limit\u00e9e dans le temps. Pour r\u00e9ussir votre mission, vous aurez acc\u00e8s aux derniers mod\u00e8les de robots de recherche. Enfin, votre pr\u00e9sence attirera des Octopodes qui pourraient s\u2019introduire dans la station. \u00c9loignez-les rapidement, sans quoi ils pourraient interf\u00e9rer avec vos robots et compromettre vos op\u00e9rations.<\/p>\n<p>Chaque joueur dirige une \u00e9quipe de recherche compos\u00e9e d\u2019un Ing\u00e9nieur et d\u2019un Scientifique, qui se d\u00e9placent sur deux plateaux de jeu diff\u00e9rents, ainsi qu\u2019un groupe de robots qui effectuent les actions.<\/p>\n<h3>Contenu de Aquasph\u00e8re<\/h3>\n<ul>\n<li>1 station de recherche<\/li>\n<li>1 Quartier G\u00e9n\u00e9ral<\/li>\n<li>4 Plateaux Individuels<\/li>\n<li>6 Tuiles Centrales<\/li>\n<li>44 Marqueurs Temps<\/li>\n<li>7 Jetons Programmation<\/li>\n<li>7 Cartes Programmes<\/li>\n<li>6 Laboratoires de D\u00e9part<\/li>\n<li>30 Extensions de Laboratoire<\/li>\n<li>41 Cartes Recherche<\/li>\n<li>20 Cristaux<\/li>\n<li>3 Aper\u00e7us de Mise en Place<\/li>\n<li>15 Octopodes<\/li>\n<\/ul>\n<p>Pour chaque joueur<\/p>\n<ul>\n<li>1 Ing\u00e9nieur<\/li>\n<li>1 Scientifique<\/li>\n<li>6 Sous-Marins<\/li>\n<li>16 Robots<\/li>\n<li>2 Compteurs<\/li>\n<\/ul>\n","protected":false},"excerpt":{"rendered":"<p>Bienvenue aux \u00e9quipes de recherche en mission sur AquaSphere, une station de recherche sous-marine.<\/p>\n<ul>\n<li><strong>\u00c2ge<\/strong> : 12 ans et +<\/li>\n<li><strong>Dur\u00e9e<\/strong> : 1 \u00e0 2h<\/li>\n<li><strong>Joueurs<\/strong> : 2 \u00e0 4<\/li>\n<\/ul>\n","protected":false},"featured_media":6593,"comment_status":"open","ping_status":"closed","template":"","meta":{"_acf_changed":false},"product_brand":[],"product_cat":[324,323],"product_tag":[405,416,369],"class_list":{"0":"post-6571","1":"product","2":"type-product","3":"status-publish","4":"has-post-thumbnail","6":"product_cat-experts","7":"product_cat-jeux","8":"product_tag-developpement","9":"product_tag-modulable","10":"product_tag-ocean","11":"product_shipping_class-livraisonstandard_colis","13":"first","14":"instock","15":"sale","16":"taxable","17":"shipping-taxable","18":"purchasable","19":"product-type-simple"},"acf":[],"yoast_head":"<!-- This site is optimized with the Yoast SEO plugin v25.3 - https:\/\/yoast.com\/wordpress\/plugins\/seo\/ -->\n<title>Acheter Aquasphere - GOZU ZONE - Jeux et Accessoires<\/title>\n<meta name=\"robots\" content=\"index, follow, max-snippet:-1, max-image-preview:large, max-video-preview:-1\" \/>\n<link rel=\"canonical\" href=\"https:\/\/gozu.zone\/?product=aquasphere\" \/>\n<meta property=\"og:locale\" content=\"fr_FR\" \/>\n<meta property=\"og:type\" content=\"article\" \/>\n<meta property=\"og:title\" content=\"Acheter Aquasphere - GOZU ZONE - Jeux et Accessoires\" \/>\n<meta property=\"og:description\" content=\"Bienvenue aux \u00e9quipes de recherche en mission sur AquaSphere, une station de recherche sous-marine.   \u00c2ge : 12 ans et +  Dur\u00e9e : 1 \u00e0 2h  Joueurs : 2 \u00e0 4\" \/>\n<meta property=\"og:url\" content=\"https:\/\/gozu.zone\/?product=aquasphere\" \/>\n<meta property=\"og:site_name\" content=\"GOZU ZONE\" \/>\n<meta property=\"article:publisher\" content=\"https:\/\/www.facebook.com\/gozuzone\/\" \/>\n<meta property=\"article:modified_time\" content=\"2019-05-30T18:24:29+00:00\" \/>\n<meta property=\"og:image\" content=\"https:\/\/gozu.zone\/wp-content\/uploads\/2017\/11\/aquasphere-boite.jpg\" \/>\n\t<meta property=\"og:image:width\" content=\"640\" \/>\n\t<meta property=\"og:image:height\" content=\"640\" \/>\n\t<meta property=\"og:image:type\" content=\"image\/jpeg\" \/>\n<meta name=\"twitter:card\" content=\"summary_large_image\" \/>\n<meta name=\"twitter:site\" content=\"@gozuzone\" \/>\n<meta name=\"twitter:label1\" content=\"Dur\u00e9e de lecture estim\u00e9e\" \/>\n\t<meta name=\"twitter:data1\" content=\"1 minute\" \/>\n<script type=\"application\/ld+json\" class=\"yoast-schema-graph\">{\"@context\":\"https:\/\/schema.org\",\"@graph\":[{\"@type\":\"WebPage\",\"@id\":\"https:\/\/gozu.zone\/?product=aquasphere\",\"url\":\"https:\/\/gozu.zone\/?product=aquasphere\",\"name\":\"Acheter Aquasphere - GOZU ZONE - Jeux et Accessoires\",\"isPartOf\":{\"@id\":\"https:\/\/gozu.zone\/#website\"},\"primaryImageOfPage\":{\"@id\":\"https:\/\/gozu.zone\/?product=aquasphere#primaryimage\"},\"image\":{\"@id\":\"https:\/\/gozu.zone\/?product=aquasphere#primaryimage\"},\"thumbnailUrl\":\"https:\/\/gozu.zone\/wp-content\/uploads\/2017\/11\/aquasphere-boite.jpg\",\"datePublished\":\"2017-11-25T14:42:52+00:00\",\"dateModified\":\"2019-05-30T18:24:29+00:00\",\"breadcrumb\":{\"@id\":\"https:\/\/gozu.zone\/?product=aquasphere#breadcrumb\"},\"inLanguage\":\"fr-FR\",\"potentialAction\":[{\"@type\":\"ReadAction\",\"target\":[\"https:\/\/gozu.zone\/?product=aquasphere\"]}]},{\"@type\":\"ImageObject\",\"inLanguage\":\"fr-FR\",\"@id\":\"https:\/\/gozu.zone\/?product=aquasphere#primaryimage\",\"url\":\"https:\/\/gozu.zone\/wp-content\/uploads\/2017\/11\/aquasphere-boite.jpg\",\"contentUrl\":\"https:\/\/gozu.zone\/wp-content\/uploads\/2017\/11\/aquasphere-boite.jpg\",\"width\":640,\"height\":640},{\"@type\":\"BreadcrumbList\",\"@id\":\"https:\/\/gozu.zone\/?product=aquasphere#breadcrumb\",\"itemListElement\":[{\"@type\":\"ListItem\",\"position\":1,\"name\":\"Accueil\",\"item\":\"https:\/\/gozu.zone\/\"},{\"@type\":\"ListItem\",\"position\":2,\"name\":\"BOUTIQUE\",\"item\":\"https:\/\/gozu.zone\/?page_id=308\"},{\"@type\":\"ListItem\",\"position\":3,\"name\":\"Aquasphere\"}]},{\"@type\":\"WebSite\",\"@id\":\"https:\/\/gozu.zone\/#website\",\"url\":\"https:\/\/gozu.zone\/\",\"name\":\"GOZU ZONE\",\"description\":\"Toujours plus pour vos jeux\",\"potentialAction\":[{\"@type\":\"SearchAction\",\"target\":{\"@type\":\"EntryPoint\",\"urlTemplate\":\"https:\/\/gozu.zone\/?s={search_term_string}\"},\"query-input\":{\"@type\":\"PropertyValueSpecification\",\"valueRequired\":true,\"valueName\":\"search_term_string\"}}],\"inLanguage\":\"fr-FR\"}]}<\/script>\n<!-- \/ Yoast SEO plugin. -->","yoast_head_json":{"title":"Acheter Aquasphere - GOZU ZONE - Jeux et Accessoires","robots":{"index":"index","follow":"follow","max-snippet":"max-snippet:-1","max-image-preview":"max-image-preview:large","max-video-preview":"max-video-preview:-1"},"canonical":"https:\/\/gozu.zone\/?product=aquasphere","og_locale":"fr_FR","og_type":"article","og_title":"Acheter Aquasphere - GOZU ZONE - Jeux et Accessoires","og_description":"Bienvenue aux \u00e9quipes de recherche en mission sur AquaSphere, une station de recherche sous-marine.   \u00c2ge : 12 ans et +  Dur\u00e9e : 1 \u00e0 2h  Joueurs : 2 \u00e0 4","og_url":"https:\/\/gozu.zone\/?product=aquasphere","og_site_name":"GOZU ZONE","article_publisher":"https:\/\/www.facebook.com\/gozuzone\/","article_modified_time":"2019-05-30T18:24:29+00:00","og_image":[{"width":640,"height":640,"url":"https:\/\/gozu.zone\/wp-content\/uploads\/2017\/11\/aquasphere-boite.jpg","type":"image\/jpeg"}],"twitter_card":"summary_large_image","twitter_site":"@gozuzone","twitter_misc":{"Dur\u00e9e de lecture estim\u00e9e":"1 minute"},"schema":{"@context":"https:\/\/schema.org","@graph":[{"@type":"WebPage","@id":"https:\/\/gozu.zone\/?product=aquasphere","url":"https:\/\/gozu.zone\/?product=aquasphere","name":"Acheter Aquasphere - GOZU ZONE - Jeux et Accessoires","isPartOf":{"@id":"https:\/\/gozu.zone\/#website"},"primaryImageOfPage":{"@id":"https:\/\/gozu.zone\/?product=aquasphere#primaryimage"},"image":{"@id":"https:\/\/gozu.zone\/?product=aquasphere#primaryimage"},"thumbnailUrl":"https:\/\/gozu.zone\/wp-content\/uploads\/2017\/11\/aquasphere-boite.jpg","datePublished":"2017-11-25T14:42:52+00:00","dateModified":"2019-05-30T18:24:29+00:00","breadcrumb":{"@id":"https:\/\/gozu.zone\/?product=aquasphere#breadcrumb"},"inLanguage":"fr-FR","potentialAction":[{"@type":"ReadAction","target":["https:\/\/gozu.zone\/?product=aquasphere"]}]},{"@type":"ImageObject","inLanguage":"fr-FR","@id":"https:\/\/gozu.zone\/?product=aquasphere#primaryimage","url":"https:\/\/gozu.zone\/wp-content\/uploads\/2017\/11\/aquasphere-boite.jpg","contentUrl":"https:\/\/gozu.zone\/wp-content\/uploads\/2017\/11\/aquasphere-boite.jpg","width":640,"height":640},{"@type":"BreadcrumbList","@id":"https:\/\/gozu.zone\/?product=aquasphere#breadcrumb","itemListElement":[{"@type":"ListItem","position":1,"name":"Accueil","item":"https:\/\/gozu.zone\/"},{"@type":"ListItem","position":2,"name":"BOUTIQUE","item":"https:\/\/gozu.zone\/?page_id=308"},{"@type":"ListItem","position":3,"name":"Aquasphere"}]},{"@type":"WebSite","@id":"https:\/\/gozu.zone\/#website","url":"https:\/\/gozu.zone\/","name":"GOZU ZONE","description":"Toujours plus pour vos jeux","potentialAction":[{"@type":"SearchAction","target":{"@type":"EntryPoint","urlTemplate":"https:\/\/gozu.zone\/?s={search_term_string}"},"query-input":{"@type":"PropertyValueSpecification","valueRequired":true,"valueName":"search_term_string"}}],"inLanguage":"fr-FR"}]}},"_links":{"self":[{"href":"https:\/\/gozu.zone\/index.php?rest_route=\/wp\/v2\/product\/6571","targetHints":{"allow":["GET"]}}],"collection":[{"href":"https:\/\/gozu.zone\/index.php?rest_route=\/wp\/v2\/product"}],"about":[{"href":"https:\/\/gozu.zone\/index.php?rest_route=\/wp\/v2\/types\/product"}],"replies":[{"embeddable":true,"href":"https:\/\/gozu.zone\/index.php?rest_route=%2Fwp%2Fv2%2Fcomments&post=6571"}],"wp:featuredmedia":[{"embeddable":true,"href":"https:\/\/gozu.zone\/index.php?rest_route=\/wp\/v2\/media\/6593"}],"wp:attachment":[{"href":"https:\/\/gozu.zone\/index.php?rest_route=%2Fwp%2Fv2%2Fmedia&parent=6571"}],"wp:term":[{"taxonomy":"product_brand","embeddable":true,"href":"https:\/\/gozu.zone\/index.php?rest_route=%2Fwp%2Fv2%2Fproduct_brand&post=6571"},{"taxonomy":"product_cat","embeddable":true,"href":"https:\/\/gozu.zone\/index.php?rest_route=%2Fwp%2Fv2%2Fproduct_cat&post=6571"},{"taxonomy":"product_tag","embeddable":true,"href":"https:\/\/gozu.zone\/index.php?rest_route=%2Fwp%2Fv2%2Fproduct_tag&post=6571"}],"curies":[{"name":"wp","href":"https:\/\/api.w.org\/{rel}","templated":true}]}}