{"id":6572,"date":"2017-11-25T14:42:52","date_gmt":"2017-11-25T14:42:52","guid":{"rendered":"https:\/\/gozu.zone\/?post_type=product&#038;p=6572"},"modified":"2019-03-02T09:57:44","modified_gmt":"2019-03-02T09:57:44","slug":"course-au-colisee","status":"publish","type":"product","link":"https:\/\/gozu.zone\/?product=course-au-colisee","title":{"rendered":"Course au Colis\u00e9e"},"content":{"rendered":"<p>Vous \u00eates un conducteur de char intr\u00e9pide lanc\u00e9 \u00e0 pleine vitesse dans le sable de l\u2019ar\u00e8ne. Il faudra \u00eatre le premier sur la ligne d\u2019arriv\u00e9e mais aussi garder son char en un seul morceau jusqu\u2019au bout. \u00c0 vous d\u2019optimiser vos d\u00e9s pour acc\u00e9l\u00e9rer, freiner, changer de trajectoire ou m\u00eame attaquer vos adversaires ! Seul le meilleur aurige pourra soulever les clameurs de la foule et sera couronn\u00e9 des lauriers de la victoire !<\/p>\n<div class=\"disclaimer material\">\n<h3>Contenu du jeu Course au Colis\u00e9e :<\/h3>\n<ul>\n<li>1 plateau de jeu en deux parties<\/li>\n<li>6 chars<\/li>\n<li>20 cubes Chausse Trappe<\/li>\n<li>6 compte-tours<\/li>\n<li>6 plateaux Char recto-verso<\/li>\n<li>5 d\u00e9s<\/li>\n<li>18 marqueurs de niveau<\/li>\n<\/ul>\n<\/div>\n","protected":false},"excerpt":{"rendered":"<p>Venez vivre d\u2019intenses moments d\u2019actions au c\u0153ur de la Rome antique !<\/p>\n<ul>\n<li><strong>\u00c2ge<\/strong> : 8 ans et +<\/li>\n<li><strong>Dur\u00e9e<\/strong> : 30 min<\/li>\n<li><strong>Joueurs<\/strong> : 2 \u00e0 6<\/li>\n<\/ul>\n","protected":false},"featured_media":6584,"comment_status":"open","ping_status":"closed","template":"","meta":{"_acf_changed":false},"product_brand":[],"product_cat":[323,361],"product_tag":[334,446],"class_list":{"0":"post-6572","1":"product","2":"type-product","3":"status-publish","4":"has-post-thumbnail","6":"product_cat-jeux","7":"product_cat-familiaux","8":"product_tag-antiquite","9":"product_tag-course","10":"product_shipping_class-livraisonstandard_colis","12":"first","13":"instock","14":"sale","15":"taxable","16":"shipping-taxable","17":"purchasable","18":"product-type-simple"},"acf":[],"yoast_head":"<!-- This site is optimized with the Yoast SEO plugin v25.3 - https:\/\/yoast.com\/wordpress\/plugins\/seo\/ -->\n<title>Acheter Course au Colis\u00e9e - GOZU ZONE - Jeux et Accessoires<\/title>\n<meta name=\"robots\" content=\"index, follow, max-snippet:-1, max-image-preview:large, max-video-preview:-1\" \/>\n<link rel=\"canonical\" href=\"https:\/\/gozu.zone\/?product=course-au-colisee\" \/>\n<meta property=\"og:locale\" content=\"fr_FR\" \/>\n<meta property=\"og:type\" content=\"article\" \/>\n<meta property=\"og:title\" content=\"Acheter Course au Colis\u00e9e - GOZU ZONE - Jeux et Accessoires\" \/>\n<meta property=\"og:description\" content=\"Venez vivre d\u2019intenses moments d\u2019actions au c\u0153ur de la Rome antique !   \u00c2ge : 8 ans et +  Dur\u00e9e : 30 min  Joueurs : 2 \u00e0 6\" \/>\n<meta property=\"og:url\" content=\"https:\/\/gozu.zone\/?product=course-au-colisee\" \/>\n<meta property=\"og:site_name\" content=\"GOZU ZONE\" \/>\n<meta property=\"article:publisher\" content=\"https:\/\/www.facebook.com\/gozuzone\/\" \/>\n<meta property=\"article:modified_time\" content=\"2019-03-02T09:57:44+00:00\" \/>\n<meta property=\"og:image\" content=\"https:\/\/gozu.zone\/wp-content\/uploads\/2017\/11\/course-au-colisee-1.jpg\" \/>\n\t<meta property=\"og:image:width\" content=\"640\" \/>\n\t<meta property=\"og:image:height\" content=\"640\" \/>\n\t<meta property=\"og:image:type\" content=\"image\/jpeg\" \/>\n<meta name=\"twitter:card\" content=\"summary_large_image\" \/>\n<meta name=\"twitter:site\" content=\"@gozuzone\" \/>\n<meta name=\"twitter:label1\" content=\"Dur\u00e9e de lecture estim\u00e9e\" \/>\n\t<meta name=\"twitter:data1\" content=\"1 minute\" \/>\n<script type=\"application\/ld+json\" class=\"yoast-schema-graph\">{\"@context\":\"https:\/\/schema.org\",\"@graph\":[{\"@type\":\"WebPage\",\"@id\":\"https:\/\/gozu.zone\/?product=course-au-colisee\",\"url\":\"https:\/\/gozu.zone\/?product=course-au-colisee\",\"name\":\"Acheter Course au Colis\u00e9e - GOZU ZONE - Jeux et Accessoires\",\"isPartOf\":{\"@id\":\"https:\/\/gozu.zone\/#website\"},\"primaryImageOfPage\":{\"@id\":\"https:\/\/gozu.zone\/?product=course-au-colisee#primaryimage\"},\"image\":{\"@id\":\"https:\/\/gozu.zone\/?product=course-au-colisee#primaryimage\"},\"thumbnailUrl\":\"https:\/\/gozu.zone\/wp-content\/uploads\/2017\/11\/course-au-colisee-1.jpg\",\"datePublished\":\"2017-11-25T14:42:52+00:00\",\"dateModified\":\"2019-03-02T09:57:44+00:00\",\"breadcrumb\":{\"@id\":\"https:\/\/gozu.zone\/?product=course-au-colisee#breadcrumb\"},\"inLanguage\":\"fr-FR\",\"potentialAction\":[{\"@type\":\"ReadAction\",\"target\":[\"https:\/\/gozu.zone\/?product=course-au-colisee\"]}]},{\"@type\":\"ImageObject\",\"inLanguage\":\"fr-FR\",\"@id\":\"https:\/\/gozu.zone\/?product=course-au-colisee#primaryimage\",\"url\":\"https:\/\/gozu.zone\/wp-content\/uploads\/2017\/11\/course-au-colisee-1.jpg\",\"contentUrl\":\"https:\/\/gozu.zone\/wp-content\/uploads\/2017\/11\/course-au-colisee-1.jpg\",\"width\":640,\"height\":640},{\"@type\":\"BreadcrumbList\",\"@id\":\"https:\/\/gozu.zone\/?product=course-au-colisee#breadcrumb\",\"itemListElement\":[{\"@type\":\"ListItem\",\"position\":1,\"name\":\"Accueil\",\"item\":\"https:\/\/gozu.zone\/\"},{\"@type\":\"ListItem\",\"position\":2,\"name\":\"BOUTIQUE\",\"item\":\"https:\/\/gozu.zone\/?page_id=308\"},{\"@type\":\"ListItem\",\"position\":3,\"name\":\"Course au Colis\u00e9e\"}]},{\"@type\":\"WebSite\",\"@id\":\"https:\/\/gozu.zone\/#website\",\"url\":\"https:\/\/gozu.zone\/\",\"name\":\"GOZU ZONE\",\"description\":\"Toujours plus pour vos jeux\",\"potentialAction\":[{\"@type\":\"SearchAction\",\"target\":{\"@type\":\"EntryPoint\",\"urlTemplate\":\"https:\/\/gozu.zone\/?s={search_term_string}\"},\"query-input\":{\"@type\":\"PropertyValueSpecification\",\"valueRequired\":true,\"valueName\":\"search_term_string\"}}],\"inLanguage\":\"fr-FR\"}]}<\/script>\n<!-- \/ Yoast SEO plugin. -->","yoast_head_json":{"title":"Acheter Course au Colis\u00e9e - GOZU ZONE - Jeux et Accessoires","robots":{"index":"index","follow":"follow","max-snippet":"max-snippet:-1","max-image-preview":"max-image-preview:large","max-video-preview":"max-video-preview:-1"},"canonical":"https:\/\/gozu.zone\/?product=course-au-colisee","og_locale":"fr_FR","og_type":"article","og_title":"Acheter Course au Colis\u00e9e - GOZU ZONE - Jeux et Accessoires","og_description":"Venez vivre d\u2019intenses moments d\u2019actions au c\u0153ur de la Rome antique !   \u00c2ge : 8 ans et +  Dur\u00e9e : 30 min  Joueurs : 2 \u00e0 6","og_url":"https:\/\/gozu.zone\/?product=course-au-colisee","og_site_name":"GOZU ZONE","article_publisher":"https:\/\/www.facebook.com\/gozuzone\/","article_modified_time":"2019-03-02T09:57:44+00:00","og_image":[{"width":640,"height":640,"url":"https:\/\/gozu.zone\/wp-content\/uploads\/2017\/11\/course-au-colisee-1.jpg","type":"image\/jpeg"}],"twitter_card":"summary_large_image","twitter_site":"@gozuzone","twitter_misc":{"Dur\u00e9e de lecture estim\u00e9e":"1 minute"},"schema":{"@context":"https:\/\/schema.org","@graph":[{"@type":"WebPage","@id":"https:\/\/gozu.zone\/?product=course-au-colisee","url":"https:\/\/gozu.zone\/?product=course-au-colisee","name":"Acheter Course au Colis\u00e9e - GOZU ZONE - Jeux et Accessoires","isPartOf":{"@id":"https:\/\/gozu.zone\/#website"},"primaryImageOfPage":{"@id":"https:\/\/gozu.zone\/?product=course-au-colisee#primaryimage"},"image":{"@id":"https:\/\/gozu.zone\/?product=course-au-colisee#primaryimage"},"thumbnailUrl":"https:\/\/gozu.zone\/wp-content\/uploads\/2017\/11\/course-au-colisee-1.jpg","datePublished":"2017-11-25T14:42:52+00:00","dateModified":"2019-03-02T09:57:44+00:00","breadcrumb":{"@id":"https:\/\/gozu.zone\/?product=course-au-colisee#breadcrumb"},"inLanguage":"fr-FR","potentialAction":[{"@type":"ReadAction","target":["https:\/\/gozu.zone\/?product=course-au-colisee"]}]},{"@type":"ImageObject","inLanguage":"fr-FR","@id":"https:\/\/gozu.zone\/?product=course-au-colisee#primaryimage","url":"https:\/\/gozu.zone\/wp-content\/uploads\/2017\/11\/course-au-colisee-1.jpg","contentUrl":"https:\/\/gozu.zone\/wp-content\/uploads\/2017\/11\/course-au-colisee-1.jpg","width":640,"height":640},{"@type":"BreadcrumbList","@id":"https:\/\/gozu.zone\/?product=course-au-colisee#breadcrumb","itemListElement":[{"@type":"ListItem","position":1,"name":"Accueil","item":"https:\/\/gozu.zone\/"},{"@type":"ListItem","position":2,"name":"BOUTIQUE","item":"https:\/\/gozu.zone\/?page_id=308"},{"@type":"ListItem","position":3,"name":"Course au Colis\u00e9e"}]},{"@type":"WebSite","@id":"https:\/\/gozu.zone\/#website","url":"https:\/\/gozu.zone\/","name":"GOZU ZONE","description":"Toujours plus pour vos jeux","potentialAction":[{"@type":"SearchAction","target":{"@type":"EntryPoint","urlTemplate":"https:\/\/gozu.zone\/?s={search_term_string}"},"query-input":{"@type":"PropertyValueSpecification","valueRequired":true,"valueName":"search_term_string"}}],"inLanguage":"fr-FR"}]}},"_links":{"self":[{"href":"https:\/\/gozu.zone\/index.php?rest_route=\/wp\/v2\/product\/6572","targetHints":{"allow":["GET"]}}],"collection":[{"href":"https:\/\/gozu.zone\/index.php?rest_route=\/wp\/v2\/product"}],"about":[{"href":"https:\/\/gozu.zone\/index.php?rest_route=\/wp\/v2\/types\/product"}],"replies":[{"embeddable":true,"href":"https:\/\/gozu.zone\/index.php?rest_route=%2Fwp%2Fv2%2Fcomments&post=6572"}],"wp:featuredmedia":[{"embeddable":true,"href":"https:\/\/gozu.zone\/index.php?rest_route=\/wp\/v2\/media\/6584"}],"wp:attachment":[{"href":"https:\/\/gozu.zone\/index.php?rest_route=%2Fwp%2Fv2%2Fmedia&parent=6572"}],"wp:term":[{"taxonomy":"product_brand","embeddable":true,"href":"https:\/\/gozu.zone\/index.php?rest_route=%2Fwp%2Fv2%2Fproduct_brand&post=6572"},{"taxonomy":"product_cat","embeddable":true,"href":"https:\/\/gozu.zone\/index.php?rest_route=%2Fwp%2Fv2%2Fproduct_cat&post=6572"},{"taxonomy":"product_tag","embeddable":true,"href":"https:\/\/gozu.zone\/index.php?rest_route=%2Fwp%2Fv2%2Fproduct_tag&post=6572"}],"curies":[{"name":"wp","href":"https:\/\/api.w.org\/{rel}","templated":true}]}}