{"id":6575,"date":"2017-11-25T14:42:53","date_gmt":"2017-11-25T14:42:53","guid":{"rendered":"https:\/\/gozu.zone\/?post_type=product&#038;p=6575"},"modified":"2019-03-02T09:57:44","modified_gmt":"2019-03-02T09:57:44","slug":"meeple-circus","status":"publish","type":"product","link":"https:\/\/gozu.zone\/?product=meeple-circus","title":{"rendered":"Meeple Circus"},"content":{"rendered":"<p>Vous n\u2019avez qu\u2019un but : divertir !<\/p>\n<p>Vous ne recherchez qu\u2019une chose : les applaudissements des grands et des petits. Oui, mais la concurrence est rude. Devenez le cirque le plus \u00e9clatant en proposant des num\u00e9ros \u00e9tincelants ! Acrobates, chevaux et divers accessoires sont \u00e0 votre disposition. Faites preuve d\u2019une pr\u00e9paration sans faille puis d\u2019une adresse remarquable lorsque la musique de cirque retentira et quand tous les yeux seront sur vous !<\/p>\n<div class=\"disclaimer material\">\n<h3>Contenu de Meeple Circus :<\/h3>\n<ul>\n<li>5 pistes de Cirque<\/li>\n<li>1 applaudim\u00e8tre<\/li>\n<li>1 r\u00e9glette de mesure<\/li>\n<li>3 tuiles Score<\/li>\n<li>5 marqueurs de score<\/li>\n<li>32 cartes Go\u00fbts du public<\/li>\n<li>18 tuiles \u00c9l\u00e9ments<\/li>\n<li>38 tuiles Num\u00e9ro<\/li>\n<li>32 meeples Acrobate (12 d\u00e9butants, 13 interm\u00e9diaires, 7 experts)<\/li>\n<li>10 meeples Guest Star<\/li>\n<li>32 accessoires : 7 poutrelles (marron), 6 ballons (verts), 9 barils (violets), 6 chevaux (blancs), 4 \u00e9l\u00e9phants (gris)<\/li>\n<li>1 jeton Premier joueur<\/li>\n<li>2 jetons Rapidit\u00e9<\/li>\n<li>2 planches d\u2019autocollants<\/li>\n<li>1 livret de r\u00e8gles<\/li>\n<\/ul>\n<\/div>\n","protected":false},"excerpt":{"rendered":"<p>Que le spectacle commence !<\/p>\n<ul>\n<li><strong>\u00c2ge<\/strong> : 8 ans et +<\/li>\n<li><strong>Dur\u00e9e<\/strong> : 30 min \u00e0 1h<\/li>\n<li><strong>Joueurs<\/strong> : 2 \u00e0 5<\/li>\n<\/ul>\n","protected":false},"featured_media":6603,"comment_status":"open","ping_status":"closed","template":"","meta":{"_acf_changed":false},"product_brand":[],"product_cat":[323,361],"product_tag":[356,355,371,605],"class_list":{"0":"post-6575","1":"product","2":"type-product","3":"status-publish","4":"has-post-thumbnail","6":"product_cat-jeux","7":"product_cat-familiaux","8":"product_tag-ambiance","9":"product_tag-animaux","10":"product_tag-arts","11":"product_tag-dexterite","12":"product_shipping_class-livraisonstandard_colis","14":"first","15":"instock","16":"sale","17":"taxable","18":"shipping-taxable","19":"purchasable","20":"product-type-simple"},"acf":[],"yoast_head":"<!-- This site is optimized with the Yoast SEO plugin v25.3 - https:\/\/yoast.com\/wordpress\/plugins\/seo\/ -->\n<title>Acheter Meeple Circus - GOZU ZONE - Jeux et Accessoires<\/title>\n<meta name=\"robots\" content=\"index, follow, max-snippet:-1, max-image-preview:large, max-video-preview:-1\" \/>\n<link rel=\"canonical\" href=\"https:\/\/gozu.zone\/?product=meeple-circus\" \/>\n<meta property=\"og:locale\" content=\"fr_FR\" \/>\n<meta property=\"og:type\" content=\"article\" \/>\n<meta property=\"og:title\" content=\"Acheter Meeple Circus - GOZU ZONE - Jeux et Accessoires\" \/>\n<meta property=\"og:description\" content=\"Que le spectacle commence !   \u00c2ge : 8 ans et +  Dur\u00e9e : 30 min \u00e0 1h  Joueurs : 2 \u00e0 5\" \/>\n<meta property=\"og:url\" content=\"https:\/\/gozu.zone\/?product=meeple-circus\" \/>\n<meta property=\"og:site_name\" content=\"GOZU ZONE\" \/>\n<meta property=\"article:publisher\" content=\"https:\/\/www.facebook.com\/gozuzone\/\" \/>\n<meta property=\"article:modified_time\" content=\"2019-03-02T09:57:44+00:00\" \/>\n<meta property=\"og:image\" content=\"https:\/\/gozu.zone\/wp-content\/uploads\/2017\/11\/meeple-circus-4.jpg\" \/>\n\t<meta property=\"og:image:width\" content=\"640\" \/>\n\t<meta property=\"og:image:height\" content=\"640\" \/>\n\t<meta property=\"og:image:type\" content=\"image\/jpeg\" \/>\n<meta name=\"twitter:card\" content=\"summary_large_image\" \/>\n<meta name=\"twitter:site\" content=\"@gozuzone\" \/>\n<meta name=\"twitter:label1\" content=\"Dur\u00e9e de lecture estim\u00e9e\" \/>\n\t<meta name=\"twitter:data1\" content=\"1 minute\" \/>\n<script type=\"application\/ld+json\" class=\"yoast-schema-graph\">{\"@context\":\"https:\/\/schema.org\",\"@graph\":[{\"@type\":\"WebPage\",\"@id\":\"https:\/\/gozu.zone\/?product=meeple-circus\",\"url\":\"https:\/\/gozu.zone\/?product=meeple-circus\",\"name\":\"Acheter Meeple Circus - GOZU ZONE - Jeux et Accessoires\",\"isPartOf\":{\"@id\":\"https:\/\/gozu.zone\/#website\"},\"primaryImageOfPage\":{\"@id\":\"https:\/\/gozu.zone\/?product=meeple-circus#primaryimage\"},\"image\":{\"@id\":\"https:\/\/gozu.zone\/?product=meeple-circus#primaryimage\"},\"thumbnailUrl\":\"https:\/\/gozu.zone\/wp-content\/uploads\/2017\/11\/meeple-circus-4.jpg\",\"datePublished\":\"2017-11-25T14:42:53+00:00\",\"dateModified\":\"2019-03-02T09:57:44+00:00\",\"breadcrumb\":{\"@id\":\"https:\/\/gozu.zone\/?product=meeple-circus#breadcrumb\"},\"inLanguage\":\"fr-FR\",\"potentialAction\":[{\"@type\":\"ReadAction\",\"target\":[\"https:\/\/gozu.zone\/?product=meeple-circus\"]}]},{\"@type\":\"ImageObject\",\"inLanguage\":\"fr-FR\",\"@id\":\"https:\/\/gozu.zone\/?product=meeple-circus#primaryimage\",\"url\":\"https:\/\/gozu.zone\/wp-content\/uploads\/2017\/11\/meeple-circus-4.jpg\",\"contentUrl\":\"https:\/\/gozu.zone\/wp-content\/uploads\/2017\/11\/meeple-circus-4.jpg\",\"width\":640,\"height\":640,\"caption\":\"meeple-circus\"},{\"@type\":\"BreadcrumbList\",\"@id\":\"https:\/\/gozu.zone\/?product=meeple-circus#breadcrumb\",\"itemListElement\":[{\"@type\":\"ListItem\",\"position\":1,\"name\":\"Accueil\",\"item\":\"https:\/\/gozu.zone\/\"},{\"@type\":\"ListItem\",\"position\":2,\"name\":\"BOUTIQUE\",\"item\":\"https:\/\/gozu.zone\/?page_id=308\"},{\"@type\":\"ListItem\",\"position\":3,\"name\":\"Meeple Circus\"}]},{\"@type\":\"WebSite\",\"@id\":\"https:\/\/gozu.zone\/#website\",\"url\":\"https:\/\/gozu.zone\/\",\"name\":\"GOZU ZONE\",\"description\":\"Toujours plus pour vos jeux\",\"potentialAction\":[{\"@type\":\"SearchAction\",\"target\":{\"@type\":\"EntryPoint\",\"urlTemplate\":\"https:\/\/gozu.zone\/?s={search_term_string}\"},\"query-input\":{\"@type\":\"PropertyValueSpecification\",\"valueRequired\":true,\"valueName\":\"search_term_string\"}}],\"inLanguage\":\"fr-FR\"}]}<\/script>\n<!-- \/ Yoast SEO plugin. -->","yoast_head_json":{"title":"Acheter Meeple Circus - GOZU ZONE - Jeux et Accessoires","robots":{"index":"index","follow":"follow","max-snippet":"max-snippet:-1","max-image-preview":"max-image-preview:large","max-video-preview":"max-video-preview:-1"},"canonical":"https:\/\/gozu.zone\/?product=meeple-circus","og_locale":"fr_FR","og_type":"article","og_title":"Acheter Meeple Circus - GOZU ZONE - Jeux et Accessoires","og_description":"Que le spectacle commence !   \u00c2ge : 8 ans et +  Dur\u00e9e : 30 min \u00e0 1h  Joueurs : 2 \u00e0 5","og_url":"https:\/\/gozu.zone\/?product=meeple-circus","og_site_name":"GOZU ZONE","article_publisher":"https:\/\/www.facebook.com\/gozuzone\/","article_modified_time":"2019-03-02T09:57:44+00:00","og_image":[{"width":640,"height":640,"url":"https:\/\/gozu.zone\/wp-content\/uploads\/2017\/11\/meeple-circus-4.jpg","type":"image\/jpeg"}],"twitter_card":"summary_large_image","twitter_site":"@gozuzone","twitter_misc":{"Dur\u00e9e de lecture estim\u00e9e":"1 minute"},"schema":{"@context":"https:\/\/schema.org","@graph":[{"@type":"WebPage","@id":"https:\/\/gozu.zone\/?product=meeple-circus","url":"https:\/\/gozu.zone\/?product=meeple-circus","name":"Acheter Meeple Circus - GOZU ZONE - Jeux et Accessoires","isPartOf":{"@id":"https:\/\/gozu.zone\/#website"},"primaryImageOfPage":{"@id":"https:\/\/gozu.zone\/?product=meeple-circus#primaryimage"},"image":{"@id":"https:\/\/gozu.zone\/?product=meeple-circus#primaryimage"},"thumbnailUrl":"https:\/\/gozu.zone\/wp-content\/uploads\/2017\/11\/meeple-circus-4.jpg","datePublished":"2017-11-25T14:42:53+00:00","dateModified":"2019-03-02T09:57:44+00:00","breadcrumb":{"@id":"https:\/\/gozu.zone\/?product=meeple-circus#breadcrumb"},"inLanguage":"fr-FR","potentialAction":[{"@type":"ReadAction","target":["https:\/\/gozu.zone\/?product=meeple-circus"]}]},{"@type":"ImageObject","inLanguage":"fr-FR","@id":"https:\/\/gozu.zone\/?product=meeple-circus#primaryimage","url":"https:\/\/gozu.zone\/wp-content\/uploads\/2017\/11\/meeple-circus-4.jpg","contentUrl":"https:\/\/gozu.zone\/wp-content\/uploads\/2017\/11\/meeple-circus-4.jpg","width":640,"height":640,"caption":"meeple-circus"},{"@type":"BreadcrumbList","@id":"https:\/\/gozu.zone\/?product=meeple-circus#breadcrumb","itemListElement":[{"@type":"ListItem","position":1,"name":"Accueil","item":"https:\/\/gozu.zone\/"},{"@type":"ListItem","position":2,"name":"BOUTIQUE","item":"https:\/\/gozu.zone\/?page_id=308"},{"@type":"ListItem","position":3,"name":"Meeple Circus"}]},{"@type":"WebSite","@id":"https:\/\/gozu.zone\/#website","url":"https:\/\/gozu.zone\/","name":"GOZU ZONE","description":"Toujours plus pour vos jeux","potentialAction":[{"@type":"SearchAction","target":{"@type":"EntryPoint","urlTemplate":"https:\/\/gozu.zone\/?s={search_term_string}"},"query-input":{"@type":"PropertyValueSpecification","valueRequired":true,"valueName":"search_term_string"}}],"inLanguage":"fr-FR"}]}},"_links":{"self":[{"href":"https:\/\/gozu.zone\/index.php?rest_route=\/wp\/v2\/product\/6575","targetHints":{"allow":["GET"]}}],"collection":[{"href":"https:\/\/gozu.zone\/index.php?rest_route=\/wp\/v2\/product"}],"about":[{"href":"https:\/\/gozu.zone\/index.php?rest_route=\/wp\/v2\/types\/product"}],"replies":[{"embeddable":true,"href":"https:\/\/gozu.zone\/index.php?rest_route=%2Fwp%2Fv2%2Fcomments&post=6575"}],"wp:featuredmedia":[{"embeddable":true,"href":"https:\/\/gozu.zone\/index.php?rest_route=\/wp\/v2\/media\/6603"}],"wp:attachment":[{"href":"https:\/\/gozu.zone\/index.php?rest_route=%2Fwp%2Fv2%2Fmedia&parent=6575"}],"wp:term":[{"taxonomy":"product_brand","embeddable":true,"href":"https:\/\/gozu.zone\/index.php?rest_route=%2Fwp%2Fv2%2Fproduct_brand&post=6575"},{"taxonomy":"product_cat","embeddable":true,"href":"https:\/\/gozu.zone\/index.php?rest_route=%2Fwp%2Fv2%2Fproduct_cat&post=6575"},{"taxonomy":"product_tag","embeddable":true,"href":"https:\/\/gozu.zone\/index.php?rest_route=%2Fwp%2Fv2%2Fproduct_tag&post=6575"}],"curies":[{"name":"wp","href":"https:\/\/api.w.org\/{rel}","templated":true}]}}