{"id":6577,"date":"2017-11-25T14:42:54","date_gmt":"2017-11-25T14:42:54","guid":{"rendered":"https:\/\/gozu.zone\/?post_type=product&#038;p=6577"},"modified":"2019-03-02T09:57:44","modified_gmt":"2019-03-02T09:57:44","slug":"okanagan","status":"publish","type":"product","link":"https:\/\/gozu.zone\/?product=okanagan","title":{"rendered":"Okanagan"},"content":{"rendered":"<p>Lacs d\u2019azur et plaines fertiles, la vall\u00e9e d\u2019Okanagan s\u2019offre \u00e0 vous. Explorez de nouveaux territoires, placez judicieusement vos b\u00e2timents pour gagner de l\u2019influence. R\u00e9coltez les ressources de ces contr\u00e9es luxuriantes afin de compl\u00e9ter vos objectifs.<br \/>\nSaurez-vous tirer le meilleur parti de ces terres de richesses ?<\/p>\n<div class=\"disclaimer material\">\n<h3>Contenu de\u00a0Okanagan :<\/h3>\n<ul>\n<li>61 tuiles (1 d\u00e9part, 60 terrains)<\/li>\n<li>144 jetons Ressource<\/li>\n<li>44 b\u00e2timents (12 fermes, 16 silos, 20 entrep\u00f4ts)<\/li>\n<li>54 cartes (36 objectifs, 16 p\u00e9tites d\u2019or, 1 explorateur, 1 2nd manche)<\/li>\n<li>1 livret de r\u00e8gles<\/li>\n<\/ul>\n<\/div>\n","protected":false},"excerpt":{"rendered":"<ul>\n<li><strong>\u00c2ge<\/strong> : 10 ans et +<\/li>\n<li><strong>Dur\u00e9e<\/strong> : 45 min<\/li>\n<li><strong>Joueurs<\/strong> : 2 \u00e0 4<\/li>\n<\/ul>\n","protected":false},"featured_media":6613,"comment_status":"open","ping_status":"closed","template":"","meta":{"_acf_changed":false},"product_brand":[],"product_cat":[323,361],"product_tag":[596,395],"class_list":{"0":"post-6577","1":"product","2":"type-product","3":"status-publish","4":"has-post-thumbnail","6":"product_cat-jeux","7":"product_cat-familiaux","8":"product_tag-nature","9":"product_tag-tuiles","10":"product_shipping_class-livraisonstandard_colis","12":"first","13":"instock","14":"sale","15":"taxable","16":"shipping-taxable","17":"purchasable","18":"product-type-simple"},"acf":[],"yoast_head":"<!-- This site is optimized with the Yoast SEO plugin v25.3 - https:\/\/yoast.com\/wordpress\/plugins\/seo\/ -->\n<title>Acheter Okanagan - GOZU ZONE - Jeux et Accessoires<\/title>\n<meta name=\"robots\" content=\"index, follow, max-snippet:-1, max-image-preview:large, max-video-preview:-1\" \/>\n<link rel=\"canonical\" href=\"https:\/\/gozu.zone\/?product=okanagan\" \/>\n<meta property=\"og:locale\" content=\"fr_FR\" \/>\n<meta property=\"og:type\" content=\"article\" \/>\n<meta property=\"og:title\" content=\"Acheter Okanagan - GOZU ZONE - Jeux et Accessoires\" \/>\n<meta property=\"og:description\" content=\"\u00c2ge : 10 ans et +  Dur\u00e9e : 45 min  Joueurs : 2 \u00e0 4\" \/>\n<meta property=\"og:url\" content=\"https:\/\/gozu.zone\/?product=okanagan\" \/>\n<meta property=\"og:site_name\" content=\"GOZU ZONE\" \/>\n<meta property=\"article:publisher\" content=\"https:\/\/www.facebook.com\/gozuzone\/\" \/>\n<meta property=\"article:modified_time\" content=\"2019-03-02T09:57:44+00:00\" \/>\n<meta property=\"og:image\" content=\"https:\/\/gozu.zone\/wp-content\/uploads\/2017\/11\/okanagan-boite.jpg\" \/>\n\t<meta property=\"og:image:width\" content=\"640\" \/>\n\t<meta property=\"og:image:height\" content=\"640\" \/>\n\t<meta property=\"og:image:type\" content=\"image\/jpeg\" \/>\n<meta name=\"twitter:card\" content=\"summary_large_image\" \/>\n<meta name=\"twitter:site\" content=\"@gozuzone\" \/>\n<script type=\"application\/ld+json\" class=\"yoast-schema-graph\">{\"@context\":\"https:\/\/schema.org\",\"@graph\":[{\"@type\":\"WebPage\",\"@id\":\"https:\/\/gozu.zone\/?product=okanagan\",\"url\":\"https:\/\/gozu.zone\/?product=okanagan\",\"name\":\"Acheter Okanagan - GOZU ZONE - Jeux et Accessoires\",\"isPartOf\":{\"@id\":\"https:\/\/gozu.zone\/#website\"},\"primaryImageOfPage\":{\"@id\":\"https:\/\/gozu.zone\/?product=okanagan#primaryimage\"},\"image\":{\"@id\":\"https:\/\/gozu.zone\/?product=okanagan#primaryimage\"},\"thumbnailUrl\":\"https:\/\/gozu.zone\/wp-content\/uploads\/2017\/11\/okanagan-boite.jpg\",\"datePublished\":\"2017-11-25T14:42:54+00:00\",\"dateModified\":\"2019-03-02T09:57:44+00:00\",\"breadcrumb\":{\"@id\":\"https:\/\/gozu.zone\/?product=okanagan#breadcrumb\"},\"inLanguage\":\"fr-FR\",\"potentialAction\":[{\"@type\":\"ReadAction\",\"target\":[\"https:\/\/gozu.zone\/?product=okanagan\"]}]},{\"@type\":\"ImageObject\",\"inLanguage\":\"fr-FR\",\"@id\":\"https:\/\/gozu.zone\/?product=okanagan#primaryimage\",\"url\":\"https:\/\/gozu.zone\/wp-content\/uploads\/2017\/11\/okanagan-boite.jpg\",\"contentUrl\":\"https:\/\/gozu.zone\/wp-content\/uploads\/2017\/11\/okanagan-boite.jpg\",\"width\":640,\"height\":640,\"caption\":\"okanagan-boite\"},{\"@type\":\"BreadcrumbList\",\"@id\":\"https:\/\/gozu.zone\/?product=okanagan#breadcrumb\",\"itemListElement\":[{\"@type\":\"ListItem\",\"position\":1,\"name\":\"Accueil\",\"item\":\"https:\/\/gozu.zone\/\"},{\"@type\":\"ListItem\",\"position\":2,\"name\":\"BOUTIQUE\",\"item\":\"https:\/\/gozu.zone\/?page_id=308\"},{\"@type\":\"ListItem\",\"position\":3,\"name\":\"Okanagan\"}]},{\"@type\":\"WebSite\",\"@id\":\"https:\/\/gozu.zone\/#website\",\"url\":\"https:\/\/gozu.zone\/\",\"name\":\"GOZU ZONE\",\"description\":\"Toujours plus pour vos jeux\",\"potentialAction\":[{\"@type\":\"SearchAction\",\"target\":{\"@type\":\"EntryPoint\",\"urlTemplate\":\"https:\/\/gozu.zone\/?s={search_term_string}\"},\"query-input\":{\"@type\":\"PropertyValueSpecification\",\"valueRequired\":true,\"valueName\":\"search_term_string\"}}],\"inLanguage\":\"fr-FR\"}]}<\/script>\n<!-- \/ Yoast SEO plugin. -->","yoast_head_json":{"title":"Acheter Okanagan - GOZU ZONE - Jeux et Accessoires","robots":{"index":"index","follow":"follow","max-snippet":"max-snippet:-1","max-image-preview":"max-image-preview:large","max-video-preview":"max-video-preview:-1"},"canonical":"https:\/\/gozu.zone\/?product=okanagan","og_locale":"fr_FR","og_type":"article","og_title":"Acheter Okanagan - GOZU ZONE - Jeux et Accessoires","og_description":"\u00c2ge : 10 ans et +  Dur\u00e9e : 45 min  Joueurs : 2 \u00e0 4","og_url":"https:\/\/gozu.zone\/?product=okanagan","og_site_name":"GOZU ZONE","article_publisher":"https:\/\/www.facebook.com\/gozuzone\/","article_modified_time":"2019-03-02T09:57:44+00:00","og_image":[{"width":640,"height":640,"url":"https:\/\/gozu.zone\/wp-content\/uploads\/2017\/11\/okanagan-boite.jpg","type":"image\/jpeg"}],"twitter_card":"summary_large_image","twitter_site":"@gozuzone","schema":{"@context":"https:\/\/schema.org","@graph":[{"@type":"WebPage","@id":"https:\/\/gozu.zone\/?product=okanagan","url":"https:\/\/gozu.zone\/?product=okanagan","name":"Acheter Okanagan - GOZU ZONE - Jeux et Accessoires","isPartOf":{"@id":"https:\/\/gozu.zone\/#website"},"primaryImageOfPage":{"@id":"https:\/\/gozu.zone\/?product=okanagan#primaryimage"},"image":{"@id":"https:\/\/gozu.zone\/?product=okanagan#primaryimage"},"thumbnailUrl":"https:\/\/gozu.zone\/wp-content\/uploads\/2017\/11\/okanagan-boite.jpg","datePublished":"2017-11-25T14:42:54+00:00","dateModified":"2019-03-02T09:57:44+00:00","breadcrumb":{"@id":"https:\/\/gozu.zone\/?product=okanagan#breadcrumb"},"inLanguage":"fr-FR","potentialAction":[{"@type":"ReadAction","target":["https:\/\/gozu.zone\/?product=okanagan"]}]},{"@type":"ImageObject","inLanguage":"fr-FR","@id":"https:\/\/gozu.zone\/?product=okanagan#primaryimage","url":"https:\/\/gozu.zone\/wp-content\/uploads\/2017\/11\/okanagan-boite.jpg","contentUrl":"https:\/\/gozu.zone\/wp-content\/uploads\/2017\/11\/okanagan-boite.jpg","width":640,"height":640,"caption":"okanagan-boite"},{"@type":"BreadcrumbList","@id":"https:\/\/gozu.zone\/?product=okanagan#breadcrumb","itemListElement":[{"@type":"ListItem","position":1,"name":"Accueil","item":"https:\/\/gozu.zone\/"},{"@type":"ListItem","position":2,"name":"BOUTIQUE","item":"https:\/\/gozu.zone\/?page_id=308"},{"@type":"ListItem","position":3,"name":"Okanagan"}]},{"@type":"WebSite","@id":"https:\/\/gozu.zone\/#website","url":"https:\/\/gozu.zone\/","name":"GOZU ZONE","description":"Toujours plus pour vos jeux","potentialAction":[{"@type":"SearchAction","target":{"@type":"EntryPoint","urlTemplate":"https:\/\/gozu.zone\/?s={search_term_string}"},"query-input":{"@type":"PropertyValueSpecification","valueRequired":true,"valueName":"search_term_string"}}],"inLanguage":"fr-FR"}]}},"_links":{"self":[{"href":"https:\/\/gozu.zone\/index.php?rest_route=\/wp\/v2\/product\/6577","targetHints":{"allow":["GET"]}}],"collection":[{"href":"https:\/\/gozu.zone\/index.php?rest_route=\/wp\/v2\/product"}],"about":[{"href":"https:\/\/gozu.zone\/index.php?rest_route=\/wp\/v2\/types\/product"}],"replies":[{"embeddable":true,"href":"https:\/\/gozu.zone\/index.php?rest_route=%2Fwp%2Fv2%2Fcomments&post=6577"}],"wp:featuredmedia":[{"embeddable":true,"href":"https:\/\/gozu.zone\/index.php?rest_route=\/wp\/v2\/media\/6613"}],"wp:attachment":[{"href":"https:\/\/gozu.zone\/index.php?rest_route=%2Fwp%2Fv2%2Fmedia&parent=6577"}],"wp:term":[{"taxonomy":"product_brand","embeddable":true,"href":"https:\/\/gozu.zone\/index.php?rest_route=%2Fwp%2Fv2%2Fproduct_brand&post=6577"},{"taxonomy":"product_cat","embeddable":true,"href":"https:\/\/gozu.zone\/index.php?rest_route=%2Fwp%2Fv2%2Fproduct_cat&post=6577"},{"taxonomy":"product_tag","embeddable":true,"href":"https:\/\/gozu.zone\/index.php?rest_route=%2Fwp%2Fv2%2Fproduct_tag&post=6577"}],"curies":[{"name":"wp","href":"https:\/\/api.w.org\/{rel}","templated":true}]}}