{"id":6580,"date":"2017-11-25T14:42:54","date_gmt":"2017-11-25T14:42:54","guid":{"rendered":"https:\/\/gozu.zone\/?post_type=product&#038;p=6580"},"modified":"2024-05-14T18:35:23","modified_gmt":"2024-05-14T18:35:23","slug":"scythe-strateges-cieux","status":"publish","type":"product","link":"https:\/\/gozu.zone\/?product=scythe-strateges-cieux","title":{"rendered":"Scythe &#8211; Strat\u00e8ges des Cieux"},"content":{"rendered":"<p>Deux extensions modulaires : les dirigeables et les r\u00e9solutions.<\/p>\n<p>Dans le module des dirigeables , 2 tuiles a\u00e9ronefs sont jumel\u00e9es au d\u00e9but du jeu. La figurine de dirigeable de chaque joueur a ses propres capacit\u00e9s et sont libres de se d\u00e9placer sur n&rsquo;importe quel territoire (terre, eau, rivi\u00e8res).<\/p>\n<p>Le second module, d\u00e9velopp\u00e9 par Jamey Stegmaier, propose une mosa\u00efque de r\u00e9solutions (8 tuiles, 1 utilis\u00e9e pour chaque partie) afin de modifier le cours des fins de partie.<br \/>\nChaque module est jouable s\u00e9par\u00e9ment avec le jeu de base, avec ou sans la premi\u00e8re extension.<\/p>\n<div class=\"disclaimer material\">\n<h3>Contenu de\u00a0Scythe &#8211; Strat\u00e8ges des Cieux<\/h3>\n<ul>\n<li>1 livret de r\u00e8gles<\/li>\n<li>1 livret de r\u00e8gles Automate<\/li>\n<li>1 fiche de r\u00e9ussite<\/li>\n<li>1 bo\u00eete<\/li>\n<li>1 espace de rangement<\/li>\n<li>8 tuiles R\u00e9solution<\/li>\n<li>16 tuiles A\u00e9ronef<\/li>\n<li>7 figurines d\u2019a\u00e9ronefs<\/li>\n<li>7 socles en plastique<\/li>\n<li>9 cartes Automate<\/li>\n<\/ul>\n<\/div>\n","protected":false},"excerpt":{"rendered":"<p>Passez par les airs !<\/p>\n<ul>\n<li><strong>\u00c2ge<\/strong> : 14 ans et +<\/li>\n<li><strong>Dur\u00e9e<\/strong> : 2 \u00e0 3h<\/li>\n<li><strong>Joueurs<\/strong> : 1 \u00e0 7<\/li>\n<\/ul>\n","protected":false},"featured_media":6588,"comment_status":"open","ping_status":"closed","template":"","meta":{"_acf_changed":false},"product_brand":[],"product_cat":[324,327,323],"product_tag":[336,347,531,380,530],"class_list":{"0":"post-6580","1":"product","2":"type-product","3":"status-publish","4":"has-post-thumbnail","6":"product_cat-experts","7":"product_cat-extensions","8":"product_cat-jeux","9":"product_tag-affrontement","10":"product_tag-economie","11":"product_tag-europe","12":"product_tag-exploration","13":"product_tag-wargame","14":"product_shipping_class-livraisonstandard_colis","16":"first","17":"instock","18":"sale","19":"taxable","20":"shipping-taxable","21":"purchasable","22":"product-type-simple"},"acf":[],"yoast_head":"<!-- This site is optimized with the Yoast SEO plugin v25.3 - https:\/\/yoast.com\/wordpress\/plugins\/seo\/ -->\n<title>Acheter Scythe - Strat\u00e8ges des Cieux - GOZU ZONE - Jeux et Accessoires<\/title>\n<meta name=\"robots\" content=\"index, follow, max-snippet:-1, max-image-preview:large, max-video-preview:-1\" \/>\n<link rel=\"canonical\" href=\"https:\/\/gozu.zone\/?product=scythe-strateges-cieux\" \/>\n<meta property=\"og:locale\" content=\"fr_FR\" \/>\n<meta property=\"og:type\" content=\"article\" \/>\n<meta property=\"og:title\" content=\"Acheter Scythe - Strat\u00e8ges des Cieux - GOZU ZONE - Jeux et Accessoires\" \/>\n<meta property=\"og:description\" content=\"Passez par les airs !   \u00c2ge : 14 ans et +  Dur\u00e9e : 2 \u00e0 3h  Joueurs : 1 \u00e0 7\" \/>\n<meta property=\"og:url\" content=\"https:\/\/gozu.zone\/?product=scythe-strateges-cieux\" \/>\n<meta property=\"og:site_name\" content=\"GOZU ZONE\" \/>\n<meta property=\"article:publisher\" content=\"https:\/\/www.facebook.com\/gozuzone\/\" \/>\n<meta property=\"article:modified_time\" content=\"2024-05-14T18:35:23+00:00\" \/>\n<meta property=\"og:image\" content=\"https:\/\/gozu.zone\/wp-content\/uploads\/2017\/11\/scythe-vf-strateges-des-cieux.jpg\" \/>\n\t<meta property=\"og:image:width\" content=\"640\" \/>\n\t<meta property=\"og:image:height\" content=\"640\" \/>\n\t<meta property=\"og:image:type\" content=\"image\/jpeg\" \/>\n<meta name=\"twitter:card\" content=\"summary_large_image\" \/>\n<meta name=\"twitter:site\" content=\"@gozuzone\" \/>\n<meta name=\"twitter:label1\" content=\"Dur\u00e9e de lecture estim\u00e9e\" \/>\n\t<meta name=\"twitter:data1\" content=\"1 minute\" \/>\n<script type=\"application\/ld+json\" class=\"yoast-schema-graph\">{\"@context\":\"https:\/\/schema.org\",\"@graph\":[{\"@type\":\"WebPage\",\"@id\":\"https:\/\/gozu.zone\/?product=scythe-strateges-cieux\",\"url\":\"https:\/\/gozu.zone\/?product=scythe-strateges-cieux\",\"name\":\"Acheter Scythe - Strat\u00e8ges des Cieux - GOZU ZONE - Jeux et Accessoires\",\"isPartOf\":{\"@id\":\"https:\/\/gozu.zone\/#website\"},\"primaryImageOfPage\":{\"@id\":\"https:\/\/gozu.zone\/?product=scythe-strateges-cieux#primaryimage\"},\"image\":{\"@id\":\"https:\/\/gozu.zone\/?product=scythe-strateges-cieux#primaryimage\"},\"thumbnailUrl\":\"https:\/\/gozu.zone\/wp-content\/uploads\/2017\/11\/scythe-vf-strateges-des-cieux.jpg\",\"datePublished\":\"2017-11-25T14:42:54+00:00\",\"dateModified\":\"2024-05-14T18:35:23+00:00\",\"breadcrumb\":{\"@id\":\"https:\/\/gozu.zone\/?product=scythe-strateges-cieux#breadcrumb\"},\"inLanguage\":\"fr-FR\",\"potentialAction\":[{\"@type\":\"ReadAction\",\"target\":[\"https:\/\/gozu.zone\/?product=scythe-strateges-cieux\"]}]},{\"@type\":\"ImageObject\",\"inLanguage\":\"fr-FR\",\"@id\":\"https:\/\/gozu.zone\/?product=scythe-strateges-cieux#primaryimage\",\"url\":\"https:\/\/gozu.zone\/wp-content\/uploads\/2017\/11\/scythe-vf-strateges-des-cieux.jpg\",\"contentUrl\":\"https:\/\/gozu.zone\/wp-content\/uploads\/2017\/11\/scythe-vf-strateges-des-cieux.jpg\",\"width\":640,\"height\":640,\"caption\":\"scythe-vf-strateges-des-cieux\"},{\"@type\":\"BreadcrumbList\",\"@id\":\"https:\/\/gozu.zone\/?product=scythe-strateges-cieux#breadcrumb\",\"itemListElement\":[{\"@type\":\"ListItem\",\"position\":1,\"name\":\"Accueil\",\"item\":\"https:\/\/gozu.zone\/\"},{\"@type\":\"ListItem\",\"position\":2,\"name\":\"BOUTIQUE\",\"item\":\"https:\/\/gozu.zone\/?page_id=308\"},{\"@type\":\"ListItem\",\"position\":3,\"name\":\"Scythe &#8211; Strat\u00e8ges des Cieux\"}]},{\"@type\":\"WebSite\",\"@id\":\"https:\/\/gozu.zone\/#website\",\"url\":\"https:\/\/gozu.zone\/\",\"name\":\"GOZU ZONE\",\"description\":\"Toujours plus pour vos jeux\",\"potentialAction\":[{\"@type\":\"SearchAction\",\"target\":{\"@type\":\"EntryPoint\",\"urlTemplate\":\"https:\/\/gozu.zone\/?s={search_term_string}\"},\"query-input\":{\"@type\":\"PropertyValueSpecification\",\"valueRequired\":true,\"valueName\":\"search_term_string\"}}],\"inLanguage\":\"fr-FR\"}]}<\/script>\n<!-- \/ Yoast SEO plugin. -->","yoast_head_json":{"title":"Acheter Scythe - Strat\u00e8ges des Cieux - GOZU ZONE - Jeux et Accessoires","robots":{"index":"index","follow":"follow","max-snippet":"max-snippet:-1","max-image-preview":"max-image-preview:large","max-video-preview":"max-video-preview:-1"},"canonical":"https:\/\/gozu.zone\/?product=scythe-strateges-cieux","og_locale":"fr_FR","og_type":"article","og_title":"Acheter Scythe - Strat\u00e8ges des Cieux - GOZU ZONE - Jeux et Accessoires","og_description":"Passez par les airs !   \u00c2ge : 14 ans et +  Dur\u00e9e : 2 \u00e0 3h  Joueurs : 1 \u00e0 7","og_url":"https:\/\/gozu.zone\/?product=scythe-strateges-cieux","og_site_name":"GOZU ZONE","article_publisher":"https:\/\/www.facebook.com\/gozuzone\/","article_modified_time":"2024-05-14T18:35:23+00:00","og_image":[{"width":640,"height":640,"url":"https:\/\/gozu.zone\/wp-content\/uploads\/2017\/11\/scythe-vf-strateges-des-cieux.jpg","type":"image\/jpeg"}],"twitter_card":"summary_large_image","twitter_site":"@gozuzone","twitter_misc":{"Dur\u00e9e de lecture estim\u00e9e":"1 minute"},"schema":{"@context":"https:\/\/schema.org","@graph":[{"@type":"WebPage","@id":"https:\/\/gozu.zone\/?product=scythe-strateges-cieux","url":"https:\/\/gozu.zone\/?product=scythe-strateges-cieux","name":"Acheter Scythe - Strat\u00e8ges des Cieux - GOZU ZONE - Jeux et Accessoires","isPartOf":{"@id":"https:\/\/gozu.zone\/#website"},"primaryImageOfPage":{"@id":"https:\/\/gozu.zone\/?product=scythe-strateges-cieux#primaryimage"},"image":{"@id":"https:\/\/gozu.zone\/?product=scythe-strateges-cieux#primaryimage"},"thumbnailUrl":"https:\/\/gozu.zone\/wp-content\/uploads\/2017\/11\/scythe-vf-strateges-des-cieux.jpg","datePublished":"2017-11-25T14:42:54+00:00","dateModified":"2024-05-14T18:35:23+00:00","breadcrumb":{"@id":"https:\/\/gozu.zone\/?product=scythe-strateges-cieux#breadcrumb"},"inLanguage":"fr-FR","potentialAction":[{"@type":"ReadAction","target":["https:\/\/gozu.zone\/?product=scythe-strateges-cieux"]}]},{"@type":"ImageObject","inLanguage":"fr-FR","@id":"https:\/\/gozu.zone\/?product=scythe-strateges-cieux#primaryimage","url":"https:\/\/gozu.zone\/wp-content\/uploads\/2017\/11\/scythe-vf-strateges-des-cieux.jpg","contentUrl":"https:\/\/gozu.zone\/wp-content\/uploads\/2017\/11\/scythe-vf-strateges-des-cieux.jpg","width":640,"height":640,"caption":"scythe-vf-strateges-des-cieux"},{"@type":"BreadcrumbList","@id":"https:\/\/gozu.zone\/?product=scythe-strateges-cieux#breadcrumb","itemListElement":[{"@type":"ListItem","position":1,"name":"Accueil","item":"https:\/\/gozu.zone\/"},{"@type":"ListItem","position":2,"name":"BOUTIQUE","item":"https:\/\/gozu.zone\/?page_id=308"},{"@type":"ListItem","position":3,"name":"Scythe &#8211; Strat\u00e8ges des Cieux"}]},{"@type":"WebSite","@id":"https:\/\/gozu.zone\/#website","url":"https:\/\/gozu.zone\/","name":"GOZU ZONE","description":"Toujours plus pour vos jeux","potentialAction":[{"@type":"SearchAction","target":{"@type":"EntryPoint","urlTemplate":"https:\/\/gozu.zone\/?s={search_term_string}"},"query-input":{"@type":"PropertyValueSpecification","valueRequired":true,"valueName":"search_term_string"}}],"inLanguage":"fr-FR"}]}},"_links":{"self":[{"href":"https:\/\/gozu.zone\/index.php?rest_route=\/wp\/v2\/product\/6580","targetHints":{"allow":["GET"]}}],"collection":[{"href":"https:\/\/gozu.zone\/index.php?rest_route=\/wp\/v2\/product"}],"about":[{"href":"https:\/\/gozu.zone\/index.php?rest_route=\/wp\/v2\/types\/product"}],"replies":[{"embeddable":true,"href":"https:\/\/gozu.zone\/index.php?rest_route=%2Fwp%2Fv2%2Fcomments&post=6580"}],"wp:featuredmedia":[{"embeddable":true,"href":"https:\/\/gozu.zone\/index.php?rest_route=\/wp\/v2\/media\/6588"}],"wp:attachment":[{"href":"https:\/\/gozu.zone\/index.php?rest_route=%2Fwp%2Fv2%2Fmedia&parent=6580"}],"wp:term":[{"taxonomy":"product_brand","embeddable":true,"href":"https:\/\/gozu.zone\/index.php?rest_route=%2Fwp%2Fv2%2Fproduct_brand&post=6580"},{"taxonomy":"product_cat","embeddable":true,"href":"https:\/\/gozu.zone\/index.php?rest_route=%2Fwp%2Fv2%2Fproduct_cat&post=6580"},{"taxonomy":"product_tag","embeddable":true,"href":"https:\/\/gozu.zone\/index.php?rest_route=%2Fwp%2Fv2%2Fproduct_tag&post=6580"}],"curies":[{"name":"wp","href":"https:\/\/api.w.org\/{rel}","templated":true}]}}