{"id":6714,"date":"2017-11-27T13:59:31","date_gmt":"2017-11-27T13:59:31","guid":{"rendered":"https:\/\/gozu.zone\/?post_type=product&#038;p=6714"},"modified":"2017-11-27T14:06:43","modified_gmt":"2017-11-27T14:06:43","slug":"x-wing-headhunter-z-95","status":"publish","type":"product","link":"https:\/\/gozu.zone\/?product=x-wing-headhunter-z-95","title":{"rendered":"X-Wing : Headhunter Z-95"},"content":{"rendered":"<p>Offrez une toute nouvelle dimension \u00e0 vos parties de X-Wing !<\/p>\n<p> L\u2019AF4 fut la toute derni\u00e8re g\u00e9n\u00e9ration du mod\u00e8le chasseur de t\u00eates, produit durant tr\u00e8s longtemps. Robuste et bon march\u00e9, il fut tr\u00e8s populaire aupr\u00e8s des ind\u00e9pendants, comme la R\u00e9bellion et le Soleil Noir.<\/p>\n<p> Ce Paquet d\u2019Extension inclut tout ce dont vous avez besoin pour ajouter 1 Chasseur de T\u00eates Z-95 \u00e0 vos parties.<\/p>\n<p> CONTENU<br \/>\n 11 cartes, 17 marqueurs, 1 cadran de manoeuvres, 1 vaisseau en plastique peint avec socle et fixations.<\/p>\n","protected":false},"excerpt":{"rendered":"<ul>\n<li><strong>\u00c2ge<\/strong> : 14 ans et +<\/li>\n<li><strong>Dur\u00e9e<\/strong> : 30 \u00e0 45 min<\/li>\n<li><strong>Joueurs<\/strong> : 2<\/li>\n<\/ul>\n<p> N\u00e9cessite <a class=\"color_grey_medium float_left no-border\" title=\"X-Wing le jeu de figurines\" href=\"http:\/\/pro.gozu.zone\/?product=x-wing-jeu-de-figurines\" target=\"_top\">X-Wing &#8211; le jeu de figurines<\/a> pour jouer.<\/p>\n","protected":false},"featured_media":6663,"comment_status":"open","ping_status":"closed","template":"","meta":{"_acf_changed":false},"product_brand":[],"product_cat":[609,324,327,323,401,495,494,333,600],"product_tag":[437,331,614,615,11],"class_list":{"0":"post-6714","1":"product","2":"type-product","3":"status-publish","4":"has-post-thumbnail","6":"product_cat-paquets-dextension-alliance-rebelle","7":"product_cat-experts","8":"product_cat-extensions","9":"product_cat-jeux","10":"product_cat-jeux-a-2","11":"product_cat-jeux-de-figurines","12":"product_cat-jeux-de-societe","13":"product_cat-par-types","14":"product_cat-star-wars-x-wing","15":"product_tag-espace","16":"product_tag-extensions","17":"product_tag-star-wars","18":"product_tag-vaisseau","19":"product_tag-x-wing","20":"product_shipping_class-livraisonstandard_colis","22":"first","23":"instock","24":"sale","25":"taxable","26":"shipping-taxable","27":"purchasable","28":"product-type-simple"},"acf":[],"yoast_head":"<!-- This site is optimized with the Yoast SEO plugin v25.3 - https:\/\/yoast.com\/wordpress\/plugins\/seo\/ -->\n<title>Acheter X-Wing : Headhunter Z-95 - GOZU ZONE - Jeux et Accessoires<\/title>\n<meta name=\"robots\" content=\"index, follow, max-snippet:-1, max-image-preview:large, max-video-preview:-1\" \/>\n<link rel=\"canonical\" href=\"https:\/\/gozu.zone\/?product=x-wing-headhunter-z-95\" \/>\n<meta property=\"og:locale\" content=\"fr_FR\" \/>\n<meta property=\"og:type\" content=\"article\" \/>\n<meta property=\"og:title\" content=\"Acheter X-Wing : Headhunter Z-95 - GOZU ZONE - Jeux et Accessoires\" \/>\n<meta property=\"og:description\" content=\"\u00c2ge : 14 ans et + Dur\u00e9e : 30 \u00e0 45 min Joueurs : 2   N\u00e9cessite X-Wing - le jeu de figurines pour jouer.\" \/>\n<meta property=\"og:url\" content=\"https:\/\/gozu.zone\/?product=x-wing-headhunter-z-95\" \/>\n<meta property=\"og:site_name\" content=\"GOZU ZONE\" \/>\n<meta property=\"article:publisher\" content=\"https:\/\/www.facebook.com\/gozuzone\/\" \/>\n<meta property=\"article:modified_time\" content=\"2017-11-27T14:06:43+00:00\" \/>\n<meta property=\"og:image\" content=\"https:\/\/gozu.zone\/wp-content\/uploads\/2017\/11\/FFSWX16.jpg\" \/>\n\t<meta property=\"og:image:width\" content=\"520\" \/>\n\t<meta property=\"og:image:height\" content=\"520\" \/>\n\t<meta property=\"og:image:type\" content=\"image\/jpeg\" \/>\n<meta name=\"twitter:card\" content=\"summary_large_image\" \/>\n<meta name=\"twitter:site\" content=\"@gozuzone\" \/>\n<script type=\"application\/ld+json\" class=\"yoast-schema-graph\">{\"@context\":\"https:\/\/schema.org\",\"@graph\":[{\"@type\":\"WebPage\",\"@id\":\"https:\/\/gozu.zone\/?product=x-wing-headhunter-z-95\",\"url\":\"https:\/\/gozu.zone\/?product=x-wing-headhunter-z-95\",\"name\":\"Acheter X-Wing : Headhunter Z-95 - GOZU ZONE - Jeux et Accessoires\",\"isPartOf\":{\"@id\":\"https:\/\/gozu.zone\/#website\"},\"primaryImageOfPage\":{\"@id\":\"https:\/\/gozu.zone\/?product=x-wing-headhunter-z-95#primaryimage\"},\"image\":{\"@id\":\"https:\/\/gozu.zone\/?product=x-wing-headhunter-z-95#primaryimage\"},\"thumbnailUrl\":\"https:\/\/gozu.zone\/wp-content\/uploads\/2017\/11\/FFSWX16.jpg\",\"datePublished\":\"2017-11-27T13:59:31+00:00\",\"dateModified\":\"2017-11-27T14:06:43+00:00\",\"breadcrumb\":{\"@id\":\"https:\/\/gozu.zone\/?product=x-wing-headhunter-z-95#breadcrumb\"},\"inLanguage\":\"fr-FR\",\"potentialAction\":[{\"@type\":\"ReadAction\",\"target\":[\"https:\/\/gozu.zone\/?product=x-wing-headhunter-z-95\"]}]},{\"@type\":\"ImageObject\",\"inLanguage\":\"fr-FR\",\"@id\":\"https:\/\/gozu.zone\/?product=x-wing-headhunter-z-95#primaryimage\",\"url\":\"https:\/\/gozu.zone\/wp-content\/uploads\/2017\/11\/FFSWX16.jpg\",\"contentUrl\":\"https:\/\/gozu.zone\/wp-content\/uploads\/2017\/11\/FFSWX16.jpg\",\"width\":520,\"height\":520},{\"@type\":\"BreadcrumbList\",\"@id\":\"https:\/\/gozu.zone\/?product=x-wing-headhunter-z-95#breadcrumb\",\"itemListElement\":[{\"@type\":\"ListItem\",\"position\":1,\"name\":\"Accueil\",\"item\":\"https:\/\/gozu.zone\/\"},{\"@type\":\"ListItem\",\"position\":2,\"name\":\"BOUTIQUE\",\"item\":\"https:\/\/gozu.zone\/?page_id=308\"},{\"@type\":\"ListItem\",\"position\":3,\"name\":\"X-Wing : Headhunter Z-95\"}]},{\"@type\":\"WebSite\",\"@id\":\"https:\/\/gozu.zone\/#website\",\"url\":\"https:\/\/gozu.zone\/\",\"name\":\"GOZU ZONE\",\"description\":\"Toujours plus pour vos jeux\",\"potentialAction\":[{\"@type\":\"SearchAction\",\"target\":{\"@type\":\"EntryPoint\",\"urlTemplate\":\"https:\/\/gozu.zone\/?s={search_term_string}\"},\"query-input\":{\"@type\":\"PropertyValueSpecification\",\"valueRequired\":true,\"valueName\":\"search_term_string\"}}],\"inLanguage\":\"fr-FR\"}]}<\/script>\n<!-- \/ Yoast SEO plugin. -->","yoast_head_json":{"title":"Acheter X-Wing : Headhunter Z-95 - GOZU ZONE - Jeux et Accessoires","robots":{"index":"index","follow":"follow","max-snippet":"max-snippet:-1","max-image-preview":"max-image-preview:large","max-video-preview":"max-video-preview:-1"},"canonical":"https:\/\/gozu.zone\/?product=x-wing-headhunter-z-95","og_locale":"fr_FR","og_type":"article","og_title":"Acheter X-Wing : Headhunter Z-95 - GOZU ZONE - Jeux et Accessoires","og_description":"\u00c2ge : 14 ans et + Dur\u00e9e : 30 \u00e0 45 min Joueurs : 2   N\u00e9cessite X-Wing - le jeu de figurines pour jouer.","og_url":"https:\/\/gozu.zone\/?product=x-wing-headhunter-z-95","og_site_name":"GOZU ZONE","article_publisher":"https:\/\/www.facebook.com\/gozuzone\/","article_modified_time":"2017-11-27T14:06:43+00:00","og_image":[{"width":520,"height":520,"url":"https:\/\/gozu.zone\/wp-content\/uploads\/2017\/11\/FFSWX16.jpg","type":"image\/jpeg"}],"twitter_card":"summary_large_image","twitter_site":"@gozuzone","schema":{"@context":"https:\/\/schema.org","@graph":[{"@type":"WebPage","@id":"https:\/\/gozu.zone\/?product=x-wing-headhunter-z-95","url":"https:\/\/gozu.zone\/?product=x-wing-headhunter-z-95","name":"Acheter X-Wing : Headhunter Z-95 - GOZU ZONE - Jeux et Accessoires","isPartOf":{"@id":"https:\/\/gozu.zone\/#website"},"primaryImageOfPage":{"@id":"https:\/\/gozu.zone\/?product=x-wing-headhunter-z-95#primaryimage"},"image":{"@id":"https:\/\/gozu.zone\/?product=x-wing-headhunter-z-95#primaryimage"},"thumbnailUrl":"https:\/\/gozu.zone\/wp-content\/uploads\/2017\/11\/FFSWX16.jpg","datePublished":"2017-11-27T13:59:31+00:00","dateModified":"2017-11-27T14:06:43+00:00","breadcrumb":{"@id":"https:\/\/gozu.zone\/?product=x-wing-headhunter-z-95#breadcrumb"},"inLanguage":"fr-FR","potentialAction":[{"@type":"ReadAction","target":["https:\/\/gozu.zone\/?product=x-wing-headhunter-z-95"]}]},{"@type":"ImageObject","inLanguage":"fr-FR","@id":"https:\/\/gozu.zone\/?product=x-wing-headhunter-z-95#primaryimage","url":"https:\/\/gozu.zone\/wp-content\/uploads\/2017\/11\/FFSWX16.jpg","contentUrl":"https:\/\/gozu.zone\/wp-content\/uploads\/2017\/11\/FFSWX16.jpg","width":520,"height":520},{"@type":"BreadcrumbList","@id":"https:\/\/gozu.zone\/?product=x-wing-headhunter-z-95#breadcrumb","itemListElement":[{"@type":"ListItem","position":1,"name":"Accueil","item":"https:\/\/gozu.zone\/"},{"@type":"ListItem","position":2,"name":"BOUTIQUE","item":"https:\/\/gozu.zone\/?page_id=308"},{"@type":"ListItem","position":3,"name":"X-Wing : Headhunter Z-95"}]},{"@type":"WebSite","@id":"https:\/\/gozu.zone\/#website","url":"https:\/\/gozu.zone\/","name":"GOZU ZONE","description":"Toujours plus pour vos jeux","potentialAction":[{"@type":"SearchAction","target":{"@type":"EntryPoint","urlTemplate":"https:\/\/gozu.zone\/?s={search_term_string}"},"query-input":{"@type":"PropertyValueSpecification","valueRequired":true,"valueName":"search_term_string"}}],"inLanguage":"fr-FR"}]}},"_links":{"self":[{"href":"https:\/\/gozu.zone\/index.php?rest_route=\/wp\/v2\/product\/6714","targetHints":{"allow":["GET"]}}],"collection":[{"href":"https:\/\/gozu.zone\/index.php?rest_route=\/wp\/v2\/product"}],"about":[{"href":"https:\/\/gozu.zone\/index.php?rest_route=\/wp\/v2\/types\/product"}],"replies":[{"embeddable":true,"href":"https:\/\/gozu.zone\/index.php?rest_route=%2Fwp%2Fv2%2Fcomments&post=6714"}],"wp:featuredmedia":[{"embeddable":true,"href":"https:\/\/gozu.zone\/index.php?rest_route=\/wp\/v2\/media\/6663"}],"wp:attachment":[{"href":"https:\/\/gozu.zone\/index.php?rest_route=%2Fwp%2Fv2%2Fmedia&parent=6714"}],"wp:term":[{"taxonomy":"product_brand","embeddable":true,"href":"https:\/\/gozu.zone\/index.php?rest_route=%2Fwp%2Fv2%2Fproduct_brand&post=6714"},{"taxonomy":"product_cat","embeddable":true,"href":"https:\/\/gozu.zone\/index.php?rest_route=%2Fwp%2Fv2%2Fproduct_cat&post=6714"},{"taxonomy":"product_tag","embeddable":true,"href":"https:\/\/gozu.zone\/index.php?rest_route=%2Fwp%2Fv2%2Fproduct_tag&post=6714"}],"curies":[{"name":"wp","href":"https:\/\/api.w.org\/{rel}","templated":true}]}}