{"id":6940,"date":"2017-11-27T17:32:53","date_gmt":"2017-11-27T17:32:53","guid":{"rendered":"https:\/\/gozu.zone\/?post_type=product&#038;p=6940"},"modified":"2017-11-27T17:34:30","modified_gmt":"2017-11-27T17:34:30","slug":"x-wing-hounds-tooth","status":"publish","type":"product","link":"https:\/\/gozu.zone\/?product=x-wing-hounds-tooth","title":{"rendered":"X-Wing : Hound\u2019s Tooth"},"content":{"rendered":"<p>Offrez une toute nouvelle dimension \u00e0 vos parties de X-Wing !<\/p>\n<p>Malgr\u00e9 sa taille, le cargo l\u00e9ger YV-666 \u00e9tait \u00e9tonnamment maniable, une qualit\u00e9 qu\u2019il devait \u00e0 ses ailerons de manoeuvre. Nul n\u2019en tira jamais meilleur parti que le chasseur de primes trandosien Bossk, qui fit du Hound\u2019s Tooth un vaisseau vraiment redoutable en y ajoutant de puissants moteurs, un canon quadrilaser r\u00e9tractable et un hangar dissimul\u00e9 pour le Nashtah Pup, son appareil de reconnaissance.<\/p>\n<p>Ce paquet d\u2019extension inclut tout ce dont vous avez besoin pour ajouter 1 vaisseau YV-666 \u00e0 vos parties, ainsi que le mat\u00e9riel n\u00e9cessaire pour cr\u00e9er le Pilote du Nashtah Pup \u00e0 partir d\u2019un de vos chasseurs de t\u00eates Z-95.<\/p>\n<p>CONTENU<br \/>\n1 livret de r\u00e8gles, 20 cartes, 21 marqueurs, 2 cadrans de manoeuvres, 1 vaisseau en plastique peint avec socle et fixations.<\/p>\n","protected":false},"excerpt":{"rendered":"<ul>\n<li><strong>\u00c2ge<\/strong> : 14 ans et +<\/li>\n<li><strong>Dur\u00e9e<\/strong> : 30 \u00e0 45 min<\/li>\n<li><strong>Joueurs<\/strong> : 2<\/li>\n<\/ul>\n<p> N\u00e9cessite <a class=\"color_grey_medium float_left no-border\" title=\"X-Wing le jeu de figurines\" href=\"http:\/\/pro.gozu.zone\/?product=x-wing-jeu-de-figurines\" target=\"_top\">X-Wing &#8211; le jeu de figurines<\/a> pour jouer.<\/p>\n","protected":false},"featured_media":6923,"comment_status":"open","ping_status":"closed","template":"","meta":{"_acf_changed":false},"product_brand":[],"product_cat":[324,327,323,401,495,494,333,611,600],"product_tag":[437,331,614,615,11],"class_list":{"0":"post-6940","1":"product","2":"type-product","3":"status-publish","4":"has-post-thumbnail","6":"product_cat-experts","7":"product_cat-extensions","8":"product_cat-jeux","9":"product_cat-jeux-a-2","10":"product_cat-jeux-de-figurines","11":"product_cat-jeux-de-societe","12":"product_cat-par-types","13":"product_cat-paquets-dextension-racailles-et-scelerats","14":"product_cat-star-wars-x-wing","15":"product_tag-espace","16":"product_tag-extensions","17":"product_tag-star-wars","18":"product_tag-vaisseau","19":"product_tag-x-wing","20":"product_shipping_class-livraisonstandard_colis","22":"first","23":"instock","24":"sale","25":"taxable","26":"shipping-taxable","27":"purchasable","28":"product-type-simple"},"acf":[],"yoast_head":"<!-- This site is optimized with the Yoast SEO plugin v25.3 - https:\/\/yoast.com\/wordpress\/plugins\/seo\/ -->\n<title>Acheter X-Wing : Hound\u2019s Tooth - GOZU ZONE - Jeux et Accessoires<\/title>\n<meta name=\"robots\" content=\"index, follow, max-snippet:-1, max-image-preview:large, max-video-preview:-1\" \/>\n<link rel=\"canonical\" href=\"https:\/\/gozu.zone\/?product=x-wing-hounds-tooth\" \/>\n<meta property=\"og:locale\" content=\"fr_FR\" \/>\n<meta property=\"og:type\" content=\"article\" \/>\n<meta property=\"og:title\" content=\"Acheter X-Wing : Hound\u2019s Tooth - GOZU ZONE - Jeux et Accessoires\" \/>\n<meta property=\"og:description\" content=\"\u00c2ge : 14 ans et + Dur\u00e9e : 30 \u00e0 45 min Joueurs : 2   N\u00e9cessite X-Wing - le jeu de figurines pour jouer.\" \/>\n<meta property=\"og:url\" content=\"https:\/\/gozu.zone\/?product=x-wing-hounds-tooth\" \/>\n<meta property=\"og:site_name\" content=\"GOZU ZONE\" \/>\n<meta property=\"article:publisher\" content=\"https:\/\/www.facebook.com\/gozuzone\/\" \/>\n<meta property=\"article:modified_time\" content=\"2017-11-27T17:34:30+00:00\" \/>\n<meta property=\"og:image\" content=\"https:\/\/gozu.zone\/wp-content\/uploads\/2017\/11\/FFSWX31.jpg\" \/>\n\t<meta property=\"og:image:width\" content=\"520\" \/>\n\t<meta property=\"og:image:height\" content=\"520\" \/>\n\t<meta property=\"og:image:type\" content=\"image\/jpeg\" \/>\n<meta name=\"twitter:card\" content=\"summary_large_image\" \/>\n<meta name=\"twitter:site\" content=\"@gozuzone\" \/>\n<meta name=\"twitter:label1\" content=\"Dur\u00e9e de lecture estim\u00e9e\" \/>\n\t<meta name=\"twitter:data1\" content=\"1 minute\" \/>\n<script type=\"application\/ld+json\" class=\"yoast-schema-graph\">{\"@context\":\"https:\/\/schema.org\",\"@graph\":[{\"@type\":\"WebPage\",\"@id\":\"https:\/\/gozu.zone\/?product=x-wing-hounds-tooth\",\"url\":\"https:\/\/gozu.zone\/?product=x-wing-hounds-tooth\",\"name\":\"Acheter X-Wing : Hound\u2019s Tooth - GOZU ZONE - Jeux et Accessoires\",\"isPartOf\":{\"@id\":\"https:\/\/gozu.zone\/#website\"},\"primaryImageOfPage\":{\"@id\":\"https:\/\/gozu.zone\/?product=x-wing-hounds-tooth#primaryimage\"},\"image\":{\"@id\":\"https:\/\/gozu.zone\/?product=x-wing-hounds-tooth#primaryimage\"},\"thumbnailUrl\":\"https:\/\/gozu.zone\/wp-content\/uploads\/2017\/11\/FFSWX31.jpg\",\"datePublished\":\"2017-11-27T17:32:53+00:00\",\"dateModified\":\"2017-11-27T17:34:30+00:00\",\"breadcrumb\":{\"@id\":\"https:\/\/gozu.zone\/?product=x-wing-hounds-tooth#breadcrumb\"},\"inLanguage\":\"fr-FR\",\"potentialAction\":[{\"@type\":\"ReadAction\",\"target\":[\"https:\/\/gozu.zone\/?product=x-wing-hounds-tooth\"]}]},{\"@type\":\"ImageObject\",\"inLanguage\":\"fr-FR\",\"@id\":\"https:\/\/gozu.zone\/?product=x-wing-hounds-tooth#primaryimage\",\"url\":\"https:\/\/gozu.zone\/wp-content\/uploads\/2017\/11\/FFSWX31.jpg\",\"contentUrl\":\"https:\/\/gozu.zone\/wp-content\/uploads\/2017\/11\/FFSWX31.jpg\",\"width\":520,\"height\":520},{\"@type\":\"BreadcrumbList\",\"@id\":\"https:\/\/gozu.zone\/?product=x-wing-hounds-tooth#breadcrumb\",\"itemListElement\":[{\"@type\":\"ListItem\",\"position\":1,\"name\":\"Accueil\",\"item\":\"https:\/\/gozu.zone\/\"},{\"@type\":\"ListItem\",\"position\":2,\"name\":\"BOUTIQUE\",\"item\":\"https:\/\/gozu.zone\/?page_id=308\"},{\"@type\":\"ListItem\",\"position\":3,\"name\":\"X-Wing : Hound\u2019s Tooth\"}]},{\"@type\":\"WebSite\",\"@id\":\"https:\/\/gozu.zone\/#website\",\"url\":\"https:\/\/gozu.zone\/\",\"name\":\"GOZU ZONE\",\"description\":\"Toujours plus pour vos jeux\",\"potentialAction\":[{\"@type\":\"SearchAction\",\"target\":{\"@type\":\"EntryPoint\",\"urlTemplate\":\"https:\/\/gozu.zone\/?s={search_term_string}\"},\"query-input\":{\"@type\":\"PropertyValueSpecification\",\"valueRequired\":true,\"valueName\":\"search_term_string\"}}],\"inLanguage\":\"fr-FR\"}]}<\/script>\n<!-- \/ Yoast SEO plugin. -->","yoast_head_json":{"title":"Acheter X-Wing : Hound\u2019s Tooth - GOZU ZONE - Jeux et Accessoires","robots":{"index":"index","follow":"follow","max-snippet":"max-snippet:-1","max-image-preview":"max-image-preview:large","max-video-preview":"max-video-preview:-1"},"canonical":"https:\/\/gozu.zone\/?product=x-wing-hounds-tooth","og_locale":"fr_FR","og_type":"article","og_title":"Acheter X-Wing : Hound\u2019s Tooth - GOZU ZONE - Jeux et Accessoires","og_description":"\u00c2ge : 14 ans et + Dur\u00e9e : 30 \u00e0 45 min Joueurs : 2   N\u00e9cessite X-Wing - le jeu de figurines pour jouer.","og_url":"https:\/\/gozu.zone\/?product=x-wing-hounds-tooth","og_site_name":"GOZU ZONE","article_publisher":"https:\/\/www.facebook.com\/gozuzone\/","article_modified_time":"2017-11-27T17:34:30+00:00","og_image":[{"width":520,"height":520,"url":"https:\/\/gozu.zone\/wp-content\/uploads\/2017\/11\/FFSWX31.jpg","type":"image\/jpeg"}],"twitter_card":"summary_large_image","twitter_site":"@gozuzone","twitter_misc":{"Dur\u00e9e de lecture estim\u00e9e":"1 minute"},"schema":{"@context":"https:\/\/schema.org","@graph":[{"@type":"WebPage","@id":"https:\/\/gozu.zone\/?product=x-wing-hounds-tooth","url":"https:\/\/gozu.zone\/?product=x-wing-hounds-tooth","name":"Acheter X-Wing : Hound\u2019s Tooth - GOZU ZONE - Jeux et Accessoires","isPartOf":{"@id":"https:\/\/gozu.zone\/#website"},"primaryImageOfPage":{"@id":"https:\/\/gozu.zone\/?product=x-wing-hounds-tooth#primaryimage"},"image":{"@id":"https:\/\/gozu.zone\/?product=x-wing-hounds-tooth#primaryimage"},"thumbnailUrl":"https:\/\/gozu.zone\/wp-content\/uploads\/2017\/11\/FFSWX31.jpg","datePublished":"2017-11-27T17:32:53+00:00","dateModified":"2017-11-27T17:34:30+00:00","breadcrumb":{"@id":"https:\/\/gozu.zone\/?product=x-wing-hounds-tooth#breadcrumb"},"inLanguage":"fr-FR","potentialAction":[{"@type":"ReadAction","target":["https:\/\/gozu.zone\/?product=x-wing-hounds-tooth"]}]},{"@type":"ImageObject","inLanguage":"fr-FR","@id":"https:\/\/gozu.zone\/?product=x-wing-hounds-tooth#primaryimage","url":"https:\/\/gozu.zone\/wp-content\/uploads\/2017\/11\/FFSWX31.jpg","contentUrl":"https:\/\/gozu.zone\/wp-content\/uploads\/2017\/11\/FFSWX31.jpg","width":520,"height":520},{"@type":"BreadcrumbList","@id":"https:\/\/gozu.zone\/?product=x-wing-hounds-tooth#breadcrumb","itemListElement":[{"@type":"ListItem","position":1,"name":"Accueil","item":"https:\/\/gozu.zone\/"},{"@type":"ListItem","position":2,"name":"BOUTIQUE","item":"https:\/\/gozu.zone\/?page_id=308"},{"@type":"ListItem","position":3,"name":"X-Wing : Hound\u2019s Tooth"}]},{"@type":"WebSite","@id":"https:\/\/gozu.zone\/#website","url":"https:\/\/gozu.zone\/","name":"GOZU ZONE","description":"Toujours plus pour vos jeux","potentialAction":[{"@type":"SearchAction","target":{"@type":"EntryPoint","urlTemplate":"https:\/\/gozu.zone\/?s={search_term_string}"},"query-input":{"@type":"PropertyValueSpecification","valueRequired":true,"valueName":"search_term_string"}}],"inLanguage":"fr-FR"}]}},"_links":{"self":[{"href":"https:\/\/gozu.zone\/index.php?rest_route=\/wp\/v2\/product\/6940","targetHints":{"allow":["GET"]}}],"collection":[{"href":"https:\/\/gozu.zone\/index.php?rest_route=\/wp\/v2\/product"}],"about":[{"href":"https:\/\/gozu.zone\/index.php?rest_route=\/wp\/v2\/types\/product"}],"replies":[{"embeddable":true,"href":"https:\/\/gozu.zone\/index.php?rest_route=%2Fwp%2Fv2%2Fcomments&post=6940"}],"wp:featuredmedia":[{"embeddable":true,"href":"https:\/\/gozu.zone\/index.php?rest_route=\/wp\/v2\/media\/6923"}],"wp:attachment":[{"href":"https:\/\/gozu.zone\/index.php?rest_route=%2Fwp%2Fv2%2Fmedia&parent=6940"}],"wp:term":[{"taxonomy":"product_brand","embeddable":true,"href":"https:\/\/gozu.zone\/index.php?rest_route=%2Fwp%2Fv2%2Fproduct_brand&post=6940"},{"taxonomy":"product_cat","embeddable":true,"href":"https:\/\/gozu.zone\/index.php?rest_route=%2Fwp%2Fv2%2Fproduct_cat&post=6940"},{"taxonomy":"product_tag","embeddable":true,"href":"https:\/\/gozu.zone\/index.php?rest_route=%2Fwp%2Fv2%2Fproduct_tag&post=6940"}],"curies":[{"name":"wp","href":"https:\/\/api.w.org\/{rel}","templated":true}]}}