{"id":6943,"date":"2017-11-27T17:32:54","date_gmt":"2017-11-27T17:32:54","guid":{"rendered":"https:\/\/gozu.zone\/?post_type=product&#038;p=6943"},"modified":"2017-11-27T17:34:29","modified_gmt":"2017-11-27T17:34:29","slug":"x-wing-punishing-one","status":"publish","type":"product","link":"https:\/\/gozu.zone\/?product=x-wing-punishing-one","title":{"rendered":"X-Wing : Punishing One"},"content":{"rendered":"<p>Offrez une toute nouvelle dimension \u00e0 vos parties de X-Wing !<\/p>\n<p>Con\u00e7u pour les missions de reconnaissance de long cours et le calcul de nouveaux itin\u00e9raires hyperspatiaux, le JumpMaster 5000, pourvu d\u2019un armement l\u00e9ger, \u00e9tait souvent r\u00e9am\u00e9nag\u00e9 par ses propri\u00e9taires. L\u2019impitoyable chasseur de primes Dengar \u00e9quipa Punishing One, son vaisseau personnel, d\u2019un canon quadrilaser, de torpilles \u00e0 protons et d\u2019un nouveau compartiment moteur.<\/p>\n<p>Ce Paquet d\u2019Extension inclut tout ce dont vous avez besoin pour ajouter 1 Punishing One (JumpMaster 5000) \u00e0 vos parties.<\/p>\n<p>CONTENU<br \/>\n1 livret de r\u00e8gles, 18 cartes, 27 marqueurs, 1 cadran de man\u0153uvres 1 vaisseau en plastique peint avec socle et fixations<\/p>\n","protected":false},"excerpt":{"rendered":"<ul>\n<li><strong>\u00c2ge<\/strong> : 14 ans et +<\/li>\n<li><strong>Dur\u00e9e<\/strong> : 30 \u00e0 45 min<\/li>\n<li><strong>Joueurs<\/strong> : 2<\/li>\n<\/ul>\n<p> N\u00e9cessite <a class=\"color_grey_medium float_left no-border\" title=\"X-Wing le jeu de figurines\" href=\"http:\/\/pro.gozu.zone\/?product=x-wing-jeu-de-figurines\" target=\"_top\">X-Wing &#8211; le jeu de figurines<\/a> pour jouer.<\/p>\n","protected":false},"featured_media":6926,"comment_status":"open","ping_status":"closed","template":"","meta":{"_acf_changed":false},"product_brand":[],"product_cat":[323,495,600,611,494,333,324,401,327],"product_tag":[437,331,614,615,11],"class_list":{"0":"post-6943","1":"product","2":"type-product","3":"status-publish","4":"has-post-thumbnail","6":"product_cat-jeux","7":"product_cat-jeux-de-figurines","8":"product_cat-star-wars-x-wing","9":"product_cat-paquets-dextension-racailles-et-scelerats","10":"product_cat-jeux-de-societe","11":"product_cat-par-types","12":"product_cat-experts","13":"product_cat-jeux-a-2","14":"product_cat-extensions","15":"product_tag-espace","16":"product_tag-extensions","17":"product_tag-star-wars","18":"product_tag-vaisseau","19":"product_tag-x-wing","20":"product_shipping_class-livraisonstandard_colis","22":"first","23":"instock","24":"sale","25":"taxable","26":"shipping-taxable","27":"purchasable","28":"product-type-simple"},"acf":[],"yoast_head":"<!-- This site is optimized with the Yoast SEO plugin v25.3 - https:\/\/yoast.com\/wordpress\/plugins\/seo\/ -->\n<title>Acheter X-Wing : Punishing One - GOZU ZONE - Jeux et Accessoires<\/title>\n<meta name=\"robots\" content=\"index, follow, max-snippet:-1, max-image-preview:large, max-video-preview:-1\" \/>\n<link rel=\"canonical\" href=\"https:\/\/gozu.zone\/?product=x-wing-punishing-one\" \/>\n<meta property=\"og:locale\" content=\"fr_FR\" \/>\n<meta property=\"og:type\" content=\"article\" \/>\n<meta property=\"og:title\" content=\"Acheter X-Wing : Punishing One - GOZU ZONE - Jeux et Accessoires\" \/>\n<meta property=\"og:description\" content=\"\u00c2ge : 14 ans et + Dur\u00e9e : 30 \u00e0 45 min Joueurs : 2   N\u00e9cessite X-Wing - le jeu de figurines pour jouer.\" \/>\n<meta property=\"og:url\" content=\"https:\/\/gozu.zone\/?product=x-wing-punishing-one\" \/>\n<meta property=\"og:site_name\" content=\"GOZU ZONE\" \/>\n<meta property=\"article:publisher\" content=\"https:\/\/www.facebook.com\/gozuzone\/\" \/>\n<meta property=\"article:modified_time\" content=\"2017-11-27T17:34:29+00:00\" \/>\n<meta property=\"og:image\" content=\"https:\/\/gozu.zone\/wp-content\/uploads\/2017\/11\/FFSWX42.jpg\" \/>\n\t<meta property=\"og:image:width\" content=\"520\" \/>\n\t<meta property=\"og:image:height\" content=\"520\" \/>\n\t<meta property=\"og:image:type\" content=\"image\/jpeg\" \/>\n<meta name=\"twitter:card\" content=\"summary_large_image\" \/>\n<meta name=\"twitter:site\" content=\"@gozuzone\" \/>\n<meta name=\"twitter:label1\" content=\"Dur\u00e9e de lecture estim\u00e9e\" \/>\n\t<meta name=\"twitter:data1\" content=\"1 minute\" \/>\n<script type=\"application\/ld+json\" class=\"yoast-schema-graph\">{\"@context\":\"https:\/\/schema.org\",\"@graph\":[{\"@type\":\"WebPage\",\"@id\":\"https:\/\/gozu.zone\/?product=x-wing-punishing-one\",\"url\":\"https:\/\/gozu.zone\/?product=x-wing-punishing-one\",\"name\":\"Acheter X-Wing : Punishing One - GOZU ZONE - Jeux et Accessoires\",\"isPartOf\":{\"@id\":\"https:\/\/gozu.zone\/#website\"},\"primaryImageOfPage\":{\"@id\":\"https:\/\/gozu.zone\/?product=x-wing-punishing-one#primaryimage\"},\"image\":{\"@id\":\"https:\/\/gozu.zone\/?product=x-wing-punishing-one#primaryimage\"},\"thumbnailUrl\":\"https:\/\/gozu.zone\/wp-content\/uploads\/2017\/11\/FFSWX42.jpg\",\"datePublished\":\"2017-11-27T17:32:54+00:00\",\"dateModified\":\"2017-11-27T17:34:29+00:00\",\"breadcrumb\":{\"@id\":\"https:\/\/gozu.zone\/?product=x-wing-punishing-one#breadcrumb\"},\"inLanguage\":\"fr-FR\",\"potentialAction\":[{\"@type\":\"ReadAction\",\"target\":[\"https:\/\/gozu.zone\/?product=x-wing-punishing-one\"]}]},{\"@type\":\"ImageObject\",\"inLanguage\":\"fr-FR\",\"@id\":\"https:\/\/gozu.zone\/?product=x-wing-punishing-one#primaryimage\",\"url\":\"https:\/\/gozu.zone\/wp-content\/uploads\/2017\/11\/FFSWX42.jpg\",\"contentUrl\":\"https:\/\/gozu.zone\/wp-content\/uploads\/2017\/11\/FFSWX42.jpg\",\"width\":520,\"height\":520},{\"@type\":\"BreadcrumbList\",\"@id\":\"https:\/\/gozu.zone\/?product=x-wing-punishing-one#breadcrumb\",\"itemListElement\":[{\"@type\":\"ListItem\",\"position\":1,\"name\":\"Accueil\",\"item\":\"https:\/\/gozu.zone\/\"},{\"@type\":\"ListItem\",\"position\":2,\"name\":\"BOUTIQUE\",\"item\":\"https:\/\/gozu.zone\/?page_id=308\"},{\"@type\":\"ListItem\",\"position\":3,\"name\":\"X-Wing : Punishing One\"}]},{\"@type\":\"WebSite\",\"@id\":\"https:\/\/gozu.zone\/#website\",\"url\":\"https:\/\/gozu.zone\/\",\"name\":\"GOZU ZONE\",\"description\":\"Toujours plus pour vos jeux\",\"potentialAction\":[{\"@type\":\"SearchAction\",\"target\":{\"@type\":\"EntryPoint\",\"urlTemplate\":\"https:\/\/gozu.zone\/?s={search_term_string}\"},\"query-input\":{\"@type\":\"PropertyValueSpecification\",\"valueRequired\":true,\"valueName\":\"search_term_string\"}}],\"inLanguage\":\"fr-FR\"}]}<\/script>\n<!-- \/ Yoast SEO plugin. -->","yoast_head_json":{"title":"Acheter X-Wing : Punishing One - GOZU ZONE - Jeux et Accessoires","robots":{"index":"index","follow":"follow","max-snippet":"max-snippet:-1","max-image-preview":"max-image-preview:large","max-video-preview":"max-video-preview:-1"},"canonical":"https:\/\/gozu.zone\/?product=x-wing-punishing-one","og_locale":"fr_FR","og_type":"article","og_title":"Acheter X-Wing : Punishing One - GOZU ZONE - Jeux et Accessoires","og_description":"\u00c2ge : 14 ans et + Dur\u00e9e : 30 \u00e0 45 min Joueurs : 2   N\u00e9cessite X-Wing - le jeu de figurines pour jouer.","og_url":"https:\/\/gozu.zone\/?product=x-wing-punishing-one","og_site_name":"GOZU ZONE","article_publisher":"https:\/\/www.facebook.com\/gozuzone\/","article_modified_time":"2017-11-27T17:34:29+00:00","og_image":[{"width":520,"height":520,"url":"https:\/\/gozu.zone\/wp-content\/uploads\/2017\/11\/FFSWX42.jpg","type":"image\/jpeg"}],"twitter_card":"summary_large_image","twitter_site":"@gozuzone","twitter_misc":{"Dur\u00e9e de lecture estim\u00e9e":"1 minute"},"schema":{"@context":"https:\/\/schema.org","@graph":[{"@type":"WebPage","@id":"https:\/\/gozu.zone\/?product=x-wing-punishing-one","url":"https:\/\/gozu.zone\/?product=x-wing-punishing-one","name":"Acheter X-Wing : Punishing One - GOZU ZONE - Jeux et Accessoires","isPartOf":{"@id":"https:\/\/gozu.zone\/#website"},"primaryImageOfPage":{"@id":"https:\/\/gozu.zone\/?product=x-wing-punishing-one#primaryimage"},"image":{"@id":"https:\/\/gozu.zone\/?product=x-wing-punishing-one#primaryimage"},"thumbnailUrl":"https:\/\/gozu.zone\/wp-content\/uploads\/2017\/11\/FFSWX42.jpg","datePublished":"2017-11-27T17:32:54+00:00","dateModified":"2017-11-27T17:34:29+00:00","breadcrumb":{"@id":"https:\/\/gozu.zone\/?product=x-wing-punishing-one#breadcrumb"},"inLanguage":"fr-FR","potentialAction":[{"@type":"ReadAction","target":["https:\/\/gozu.zone\/?product=x-wing-punishing-one"]}]},{"@type":"ImageObject","inLanguage":"fr-FR","@id":"https:\/\/gozu.zone\/?product=x-wing-punishing-one#primaryimage","url":"https:\/\/gozu.zone\/wp-content\/uploads\/2017\/11\/FFSWX42.jpg","contentUrl":"https:\/\/gozu.zone\/wp-content\/uploads\/2017\/11\/FFSWX42.jpg","width":520,"height":520},{"@type":"BreadcrumbList","@id":"https:\/\/gozu.zone\/?product=x-wing-punishing-one#breadcrumb","itemListElement":[{"@type":"ListItem","position":1,"name":"Accueil","item":"https:\/\/gozu.zone\/"},{"@type":"ListItem","position":2,"name":"BOUTIQUE","item":"https:\/\/gozu.zone\/?page_id=308"},{"@type":"ListItem","position":3,"name":"X-Wing : Punishing One"}]},{"@type":"WebSite","@id":"https:\/\/gozu.zone\/#website","url":"https:\/\/gozu.zone\/","name":"GOZU ZONE","description":"Toujours plus pour vos jeux","potentialAction":[{"@type":"SearchAction","target":{"@type":"EntryPoint","urlTemplate":"https:\/\/gozu.zone\/?s={search_term_string}"},"query-input":{"@type":"PropertyValueSpecification","valueRequired":true,"valueName":"search_term_string"}}],"inLanguage":"fr-FR"}]}},"_links":{"self":[{"href":"https:\/\/gozu.zone\/index.php?rest_route=\/wp\/v2\/product\/6943","targetHints":{"allow":["GET"]}}],"collection":[{"href":"https:\/\/gozu.zone\/index.php?rest_route=\/wp\/v2\/product"}],"about":[{"href":"https:\/\/gozu.zone\/index.php?rest_route=\/wp\/v2\/types\/product"}],"replies":[{"embeddable":true,"href":"https:\/\/gozu.zone\/index.php?rest_route=%2Fwp%2Fv2%2Fcomments&post=6943"}],"wp:featuredmedia":[{"embeddable":true,"href":"https:\/\/gozu.zone\/index.php?rest_route=\/wp\/v2\/media\/6926"}],"wp:attachment":[{"href":"https:\/\/gozu.zone\/index.php?rest_route=%2Fwp%2Fv2%2Fmedia&parent=6943"}],"wp:term":[{"taxonomy":"product_brand","embeddable":true,"href":"https:\/\/gozu.zone\/index.php?rest_route=%2Fwp%2Fv2%2Fproduct_brand&post=6943"},{"taxonomy":"product_cat","embeddable":true,"href":"https:\/\/gozu.zone\/index.php?rest_route=%2Fwp%2Fv2%2Fproduct_cat&post=6943"},{"taxonomy":"product_tag","embeddable":true,"href":"https:\/\/gozu.zone\/index.php?rest_route=%2Fwp%2Fv2%2Fproduct_tag&post=6943"}],"curies":[{"name":"wp","href":"https:\/\/api.w.org\/{rel}","templated":true}]}}