{"id":6954,"date":"2017-11-28T12:29:01","date_gmt":"2017-11-28T12:29:01","guid":{"rendered":"https:\/\/gozu.zone\/?post_type=product&#038;p=6954"},"modified":"2018-05-19T07:47:32","modified_gmt":"2018-05-19T07:47:32","slug":"otys","status":"publish","type":"product","link":"https:\/\/gozu.zone\/?product=otys","title":{"rendered":"OTYS"},"content":{"rendered":"<p>Le monde est englouti sous les eaux depuis des d\u00e9cennies, malgr\u00e9 toutes les alertes sur les changements climatiques. Des merveilles technologiques et des ressources reposent sous les oc\u00e9ans, tandis que les colonies humaines perdurent \u00e0 la surface.<\/p>\n<p>Dans ce jeu d\u2019optimisation et de d\u00e9veloppement pour joueurs avertis, les joueurs tentent de r\u00e9cup\u00e9rer ces biens, \u00e0 diff\u00e9rentes profondeurs. La colonie <strong>Otys<\/strong> leur a attribu\u00e9 un objectif qui rapporte des points de notori\u00e9t\u00e9. Le premier joueur \u00e0 en accumuler 18 gagne la partie.<\/p>\n<p>Chaque palier r\u00e9clame un investissement en oxyg\u00e8ne et en \u00e9nergie. Toute action sur le plateau entra\u00eene des r\u00e9actions : certaines ressources sont disponibles \u00e0 un palier sp\u00e9cifique que sur les 5 disponibles. Et seuls cinq de vos plongeurs sur huit sont de sortie, avec un effet pr\u00e9cis par palier&#8230;<\/p>\n<p>Planifiez bien vos sorties sous-marines ! Vos diff\u00e9rents plongeurs poss\u00e8dent en outre des capacit\u00e9s sp\u00e9ciales, toutes utiles pour r\u00e9aliser les objectifs, obtenir des moyens financiers ou prolonger les plong\u00e9es par exemple. Un march\u00e9 de ressources vous permet d\u2019optimiser vos \u00e9quipements et donc vos actions. Ce foisonnement de combinaisons et de contraintes fait d\u2019<strong>Otys<\/strong> un jeu rythm\u00e9, \u00e0 la fois complexe et fluide, dans lequel la r\u00e9flexion a autant d\u2019importance que la prise de risque.<\/p>\n<p>Les illustrations de Paul Mafayon vont \u00e0 merveille avec un mat\u00e9riel aussi cons\u00e9quent que pratique et magnifique.<\/p>\n<p>&nbsp;<\/p>\n<h2>R\u00e8gles du jeu\u00a0OTYS<\/h2>\n<p>&nbsp;<\/p>\n<p style=\"text-align: center;\"><iframe loading=\"lazy\" src=\"https:\/\/player.trictrac.tv\/embed\/Otys_De_Lexplication?autoplay=0\" width=\"640\" height=\"480\" frameborder=\"0\" allowfullscreen=\"allowfullscreen\"><\/iframe><\/p>\n<div class=\"disclaimer material\">\n<h3>Contenu du jeu<\/h3>\n<ul>\n<li>1 plateau Colonie<\/li>\n<li>5 tuiles Sponsor<\/li>\n<li>4 plateaux individuels<\/li>\n<li>4 sets de 8 tuiles Plongeur<\/li>\n<li>8 tuiles Technicien<\/li>\n<li>4 marqueurs de score<\/li>\n<li>80 cubes Ressource<\/li>\n<li>32 cartes\u00a0Contrat<\/li>\n<li>133 jetons<\/li>\n<li>1 sac en tissu<\/li>\n<li>1 livret de r\u00e8gles<\/li>\n<\/ul>\n<\/div>\n","protected":false},"excerpt":{"rendered":"<p>Explorez les ruines du pass\u00e9 pour reconstruire le futur !<\/p>\n<ul>\n<li><strong>\u00c2ge<\/strong> : 14\u00a0ans et +<\/li>\n<li><strong>Dur\u00e9e<\/strong> : 1 \u00e0 2 heures<\/li>\n<li><strong>Joueurs<\/strong> : 2\u00a0\u00e0 4<\/li>\n<\/ul>\n","protected":false},"featured_media":6955,"comment_status":"open","ping_status":"closed","template":"","meta":{"_acf_changed":false},"product_brand":[],"product_cat":[324,323,494,333],"product_tag":[369,602,566,607],"class_list":{"0":"post-6954","1":"product","2":"type-product","3":"status-publish","4":"has-post-thumbnail","6":"product_cat-experts","7":"product_cat-jeux","8":"product_cat-jeux-de-societe","9":"product_cat-par-types","10":"product_tag-ocean","11":"product_tag-programmation","12":"product_tag-science-fiction","13":"product_tag-workers","14":"product_shipping_class-livraisonstandard_colis","16":"first","17":"instock","18":"sale","19":"taxable","20":"shipping-taxable","21":"purchasable","22":"product-type-simple"},"acf":[],"yoast_head":"<!-- This site is optimized with the Yoast SEO plugin v25.3 - https:\/\/yoast.com\/wordpress\/plugins\/seo\/ -->\n<title>Acheter OTYS - GOZU ZONE - Jeux et Accessoires<\/title>\n<meta name=\"robots\" content=\"index, follow, max-snippet:-1, max-image-preview:large, max-video-preview:-1\" \/>\n<link rel=\"canonical\" href=\"https:\/\/gozu.zone\/?product=otys\" \/>\n<meta property=\"og:locale\" content=\"fr_FR\" \/>\n<meta property=\"og:type\" content=\"article\" \/>\n<meta property=\"og:title\" content=\"Acheter OTYS - GOZU ZONE - Jeux et Accessoires\" \/>\n<meta property=\"og:description\" content=\"Explorez les ruines du pass\u00e9 pour reconstruire le futur !   \u00c2ge : 14\u00a0ans et +  Dur\u00e9e : 1 \u00e0 2 heures  Joueurs : 2\u00a0\u00e0 4\" \/>\n<meta property=\"og:url\" content=\"https:\/\/gozu.zone\/?product=otys\" \/>\n<meta property=\"og:site_name\" content=\"GOZU ZONE\" \/>\n<meta property=\"article:publisher\" content=\"https:\/\/www.facebook.com\/gozuzone\/\" \/>\n<meta property=\"article:modified_time\" content=\"2018-05-19T07:47:32+00:00\" \/>\n<meta property=\"og:image\" content=\"https:\/\/gozu.zone\/wp-content\/uploads\/2017\/11\/otys.jpg\" \/>\n\t<meta property=\"og:image:width\" content=\"480\" \/>\n\t<meta property=\"og:image:height\" content=\"480\" \/>\n\t<meta property=\"og:image:type\" content=\"image\/jpeg\" \/>\n<meta name=\"twitter:card\" content=\"summary_large_image\" \/>\n<meta name=\"twitter:site\" content=\"@gozuzone\" \/>\n<meta name=\"twitter:label1\" content=\"Dur\u00e9e de lecture estim\u00e9e\" \/>\n\t<meta name=\"twitter:data1\" content=\"1 minute\" \/>\n<script type=\"application\/ld+json\" class=\"yoast-schema-graph\">{\"@context\":\"https:\/\/schema.org\",\"@graph\":[{\"@type\":\"WebPage\",\"@id\":\"https:\/\/gozu.zone\/?product=otys\",\"url\":\"https:\/\/gozu.zone\/?product=otys\",\"name\":\"Acheter OTYS - GOZU ZONE - Jeux et Accessoires\",\"isPartOf\":{\"@id\":\"https:\/\/gozu.zone\/#website\"},\"primaryImageOfPage\":{\"@id\":\"https:\/\/gozu.zone\/?product=otys#primaryimage\"},\"image\":{\"@id\":\"https:\/\/gozu.zone\/?product=otys#primaryimage\"},\"thumbnailUrl\":\"https:\/\/gozu.zone\/wp-content\/uploads\/2017\/11\/otys.jpg\",\"datePublished\":\"2017-11-28T12:29:01+00:00\",\"dateModified\":\"2018-05-19T07:47:32+00:00\",\"breadcrumb\":{\"@id\":\"https:\/\/gozu.zone\/?product=otys#breadcrumb\"},\"inLanguage\":\"fr-FR\",\"potentialAction\":[{\"@type\":\"ReadAction\",\"target\":[\"https:\/\/gozu.zone\/?product=otys\"]}]},{\"@type\":\"ImageObject\",\"inLanguage\":\"fr-FR\",\"@id\":\"https:\/\/gozu.zone\/?product=otys#primaryimage\",\"url\":\"https:\/\/gozu.zone\/wp-content\/uploads\/2017\/11\/otys.jpg\",\"contentUrl\":\"https:\/\/gozu.zone\/wp-content\/uploads\/2017\/11\/otys.jpg\",\"width\":480,\"height\":480},{\"@type\":\"BreadcrumbList\",\"@id\":\"https:\/\/gozu.zone\/?product=otys#breadcrumb\",\"itemListElement\":[{\"@type\":\"ListItem\",\"position\":1,\"name\":\"Accueil\",\"item\":\"https:\/\/gozu.zone\/\"},{\"@type\":\"ListItem\",\"position\":2,\"name\":\"BOUTIQUE\",\"item\":\"https:\/\/gozu.zone\/?page_id=308\"},{\"@type\":\"ListItem\",\"position\":3,\"name\":\"OTYS\"}]},{\"@type\":\"WebSite\",\"@id\":\"https:\/\/gozu.zone\/#website\",\"url\":\"https:\/\/gozu.zone\/\",\"name\":\"GOZU ZONE\",\"description\":\"Toujours plus pour vos jeux\",\"potentialAction\":[{\"@type\":\"SearchAction\",\"target\":{\"@type\":\"EntryPoint\",\"urlTemplate\":\"https:\/\/gozu.zone\/?s={search_term_string}\"},\"query-input\":{\"@type\":\"PropertyValueSpecification\",\"valueRequired\":true,\"valueName\":\"search_term_string\"}}],\"inLanguage\":\"fr-FR\"}]}<\/script>\n<!-- \/ Yoast SEO plugin. -->","yoast_head_json":{"title":"Acheter OTYS - GOZU ZONE - Jeux et Accessoires","robots":{"index":"index","follow":"follow","max-snippet":"max-snippet:-1","max-image-preview":"max-image-preview:large","max-video-preview":"max-video-preview:-1"},"canonical":"https:\/\/gozu.zone\/?product=otys","og_locale":"fr_FR","og_type":"article","og_title":"Acheter OTYS - GOZU ZONE - Jeux et Accessoires","og_description":"Explorez les ruines du pass\u00e9 pour reconstruire le futur !   \u00c2ge : 14\u00a0ans et +  Dur\u00e9e : 1 \u00e0 2 heures  Joueurs : 2\u00a0\u00e0 4","og_url":"https:\/\/gozu.zone\/?product=otys","og_site_name":"GOZU ZONE","article_publisher":"https:\/\/www.facebook.com\/gozuzone\/","article_modified_time":"2018-05-19T07:47:32+00:00","og_image":[{"width":480,"height":480,"url":"https:\/\/gozu.zone\/wp-content\/uploads\/2017\/11\/otys.jpg","type":"image\/jpeg"}],"twitter_card":"summary_large_image","twitter_site":"@gozuzone","twitter_misc":{"Dur\u00e9e de lecture estim\u00e9e":"1 minute"},"schema":{"@context":"https:\/\/schema.org","@graph":[{"@type":"WebPage","@id":"https:\/\/gozu.zone\/?product=otys","url":"https:\/\/gozu.zone\/?product=otys","name":"Acheter OTYS - GOZU ZONE - Jeux et Accessoires","isPartOf":{"@id":"https:\/\/gozu.zone\/#website"},"primaryImageOfPage":{"@id":"https:\/\/gozu.zone\/?product=otys#primaryimage"},"image":{"@id":"https:\/\/gozu.zone\/?product=otys#primaryimage"},"thumbnailUrl":"https:\/\/gozu.zone\/wp-content\/uploads\/2017\/11\/otys.jpg","datePublished":"2017-11-28T12:29:01+00:00","dateModified":"2018-05-19T07:47:32+00:00","breadcrumb":{"@id":"https:\/\/gozu.zone\/?product=otys#breadcrumb"},"inLanguage":"fr-FR","potentialAction":[{"@type":"ReadAction","target":["https:\/\/gozu.zone\/?product=otys"]}]},{"@type":"ImageObject","inLanguage":"fr-FR","@id":"https:\/\/gozu.zone\/?product=otys#primaryimage","url":"https:\/\/gozu.zone\/wp-content\/uploads\/2017\/11\/otys.jpg","contentUrl":"https:\/\/gozu.zone\/wp-content\/uploads\/2017\/11\/otys.jpg","width":480,"height":480},{"@type":"BreadcrumbList","@id":"https:\/\/gozu.zone\/?product=otys#breadcrumb","itemListElement":[{"@type":"ListItem","position":1,"name":"Accueil","item":"https:\/\/gozu.zone\/"},{"@type":"ListItem","position":2,"name":"BOUTIQUE","item":"https:\/\/gozu.zone\/?page_id=308"},{"@type":"ListItem","position":3,"name":"OTYS"}]},{"@type":"WebSite","@id":"https:\/\/gozu.zone\/#website","url":"https:\/\/gozu.zone\/","name":"GOZU ZONE","description":"Toujours plus pour vos jeux","potentialAction":[{"@type":"SearchAction","target":{"@type":"EntryPoint","urlTemplate":"https:\/\/gozu.zone\/?s={search_term_string}"},"query-input":{"@type":"PropertyValueSpecification","valueRequired":true,"valueName":"search_term_string"}}],"inLanguage":"fr-FR"}]}},"_links":{"self":[{"href":"https:\/\/gozu.zone\/index.php?rest_route=\/wp\/v2\/product\/6954","targetHints":{"allow":["GET"]}}],"collection":[{"href":"https:\/\/gozu.zone\/index.php?rest_route=\/wp\/v2\/product"}],"about":[{"href":"https:\/\/gozu.zone\/index.php?rest_route=\/wp\/v2\/types\/product"}],"replies":[{"embeddable":true,"href":"https:\/\/gozu.zone\/index.php?rest_route=%2Fwp%2Fv2%2Fcomments&post=6954"}],"wp:featuredmedia":[{"embeddable":true,"href":"https:\/\/gozu.zone\/index.php?rest_route=\/wp\/v2\/media\/6955"}],"wp:attachment":[{"href":"https:\/\/gozu.zone\/index.php?rest_route=%2Fwp%2Fv2%2Fmedia&parent=6954"}],"wp:term":[{"taxonomy":"product_brand","embeddable":true,"href":"https:\/\/gozu.zone\/index.php?rest_route=%2Fwp%2Fv2%2Fproduct_brand&post=6954"},{"taxonomy":"product_cat","embeddable":true,"href":"https:\/\/gozu.zone\/index.php?rest_route=%2Fwp%2Fv2%2Fproduct_cat&post=6954"},{"taxonomy":"product_tag","embeddable":true,"href":"https:\/\/gozu.zone\/index.php?rest_route=%2Fwp%2Fv2%2Fproduct_tag&post=6954"}],"curies":[{"name":"wp","href":"https:\/\/api.w.org\/{rel}","templated":true}]}}