{"id":7179,"date":"2018-02-01T11:51:01","date_gmt":"2018-02-01T11:51:01","guid":{"rendered":"https:\/\/gozu.zone\/?post_type=product&#038;p=7179"},"modified":"2025-03-17T15:09:30","modified_gmt":"2025-03-17T15:09:30","slug":"this-war-of-jeu-de-plateau","status":"publish","type":"product","link":"https:\/\/gozu.zone\/?product=this-war-of-jeu-de-plateau","title":{"rendered":"This War of Mine : le Jeu de Plateau"},"content":{"rendered":"<p>Bienvenue \u00e0 Pogoren, une ville assi\u00e9g\u00e9e o\u00f9 un groupe de citoyens tente de survivre aux horreurs d\u2019une guerre interminable. Vous devrez faire des choix difficiles et affronter de multiples dangers. Vous allez vivre une histoire profonde et inoubliable. Partagez cette exp\u00e9rience unique avec vos amis.<\/p>\n<p>Ici, pas de points, pas de comp\u00e9tition. Il faut survivre jusqu\u2019au cessez-le-feu. C\u2019est un chemin sem\u00e9 d\u2019emb\u00fbches puisque vous vous trouvez au beau milieu d\u2019un conflit arm\u00e9, o\u00f9 l\u2019\u00e9thique et la morale ne signifient plus rien.<\/p>\n<p>Avec vos amis, am\u00e9nagez votre refuge, fabriquez les outils n\u00e9cessaires \u00e0 votre survie et \u00e0 votre d\u00e9fense, explorez les ruines de la vaste ville et risquez votre vie pour collecter des ressources.<\/p>\n<div class=\"disclaimer material\">\n<h3>Contenu de\u00a0This War of Mine : le Jeu de Plateau<\/h3>\n<ul>\n<li>Journal<\/li>\n<li>Le Livre des Scripts<\/li>\n<li>Feuille de sc\u00e9nario<\/li>\n<li>Fiches de sauvegarde<\/li>\n<li>1 plateau de jeu<\/li>\n<li>4 socles en plastique<\/li>\n<li>12 figurines en plastique<\/li>\n<li>4 d\u00e9s en plastique<\/li>\n<li>200 cartes<\/li>\n<li>186 pions<\/li>\n<li>33 marqueurs en plastique<\/li>\n<\/ul>\n<\/div>\n","protected":false},"excerpt":{"rendered":"<p>Bienvenue \u00e0 Pogoren, une ville assi\u00e9g\u00e9e o\u00f9 un groupe de citoyens tente de survivre aux horreurs d\u2019une guerre interminable.<\/p>\n<ul>\n<li><strong>\u00c2ge<\/strong> : 18 ans et +<\/li>\n<li><strong>Dur\u00e9e<\/strong> : 1 \u00e0 2h<\/li>\n<li><strong>Joueurs<\/strong> : 1 \u00e0 6<\/li>\n<\/ul>\n","protected":false},"featured_media":7185,"comment_status":"open","ping_status":"closed","template":"","meta":{"_acf_changed":false},"product_brand":[],"product_cat":[324,323,494,333],"product_tag":[382,505],"class_list":{"0":"post-7179","1":"product","2":"type-product","3":"status-publish","4":"has-post-thumbnail","6":"product_cat-experts","7":"product_cat-jeux","8":"product_cat-jeux-de-societe","9":"product_cat-par-types","10":"product_tag-cooperatif","11":"product_tag-scenario","12":"product_shipping_class-livraisonstandard_colis","14":"first","15":"outofstock","16":"sale","17":"taxable","18":"shipping-taxable","19":"purchasable","20":"product-type-simple"},"acf":[],"yoast_head":"<!-- This site is optimized with the Yoast SEO plugin v25.3 - https:\/\/yoast.com\/wordpress\/plugins\/seo\/ -->\n<title>Acheter This War of Mine : le Jeu de Plateau - GOZU ZONE - Jeux et Accessoires<\/title>\n<meta name=\"robots\" content=\"index, follow, max-snippet:-1, max-image-preview:large, max-video-preview:-1\" \/>\n<link rel=\"canonical\" href=\"https:\/\/gozu.zone\/?product=this-war-of-jeu-de-plateau\" \/>\n<meta property=\"og:locale\" content=\"fr_FR\" \/>\n<meta property=\"og:type\" content=\"article\" \/>\n<meta property=\"og:title\" content=\"Acheter This War of Mine : le Jeu de Plateau - GOZU ZONE - Jeux et Accessoires\" \/>\n<meta property=\"og:description\" content=\"Bienvenue \u00e0 Pogoren, une ville assi\u00e9g\u00e9e o\u00f9 un groupe de citoyens tente de survivre aux horreurs d\u2019une guerre interminable.   \u00c2ge : 18 ans et +  Dur\u00e9e : 1 \u00e0 2h  Joueurs : 1 \u00e0 6\" \/>\n<meta property=\"og:url\" content=\"https:\/\/gozu.zone\/?product=this-war-of-jeu-de-plateau\" \/>\n<meta property=\"og:site_name\" content=\"GOZU ZONE\" \/>\n<meta property=\"article:publisher\" content=\"https:\/\/www.facebook.com\/gozuzone\/\" \/>\n<meta property=\"article:modified_time\" content=\"2025-03-17T15:09:30+00:00\" \/>\n<meta property=\"og:image\" content=\"https:\/\/gozu.zone\/wp-content\/uploads\/2018\/02\/This-War-of-Mine-le-Jeu-de-Plateau.jpg\" \/>\n\t<meta property=\"og:image:width\" content=\"600\" \/>\n\t<meta property=\"og:image:height\" content=\"600\" \/>\n\t<meta property=\"og:image:type\" content=\"image\/jpeg\" \/>\n<meta name=\"twitter:card\" content=\"summary_large_image\" \/>\n<meta name=\"twitter:site\" content=\"@gozuzone\" \/>\n<meta name=\"twitter:label1\" content=\"Dur\u00e9e de lecture estim\u00e9e\" \/>\n\t<meta name=\"twitter:data1\" content=\"1 minute\" \/>\n<script type=\"application\/ld+json\" class=\"yoast-schema-graph\">{\"@context\":\"https:\/\/schema.org\",\"@graph\":[{\"@type\":\"WebPage\",\"@id\":\"https:\/\/gozu.zone\/?product=this-war-of-jeu-de-plateau\",\"url\":\"https:\/\/gozu.zone\/?product=this-war-of-jeu-de-plateau\",\"name\":\"Acheter This War of Mine : le Jeu de Plateau - GOZU ZONE - Jeux et Accessoires\",\"isPartOf\":{\"@id\":\"https:\/\/gozu.zone\/#website\"},\"primaryImageOfPage\":{\"@id\":\"https:\/\/gozu.zone\/?product=this-war-of-jeu-de-plateau#primaryimage\"},\"image\":{\"@id\":\"https:\/\/gozu.zone\/?product=this-war-of-jeu-de-plateau#primaryimage\"},\"thumbnailUrl\":\"https:\/\/gozu.zone\/wp-content\/uploads\/2018\/02\/This-War-of-Mine-le-Jeu-de-Plateau.jpg\",\"datePublished\":\"2018-02-01T11:51:01+00:00\",\"dateModified\":\"2025-03-17T15:09:30+00:00\",\"breadcrumb\":{\"@id\":\"https:\/\/gozu.zone\/?product=this-war-of-jeu-de-plateau#breadcrumb\"},\"inLanguage\":\"fr-FR\",\"potentialAction\":[{\"@type\":\"ReadAction\",\"target\":[\"https:\/\/gozu.zone\/?product=this-war-of-jeu-de-plateau\"]}]},{\"@type\":\"ImageObject\",\"inLanguage\":\"fr-FR\",\"@id\":\"https:\/\/gozu.zone\/?product=this-war-of-jeu-de-plateau#primaryimage\",\"url\":\"https:\/\/gozu.zone\/wp-content\/uploads\/2018\/02\/This-War-of-Mine-le-Jeu-de-Plateau.jpg\",\"contentUrl\":\"https:\/\/gozu.zone\/wp-content\/uploads\/2018\/02\/This-War-of-Mine-le-Jeu-de-Plateau.jpg\",\"width\":600,\"height\":600},{\"@type\":\"BreadcrumbList\",\"@id\":\"https:\/\/gozu.zone\/?product=this-war-of-jeu-de-plateau#breadcrumb\",\"itemListElement\":[{\"@type\":\"ListItem\",\"position\":1,\"name\":\"Accueil\",\"item\":\"https:\/\/gozu.zone\/\"},{\"@type\":\"ListItem\",\"position\":2,\"name\":\"BOUTIQUE\",\"item\":\"https:\/\/gozu.zone\/?page_id=308\"},{\"@type\":\"ListItem\",\"position\":3,\"name\":\"This War of Mine : le Jeu de Plateau\"}]},{\"@type\":\"WebSite\",\"@id\":\"https:\/\/gozu.zone\/#website\",\"url\":\"https:\/\/gozu.zone\/\",\"name\":\"GOZU ZONE\",\"description\":\"Toujours plus pour vos jeux\",\"potentialAction\":[{\"@type\":\"SearchAction\",\"target\":{\"@type\":\"EntryPoint\",\"urlTemplate\":\"https:\/\/gozu.zone\/?s={search_term_string}\"},\"query-input\":{\"@type\":\"PropertyValueSpecification\",\"valueRequired\":true,\"valueName\":\"search_term_string\"}}],\"inLanguage\":\"fr-FR\"}]}<\/script>\n<!-- \/ Yoast SEO plugin. -->","yoast_head_json":{"title":"Acheter This War of Mine : le Jeu de Plateau - GOZU ZONE - Jeux et Accessoires","robots":{"index":"index","follow":"follow","max-snippet":"max-snippet:-1","max-image-preview":"max-image-preview:large","max-video-preview":"max-video-preview:-1"},"canonical":"https:\/\/gozu.zone\/?product=this-war-of-jeu-de-plateau","og_locale":"fr_FR","og_type":"article","og_title":"Acheter This War of Mine : le Jeu de Plateau - GOZU ZONE - Jeux et Accessoires","og_description":"Bienvenue \u00e0 Pogoren, une ville assi\u00e9g\u00e9e o\u00f9 un groupe de citoyens tente de survivre aux horreurs d\u2019une guerre interminable.   \u00c2ge : 18 ans et +  Dur\u00e9e : 1 \u00e0 2h  Joueurs : 1 \u00e0 6","og_url":"https:\/\/gozu.zone\/?product=this-war-of-jeu-de-plateau","og_site_name":"GOZU ZONE","article_publisher":"https:\/\/www.facebook.com\/gozuzone\/","article_modified_time":"2025-03-17T15:09:30+00:00","og_image":[{"width":600,"height":600,"url":"https:\/\/gozu.zone\/wp-content\/uploads\/2018\/02\/This-War-of-Mine-le-Jeu-de-Plateau.jpg","type":"image\/jpeg"}],"twitter_card":"summary_large_image","twitter_site":"@gozuzone","twitter_misc":{"Dur\u00e9e de lecture estim\u00e9e":"1 minute"},"schema":{"@context":"https:\/\/schema.org","@graph":[{"@type":"WebPage","@id":"https:\/\/gozu.zone\/?product=this-war-of-jeu-de-plateau","url":"https:\/\/gozu.zone\/?product=this-war-of-jeu-de-plateau","name":"Acheter This War of Mine : le Jeu de Plateau - GOZU ZONE - Jeux et Accessoires","isPartOf":{"@id":"https:\/\/gozu.zone\/#website"},"primaryImageOfPage":{"@id":"https:\/\/gozu.zone\/?product=this-war-of-jeu-de-plateau#primaryimage"},"image":{"@id":"https:\/\/gozu.zone\/?product=this-war-of-jeu-de-plateau#primaryimage"},"thumbnailUrl":"https:\/\/gozu.zone\/wp-content\/uploads\/2018\/02\/This-War-of-Mine-le-Jeu-de-Plateau.jpg","datePublished":"2018-02-01T11:51:01+00:00","dateModified":"2025-03-17T15:09:30+00:00","breadcrumb":{"@id":"https:\/\/gozu.zone\/?product=this-war-of-jeu-de-plateau#breadcrumb"},"inLanguage":"fr-FR","potentialAction":[{"@type":"ReadAction","target":["https:\/\/gozu.zone\/?product=this-war-of-jeu-de-plateau"]}]},{"@type":"ImageObject","inLanguage":"fr-FR","@id":"https:\/\/gozu.zone\/?product=this-war-of-jeu-de-plateau#primaryimage","url":"https:\/\/gozu.zone\/wp-content\/uploads\/2018\/02\/This-War-of-Mine-le-Jeu-de-Plateau.jpg","contentUrl":"https:\/\/gozu.zone\/wp-content\/uploads\/2018\/02\/This-War-of-Mine-le-Jeu-de-Plateau.jpg","width":600,"height":600},{"@type":"BreadcrumbList","@id":"https:\/\/gozu.zone\/?product=this-war-of-jeu-de-plateau#breadcrumb","itemListElement":[{"@type":"ListItem","position":1,"name":"Accueil","item":"https:\/\/gozu.zone\/"},{"@type":"ListItem","position":2,"name":"BOUTIQUE","item":"https:\/\/gozu.zone\/?page_id=308"},{"@type":"ListItem","position":3,"name":"This War of Mine : le Jeu de Plateau"}]},{"@type":"WebSite","@id":"https:\/\/gozu.zone\/#website","url":"https:\/\/gozu.zone\/","name":"GOZU ZONE","description":"Toujours plus pour vos jeux","potentialAction":[{"@type":"SearchAction","target":{"@type":"EntryPoint","urlTemplate":"https:\/\/gozu.zone\/?s={search_term_string}"},"query-input":{"@type":"PropertyValueSpecification","valueRequired":true,"valueName":"search_term_string"}}],"inLanguage":"fr-FR"}]}},"_links":{"self":[{"href":"https:\/\/gozu.zone\/index.php?rest_route=\/wp\/v2\/product\/7179","targetHints":{"allow":["GET"]}}],"collection":[{"href":"https:\/\/gozu.zone\/index.php?rest_route=\/wp\/v2\/product"}],"about":[{"href":"https:\/\/gozu.zone\/index.php?rest_route=\/wp\/v2\/types\/product"}],"replies":[{"embeddable":true,"href":"https:\/\/gozu.zone\/index.php?rest_route=%2Fwp%2Fv2%2Fcomments&post=7179"}],"wp:featuredmedia":[{"embeddable":true,"href":"https:\/\/gozu.zone\/index.php?rest_route=\/wp\/v2\/media\/7185"}],"wp:attachment":[{"href":"https:\/\/gozu.zone\/index.php?rest_route=%2Fwp%2Fv2%2Fmedia&parent=7179"}],"wp:term":[{"taxonomy":"product_brand","embeddable":true,"href":"https:\/\/gozu.zone\/index.php?rest_route=%2Fwp%2Fv2%2Fproduct_brand&post=7179"},{"taxonomy":"product_cat","embeddable":true,"href":"https:\/\/gozu.zone\/index.php?rest_route=%2Fwp%2Fv2%2Fproduct_cat&post=7179"},{"taxonomy":"product_tag","embeddable":true,"href":"https:\/\/gozu.zone\/index.php?rest_route=%2Fwp%2Fv2%2Fproduct_tag&post=7179"}],"curies":[{"name":"wp","href":"https:\/\/api.w.org\/{rel}","templated":true}]}}