{"id":7266,"date":"2018-03-03T12:57:30","date_gmt":"2018-03-03T12:57:30","guid":{"rendered":"https:\/\/gozu.zone\/?post_type=product&#038;p=7266"},"modified":"2019-05-18T20:18:32","modified_gmt":"2019-05-18T20:18:32","slug":"amun-re-jeu-de-cartes","status":"publish","type":"product","link":"https:\/\/gozu.zone\/?product=amun-re-jeu-de-cartes","title":{"rendered":"Amun-Re &#8211; Le jeu de cartes"},"content":{"rendered":"<div>Le jeu de cartes \u00abAmun-Re\u00bb se d\u00e9roule pendant l\u2019\u00c9gypte ancienne. La partie dure trois p\u00e9riodes, pendant lesquelles vous allez acqu\u00e9rir puis d\u00e9velopper trois Provinces.<\/div>\n<div><\/div>\n<div>Pour gagner, vous devez contr\u00f4ler les Provinces les plus prosp\u00e8res, faire les plus belles Offrandes \u00e0 Amun-Re et construire le plus de pyramides possible.<\/div>\n<div><\/div>\n<div>Amun-Re le jeu de cartes un jeu d\u2019ench\u00e8res et de d\u00e9veloppement dont la gestion de ses cartes et de son Or seront cl\u00e9s pour gagner la partie.<\/div>\n<h2>En savoir plus sur Amun-Re &#8211; le jeu de cartes<\/h2>\n<p>&nbsp;<\/p>\n<p style=\"text-align: center;\"><iframe loading=\"lazy\" src=\"https:\/\/www.youtube.com\/embed\/T0axWGbEs3E\" width=\"560\" height=\"315\" frameborder=\"0\" allowfullscreen=\"allowfullscreen\"><span data-mce-type=\"bookmark\" style=\"display: inline-block; width: 0px; overflow: hidden; line-height: 0;\" class=\"mce_SELRES_start\">\ufeff<\/span><\/iframe><\/p>\n<p>&nbsp;<\/p>\n<div>\n<h2>Contenu de\u00a0Amun-Re\u00a0 &#8211;\u00a0 Le jeu de cartes<\/h2>\n<\/div>\n<div class=\"disclaimer material\">\n<ul>\n<li>45 cartes Provinces<img loading=\"lazy\" decoding=\"async\" class=\"alignright wp-image-7268 \" src=\"http:\/\/pro.gozu.zone\/wp-content\/uploads\/2018\/03\/eclate-amun-re-cartes.png\" alt=\"\" width=\"396\" height=\"198\" srcset=\"https:\/\/gozu.zone\/wp-content\/uploads\/2018\/03\/eclate-amun-re-cartes.png 600w, https:\/\/gozu.zone\/wp-content\/uploads\/2018\/03\/eclate-amun-re-cartes-510x255.png 510w, https:\/\/gozu.zone\/wp-content\/uploads\/2018\/03\/eclate-amun-re-cartes-300x150.png 300w, https:\/\/gozu.zone\/wp-content\/uploads\/2018\/03\/eclate-amun-re-cartes-570x285.png 570w\" sizes=\"auto, (max-width: 396px) 100vw, 396px\" \/><\/li>\n<li>45 cartes Or<\/li>\n<li>5 cartes Aide de jeu<\/li>\n<li>82 jetons Pyramide<\/li>\n<li>40 jetons Points de victoire<\/li>\n<li>5 compteurs<\/li>\n<li>1 jeton Ankh<\/li>\n<li>1 jeton Offrande<\/li>\n<li>1 tableau des offrandes et piste des revenus au dos de la bo\u00eete<\/li>\n<\/ul>\n<\/div>\n","protected":false},"excerpt":{"rendered":"<p>Le jeu de cartes \u00abAmun-Re\u00bb se d\u00e9roule pendant l\u2019\u00c9gypte ancienne. La partie dure trois p\u00e9riodes, pendant lesquelles vous allez acqu\u00e9rir puis d\u00e9velopper trois Provinces.<\/p>\n<ul>\n<li><strong>\u00c2ge<\/strong> : 12 ans et +<\/li>\n<li><strong>Dur\u00e9e<\/strong> : 30 \u00e0 60 min<\/li>\n<li><strong>Joueurs<\/strong> : 2\u00a0\u00e0\u00a05<\/li>\n<\/ul>\n","protected":false},"featured_media":7267,"comment_status":"open","ping_status":"closed","template":"","meta":{"_acf_changed":false},"product_brand":[],"product_cat":[324,323],"product_tag":[334,177,569,405,337],"class_list":{"0":"post-7266","1":"product","2":"type-product","3":"status-publish","4":"has-post-thumbnail","6":"product_cat-experts","7":"product_cat-jeux","8":"product_tag-antiquite","9":"product_tag-cartes","10":"product_tag-construction","11":"product_tag-developpement","12":"product_tag-encheres","13":"product_shipping_class-livraisonstandard_colis","15":"first","16":"instock","17":"sale","18":"taxable","19":"shipping-taxable","20":"purchasable","21":"product-type-simple"},"acf":[],"yoast_head":"<!-- This site is optimized with the Yoast SEO plugin v25.3 - https:\/\/yoast.com\/wordpress\/plugins\/seo\/ -->\n<title>Acheter Amun-Re - Le jeu de cartes - Boutique GOZU ZONE - Jeux et Accessoires<\/title>\n<meta name=\"description\" content=\"Amun-Re - Le jeu de cartes un jeu Super Meeple de R. Knizia illustr\u00e9 par Kevin Le Moigne. De 3 \u00e0 5 joueurs \u00e0 partir de 12 ans. Temps de jeu : environ 90 minutes\" \/>\n<meta name=\"robots\" content=\"index, follow, max-snippet:-1, max-image-preview:large, max-video-preview:-1\" \/>\n<link rel=\"canonical\" href=\"https:\/\/gozu.zone\/?product=amun-re-jeu-de-cartes\" \/>\n<meta property=\"og:locale\" content=\"fr_FR\" \/>\n<meta property=\"og:type\" content=\"article\" \/>\n<meta property=\"og:title\" content=\"Acheter Amun-Re - Le jeu de cartes - Boutique GOZU ZONE - Jeux et Accessoires\" \/>\n<meta property=\"og:description\" content=\"Amun-Re - Le jeu de cartes un jeu Super Meeple de R. Knizia illustr\u00e9 par Kevin Le Moigne. De 3 \u00e0 5 joueurs \u00e0 partir de 12 ans. Temps de jeu : environ 90 minutes\" \/>\n<meta property=\"og:url\" content=\"https:\/\/gozu.zone\/?product=amun-re-jeu-de-cartes\" \/>\n<meta property=\"og:site_name\" content=\"GOZU ZONE\" \/>\n<meta property=\"article:publisher\" content=\"https:\/\/www.facebook.com\/gozuzone\/\" \/>\n<meta property=\"article:modified_time\" content=\"2019-05-18T20:18:32+00:00\" \/>\n<meta property=\"og:image\" content=\"https:\/\/gozu.zone\/wp-content\/uploads\/2018\/03\/amun-re-cartes.jpg\" \/>\n\t<meta property=\"og:image:width\" content=\"640\" \/>\n\t<meta property=\"og:image:height\" content=\"640\" \/>\n\t<meta property=\"og:image:type\" content=\"image\/jpeg\" \/>\n<meta name=\"twitter:card\" content=\"summary_large_image\" \/>\n<meta name=\"twitter:image\" content=\"http:\/\/pro.gozu.zone\/wp-content\/uploads\/2016\/07\/captain-sonar-gozu-zone.jpg\" \/>\n<meta name=\"twitter:site\" content=\"@gozuzone\" \/>\n<meta name=\"twitter:label1\" content=\"Dur\u00e9e de lecture estim\u00e9e\" \/>\n\t<meta name=\"twitter:data1\" content=\"1 minute\" \/>\n<script type=\"application\/ld+json\" class=\"yoast-schema-graph\">{\"@context\":\"https:\/\/schema.org\",\"@graph\":[{\"@type\":\"WebPage\",\"@id\":\"https:\/\/gozu.zone\/?product=amun-re-jeu-de-cartes\",\"url\":\"https:\/\/gozu.zone\/?product=amun-re-jeu-de-cartes\",\"name\":\"Acheter Amun-Re - Le jeu de cartes - Boutique GOZU ZONE - Jeux et Accessoires\",\"isPartOf\":{\"@id\":\"https:\/\/gozu.zone\/#website\"},\"primaryImageOfPage\":{\"@id\":\"https:\/\/gozu.zone\/?product=amun-re-jeu-de-cartes#primaryimage\"},\"image\":{\"@id\":\"https:\/\/gozu.zone\/?product=amun-re-jeu-de-cartes#primaryimage\"},\"thumbnailUrl\":\"https:\/\/gozu.zone\/wp-content\/uploads\/2018\/03\/amun-re-cartes.jpg\",\"datePublished\":\"2018-03-03T12:57:30+00:00\",\"dateModified\":\"2019-05-18T20:18:32+00:00\",\"description\":\"Amun-Re - Le jeu de cartes un jeu Super Meeple de R. Knizia illustr\u00e9 par Kevin Le Moigne. De 3 \u00e0 5 joueurs \u00e0 partir de 12 ans. Temps de jeu : environ 90 minutes\",\"breadcrumb\":{\"@id\":\"https:\/\/gozu.zone\/?product=amun-re-jeu-de-cartes#breadcrumb\"},\"inLanguage\":\"fr-FR\",\"potentialAction\":[{\"@type\":\"ReadAction\",\"target\":[\"https:\/\/gozu.zone\/?product=amun-re-jeu-de-cartes\"]}]},{\"@type\":\"ImageObject\",\"inLanguage\":\"fr-FR\",\"@id\":\"https:\/\/gozu.zone\/?product=amun-re-jeu-de-cartes#primaryimage\",\"url\":\"https:\/\/gozu.zone\/wp-content\/uploads\/2018\/03\/amun-re-cartes.jpg\",\"contentUrl\":\"https:\/\/gozu.zone\/wp-content\/uploads\/2018\/03\/amun-re-cartes.jpg\",\"width\":640,\"height\":640},{\"@type\":\"BreadcrumbList\",\"@id\":\"https:\/\/gozu.zone\/?product=amun-re-jeu-de-cartes#breadcrumb\",\"itemListElement\":[{\"@type\":\"ListItem\",\"position\":1,\"name\":\"Accueil\",\"item\":\"https:\/\/gozu.zone\/\"},{\"@type\":\"ListItem\",\"position\":2,\"name\":\"BOUTIQUE\",\"item\":\"https:\/\/gozu.zone\/?page_id=308\"},{\"@type\":\"ListItem\",\"position\":3,\"name\":\"Amun-Re &#8211; Le jeu de cartes\"}]},{\"@type\":\"WebSite\",\"@id\":\"https:\/\/gozu.zone\/#website\",\"url\":\"https:\/\/gozu.zone\/\",\"name\":\"GOZU ZONE\",\"description\":\"Toujours plus pour vos jeux\",\"potentialAction\":[{\"@type\":\"SearchAction\",\"target\":{\"@type\":\"EntryPoint\",\"urlTemplate\":\"https:\/\/gozu.zone\/?s={search_term_string}\"},\"query-input\":{\"@type\":\"PropertyValueSpecification\",\"valueRequired\":true,\"valueName\":\"search_term_string\"}}],\"inLanguage\":\"fr-FR\"}]}<\/script>\n<!-- \/ Yoast SEO plugin. -->","yoast_head_json":{"title":"Acheter Amun-Re - Le jeu de cartes - Boutique GOZU ZONE - Jeux et Accessoires","description":"Amun-Re - Le jeu de cartes un jeu Super Meeple de R. Knizia illustr\u00e9 par Kevin Le Moigne. De 3 \u00e0 5 joueurs \u00e0 partir de 12 ans. Temps de jeu : environ 90 minutes","robots":{"index":"index","follow":"follow","max-snippet":"max-snippet:-1","max-image-preview":"max-image-preview:large","max-video-preview":"max-video-preview:-1"},"canonical":"https:\/\/gozu.zone\/?product=amun-re-jeu-de-cartes","og_locale":"fr_FR","og_type":"article","og_title":"Acheter Amun-Re - Le jeu de cartes - Boutique GOZU ZONE - Jeux et Accessoires","og_description":"Amun-Re - Le jeu de cartes un jeu Super Meeple de R. Knizia illustr\u00e9 par Kevin Le Moigne. De 3 \u00e0 5 joueurs \u00e0 partir de 12 ans. Temps de jeu : environ 90 minutes","og_url":"https:\/\/gozu.zone\/?product=amun-re-jeu-de-cartes","og_site_name":"GOZU ZONE","article_publisher":"https:\/\/www.facebook.com\/gozuzone\/","article_modified_time":"2019-05-18T20:18:32+00:00","og_image":[{"width":640,"height":640,"url":"https:\/\/gozu.zone\/wp-content\/uploads\/2018\/03\/amun-re-cartes.jpg","type":"image\/jpeg"}],"twitter_card":"summary_large_image","twitter_image":"http:\/\/pro.gozu.zone\/wp-content\/uploads\/2016\/07\/captain-sonar-gozu-zone.jpg","twitter_site":"@gozuzone","twitter_misc":{"Dur\u00e9e de lecture estim\u00e9e":"1 minute"},"schema":{"@context":"https:\/\/schema.org","@graph":[{"@type":"WebPage","@id":"https:\/\/gozu.zone\/?product=amun-re-jeu-de-cartes","url":"https:\/\/gozu.zone\/?product=amun-re-jeu-de-cartes","name":"Acheter Amun-Re - Le jeu de cartes - Boutique GOZU ZONE - Jeux et Accessoires","isPartOf":{"@id":"https:\/\/gozu.zone\/#website"},"primaryImageOfPage":{"@id":"https:\/\/gozu.zone\/?product=amun-re-jeu-de-cartes#primaryimage"},"image":{"@id":"https:\/\/gozu.zone\/?product=amun-re-jeu-de-cartes#primaryimage"},"thumbnailUrl":"https:\/\/gozu.zone\/wp-content\/uploads\/2018\/03\/amun-re-cartes.jpg","datePublished":"2018-03-03T12:57:30+00:00","dateModified":"2019-05-18T20:18:32+00:00","description":"Amun-Re - Le jeu de cartes un jeu Super Meeple de R. Knizia illustr\u00e9 par Kevin Le Moigne. De 3 \u00e0 5 joueurs \u00e0 partir de 12 ans. Temps de jeu : environ 90 minutes","breadcrumb":{"@id":"https:\/\/gozu.zone\/?product=amun-re-jeu-de-cartes#breadcrumb"},"inLanguage":"fr-FR","potentialAction":[{"@type":"ReadAction","target":["https:\/\/gozu.zone\/?product=amun-re-jeu-de-cartes"]}]},{"@type":"ImageObject","inLanguage":"fr-FR","@id":"https:\/\/gozu.zone\/?product=amun-re-jeu-de-cartes#primaryimage","url":"https:\/\/gozu.zone\/wp-content\/uploads\/2018\/03\/amun-re-cartes.jpg","contentUrl":"https:\/\/gozu.zone\/wp-content\/uploads\/2018\/03\/amun-re-cartes.jpg","width":640,"height":640},{"@type":"BreadcrumbList","@id":"https:\/\/gozu.zone\/?product=amun-re-jeu-de-cartes#breadcrumb","itemListElement":[{"@type":"ListItem","position":1,"name":"Accueil","item":"https:\/\/gozu.zone\/"},{"@type":"ListItem","position":2,"name":"BOUTIQUE","item":"https:\/\/gozu.zone\/?page_id=308"},{"@type":"ListItem","position":3,"name":"Amun-Re &#8211; Le jeu de cartes"}]},{"@type":"WebSite","@id":"https:\/\/gozu.zone\/#website","url":"https:\/\/gozu.zone\/","name":"GOZU ZONE","description":"Toujours plus pour vos jeux","potentialAction":[{"@type":"SearchAction","target":{"@type":"EntryPoint","urlTemplate":"https:\/\/gozu.zone\/?s={search_term_string}"},"query-input":{"@type":"PropertyValueSpecification","valueRequired":true,"valueName":"search_term_string"}}],"inLanguage":"fr-FR"}]}},"_links":{"self":[{"href":"https:\/\/gozu.zone\/index.php?rest_route=\/wp\/v2\/product\/7266","targetHints":{"allow":["GET"]}}],"collection":[{"href":"https:\/\/gozu.zone\/index.php?rest_route=\/wp\/v2\/product"}],"about":[{"href":"https:\/\/gozu.zone\/index.php?rest_route=\/wp\/v2\/types\/product"}],"replies":[{"embeddable":true,"href":"https:\/\/gozu.zone\/index.php?rest_route=%2Fwp%2Fv2%2Fcomments&post=7266"}],"wp:featuredmedia":[{"embeddable":true,"href":"https:\/\/gozu.zone\/index.php?rest_route=\/wp\/v2\/media\/7267"}],"wp:attachment":[{"href":"https:\/\/gozu.zone\/index.php?rest_route=%2Fwp%2Fv2%2Fmedia&parent=7266"}],"wp:term":[{"taxonomy":"product_brand","embeddable":true,"href":"https:\/\/gozu.zone\/index.php?rest_route=%2Fwp%2Fv2%2Fproduct_brand&post=7266"},{"taxonomy":"product_cat","embeddable":true,"href":"https:\/\/gozu.zone\/index.php?rest_route=%2Fwp%2Fv2%2Fproduct_cat&post=7266"},{"taxonomy":"product_tag","embeddable":true,"href":"https:\/\/gozu.zone\/index.php?rest_route=%2Fwp%2Fv2%2Fproduct_tag&post=7266"}],"curies":[{"name":"wp","href":"https:\/\/api.w.org\/{rel}","templated":true}]}}