{"id":7269,"date":"2018-03-03T13:17:20","date_gmt":"2018-03-03T13:17:20","guid":{"rendered":"https:\/\/gozu.zone\/?post_type=product&#038;p=7269"},"modified":"2018-03-03T13:29:56","modified_gmt":"2018-03-03T13:29:56","slug":"exposition-universelle-chicago-1893","status":"publish","type":"product","link":"https:\/\/gozu.zone\/?product=exposition-universelle-chicago-1893","title":{"rendered":"Exposition Universelle &#8211; Chicago 1893"},"content":{"rendered":"<div>\n<div><span class=\"s1\">La spectaculaire Exposition universelle de 1893 \u00e0 Chicago pr\u00e9sentait de nombreuses innovations scientifiques, technologiques, culturelles et de loisirs.\u00a0<\/span><span class=\"s1\">Vous \u00eates l\u2019un des organisateurs de l\u2019exposition. Envoyez vos repr\u00e9sentants gagner les faveurs de personnalit\u00e9s influentes et assurez la s\u00e9lection de vos expositions.\u00a0<\/span><span class=\"s1\">L\u2019organisateur qui aura la meilleure r\u00e9putation sera d\u00e9clar\u00e9 vainqueur.<\/span><\/div>\n<div><\/div>\n<div><\/div>\n<div><strong>Exposition universelle &#8211; Chicago 1893\u00a0<\/strong>se joue en 3 manches, chacune se terminant par une Phase de d\u00e9compte de points de victoire. Lorsque c\u2019est \u00e0 lui de jouer, un joueur place un de ses Repr\u00e9sentants sur un des Palais de l\u2019exposition et r\u00e9cup\u00e8re les cartes qui y sont. \u00c0 la fin de la manche, les joueurs gagnent des points pour les Palais o\u00f9 ils ont plus de Repr\u00e9sentants que les autres joueurs et pour les Expositions principales qu\u2019ils font approuver gr\u00e2ce \u00e0 leur leadership. Le joueur qui a gagn\u00e9 le plus de points \u00e0 la fin de la 3<sup>e<\/sup>\u00a0manche est d\u00e9clar\u00e9 vainqueur !<\/div>\n<\/div>\n","protected":false},"excerpt":{"rendered":"<p><strong>Exposition Universelle &#8211; Chicago 1893<\/strong> est un jeu de d\u00e9placement et de majorit\u00e9 tr\u00e8s \u00e9pur\u00e9 et accessible, mais avec une grande profondeur.<\/p>\n<ul>\n<li><strong>\u00c2ge<\/strong> : 14 ans et +<\/li>\n<li><strong>Dur\u00e9e<\/strong> : 40 min<\/li>\n<li><strong>Joueurs<\/strong> : 2\u00a0\u00e0 4<\/li>\n<\/ul>\n","protected":false},"featured_media":7270,"comment_status":"open","ping_status":"closed","template":"","meta":{"_acf_changed":false},"product_brand":[],"product_cat":[327,323,494,361,333],"product_tag":[529,550,344],"class_list":{"0":"post-7269","1":"product","2":"type-product","3":"status-publish","4":"has-post-thumbnail","6":"product_cat-extensions","7":"product_cat-jeux","8":"product_cat-jeux-de-societe","9":"product_cat-familiaux","10":"product_cat-par-types","11":"product_tag-amerique","12":"product_tag-majorite","13":"product_tag-placement","14":"product_shipping_class-livraisonstandard_colis","16":"first","17":"instock","18":"sale","19":"taxable","20":"shipping-taxable","21":"purchasable","22":"product-type-simple"},"acf":[],"yoast_head":"<!-- This site is optimized with the Yoast SEO plugin v25.3 - https:\/\/yoast.com\/wordpress\/plugins\/seo\/ -->\n<title>Acheter Exposition Universelle - Chicago 1893 - GOZU ZONE - Jeux et Accessoires<\/title>\n<meta name=\"robots\" content=\"index, follow, max-snippet:-1, max-image-preview:large, max-video-preview:-1\" \/>\n<link rel=\"canonical\" href=\"https:\/\/gozu.zone\/?product=exposition-universelle-chicago-1893\" \/>\n<meta property=\"og:locale\" content=\"fr_FR\" \/>\n<meta property=\"og:type\" content=\"article\" \/>\n<meta property=\"og:title\" content=\"Acheter Exposition Universelle - Chicago 1893 - GOZU ZONE - Jeux et Accessoires\" \/>\n<meta property=\"og:description\" content=\"Exposition Universelle - Chicago 1893 est un jeu de d\u00e9placement et de majorit\u00e9 tr\u00e8s \u00e9pur\u00e9 et accessible, mais avec une grande profondeur.   \u00c2ge : 14 ans et +  Dur\u00e9e : 40 min  Joueurs : 2\u00a0\u00e0 4\" \/>\n<meta property=\"og:url\" content=\"https:\/\/gozu.zone\/?product=exposition-universelle-chicago-1893\" \/>\n<meta property=\"og:site_name\" content=\"GOZU ZONE\" \/>\n<meta property=\"article:publisher\" content=\"https:\/\/www.facebook.com\/gozuzone\/\" \/>\n<meta property=\"article:modified_time\" content=\"2018-03-03T13:29:56+00:00\" \/>\n<meta property=\"og:image\" content=\"https:\/\/gozu.zone\/wp-content\/uploads\/2018\/03\/exposition-universelle-chicago-1893.jpg\" \/>\n\t<meta property=\"og:image:width\" content=\"320\" \/>\n\t<meta property=\"og:image:height\" content=\"320\" \/>\n\t<meta property=\"og:image:type\" content=\"image\/jpeg\" \/>\n<meta name=\"twitter:card\" content=\"summary_large_image\" \/>\n<meta name=\"twitter:site\" content=\"@gozuzone\" \/>\n<meta name=\"twitter:label1\" content=\"Dur\u00e9e de lecture estim\u00e9e\" \/>\n\t<meta name=\"twitter:data1\" content=\"1 minute\" \/>\n<script type=\"application\/ld+json\" class=\"yoast-schema-graph\">{\"@context\":\"https:\/\/schema.org\",\"@graph\":[{\"@type\":\"WebPage\",\"@id\":\"https:\/\/gozu.zone\/?product=exposition-universelle-chicago-1893\",\"url\":\"https:\/\/gozu.zone\/?product=exposition-universelle-chicago-1893\",\"name\":\"Acheter Exposition Universelle - Chicago 1893 - GOZU ZONE - Jeux et Accessoires\",\"isPartOf\":{\"@id\":\"https:\/\/gozu.zone\/#website\"},\"primaryImageOfPage\":{\"@id\":\"https:\/\/gozu.zone\/?product=exposition-universelle-chicago-1893#primaryimage\"},\"image\":{\"@id\":\"https:\/\/gozu.zone\/?product=exposition-universelle-chicago-1893#primaryimage\"},\"thumbnailUrl\":\"https:\/\/gozu.zone\/wp-content\/uploads\/2018\/03\/exposition-universelle-chicago-1893.jpg\",\"datePublished\":\"2018-03-03T13:17:20+00:00\",\"dateModified\":\"2018-03-03T13:29:56+00:00\",\"breadcrumb\":{\"@id\":\"https:\/\/gozu.zone\/?product=exposition-universelle-chicago-1893#breadcrumb\"},\"inLanguage\":\"fr-FR\",\"potentialAction\":[{\"@type\":\"ReadAction\",\"target\":[\"https:\/\/gozu.zone\/?product=exposition-universelle-chicago-1893\"]}]},{\"@type\":\"ImageObject\",\"inLanguage\":\"fr-FR\",\"@id\":\"https:\/\/gozu.zone\/?product=exposition-universelle-chicago-1893#primaryimage\",\"url\":\"https:\/\/gozu.zone\/wp-content\/uploads\/2018\/03\/exposition-universelle-chicago-1893.jpg\",\"contentUrl\":\"https:\/\/gozu.zone\/wp-content\/uploads\/2018\/03\/exposition-universelle-chicago-1893.jpg\",\"width\":320,\"height\":320},{\"@type\":\"BreadcrumbList\",\"@id\":\"https:\/\/gozu.zone\/?product=exposition-universelle-chicago-1893#breadcrumb\",\"itemListElement\":[{\"@type\":\"ListItem\",\"position\":1,\"name\":\"Accueil\",\"item\":\"https:\/\/gozu.zone\/\"},{\"@type\":\"ListItem\",\"position\":2,\"name\":\"BOUTIQUE\",\"item\":\"https:\/\/gozu.zone\/?page_id=308\"},{\"@type\":\"ListItem\",\"position\":3,\"name\":\"Exposition Universelle &#8211; Chicago 1893\"}]},{\"@type\":\"WebSite\",\"@id\":\"https:\/\/gozu.zone\/#website\",\"url\":\"https:\/\/gozu.zone\/\",\"name\":\"GOZU ZONE\",\"description\":\"Toujours plus pour vos jeux\",\"potentialAction\":[{\"@type\":\"SearchAction\",\"target\":{\"@type\":\"EntryPoint\",\"urlTemplate\":\"https:\/\/gozu.zone\/?s={search_term_string}\"},\"query-input\":{\"@type\":\"PropertyValueSpecification\",\"valueRequired\":true,\"valueName\":\"search_term_string\"}}],\"inLanguage\":\"fr-FR\"}]}<\/script>\n<!-- \/ Yoast SEO plugin. -->","yoast_head_json":{"title":"Acheter Exposition Universelle - Chicago 1893 - GOZU ZONE - Jeux et Accessoires","robots":{"index":"index","follow":"follow","max-snippet":"max-snippet:-1","max-image-preview":"max-image-preview:large","max-video-preview":"max-video-preview:-1"},"canonical":"https:\/\/gozu.zone\/?product=exposition-universelle-chicago-1893","og_locale":"fr_FR","og_type":"article","og_title":"Acheter Exposition Universelle - Chicago 1893 - GOZU ZONE - Jeux et Accessoires","og_description":"Exposition Universelle - Chicago 1893 est un jeu de d\u00e9placement et de majorit\u00e9 tr\u00e8s \u00e9pur\u00e9 et accessible, mais avec une grande profondeur.   \u00c2ge : 14 ans et +  Dur\u00e9e : 40 min  Joueurs : 2\u00a0\u00e0 4","og_url":"https:\/\/gozu.zone\/?product=exposition-universelle-chicago-1893","og_site_name":"GOZU ZONE","article_publisher":"https:\/\/www.facebook.com\/gozuzone\/","article_modified_time":"2018-03-03T13:29:56+00:00","og_image":[{"width":320,"height":320,"url":"https:\/\/gozu.zone\/wp-content\/uploads\/2018\/03\/exposition-universelle-chicago-1893.jpg","type":"image\/jpeg"}],"twitter_card":"summary_large_image","twitter_site":"@gozuzone","twitter_misc":{"Dur\u00e9e de lecture estim\u00e9e":"1 minute"},"schema":{"@context":"https:\/\/schema.org","@graph":[{"@type":"WebPage","@id":"https:\/\/gozu.zone\/?product=exposition-universelle-chicago-1893","url":"https:\/\/gozu.zone\/?product=exposition-universelle-chicago-1893","name":"Acheter Exposition Universelle - Chicago 1893 - GOZU ZONE - Jeux et Accessoires","isPartOf":{"@id":"https:\/\/gozu.zone\/#website"},"primaryImageOfPage":{"@id":"https:\/\/gozu.zone\/?product=exposition-universelle-chicago-1893#primaryimage"},"image":{"@id":"https:\/\/gozu.zone\/?product=exposition-universelle-chicago-1893#primaryimage"},"thumbnailUrl":"https:\/\/gozu.zone\/wp-content\/uploads\/2018\/03\/exposition-universelle-chicago-1893.jpg","datePublished":"2018-03-03T13:17:20+00:00","dateModified":"2018-03-03T13:29:56+00:00","breadcrumb":{"@id":"https:\/\/gozu.zone\/?product=exposition-universelle-chicago-1893#breadcrumb"},"inLanguage":"fr-FR","potentialAction":[{"@type":"ReadAction","target":["https:\/\/gozu.zone\/?product=exposition-universelle-chicago-1893"]}]},{"@type":"ImageObject","inLanguage":"fr-FR","@id":"https:\/\/gozu.zone\/?product=exposition-universelle-chicago-1893#primaryimage","url":"https:\/\/gozu.zone\/wp-content\/uploads\/2018\/03\/exposition-universelle-chicago-1893.jpg","contentUrl":"https:\/\/gozu.zone\/wp-content\/uploads\/2018\/03\/exposition-universelle-chicago-1893.jpg","width":320,"height":320},{"@type":"BreadcrumbList","@id":"https:\/\/gozu.zone\/?product=exposition-universelle-chicago-1893#breadcrumb","itemListElement":[{"@type":"ListItem","position":1,"name":"Accueil","item":"https:\/\/gozu.zone\/"},{"@type":"ListItem","position":2,"name":"BOUTIQUE","item":"https:\/\/gozu.zone\/?page_id=308"},{"@type":"ListItem","position":3,"name":"Exposition Universelle &#8211; Chicago 1893"}]},{"@type":"WebSite","@id":"https:\/\/gozu.zone\/#website","url":"https:\/\/gozu.zone\/","name":"GOZU ZONE","description":"Toujours plus pour vos jeux","potentialAction":[{"@type":"SearchAction","target":{"@type":"EntryPoint","urlTemplate":"https:\/\/gozu.zone\/?s={search_term_string}"},"query-input":{"@type":"PropertyValueSpecification","valueRequired":true,"valueName":"search_term_string"}}],"inLanguage":"fr-FR"}]}},"_links":{"self":[{"href":"https:\/\/gozu.zone\/index.php?rest_route=\/wp\/v2\/product\/7269","targetHints":{"allow":["GET"]}}],"collection":[{"href":"https:\/\/gozu.zone\/index.php?rest_route=\/wp\/v2\/product"}],"about":[{"href":"https:\/\/gozu.zone\/index.php?rest_route=\/wp\/v2\/types\/product"}],"replies":[{"embeddable":true,"href":"https:\/\/gozu.zone\/index.php?rest_route=%2Fwp%2Fv2%2Fcomments&post=7269"}],"wp:featuredmedia":[{"embeddable":true,"href":"https:\/\/gozu.zone\/index.php?rest_route=\/wp\/v2\/media\/7270"}],"wp:attachment":[{"href":"https:\/\/gozu.zone\/index.php?rest_route=%2Fwp%2Fv2%2Fmedia&parent=7269"}],"wp:term":[{"taxonomy":"product_brand","embeddable":true,"href":"https:\/\/gozu.zone\/index.php?rest_route=%2Fwp%2Fv2%2Fproduct_brand&post=7269"},{"taxonomy":"product_cat","embeddable":true,"href":"https:\/\/gozu.zone\/index.php?rest_route=%2Fwp%2Fv2%2Fproduct_cat&post=7269"},{"taxonomy":"product_tag","embeddable":true,"href":"https:\/\/gozu.zone\/index.php?rest_route=%2Fwp%2Fv2%2Fproduct_tag&post=7269"}],"curies":[{"name":"wp","href":"https:\/\/api.w.org\/{rel}","templated":true}]}}