{"id":7288,"date":"2018-03-03T16:40:12","date_gmt":"2018-03-03T16:40:12","guid":{"rendered":"https:\/\/gozu.zone\/?post_type=product&#038;p=7288"},"modified":"2025-12-27T16:28:33","modified_gmt":"2025-12-27T16:28:33","slug":"terre-pirates","status":"publish","type":"product","link":"https:\/\/gozu.zone\/?product=terre-pirates","title":{"rendered":"Terre Pirates"},"content":{"rendered":"<div><\/div>\n<div><a href=\"http:\/\/pro.gozu.zone\/wp-content\/uploads\/2018\/03\/banni\u00e8re-de-ouf-fcbk.jpg\"><img loading=\"lazy\" decoding=\"async\" class=\"aligncenter wp-image-7290 \" src=\"http:\/\/pro.gozu.zone\/wp-content\/uploads\/2018\/03\/banni\u00e8re-de-ouf-fcbk.jpg\" alt=\"\" width=\"665\" height=\"254\" srcset=\"https:\/\/gozu.zone\/wp-content\/uploads\/2018\/03\/banni\u00e8re-de-ouf-fcbk.jpg 828w, https:\/\/gozu.zone\/wp-content\/uploads\/2018\/03\/banni\u00e8re-de-ouf-fcbk-510x194.jpg 510w, https:\/\/gozu.zone\/wp-content\/uploads\/2018\/03\/banni\u00e8re-de-ouf-fcbk-300x114.jpg 300w, https:\/\/gozu.zone\/wp-content\/uploads\/2018\/03\/banni\u00e8re-de-ouf-fcbk-768x292.jpg 768w, https:\/\/gozu.zone\/wp-content\/uploads\/2018\/03\/banni\u00e8re-de-ouf-fcbk-570x217.jpg 570w\" sizes=\"auto, (max-width: 665px) 100vw, 665px\" \/><\/a><\/div>\n<p>&nbsp;<\/p>\n<div><strong>Terre Pirates<\/strong> : Nous sommes entre le 17 et le 18\u00e8me si\u00e8cle, c&rsquo;est l&rsquo;\u00e0ge d&rsquo;or de la piraterie. Cette \u00e9poque a vu na\u00eetre les capitaines les plus renomm\u00e9s, c\u00e9l\u00e8bres pour leurs incroyables prises de butins. Ici sont r\u00e9unis les pirates qui ont marqu\u00e9 l&rsquo;histoire, certains \u00e9taient de grands combattants ou de grands aventuriers, d&rsquo;autre encore misaient sur la ruse pour parvenir \u00e0 leurs fins. Choisissez votre capitaine et jouez les cartes d&rsquo;actions qui lui sont propres pour prendre le dessus. G\u00e9rez votre main en piochant aussi des armes, des objets, des d\u00e9placements et des tirs de canons. La mer et la piraterie \u00e9tant pleines d&#8217;emb\u00fbches et de possibilit\u00e9s, prenez les vents favorables et m\u00e9fiez-vous des temp\u00eates, de la Royal Navy et du Kraken. Quelle sera votre strat\u00e9gie ? Brutale, rapide, opportuniste ou rus\u00e9e ? Obtenez et ramenez le plus grand nombre de tr\u00e9sors \u00e0 la capitale.<\/div>\n<p>&nbsp;<\/p>\n<h2>Aper\u00e7u du jeu Terre Pirates !<\/h2>\n<p>&nbsp;<\/p>\n<p style=\"text-align: center;\"><iframe loading=\"lazy\" src=\"https:\/\/player.trictrac.net\/embed\/Terre_Pirates_De_Lexplication?autoplay=0\" width=\"480\" height=\"270\" frameborder=\"0\" allowfullscreen=\"allowfullscreen\"><span data-mce-type=\"bookmark\" style=\"display: inline-block; width: 0px; overflow: hidden; line-height: 0;\" class=\"mce_SELRES_start\">\ufeff<\/span><span data-mce-type=\"bookmark\" style=\"display: inline-block; width: 0px; overflow: hidden; line-height: 0;\" class=\"mce_SELRES_start\">\ufeff<\/span><span data-mce-type=\"bookmark\" style=\"display: inline-block; width: 0px; overflow: hidden; line-height: 0;\" class=\"mce_SELRES_start\">\ufeff<\/span><\/iframe><\/p>\n<div class=\"disclaimer material\">\n<h3 class=\"p2\">Contenu :<\/h3>\n<ul>\n<li>Plateau 54 x 54 cm<a href=\"http:\/\/pro.gozu.zone\/wp-content\/uploads\/2018\/03\/plateau.png\"><img loading=\"lazy\" decoding=\"async\" class=\"alignright wp-image-7293 \" src=\"http:\/\/pro.gozu.zone\/wp-content\/uploads\/2018\/03\/plateau.png\" alt=\"\" width=\"296\" height=\"291\" srcset=\"https:\/\/gozu.zone\/wp-content\/uploads\/2018\/03\/plateau.png 640w, https:\/\/gozu.zone\/wp-content\/uploads\/2018\/03\/plateau-510x500.png 510w, https:\/\/gozu.zone\/wp-content\/uploads\/2018\/03\/plateau-300x294.png 300w, https:\/\/gozu.zone\/wp-content\/uploads\/2018\/03\/plateau-570x559.png 570w, https:\/\/gozu.zone\/wp-content\/uploads\/2018\/03\/plateau-60x60.png 60w\" sizes=\"auto, (max-width: 296px) 100vw, 296px\" \/><\/a><\/li>\n<li>78 cartes pirates<\/li>\n<li>24 d\u00e9placements<\/li>\n<li>30 abordages<\/li>\n<li>18 cartes tirs<\/li>\n<li>34 cartes objets<\/li>\n<li>16 \u00e9v\u00e9nements uniques<\/li>\n<li>6 bateaux sur socle<\/li>\n<li>58 jetons<\/li>\n<\/ul>\n<\/div>\n","protected":false},"excerpt":{"rendered":"<p>Monarque, voici votre royaume !<\/p>\n<ul>\n<li><strong>\u00c2ge<\/strong> : 14 ans et +<\/li>\n<li><strong>Dur\u00e9e<\/strong> : 1 \u00e0 2 h<\/li>\n<li><strong>Joueurs<\/strong> : 3 \u00e0 6<\/li>\n<\/ul>\n","protected":false},"featured_media":7291,"comment_status":"open","ping_status":"closed","template":"","meta":{"_acf_changed":false},"product_brand":[],"product_cat":[323,494,333,361],"product_tag":[433],"class_list":{"0":"post-7288","1":"product","2":"type-product","3":"status-publish","4":"has-post-thumbnail","6":"product_cat-jeux","7":"product_cat-jeux-de-societe","8":"product_cat-par-types","9":"product_cat-familiaux","10":"product_tag-pirates","11":"product_shipping_class-livraisonstandard_colis","13":"first","14":"instock","15":"sale","16":"taxable","17":"shipping-taxable","18":"purchasable","19":"product-type-simple"},"acf":[],"yoast_head":"<!-- This site is optimized with the Yoast SEO plugin v25.3 - https:\/\/yoast.com\/wordpress\/plugins\/seo\/ -->\n<title>Acheter Terre Pirates - GOZU ZONE - Jeux et Accessoires<\/title>\n<meta name=\"robots\" content=\"index, follow, max-snippet:-1, max-image-preview:large, max-video-preview:-1\" \/>\n<link rel=\"canonical\" href=\"https:\/\/gozu.zone\/?product=terre-pirates\" \/>\n<meta property=\"og:locale\" content=\"fr_FR\" \/>\n<meta property=\"og:type\" content=\"article\" \/>\n<meta property=\"og:title\" content=\"Acheter Terre Pirates - GOZU ZONE - Jeux et Accessoires\" \/>\n<meta property=\"og:description\" content=\"Monarque, voici votre royaume !   \u00c2ge : 14 ans et +  Dur\u00e9e : 1 \u00e0 2 h  Joueurs : 3 \u00e0 6\" \/>\n<meta property=\"og:url\" content=\"https:\/\/gozu.zone\/?product=terre-pirates\" \/>\n<meta property=\"og:site_name\" content=\"GOZU ZONE\" \/>\n<meta property=\"article:publisher\" content=\"https:\/\/www.facebook.com\/gozuzone\/\" \/>\n<meta property=\"article:modified_time\" content=\"2025-12-27T16:28:33+00:00\" \/>\n<meta property=\"og:image\" content=\"https:\/\/gozu.zone\/wp-content\/uploads\/2018\/03\/terre-pirates.jpg\" \/>\n\t<meta property=\"og:image:width\" content=\"640\" \/>\n\t<meta property=\"og:image:height\" content=\"640\" \/>\n\t<meta property=\"og:image:type\" content=\"image\/jpeg\" \/>\n<meta name=\"twitter:card\" content=\"summary_large_image\" \/>\n<meta name=\"twitter:site\" content=\"@gozuzone\" \/>\n<meta name=\"twitter:label1\" content=\"Dur\u00e9e de lecture estim\u00e9e\" \/>\n\t<meta name=\"twitter:data1\" content=\"1 minute\" \/>\n<script type=\"application\/ld+json\" class=\"yoast-schema-graph\">{\"@context\":\"https:\/\/schema.org\",\"@graph\":[{\"@type\":\"WebPage\",\"@id\":\"https:\/\/gozu.zone\/?product=terre-pirates\",\"url\":\"https:\/\/gozu.zone\/?product=terre-pirates\",\"name\":\"Acheter Terre Pirates - GOZU ZONE - Jeux et Accessoires\",\"isPartOf\":{\"@id\":\"https:\/\/gozu.zone\/#website\"},\"primaryImageOfPage\":{\"@id\":\"https:\/\/gozu.zone\/?product=terre-pirates#primaryimage\"},\"image\":{\"@id\":\"https:\/\/gozu.zone\/?product=terre-pirates#primaryimage\"},\"thumbnailUrl\":\"https:\/\/gozu.zone\/wp-content\/uploads\/2018\/03\/terre-pirates.jpg\",\"datePublished\":\"2018-03-03T16:40:12+00:00\",\"dateModified\":\"2025-12-27T16:28:33+00:00\",\"breadcrumb\":{\"@id\":\"https:\/\/gozu.zone\/?product=terre-pirates#breadcrumb\"},\"inLanguage\":\"fr-FR\",\"potentialAction\":[{\"@type\":\"ReadAction\",\"target\":[\"https:\/\/gozu.zone\/?product=terre-pirates\"]}]},{\"@type\":\"ImageObject\",\"inLanguage\":\"fr-FR\",\"@id\":\"https:\/\/gozu.zone\/?product=terre-pirates#primaryimage\",\"url\":\"https:\/\/gozu.zone\/wp-content\/uploads\/2018\/03\/terre-pirates.jpg\",\"contentUrl\":\"https:\/\/gozu.zone\/wp-content\/uploads\/2018\/03\/terre-pirates.jpg\",\"width\":640,\"height\":640},{\"@type\":\"BreadcrumbList\",\"@id\":\"https:\/\/gozu.zone\/?product=terre-pirates#breadcrumb\",\"itemListElement\":[{\"@type\":\"ListItem\",\"position\":1,\"name\":\"Accueil\",\"item\":\"https:\/\/gozu.zone\/\"},{\"@type\":\"ListItem\",\"position\":2,\"name\":\"BOUTIQUE\",\"item\":\"https:\/\/gozu.zone\/?page_id=308\"},{\"@type\":\"ListItem\",\"position\":3,\"name\":\"Terre Pirates\"}]},{\"@type\":\"WebSite\",\"@id\":\"https:\/\/gozu.zone\/#website\",\"url\":\"https:\/\/gozu.zone\/\",\"name\":\"GOZU ZONE\",\"description\":\"Toujours plus pour vos jeux\",\"potentialAction\":[{\"@type\":\"SearchAction\",\"target\":{\"@type\":\"EntryPoint\",\"urlTemplate\":\"https:\/\/gozu.zone\/?s={search_term_string}\"},\"query-input\":{\"@type\":\"PropertyValueSpecification\",\"valueRequired\":true,\"valueName\":\"search_term_string\"}}],\"inLanguage\":\"fr-FR\"}]}<\/script>\n<!-- \/ Yoast SEO plugin. -->","yoast_head_json":{"title":"Acheter Terre Pirates - GOZU ZONE - Jeux et Accessoires","robots":{"index":"index","follow":"follow","max-snippet":"max-snippet:-1","max-image-preview":"max-image-preview:large","max-video-preview":"max-video-preview:-1"},"canonical":"https:\/\/gozu.zone\/?product=terre-pirates","og_locale":"fr_FR","og_type":"article","og_title":"Acheter Terre Pirates - GOZU ZONE - Jeux et Accessoires","og_description":"Monarque, voici votre royaume !   \u00c2ge : 14 ans et +  Dur\u00e9e : 1 \u00e0 2 h  Joueurs : 3 \u00e0 6","og_url":"https:\/\/gozu.zone\/?product=terre-pirates","og_site_name":"GOZU ZONE","article_publisher":"https:\/\/www.facebook.com\/gozuzone\/","article_modified_time":"2025-12-27T16:28:33+00:00","og_image":[{"width":640,"height":640,"url":"https:\/\/gozu.zone\/wp-content\/uploads\/2018\/03\/terre-pirates.jpg","type":"image\/jpeg"}],"twitter_card":"summary_large_image","twitter_site":"@gozuzone","twitter_misc":{"Dur\u00e9e de lecture estim\u00e9e":"1 minute"},"schema":{"@context":"https:\/\/schema.org","@graph":[{"@type":"WebPage","@id":"https:\/\/gozu.zone\/?product=terre-pirates","url":"https:\/\/gozu.zone\/?product=terre-pirates","name":"Acheter Terre Pirates - GOZU ZONE - Jeux et Accessoires","isPartOf":{"@id":"https:\/\/gozu.zone\/#website"},"primaryImageOfPage":{"@id":"https:\/\/gozu.zone\/?product=terre-pirates#primaryimage"},"image":{"@id":"https:\/\/gozu.zone\/?product=terre-pirates#primaryimage"},"thumbnailUrl":"https:\/\/gozu.zone\/wp-content\/uploads\/2018\/03\/terre-pirates.jpg","datePublished":"2018-03-03T16:40:12+00:00","dateModified":"2025-12-27T16:28:33+00:00","breadcrumb":{"@id":"https:\/\/gozu.zone\/?product=terre-pirates#breadcrumb"},"inLanguage":"fr-FR","potentialAction":[{"@type":"ReadAction","target":["https:\/\/gozu.zone\/?product=terre-pirates"]}]},{"@type":"ImageObject","inLanguage":"fr-FR","@id":"https:\/\/gozu.zone\/?product=terre-pirates#primaryimage","url":"https:\/\/gozu.zone\/wp-content\/uploads\/2018\/03\/terre-pirates.jpg","contentUrl":"https:\/\/gozu.zone\/wp-content\/uploads\/2018\/03\/terre-pirates.jpg","width":640,"height":640},{"@type":"BreadcrumbList","@id":"https:\/\/gozu.zone\/?product=terre-pirates#breadcrumb","itemListElement":[{"@type":"ListItem","position":1,"name":"Accueil","item":"https:\/\/gozu.zone\/"},{"@type":"ListItem","position":2,"name":"BOUTIQUE","item":"https:\/\/gozu.zone\/?page_id=308"},{"@type":"ListItem","position":3,"name":"Terre Pirates"}]},{"@type":"WebSite","@id":"https:\/\/gozu.zone\/#website","url":"https:\/\/gozu.zone\/","name":"GOZU ZONE","description":"Toujours plus pour vos jeux","potentialAction":[{"@type":"SearchAction","target":{"@type":"EntryPoint","urlTemplate":"https:\/\/gozu.zone\/?s={search_term_string}"},"query-input":{"@type":"PropertyValueSpecification","valueRequired":true,"valueName":"search_term_string"}}],"inLanguage":"fr-FR"}]}},"_links":{"self":[{"href":"https:\/\/gozu.zone\/index.php?rest_route=\/wp\/v2\/product\/7288","targetHints":{"allow":["GET"]}}],"collection":[{"href":"https:\/\/gozu.zone\/index.php?rest_route=\/wp\/v2\/product"}],"about":[{"href":"https:\/\/gozu.zone\/index.php?rest_route=\/wp\/v2\/types\/product"}],"replies":[{"embeddable":true,"href":"https:\/\/gozu.zone\/index.php?rest_route=%2Fwp%2Fv2%2Fcomments&post=7288"}],"wp:featuredmedia":[{"embeddable":true,"href":"https:\/\/gozu.zone\/index.php?rest_route=\/wp\/v2\/media\/7291"}],"wp:attachment":[{"href":"https:\/\/gozu.zone\/index.php?rest_route=%2Fwp%2Fv2%2Fmedia&parent=7288"}],"wp:term":[{"taxonomy":"product_brand","embeddable":true,"href":"https:\/\/gozu.zone\/index.php?rest_route=%2Fwp%2Fv2%2Fproduct_brand&post=7288"},{"taxonomy":"product_cat","embeddable":true,"href":"https:\/\/gozu.zone\/index.php?rest_route=%2Fwp%2Fv2%2Fproduct_cat&post=7288"},{"taxonomy":"product_tag","embeddable":true,"href":"https:\/\/gozu.zone\/index.php?rest_route=%2Fwp%2Fv2%2Fproduct_tag&post=7288"}],"curies":[{"name":"wp","href":"https:\/\/api.w.org\/{rel}","templated":true}]}}