{"id":7349,"date":"2018-03-04T21:26:12","date_gmt":"2018-03-04T21:26:12","guid":{"rendered":"https:\/\/gozu.zone\/?post_type=product&#038;p=7349"},"modified":"2019-06-24T10:17:15","modified_gmt":"2019-06-24T10:17:15","slug":"star-wars-legion-tl-tt","status":"publish","type":"product","link":"https:\/\/gozu.zone\/?product=star-wars-legion-tl-tt","title":{"rendered":"Star Wars : L\u00e9gion &#8211; TL-TT"},"content":{"rendered":"<p>\u00ab Pr\u00e9parez-vous pour une attaque au sol. \u00bb &#8211; <em>G\u00e9n\u00e9ral Rieekan<\/em><\/p>\n<p>R\u00e9cup\u00e9r\u00e9s sur les champs de bataille de la Guerre des Clones par les ing\u00e9nieurs Rebelles, les TL-TT reconfigur\u00e9s sont des engins rares mais fort utiles pour l\u2019Alliance. Avec un armement plus l\u00e9ger que d\u2019autres marcheurs, les TL-TT sont construits pour \u00eatre agiles et peuvent enjamber de petits murs et autres barricades. Diff\u00e9rentes armes peuvent \u00eatre fix\u00e9es sur leur support avant, permettant ainsi d\u2019adapter le v\u00e9hicule aux sp\u00e9cificit\u00e9s de chaque affrontement.<\/p>\n<p>Cette extension pour <strong>STAR WARS : L\u00c9GION<\/strong> contient 1 figurine de <strong>TL-TT<\/strong>, permettant de constituer une unit\u00e9 de soutien, ainsi que des cartes Unit\u00e9 et Am\u00e9lioration suppl\u00e9mentaires pour votre arm\u00e9e.<\/p>\n<h2>CONTENU de Star Wars : L\u00e9gion &#8211; TL-TT<\/h2>\n<ul>\n<li>1 figurine en plastique<\/li>\n<li>1 carte Unit\u00e9<\/li>\n<li>5 cartes Am\u00e9lioration<\/li>\n<li>10 pions divers<\/li>\n<li>1 feuillet de r\u00e8gles<\/li>\n<\/ul>\n","protected":false},"excerpt":{"rendered":"<p><em>\u00ab Pr\u00e9parez-vous pour une attaque au sol. \u00bb<\/em><\/p>\n<ul>\n<li><strong>\u00c2ge<\/strong> : 14 ans et +<\/li>\n<li><strong>Dur\u00e9e<\/strong> : 2 \u00e0 3h<\/li>\n<li><strong>Joueurs<\/strong> : 2<\/li>\n<\/ul>\n","protected":false},"featured_media":7325,"comment_status":"open","ping_status":"closed","template":"","meta":{"_acf_changed":false},"product_brand":[],"product_cat":[324,327,643,323,401,495,494,333,628],"product_tag":[642,641,331,640,639,614],"class_list":{"0":"post-7349","1":"product","2":"type-product","3":"status-publish","4":"has-post-thumbnail","6":"product_cat-experts","7":"product_cat-extensions","8":"product_cat-extensions-rebelles-star-wars-legion","9":"product_cat-jeux","10":"product_cat-jeux-a-2","11":"product_cat-jeux-de-figurines","12":"product_cat-jeux-de-societe","13":"product_cat-par-types","14":"product_cat-star-wars-legion","15":"product_tag-bataille","16":"product_tag-escarmouche","17":"product_tag-extensions","18":"product_tag-figurine","19":"product_tag-legion","20":"product_tag-star-wars","21":"product_shipping_class-livraisonstandard_colis","23":"first","24":"instock","25":"taxable","26":"shipping-taxable","27":"purchasable","28":"product-type-simple"},"acf":[],"yoast_head":"<!-- This site is optimized with the Yoast SEO plugin v25.3 - https:\/\/yoast.com\/wordpress\/plugins\/seo\/ -->\n<title>Acheter Star Wars : L\u00e9gion - TL-TT - GOZU ZONE - Jeux et Accessoires<\/title>\n<meta name=\"robots\" content=\"index, follow, max-snippet:-1, max-image-preview:large, max-video-preview:-1\" \/>\n<link rel=\"canonical\" href=\"https:\/\/gozu.zone\/?product=star-wars-legion-tl-tt\" \/>\n<meta property=\"og:locale\" content=\"fr_FR\" \/>\n<meta property=\"og:type\" content=\"article\" \/>\n<meta property=\"og:title\" content=\"Acheter Star Wars : L\u00e9gion - TL-TT - GOZU ZONE - Jeux et Accessoires\" \/>\n<meta property=\"og:description\" content=\"\u00ab Pr\u00e9parez-vous pour une attaque au sol. \u00bb   \u00c2ge : 14 ans et +  Dur\u00e9e : 2 \u00e0 3h  Joueurs : 2\" \/>\n<meta property=\"og:url\" content=\"https:\/\/gozu.zone\/?product=star-wars-legion-tl-tt\" \/>\n<meta property=\"og:site_name\" content=\"GOZU ZONE\" \/>\n<meta property=\"article:publisher\" content=\"https:\/\/www.facebook.com\/gozuzone\/\" \/>\n<meta property=\"article:modified_time\" content=\"2019-06-24T10:17:15+00:00\" \/>\n<meta property=\"og:image\" content=\"https:\/\/gozu.zone\/wp-content\/uploads\/2018\/03\/ffswl04.jpg\" \/>\n\t<meta property=\"og:image:width\" content=\"360\" \/>\n\t<meta property=\"og:image:height\" content=\"360\" \/>\n\t<meta property=\"og:image:type\" content=\"image\/jpeg\" \/>\n<meta name=\"twitter:card\" content=\"summary_large_image\" \/>\n<meta name=\"twitter:site\" content=\"@gozuzone\" \/>\n<meta name=\"twitter:label1\" content=\"Dur\u00e9e de lecture estim\u00e9e\" \/>\n\t<meta name=\"twitter:data1\" content=\"1 minute\" \/>\n<script type=\"application\/ld+json\" class=\"yoast-schema-graph\">{\"@context\":\"https:\/\/schema.org\",\"@graph\":[{\"@type\":\"WebPage\",\"@id\":\"https:\/\/gozu.zone\/?product=star-wars-legion-tl-tt\",\"url\":\"https:\/\/gozu.zone\/?product=star-wars-legion-tl-tt\",\"name\":\"Acheter Star Wars : L\u00e9gion - TL-TT - GOZU ZONE - Jeux et Accessoires\",\"isPartOf\":{\"@id\":\"https:\/\/gozu.zone\/#website\"},\"primaryImageOfPage\":{\"@id\":\"https:\/\/gozu.zone\/?product=star-wars-legion-tl-tt#primaryimage\"},\"image\":{\"@id\":\"https:\/\/gozu.zone\/?product=star-wars-legion-tl-tt#primaryimage\"},\"thumbnailUrl\":\"https:\/\/gozu.zone\/wp-content\/uploads\/2018\/03\/ffswl04.jpg\",\"datePublished\":\"2018-03-04T21:26:12+00:00\",\"dateModified\":\"2019-06-24T10:17:15+00:00\",\"breadcrumb\":{\"@id\":\"https:\/\/gozu.zone\/?product=star-wars-legion-tl-tt#breadcrumb\"},\"inLanguage\":\"fr-FR\",\"potentialAction\":[{\"@type\":\"ReadAction\",\"target\":[\"https:\/\/gozu.zone\/?product=star-wars-legion-tl-tt\"]}]},{\"@type\":\"ImageObject\",\"inLanguage\":\"fr-FR\",\"@id\":\"https:\/\/gozu.zone\/?product=star-wars-legion-tl-tt#primaryimage\",\"url\":\"https:\/\/gozu.zone\/wp-content\/uploads\/2018\/03\/ffswl04.jpg\",\"contentUrl\":\"https:\/\/gozu.zone\/wp-content\/uploads\/2018\/03\/ffswl04.jpg\",\"width\":360,\"height\":360},{\"@type\":\"BreadcrumbList\",\"@id\":\"https:\/\/gozu.zone\/?product=star-wars-legion-tl-tt#breadcrumb\",\"itemListElement\":[{\"@type\":\"ListItem\",\"position\":1,\"name\":\"Accueil\",\"item\":\"https:\/\/gozu.zone\/\"},{\"@type\":\"ListItem\",\"position\":2,\"name\":\"BOUTIQUE\",\"item\":\"https:\/\/gozu.zone\/?page_id=308\"},{\"@type\":\"ListItem\",\"position\":3,\"name\":\"Star Wars : L\u00e9gion &#8211; TL-TT\"}]},{\"@type\":\"WebSite\",\"@id\":\"https:\/\/gozu.zone\/#website\",\"url\":\"https:\/\/gozu.zone\/\",\"name\":\"GOZU ZONE\",\"description\":\"Toujours plus pour vos jeux\",\"potentialAction\":[{\"@type\":\"SearchAction\",\"target\":{\"@type\":\"EntryPoint\",\"urlTemplate\":\"https:\/\/gozu.zone\/?s={search_term_string}\"},\"query-input\":{\"@type\":\"PropertyValueSpecification\",\"valueRequired\":true,\"valueName\":\"search_term_string\"}}],\"inLanguage\":\"fr-FR\"}]}<\/script>\n<!-- \/ Yoast SEO plugin. -->","yoast_head_json":{"title":"Acheter Star Wars : L\u00e9gion - TL-TT - GOZU ZONE - Jeux et Accessoires","robots":{"index":"index","follow":"follow","max-snippet":"max-snippet:-1","max-image-preview":"max-image-preview:large","max-video-preview":"max-video-preview:-1"},"canonical":"https:\/\/gozu.zone\/?product=star-wars-legion-tl-tt","og_locale":"fr_FR","og_type":"article","og_title":"Acheter Star Wars : L\u00e9gion - TL-TT - GOZU ZONE - Jeux et Accessoires","og_description":"\u00ab Pr\u00e9parez-vous pour une attaque au sol. \u00bb   \u00c2ge : 14 ans et +  Dur\u00e9e : 2 \u00e0 3h  Joueurs : 2","og_url":"https:\/\/gozu.zone\/?product=star-wars-legion-tl-tt","og_site_name":"GOZU ZONE","article_publisher":"https:\/\/www.facebook.com\/gozuzone\/","article_modified_time":"2019-06-24T10:17:15+00:00","og_image":[{"width":360,"height":360,"url":"https:\/\/gozu.zone\/wp-content\/uploads\/2018\/03\/ffswl04.jpg","type":"image\/jpeg"}],"twitter_card":"summary_large_image","twitter_site":"@gozuzone","twitter_misc":{"Dur\u00e9e de lecture estim\u00e9e":"1 minute"},"schema":{"@context":"https:\/\/schema.org","@graph":[{"@type":"WebPage","@id":"https:\/\/gozu.zone\/?product=star-wars-legion-tl-tt","url":"https:\/\/gozu.zone\/?product=star-wars-legion-tl-tt","name":"Acheter Star Wars : L\u00e9gion - TL-TT - GOZU ZONE - Jeux et Accessoires","isPartOf":{"@id":"https:\/\/gozu.zone\/#website"},"primaryImageOfPage":{"@id":"https:\/\/gozu.zone\/?product=star-wars-legion-tl-tt#primaryimage"},"image":{"@id":"https:\/\/gozu.zone\/?product=star-wars-legion-tl-tt#primaryimage"},"thumbnailUrl":"https:\/\/gozu.zone\/wp-content\/uploads\/2018\/03\/ffswl04.jpg","datePublished":"2018-03-04T21:26:12+00:00","dateModified":"2019-06-24T10:17:15+00:00","breadcrumb":{"@id":"https:\/\/gozu.zone\/?product=star-wars-legion-tl-tt#breadcrumb"},"inLanguage":"fr-FR","potentialAction":[{"@type":"ReadAction","target":["https:\/\/gozu.zone\/?product=star-wars-legion-tl-tt"]}]},{"@type":"ImageObject","inLanguage":"fr-FR","@id":"https:\/\/gozu.zone\/?product=star-wars-legion-tl-tt#primaryimage","url":"https:\/\/gozu.zone\/wp-content\/uploads\/2018\/03\/ffswl04.jpg","contentUrl":"https:\/\/gozu.zone\/wp-content\/uploads\/2018\/03\/ffswl04.jpg","width":360,"height":360},{"@type":"BreadcrumbList","@id":"https:\/\/gozu.zone\/?product=star-wars-legion-tl-tt#breadcrumb","itemListElement":[{"@type":"ListItem","position":1,"name":"Accueil","item":"https:\/\/gozu.zone\/"},{"@type":"ListItem","position":2,"name":"BOUTIQUE","item":"https:\/\/gozu.zone\/?page_id=308"},{"@type":"ListItem","position":3,"name":"Star Wars : L\u00e9gion &#8211; TL-TT"}]},{"@type":"WebSite","@id":"https:\/\/gozu.zone\/#website","url":"https:\/\/gozu.zone\/","name":"GOZU ZONE","description":"Toujours plus pour vos jeux","potentialAction":[{"@type":"SearchAction","target":{"@type":"EntryPoint","urlTemplate":"https:\/\/gozu.zone\/?s={search_term_string}"},"query-input":{"@type":"PropertyValueSpecification","valueRequired":true,"valueName":"search_term_string"}}],"inLanguage":"fr-FR"}]}},"_links":{"self":[{"href":"https:\/\/gozu.zone\/index.php?rest_route=\/wp\/v2\/product\/7349","targetHints":{"allow":["GET"]}}],"collection":[{"href":"https:\/\/gozu.zone\/index.php?rest_route=\/wp\/v2\/product"}],"about":[{"href":"https:\/\/gozu.zone\/index.php?rest_route=\/wp\/v2\/types\/product"}],"replies":[{"embeddable":true,"href":"https:\/\/gozu.zone\/index.php?rest_route=%2Fwp%2Fv2%2Fcomments&post=7349"}],"wp:featuredmedia":[{"embeddable":true,"href":"https:\/\/gozu.zone\/index.php?rest_route=\/wp\/v2\/media\/7325"}],"wp:attachment":[{"href":"https:\/\/gozu.zone\/index.php?rest_route=%2Fwp%2Fv2%2Fmedia&parent=7349"}],"wp:term":[{"taxonomy":"product_brand","embeddable":true,"href":"https:\/\/gozu.zone\/index.php?rest_route=%2Fwp%2Fv2%2Fproduct_brand&post=7349"},{"taxonomy":"product_cat","embeddable":true,"href":"https:\/\/gozu.zone\/index.php?rest_route=%2Fwp%2Fv2%2Fproduct_cat&post=7349"},{"taxonomy":"product_tag","embeddable":true,"href":"https:\/\/gozu.zone\/index.php?rest_route=%2Fwp%2Fv2%2Fproduct_tag&post=7349"}],"curies":[{"name":"wp","href":"https:\/\/api.w.org\/{rel}","templated":true}]}}