{"id":7490,"date":"2018-04-06T11:57:45","date_gmt":"2018-04-06T11:57:45","guid":{"rendered":"https:\/\/gozu.zone\/?post_type=product&#038;p=7490"},"modified":"2024-05-14T18:28:01","modified_gmt":"2024-05-14T18:28:01","slug":"l5r-jce-disciples-vide","status":"publish","type":"product","link":"https:\/\/gozu.zone\/?product=l5r-jce-disciples-vide","title":{"rendered":"L5R &#8211; JCE : Disciples du Vide"},"content":{"rendered":"<p><strong>Disciples du Vide<\/strong>\u00a0est une extension pour\u00a0<em><strong>La L\u00e9gende des Cinq Anneaux<\/strong>\u00a0: le Jeu de Cartes<\/em>\u00a0qui d\u00e9veloppe principalement le Clan du Ph\u00e9nix.\u00a0<strong>La L\u00e9gende des Cinq Anneaux<\/strong>\u00a0vous plongera dans le monde mythique de Rokugan, o\u00f9 vous prendrez part \u00e0 des batailles militaires et aux intrigues de la cour, en qu\u00eate d\u2019honneur et de gloire.<\/p>\n<p>&nbsp;<\/p>\n<div>\n<h2>Pour ranger et prot\u00e9ger votre jeu<\/h2>\n<ul>\n<li><a href=\"http:\/\/pro.gozu.zone\/?product=rangement-legende-5-anneaux-jce\" target=\"_blank\" rel=\"noopener noreferrer\">Le rangement GOZU ZONE<\/a><\/li>\n<li><a href=\"http:\/\/pro.gozu.zone\/?product_cat=format-standard\" target=\"_blank\" rel=\"noopener noreferrer\">Les pochettes au format STANDARD<\/a><\/li>\n<\/ul>\n<\/div>\n<div class=\"disclaimer material\">\n<h2><\/h2>\n<h2>Contenu de Disciples du Vide<\/h2>\n<ul>\n<li>Ce paquet contient 78 nouvelles cartes (25 cartes en trois exemplaires chacune et 3 cartes en un exemplaire chacune) destin\u00e9es \u00e0 am\u00e9liorer vos decks existants.<\/li>\n<\/ul>\n<\/div>\n","protected":false},"excerpt":{"rendered":"<p><span class=\"color_grey_medium add-left add-right float_left no-border text_small\"><strong>Cycle Imp\u00e9rial : <\/strong><em>Disciples du Vide<\/em><\/span><\/p>\n<p>N\u00e9cessite <a class=\"color_grey_medium float_left no-border\" title=\"La L\u00e9gende des Cinq Anneaux LCG\" href=\"http:\/\/pro.gozu.zone\/?product=legende-ds-5-anneaux-jeu-de-cartes\" target=\"_top\">La L\u00e9gende des Cinq Anneaux LCG<\/a>\u00a0pour jouer.<\/p>\n<ul>\n<li><strong>\u00c2ge<\/strong> : 14\u00a0ans et +<\/li>\n<li><strong>Dur\u00e9e<\/strong> : 30 &#8211; 60 min<\/li>\n<li><strong>Joueurs<\/strong> :\u00a02<\/li>\n<\/ul>\n","protected":false},"featured_media":7492,"comment_status":"open","ping_status":"closed","template":"","meta":{"_acf_changed":false},"product_brand":[],"product_cat":[327],"product_tag":[345,177,383],"class_list":{"0":"post-7490","1":"product","2":"type-product","3":"status-publish","4":"has-post-thumbnail","6":"product_cat-extensions","7":"product_tag-asie","8":"product_tag-cartes","9":"product_tag-combinaison","10":"product_shipping_class-livraisonstandard_enveloppe-fr","12":"first","13":"instock","14":"sale","15":"taxable","16":"shipping-taxable","17":"purchasable","18":"product-type-simple"},"acf":[],"yoast_head":"<!-- This site is optimized with the Yoast SEO plugin v25.3 - https:\/\/yoast.com\/wordpress\/plugins\/seo\/ -->\n<title>Acheter L5R - JCE : Disciples du Vide - Boutique GOZU ZONE - Jeux et Accessoires<\/title>\n<meta name=\"robots\" content=\"index, follow, max-snippet:-1, max-image-preview:large, max-video-preview:-1\" \/>\n<link rel=\"canonical\" href=\"https:\/\/gozu.zone\/?product=l5r-jce-disciples-vide\" \/>\n<meta property=\"og:locale\" content=\"fr_FR\" \/>\n<meta property=\"og:type\" content=\"article\" \/>\n<meta property=\"og:title\" content=\"Acheter L5R - JCE : Disciples du Vide - Boutique GOZU ZONE - Jeux et Accessoires\" \/>\n<meta property=\"og:description\" content=\"Cycle Imp\u00e9rial : Disciples du Vide  N\u00e9cessite La L\u00e9gende des Cinq Anneaux LCG\u00a0pour jouer.   \u00c2ge : 14\u00a0ans et +  Dur\u00e9e : 30 - 60 min  Joueurs :\u00a02\" \/>\n<meta property=\"og:url\" content=\"https:\/\/gozu.zone\/?product=l5r-jce-disciples-vide\" \/>\n<meta property=\"og:site_name\" content=\"GOZU ZONE\" \/>\n<meta property=\"article:publisher\" content=\"https:\/\/www.facebook.com\/gozuzone\/\" \/>\n<meta property=\"article:modified_time\" content=\"2024-05-14T18:28:01+00:00\" \/>\n<meta property=\"og:image\" content=\"https:\/\/gozu.zone\/wp-content\/uploads\/2018\/04\/disciple-du-vide.jpg\" \/>\n\t<meta property=\"og:image:width\" content=\"604\" \/>\n\t<meta property=\"og:image:height\" content=\"640\" \/>\n\t<meta property=\"og:image:type\" content=\"image\/jpeg\" \/>\n<meta name=\"twitter:card\" content=\"summary_large_image\" \/>\n<meta name=\"twitter:site\" content=\"@gozuzone\" \/>\n<meta name=\"twitter:label1\" content=\"Dur\u00e9e de lecture estim\u00e9e\" \/>\n\t<meta name=\"twitter:data1\" content=\"1 minute\" \/>\n<script type=\"application\/ld+json\" class=\"yoast-schema-graph\">{\"@context\":\"https:\/\/schema.org\",\"@graph\":[{\"@type\":\"WebPage\",\"@id\":\"https:\/\/gozu.zone\/?product=l5r-jce-disciples-vide\",\"url\":\"https:\/\/gozu.zone\/?product=l5r-jce-disciples-vide\",\"name\":\"Acheter L5R - JCE : Disciples du Vide - Boutique GOZU ZONE - Jeux et Accessoires\",\"isPartOf\":{\"@id\":\"https:\/\/gozu.zone\/#website\"},\"primaryImageOfPage\":{\"@id\":\"https:\/\/gozu.zone\/?product=l5r-jce-disciples-vide#primaryimage\"},\"image\":{\"@id\":\"https:\/\/gozu.zone\/?product=l5r-jce-disciples-vide#primaryimage\"},\"thumbnailUrl\":\"https:\/\/gozu.zone\/wp-content\/uploads\/2018\/04\/disciple-du-vide.jpg\",\"datePublished\":\"2018-04-06T11:57:45+00:00\",\"dateModified\":\"2024-05-14T18:28:01+00:00\",\"breadcrumb\":{\"@id\":\"https:\/\/gozu.zone\/?product=l5r-jce-disciples-vide#breadcrumb\"},\"inLanguage\":\"fr-FR\",\"potentialAction\":[{\"@type\":\"ReadAction\",\"target\":[\"https:\/\/gozu.zone\/?product=l5r-jce-disciples-vide\"]}]},{\"@type\":\"ImageObject\",\"inLanguage\":\"fr-FR\",\"@id\":\"https:\/\/gozu.zone\/?product=l5r-jce-disciples-vide#primaryimage\",\"url\":\"https:\/\/gozu.zone\/wp-content\/uploads\/2018\/04\/disciple-du-vide.jpg\",\"contentUrl\":\"https:\/\/gozu.zone\/wp-content\/uploads\/2018\/04\/disciple-du-vide.jpg\",\"width\":604,\"height\":640},{\"@type\":\"BreadcrumbList\",\"@id\":\"https:\/\/gozu.zone\/?product=l5r-jce-disciples-vide#breadcrumb\",\"itemListElement\":[{\"@type\":\"ListItem\",\"position\":1,\"name\":\"Accueil\",\"item\":\"https:\/\/gozu.zone\/\"},{\"@type\":\"ListItem\",\"position\":2,\"name\":\"BOUTIQUE\",\"item\":\"https:\/\/gozu.zone\/?page_id=308\"},{\"@type\":\"ListItem\",\"position\":3,\"name\":\"L5R &#8211; JCE : Disciples du Vide\"}]},{\"@type\":\"WebSite\",\"@id\":\"https:\/\/gozu.zone\/#website\",\"url\":\"https:\/\/gozu.zone\/\",\"name\":\"GOZU ZONE\",\"description\":\"Toujours plus pour vos jeux\",\"potentialAction\":[{\"@type\":\"SearchAction\",\"target\":{\"@type\":\"EntryPoint\",\"urlTemplate\":\"https:\/\/gozu.zone\/?s={search_term_string}\"},\"query-input\":{\"@type\":\"PropertyValueSpecification\",\"valueRequired\":true,\"valueName\":\"search_term_string\"}}],\"inLanguage\":\"fr-FR\"}]}<\/script>\n<!-- \/ Yoast SEO plugin. -->","yoast_head_json":{"title":"Acheter L5R - JCE : Disciples du Vide - Boutique GOZU ZONE - Jeux et Accessoires","robots":{"index":"index","follow":"follow","max-snippet":"max-snippet:-1","max-image-preview":"max-image-preview:large","max-video-preview":"max-video-preview:-1"},"canonical":"https:\/\/gozu.zone\/?product=l5r-jce-disciples-vide","og_locale":"fr_FR","og_type":"article","og_title":"Acheter L5R - JCE : Disciples du Vide - Boutique GOZU ZONE - Jeux et Accessoires","og_description":"Cycle Imp\u00e9rial : Disciples du Vide  N\u00e9cessite La L\u00e9gende des Cinq Anneaux LCG\u00a0pour jouer.   \u00c2ge : 14\u00a0ans et +  Dur\u00e9e : 30 - 60 min  Joueurs :\u00a02","og_url":"https:\/\/gozu.zone\/?product=l5r-jce-disciples-vide","og_site_name":"GOZU ZONE","article_publisher":"https:\/\/www.facebook.com\/gozuzone\/","article_modified_time":"2024-05-14T18:28:01+00:00","og_image":[{"width":604,"height":640,"url":"https:\/\/gozu.zone\/wp-content\/uploads\/2018\/04\/disciple-du-vide.jpg","type":"image\/jpeg"}],"twitter_card":"summary_large_image","twitter_site":"@gozuzone","twitter_misc":{"Dur\u00e9e de lecture estim\u00e9e":"1 minute"},"schema":{"@context":"https:\/\/schema.org","@graph":[{"@type":"WebPage","@id":"https:\/\/gozu.zone\/?product=l5r-jce-disciples-vide","url":"https:\/\/gozu.zone\/?product=l5r-jce-disciples-vide","name":"Acheter L5R - JCE : Disciples du Vide - Boutique GOZU ZONE - Jeux et Accessoires","isPartOf":{"@id":"https:\/\/gozu.zone\/#website"},"primaryImageOfPage":{"@id":"https:\/\/gozu.zone\/?product=l5r-jce-disciples-vide#primaryimage"},"image":{"@id":"https:\/\/gozu.zone\/?product=l5r-jce-disciples-vide#primaryimage"},"thumbnailUrl":"https:\/\/gozu.zone\/wp-content\/uploads\/2018\/04\/disciple-du-vide.jpg","datePublished":"2018-04-06T11:57:45+00:00","dateModified":"2024-05-14T18:28:01+00:00","breadcrumb":{"@id":"https:\/\/gozu.zone\/?product=l5r-jce-disciples-vide#breadcrumb"},"inLanguage":"fr-FR","potentialAction":[{"@type":"ReadAction","target":["https:\/\/gozu.zone\/?product=l5r-jce-disciples-vide"]}]},{"@type":"ImageObject","inLanguage":"fr-FR","@id":"https:\/\/gozu.zone\/?product=l5r-jce-disciples-vide#primaryimage","url":"https:\/\/gozu.zone\/wp-content\/uploads\/2018\/04\/disciple-du-vide.jpg","contentUrl":"https:\/\/gozu.zone\/wp-content\/uploads\/2018\/04\/disciple-du-vide.jpg","width":604,"height":640},{"@type":"BreadcrumbList","@id":"https:\/\/gozu.zone\/?product=l5r-jce-disciples-vide#breadcrumb","itemListElement":[{"@type":"ListItem","position":1,"name":"Accueil","item":"https:\/\/gozu.zone\/"},{"@type":"ListItem","position":2,"name":"BOUTIQUE","item":"https:\/\/gozu.zone\/?page_id=308"},{"@type":"ListItem","position":3,"name":"L5R &#8211; JCE : Disciples du Vide"}]},{"@type":"WebSite","@id":"https:\/\/gozu.zone\/#website","url":"https:\/\/gozu.zone\/","name":"GOZU ZONE","description":"Toujours plus pour vos jeux","potentialAction":[{"@type":"SearchAction","target":{"@type":"EntryPoint","urlTemplate":"https:\/\/gozu.zone\/?s={search_term_string}"},"query-input":{"@type":"PropertyValueSpecification","valueRequired":true,"valueName":"search_term_string"}}],"inLanguage":"fr-FR"}]}},"_links":{"self":[{"href":"https:\/\/gozu.zone\/index.php?rest_route=\/wp\/v2\/product\/7490","targetHints":{"allow":["GET"]}}],"collection":[{"href":"https:\/\/gozu.zone\/index.php?rest_route=\/wp\/v2\/product"}],"about":[{"href":"https:\/\/gozu.zone\/index.php?rest_route=\/wp\/v2\/types\/product"}],"replies":[{"embeddable":true,"href":"https:\/\/gozu.zone\/index.php?rest_route=%2Fwp%2Fv2%2Fcomments&post=7490"}],"wp:featuredmedia":[{"embeddable":true,"href":"https:\/\/gozu.zone\/index.php?rest_route=\/wp\/v2\/media\/7492"}],"wp:attachment":[{"href":"https:\/\/gozu.zone\/index.php?rest_route=%2Fwp%2Fv2%2Fmedia&parent=7490"}],"wp:term":[{"taxonomy":"product_brand","embeddable":true,"href":"https:\/\/gozu.zone\/index.php?rest_route=%2Fwp%2Fv2%2Fproduct_brand&post=7490"},{"taxonomy":"product_cat","embeddable":true,"href":"https:\/\/gozu.zone\/index.php?rest_route=%2Fwp%2Fv2%2Fproduct_cat&post=7490"},{"taxonomy":"product_tag","embeddable":true,"href":"https:\/\/gozu.zone\/index.php?rest_route=%2Fwp%2Fv2%2Fproduct_tag&post=7490"}],"curies":[{"name":"wp","href":"https:\/\/api.w.org\/{rel}","templated":true}]}}