{"id":7516,"date":"2018-04-12T19:54:34","date_gmt":"2018-04-12T19:54:34","guid":{"rendered":"https:\/\/gozu.zone\/?post_type=product&#038;p=7516"},"modified":"2024-05-14T18:28:00","modified_gmt":"2024-05-14T18:28:00","slug":"azul","status":"publish","type":"product","link":"https:\/\/gozu.zone\/?product=azul","title":{"rendered":"Azul"},"content":{"rendered":"<p><a href=\"http:\/\/pro.gozu.zone\/wp-content\/uploads\/2018\/04\/azul-logo.png\"><img loading=\"lazy\" decoding=\"async\" class=\"aligncenter wp-image-7517 \" src=\"http:\/\/pro.gozu.zone\/wp-content\/uploads\/2018\/04\/azul-logo-e1523562977271.png\" alt=\"\" width=\"380\" height=\"304\" srcset=\"https:\/\/gozu.zone\/wp-content\/uploads\/2018\/04\/azul-logo-e1523562977271.png 708w, https:\/\/gozu.zone\/wp-content\/uploads\/2018\/04\/azul-logo-e1523562977271-510x408.png 510w, https:\/\/gozu.zone\/wp-content\/uploads\/2018\/04\/azul-logo-e1523562977271-300x240.png 300w, https:\/\/gozu.zone\/wp-content\/uploads\/2018\/04\/azul-logo-e1523562977271-570x456.png 570w\" sizes=\"auto, (max-width: 380px) 100vw, 380px\" \/><\/a><\/p>\n<p>&nbsp;<\/p>\n<p>Introduits par les Maures, les azulejos (carreaux de rev\u00eatement mural en fa\u00eeence, originalement d\u00e9cor\u00e9s de bleu ou polychromes) furent adopt\u00e9s par les Portuguais au moment o\u00f9 leur roi Manuel 1er, durant une visite au palais de l\u2019Alhambra dans le sud de l\u2019Espagne, fut conquis par l\u2019\u00e9blouissante beaut\u00e9 des tuiles d\u00e9coratives. Manuel 1er ordonna la d\u00e9coration imm\u00e9diate, avec des tuiles semblables, des murs de son palais. Azul vous transporte au 16e si\u00e8cle, truelle en main, \u00e0 embellir les murs du Palais Royal de Evora\u2009!<\/p>\n<p>&nbsp;<\/p>\n<h2>R\u00e8gles du jeu\u00a0Azul<\/h2>\n<p>&nbsp;<\/p>\n<p style=\"text-align: center;\"><iframe loading=\"lazy\" src=\"https:\/\/www.youtube.com\/embed\/BFjrff00EEc\" width=\"480\" height=\"270\" frameborder=\"0\" allowfullscreen=\"allowfullscreen\"><span data-mce-type=\"bookmark\" style=\"display: inline-block; width: 0px; overflow: hidden; line-height: 0;\" class=\"mce_SELRES_start\">\ufeff<\/span><\/iframe><\/p>\n<div class=\"disclaimer material\">\n<h3>Contenu du jeu<\/h3>\n<ul>\n<li>\u2009100 Tuiles en r\u00e9sine<\/li>\n<li>\u20094 Plateaux de joueurs<\/li>\n<li>9 Cercles Fabrique<\/li>\n<li>4 Marqueurs de score<\/li>\n<li>1 Marqueur de<\/li>\n<li>premier joueur<\/li>\n<li>1 Sac en lin<\/li>\n<li>1 R\u00e8gle de jeu<\/li>\n<\/ul>\n<\/div>\n","protected":false},"excerpt":{"rendered":"<p>Azul vous transporte au 16e si\u00e8cle, truelle en main, pour embellir les murs du Palais Royal de Evora !<\/p>\n<ul>\n<li><strong>\u00c2ge<\/strong> : 8\u00a0ans et +<\/li>\n<li><strong>Dur\u00e9e<\/strong> : 30 \u00e0 60 min<\/li>\n<li><strong>Joueurs<\/strong> : 2\u00a0\u00e0 4<\/li>\n<\/ul>\n","protected":false},"featured_media":7518,"comment_status":"open","ping_status":"closed","template":"","meta":{"_acf_changed":false},"product_brand":[],"product_cat":[323,494,361,333],"product_tag":[371,399,569,531,344,395],"class_list":{"0":"post-7516","1":"product","2":"type-product","3":"status-publish","4":"has-post-thumbnail","6":"product_cat-jeux","7":"product_cat-jeux-de-societe","8":"product_cat-familiaux","9":"product_cat-par-types","10":"product_tag-arts","11":"product_tag-collection","12":"product_tag-construction","13":"product_tag-europe","14":"product_tag-placement","15":"product_tag-tuiles","16":"product_shipping_class-livraisonstandard_colis","18":"first","19":"instock","20":"sale","21":"taxable","22":"shipping-taxable","23":"purchasable","24":"product-type-simple"},"acf":[],"yoast_head":"<!-- This site is optimized with the Yoast SEO plugin v25.3 - https:\/\/yoast.com\/wordpress\/plugins\/seo\/ -->\n<title>Acheter Azul - GOZU ZONE - Jeux et Accessoires<\/title>\n<meta name=\"robots\" content=\"index, follow, max-snippet:-1, max-image-preview:large, max-video-preview:-1\" \/>\n<link rel=\"canonical\" href=\"https:\/\/gozu.zone\/?product=azul\" \/>\n<meta property=\"og:locale\" content=\"fr_FR\" \/>\n<meta property=\"og:type\" content=\"article\" \/>\n<meta property=\"og:title\" content=\"Acheter Azul - GOZU ZONE - Jeux et Accessoires\" \/>\n<meta property=\"og:description\" content=\"Azul vous transporte au 16e si\u00e8cle, truelle en main, pour embellir les murs du Palais Royal de Evora !   \u00c2ge : 8\u00a0ans et +  Dur\u00e9e : 30 \u00e0 60 min  Joueurs : 2\u00a0\u00e0 4\" \/>\n<meta property=\"og:url\" content=\"https:\/\/gozu.zone\/?product=azul\" \/>\n<meta property=\"og:site_name\" content=\"GOZU ZONE\" \/>\n<meta property=\"article:publisher\" content=\"https:\/\/www.facebook.com\/gozuzone\/\" \/>\n<meta property=\"article:modified_time\" content=\"2024-05-14T18:28:00+00:00\" \/>\n<meta property=\"og:image\" content=\"https:\/\/gozu.zone\/wp-content\/uploads\/2018\/04\/azul.jpg\" \/>\n\t<meta property=\"og:image:width\" content=\"800\" \/>\n\t<meta property=\"og:image:height\" content=\"800\" \/>\n\t<meta property=\"og:image:type\" content=\"image\/jpeg\" \/>\n<meta name=\"twitter:card\" content=\"summary_large_image\" \/>\n<meta name=\"twitter:site\" content=\"@gozuzone\" \/>\n<meta name=\"twitter:label1\" content=\"Dur\u00e9e de lecture estim\u00e9e\" \/>\n\t<meta name=\"twitter:data1\" content=\"1 minute\" \/>\n<script type=\"application\/ld+json\" class=\"yoast-schema-graph\">{\"@context\":\"https:\/\/schema.org\",\"@graph\":[{\"@type\":\"WebPage\",\"@id\":\"https:\/\/gozu.zone\/?product=azul\",\"url\":\"https:\/\/gozu.zone\/?product=azul\",\"name\":\"Acheter Azul - GOZU ZONE - Jeux et Accessoires\",\"isPartOf\":{\"@id\":\"https:\/\/gozu.zone\/#website\"},\"primaryImageOfPage\":{\"@id\":\"https:\/\/gozu.zone\/?product=azul#primaryimage\"},\"image\":{\"@id\":\"https:\/\/gozu.zone\/?product=azul#primaryimage\"},\"thumbnailUrl\":\"https:\/\/gozu.zone\/wp-content\/uploads\/2018\/04\/azul.jpg\",\"datePublished\":\"2018-04-12T19:54:34+00:00\",\"dateModified\":\"2024-05-14T18:28:00+00:00\",\"breadcrumb\":{\"@id\":\"https:\/\/gozu.zone\/?product=azul#breadcrumb\"},\"inLanguage\":\"fr-FR\",\"potentialAction\":[{\"@type\":\"ReadAction\",\"target\":[\"https:\/\/gozu.zone\/?product=azul\"]}]},{\"@type\":\"ImageObject\",\"inLanguage\":\"fr-FR\",\"@id\":\"https:\/\/gozu.zone\/?product=azul#primaryimage\",\"url\":\"https:\/\/gozu.zone\/wp-content\/uploads\/2018\/04\/azul.jpg\",\"contentUrl\":\"https:\/\/gozu.zone\/wp-content\/uploads\/2018\/04\/azul.jpg\",\"width\":800,\"height\":800,\"caption\":\"azul\"},{\"@type\":\"BreadcrumbList\",\"@id\":\"https:\/\/gozu.zone\/?product=azul#breadcrumb\",\"itemListElement\":[{\"@type\":\"ListItem\",\"position\":1,\"name\":\"Accueil\",\"item\":\"https:\/\/gozu.zone\/\"},{\"@type\":\"ListItem\",\"position\":2,\"name\":\"BOUTIQUE\",\"item\":\"https:\/\/gozu.zone\/?page_id=308\"},{\"@type\":\"ListItem\",\"position\":3,\"name\":\"Azul\"}]},{\"@type\":\"WebSite\",\"@id\":\"https:\/\/gozu.zone\/#website\",\"url\":\"https:\/\/gozu.zone\/\",\"name\":\"GOZU ZONE\",\"description\":\"Toujours plus pour vos jeux\",\"potentialAction\":[{\"@type\":\"SearchAction\",\"target\":{\"@type\":\"EntryPoint\",\"urlTemplate\":\"https:\/\/gozu.zone\/?s={search_term_string}\"},\"query-input\":{\"@type\":\"PropertyValueSpecification\",\"valueRequired\":true,\"valueName\":\"search_term_string\"}}],\"inLanguage\":\"fr-FR\"}]}<\/script>\n<!-- \/ Yoast SEO plugin. -->","yoast_head_json":{"title":"Acheter Azul - GOZU ZONE - Jeux et Accessoires","robots":{"index":"index","follow":"follow","max-snippet":"max-snippet:-1","max-image-preview":"max-image-preview:large","max-video-preview":"max-video-preview:-1"},"canonical":"https:\/\/gozu.zone\/?product=azul","og_locale":"fr_FR","og_type":"article","og_title":"Acheter Azul - GOZU ZONE - Jeux et Accessoires","og_description":"Azul vous transporte au 16e si\u00e8cle, truelle en main, pour embellir les murs du Palais Royal de Evora !   \u00c2ge : 8\u00a0ans et +  Dur\u00e9e : 30 \u00e0 60 min  Joueurs : 2\u00a0\u00e0 4","og_url":"https:\/\/gozu.zone\/?product=azul","og_site_name":"GOZU ZONE","article_publisher":"https:\/\/www.facebook.com\/gozuzone\/","article_modified_time":"2024-05-14T18:28:00+00:00","og_image":[{"width":800,"height":800,"url":"https:\/\/gozu.zone\/wp-content\/uploads\/2018\/04\/azul.jpg","type":"image\/jpeg"}],"twitter_card":"summary_large_image","twitter_site":"@gozuzone","twitter_misc":{"Dur\u00e9e de lecture estim\u00e9e":"1 minute"},"schema":{"@context":"https:\/\/schema.org","@graph":[{"@type":"WebPage","@id":"https:\/\/gozu.zone\/?product=azul","url":"https:\/\/gozu.zone\/?product=azul","name":"Acheter Azul - GOZU ZONE - Jeux et Accessoires","isPartOf":{"@id":"https:\/\/gozu.zone\/#website"},"primaryImageOfPage":{"@id":"https:\/\/gozu.zone\/?product=azul#primaryimage"},"image":{"@id":"https:\/\/gozu.zone\/?product=azul#primaryimage"},"thumbnailUrl":"https:\/\/gozu.zone\/wp-content\/uploads\/2018\/04\/azul.jpg","datePublished":"2018-04-12T19:54:34+00:00","dateModified":"2024-05-14T18:28:00+00:00","breadcrumb":{"@id":"https:\/\/gozu.zone\/?product=azul#breadcrumb"},"inLanguage":"fr-FR","potentialAction":[{"@type":"ReadAction","target":["https:\/\/gozu.zone\/?product=azul"]}]},{"@type":"ImageObject","inLanguage":"fr-FR","@id":"https:\/\/gozu.zone\/?product=azul#primaryimage","url":"https:\/\/gozu.zone\/wp-content\/uploads\/2018\/04\/azul.jpg","contentUrl":"https:\/\/gozu.zone\/wp-content\/uploads\/2018\/04\/azul.jpg","width":800,"height":800,"caption":"azul"},{"@type":"BreadcrumbList","@id":"https:\/\/gozu.zone\/?product=azul#breadcrumb","itemListElement":[{"@type":"ListItem","position":1,"name":"Accueil","item":"https:\/\/gozu.zone\/"},{"@type":"ListItem","position":2,"name":"BOUTIQUE","item":"https:\/\/gozu.zone\/?page_id=308"},{"@type":"ListItem","position":3,"name":"Azul"}]},{"@type":"WebSite","@id":"https:\/\/gozu.zone\/#website","url":"https:\/\/gozu.zone\/","name":"GOZU ZONE","description":"Toujours plus pour vos jeux","potentialAction":[{"@type":"SearchAction","target":{"@type":"EntryPoint","urlTemplate":"https:\/\/gozu.zone\/?s={search_term_string}"},"query-input":{"@type":"PropertyValueSpecification","valueRequired":true,"valueName":"search_term_string"}}],"inLanguage":"fr-FR"}]}},"_links":{"self":[{"href":"https:\/\/gozu.zone\/index.php?rest_route=\/wp\/v2\/product\/7516","targetHints":{"allow":["GET"]}}],"collection":[{"href":"https:\/\/gozu.zone\/index.php?rest_route=\/wp\/v2\/product"}],"about":[{"href":"https:\/\/gozu.zone\/index.php?rest_route=\/wp\/v2\/types\/product"}],"replies":[{"embeddable":true,"href":"https:\/\/gozu.zone\/index.php?rest_route=%2Fwp%2Fv2%2Fcomments&post=7516"}],"wp:featuredmedia":[{"embeddable":true,"href":"https:\/\/gozu.zone\/index.php?rest_route=\/wp\/v2\/media\/7518"}],"wp:attachment":[{"href":"https:\/\/gozu.zone\/index.php?rest_route=%2Fwp%2Fv2%2Fmedia&parent=7516"}],"wp:term":[{"taxonomy":"product_brand","embeddable":true,"href":"https:\/\/gozu.zone\/index.php?rest_route=%2Fwp%2Fv2%2Fproduct_brand&post=7516"},{"taxonomy":"product_cat","embeddable":true,"href":"https:\/\/gozu.zone\/index.php?rest_route=%2Fwp%2Fv2%2Fproduct_cat&post=7516"},{"taxonomy":"product_tag","embeddable":true,"href":"https:\/\/gozu.zone\/index.php?rest_route=%2Fwp%2Fv2%2Fproduct_tag&post=7516"}],"curies":[{"name":"wp","href":"https:\/\/api.w.org\/{rel}","templated":true}]}}