{"id":7604,"date":"2018-05-01T17:09:16","date_gmt":"2018-05-01T17:09:16","guid":{"rendered":"https:\/\/gozu.zone\/?post_type=product&#038;p=7604"},"modified":"2025-03-26T10:02:31","modified_gmt":"2025-03-26T10:02:31","slug":"rangements-not-alone","status":"publish","type":"product","link":"https:\/\/gozu.zone\/?product=rangements-not-alone","title":{"rendered":"Rangements \u2013 Not Alone \u2122"},"content":{"rendered":"<p>Vous souhaitez organiser au mieux Not Alone \u2122 et son extension Exploration dans la m\u00eame bo\u00eete ? Gozu Zone a sp\u00e9cialement con\u00e7u ce kit de rangement \u00e0 petit prix !<\/p>\n<h2><\/h2>\n<h2>Rangements \u2013 Not Alone \u2122\u00a0 contient :<\/h2>\n<ul>\n<li>1 module de 4 emplacement pour les cartes<\/li>\n<li>2 modules amovibles pour le reste du mat\u00e9riel<\/li>\n<\/ul>\n<p><strong>Attention<\/strong>: Les compartiments sont tr\u00e8s ajust\u00e9s. Les cartes peuvent \u00eatre pochet\u00e9es uniquement avec des sleeves <a href=\"https:\/\/gozu.zone\/?product=50-pochettes-ultra-pro-pro-matte-sleeves-transparent\">Ultra-Pro\u00a0\u00a0<\/a><\/p>\n<h2>Aper\u00e7u en 3D des modules<\/h2>\n<p>&nbsp;<\/p>\n<div class=\"sketchfab-embed-wrapper\">\n<p><iframe loading=\"lazy\" src=\"https:\/\/sketchfab.com\/models\/ea277cc0540f47b18eeb287d508dd994\/embed?autostart=1\" width=\"640\" height=\"480\" frameborder=\"0\" allowfullscreen=\"allowfullscreen\"><\/iframe><\/p>\n<p style=\"font-size: 13px; font-weight: normal; margin: 5px; color: #4a4a4a;\"><a style=\"font-weight: bold; color: #1caad9;\" href=\"https:\/\/sketchfab.com\/models\/ea277cc0540f47b18eeb287d508dd994?utm_medium=embed&amp;utm_source=website&amp;utm_campain=share-popup\" target=\"_blank\" rel=\"noopener noreferrer\">Rangements &#8211; Not Alone<\/a> by <a style=\"font-weight: bold; color: #1caad9;\" href=\"https:\/\/sketchfab.com\/gozu_zone?utm_medium=embed&amp;utm_source=website&amp;utm_campain=share-popup\" target=\"_blank\" rel=\"noopener noreferrer\">gozu_zone<\/a> on <a style=\"font-weight: bold; color: #1caad9;\" href=\"https:\/\/sketchfab.com?utm_medium=embed&amp;utm_source=website&amp;utm_campain=share-popup\" target=\"_blank\" rel=\"noopener noreferrer\">Sketchfab<\/a><\/p>\n<\/div>\n<p><em>* les pochettes utilis\u00e9es sont de la marque Ultra Pro : <a href=\"https:\/\/gozu.zone\/?product=50-pochettes-ultra-pro-pro-matte-sleeves-transparent\" target=\"_blank\" rel=\"noopener noreferrer\">voir le produit<\/a><\/em><\/p>\n<p class=\"disclaimer\">Not Alone \u2122\u00a0est un jeu de <a title=\"Ghislain MASSON\" href=\"https:\/\/www.trictrac.net\/repertoire\/personnalite\/ghislain-masson\">Ghislain MASSON<\/a> \u00e9dit\u00e9 par <a title=\"Geek Attitude Games\" href=\"https:\/\/www.trictrac.net\/repertoire\/industry\/geek-attitude-games\">Geek Attitude Games<\/a>. Gozu Zone propose de sa propre initiative des rangements compatibles avec ce jeu et ses extensions, qui demeurent la propri\u00e9t\u00e9 de l&rsquo;\u00e9diteur. Ce dernier n&rsquo;assume aucune responsabilit\u00e9 quant \u00e0 nos produits.<\/p>\n","protected":false},"excerpt":{"rendered":"<p>Kit de rangement pour organiser Not Alone \u2122 et son extension Exploration dans la boite de base.<\/p>\n","protected":false},"featured_media":7638,"comment_status":"open","ping_status":"closed","template":"","meta":{"_acf_changed":false},"product_brand":[],"product_cat":[439,311],"product_tag":[294,107,459],"class_list":{"0":"post-7604","1":"product","2":"type-product","3":"status-publish","4":"has-post-thumbnail","6":"product_cat-accessoires","7":"product_cat-organiseurs","8":"product_tag-organiseur","9":"product_tag-rangement","10":"product_tag-rangements-j2s","11":"product_shipping_class-livraisonstandard_colis","13":"first","14":"instock","15":"taxable","16":"shipping-taxable","17":"purchasable","18":"product-type-simple"},"acf":[],"yoast_head":"<!-- This site is optimized with the Yoast SEO plugin v25.3 - https:\/\/yoast.com\/wordpress\/plugins\/seo\/ -->\n<title>Acheter Rangements \u2013 Not Alone \u2122 - GOZU ZONE - Jeux et Accessoires<\/title>\n<meta name=\"robots\" content=\"index, follow, max-snippet:-1, max-image-preview:large, max-video-preview:-1\" \/>\n<link rel=\"canonical\" href=\"https:\/\/gozu.zone\/?product=rangements-not-alone\" \/>\n<meta property=\"og:locale\" content=\"fr_FR\" \/>\n<meta property=\"og:type\" content=\"article\" \/>\n<meta property=\"og:title\" content=\"Acheter Rangements \u2013 Not Alone \u2122 - GOZU ZONE - Jeux et Accessoires\" \/>\n<meta property=\"og:description\" content=\"Kit de rangement pour organiser Not Alone \u2122 et son extension Exploration dans la boite de base.\" \/>\n<meta property=\"og:url\" content=\"https:\/\/gozu.zone\/?product=rangements-not-alone\" \/>\n<meta property=\"og:site_name\" content=\"GOZU ZONE\" \/>\n<meta property=\"article:publisher\" content=\"https:\/\/www.facebook.com\/gozuzone\/\" \/>\n<meta property=\"article:modified_time\" content=\"2025-03-26T10:02:31+00:00\" \/>\n<meta property=\"og:image\" content=\"https:\/\/gozu.zone\/wp-content\/uploads\/2018\/05\/not-alone.jpg\" \/>\n\t<meta property=\"og:image:width\" content=\"640\" \/>\n\t<meta property=\"og:image:height\" content=\"640\" \/>\n\t<meta property=\"og:image:type\" content=\"image\/jpeg\" \/>\n<meta name=\"twitter:card\" content=\"summary_large_image\" \/>\n<meta name=\"twitter:site\" content=\"@gozuzone\" \/>\n<meta name=\"twitter:label1\" content=\"Dur\u00e9e de lecture estim\u00e9e\" \/>\n\t<meta name=\"twitter:data1\" content=\"1 minute\" \/>\n<script type=\"application\/ld+json\" class=\"yoast-schema-graph\">{\"@context\":\"https:\/\/schema.org\",\"@graph\":[{\"@type\":\"WebPage\",\"@id\":\"https:\/\/gozu.zone\/?product=rangements-not-alone\",\"url\":\"https:\/\/gozu.zone\/?product=rangements-not-alone\",\"name\":\"Acheter Rangements \u2013 Not Alone \u2122 - GOZU ZONE - Jeux et Accessoires\",\"isPartOf\":{\"@id\":\"https:\/\/gozu.zone\/#website\"},\"primaryImageOfPage\":{\"@id\":\"https:\/\/gozu.zone\/?product=rangements-not-alone#primaryimage\"},\"image\":{\"@id\":\"https:\/\/gozu.zone\/?product=rangements-not-alone#primaryimage\"},\"thumbnailUrl\":\"https:\/\/gozu.zone\/wp-content\/uploads\/2018\/05\/not-alone.jpg\",\"datePublished\":\"2018-05-01T17:09:16+00:00\",\"dateModified\":\"2025-03-26T10:02:31+00:00\",\"breadcrumb\":{\"@id\":\"https:\/\/gozu.zone\/?product=rangements-not-alone#breadcrumb\"},\"inLanguage\":\"fr-FR\",\"potentialAction\":[{\"@type\":\"ReadAction\",\"target\":[\"https:\/\/gozu.zone\/?product=rangements-not-alone\"]}]},{\"@type\":\"ImageObject\",\"inLanguage\":\"fr-FR\",\"@id\":\"https:\/\/gozu.zone\/?product=rangements-not-alone#primaryimage\",\"url\":\"https:\/\/gozu.zone\/wp-content\/uploads\/2018\/05\/not-alone.jpg\",\"contentUrl\":\"https:\/\/gozu.zone\/wp-content\/uploads\/2018\/05\/not-alone.jpg\",\"width\":640,\"height\":640},{\"@type\":\"BreadcrumbList\",\"@id\":\"https:\/\/gozu.zone\/?product=rangements-not-alone#breadcrumb\",\"itemListElement\":[{\"@type\":\"ListItem\",\"position\":1,\"name\":\"Accueil\",\"item\":\"https:\/\/gozu.zone\/\"},{\"@type\":\"ListItem\",\"position\":2,\"name\":\"BOUTIQUE\",\"item\":\"https:\/\/gozu.zone\/?page_id=308\"},{\"@type\":\"ListItem\",\"position\":3,\"name\":\"Rangements \u2013 Not Alone \u2122\"}]},{\"@type\":\"WebSite\",\"@id\":\"https:\/\/gozu.zone\/#website\",\"url\":\"https:\/\/gozu.zone\/\",\"name\":\"GOZU ZONE\",\"description\":\"Toujours plus pour vos jeux\",\"potentialAction\":[{\"@type\":\"SearchAction\",\"target\":{\"@type\":\"EntryPoint\",\"urlTemplate\":\"https:\/\/gozu.zone\/?s={search_term_string}\"},\"query-input\":{\"@type\":\"PropertyValueSpecification\",\"valueRequired\":true,\"valueName\":\"search_term_string\"}}],\"inLanguage\":\"fr-FR\"}]}<\/script>\n<!-- \/ Yoast SEO plugin. -->","yoast_head_json":{"title":"Acheter Rangements \u2013 Not Alone \u2122 - GOZU ZONE - Jeux et Accessoires","robots":{"index":"index","follow":"follow","max-snippet":"max-snippet:-1","max-image-preview":"max-image-preview:large","max-video-preview":"max-video-preview:-1"},"canonical":"https:\/\/gozu.zone\/?product=rangements-not-alone","og_locale":"fr_FR","og_type":"article","og_title":"Acheter Rangements \u2013 Not Alone \u2122 - GOZU ZONE - Jeux et Accessoires","og_description":"Kit de rangement pour organiser Not Alone \u2122 et son extension Exploration dans la boite de base.","og_url":"https:\/\/gozu.zone\/?product=rangements-not-alone","og_site_name":"GOZU ZONE","article_publisher":"https:\/\/www.facebook.com\/gozuzone\/","article_modified_time":"2025-03-26T10:02:31+00:00","og_image":[{"width":640,"height":640,"url":"https:\/\/gozu.zone\/wp-content\/uploads\/2018\/05\/not-alone.jpg","type":"image\/jpeg"}],"twitter_card":"summary_large_image","twitter_site":"@gozuzone","twitter_misc":{"Dur\u00e9e de lecture estim\u00e9e":"1 minute"},"schema":{"@context":"https:\/\/schema.org","@graph":[{"@type":"WebPage","@id":"https:\/\/gozu.zone\/?product=rangements-not-alone","url":"https:\/\/gozu.zone\/?product=rangements-not-alone","name":"Acheter Rangements \u2013 Not Alone \u2122 - GOZU ZONE - Jeux et Accessoires","isPartOf":{"@id":"https:\/\/gozu.zone\/#website"},"primaryImageOfPage":{"@id":"https:\/\/gozu.zone\/?product=rangements-not-alone#primaryimage"},"image":{"@id":"https:\/\/gozu.zone\/?product=rangements-not-alone#primaryimage"},"thumbnailUrl":"https:\/\/gozu.zone\/wp-content\/uploads\/2018\/05\/not-alone.jpg","datePublished":"2018-05-01T17:09:16+00:00","dateModified":"2025-03-26T10:02:31+00:00","breadcrumb":{"@id":"https:\/\/gozu.zone\/?product=rangements-not-alone#breadcrumb"},"inLanguage":"fr-FR","potentialAction":[{"@type":"ReadAction","target":["https:\/\/gozu.zone\/?product=rangements-not-alone"]}]},{"@type":"ImageObject","inLanguage":"fr-FR","@id":"https:\/\/gozu.zone\/?product=rangements-not-alone#primaryimage","url":"https:\/\/gozu.zone\/wp-content\/uploads\/2018\/05\/not-alone.jpg","contentUrl":"https:\/\/gozu.zone\/wp-content\/uploads\/2018\/05\/not-alone.jpg","width":640,"height":640},{"@type":"BreadcrumbList","@id":"https:\/\/gozu.zone\/?product=rangements-not-alone#breadcrumb","itemListElement":[{"@type":"ListItem","position":1,"name":"Accueil","item":"https:\/\/gozu.zone\/"},{"@type":"ListItem","position":2,"name":"BOUTIQUE","item":"https:\/\/gozu.zone\/?page_id=308"},{"@type":"ListItem","position":3,"name":"Rangements \u2013 Not Alone \u2122"}]},{"@type":"WebSite","@id":"https:\/\/gozu.zone\/#website","url":"https:\/\/gozu.zone\/","name":"GOZU ZONE","description":"Toujours plus pour vos jeux","potentialAction":[{"@type":"SearchAction","target":{"@type":"EntryPoint","urlTemplate":"https:\/\/gozu.zone\/?s={search_term_string}"},"query-input":{"@type":"PropertyValueSpecification","valueRequired":true,"valueName":"search_term_string"}}],"inLanguage":"fr-FR"}]}},"_links":{"self":[{"href":"https:\/\/gozu.zone\/index.php?rest_route=\/wp\/v2\/product\/7604","targetHints":{"allow":["GET"]}}],"collection":[{"href":"https:\/\/gozu.zone\/index.php?rest_route=\/wp\/v2\/product"}],"about":[{"href":"https:\/\/gozu.zone\/index.php?rest_route=\/wp\/v2\/types\/product"}],"replies":[{"embeddable":true,"href":"https:\/\/gozu.zone\/index.php?rest_route=%2Fwp%2Fv2%2Fcomments&post=7604"}],"wp:featuredmedia":[{"embeddable":true,"href":"https:\/\/gozu.zone\/index.php?rest_route=\/wp\/v2\/media\/7638"}],"wp:attachment":[{"href":"https:\/\/gozu.zone\/index.php?rest_route=%2Fwp%2Fv2%2Fmedia&parent=7604"}],"wp:term":[{"taxonomy":"product_brand","embeddable":true,"href":"https:\/\/gozu.zone\/index.php?rest_route=%2Fwp%2Fv2%2Fproduct_brand&post=7604"},{"taxonomy":"product_cat","embeddable":true,"href":"https:\/\/gozu.zone\/index.php?rest_route=%2Fwp%2Fv2%2Fproduct_cat&post=7604"},{"taxonomy":"product_tag","embeddable":true,"href":"https:\/\/gozu.zone\/index.php?rest_route=%2Fwp%2Fv2%2Fproduct_tag&post=7604"}],"curies":[{"name":"wp","href":"https:\/\/api.w.org\/{rel}","templated":true}]}}