{"id":7656,"date":"2018-05-12T15:43:19","date_gmt":"2018-05-12T15:43:19","guid":{"rendered":"https:\/\/gozu.zone\/?post_type=product&#038;p=7656"},"modified":"2018-05-20T08:27:26","modified_gmt":"2018-05-20T08:27:26","slug":"cacao","status":"publish","type":"product","link":"https:\/\/gozu.zone\/?product=cacao","title":{"rendered":"Cacao"},"content":{"rendered":"<p><strong>Cacao<\/strong> emm\u00e8ne les joueurs dans le monde exotique du \u00abfruit des dieux\u00a0\u00bb.<\/p>\n<p>Comme le chef de votre tribu, vous devez conduire votre peuple \u00e0 la prosp\u00e9rit\u00e9 \u00e0 travers la culture et le commerce du cacao. Pour ce faire, vous aurez besoin de les mettre au travail de la meilleure fa\u00e7on possible.<\/p>\n<p>Dans le jeu, chaque joueur a une terrasse individuelle de carreaux de travailleurs, avec le nombre de travailleurs de chaque c\u00f4t\u00e9 de la tuile variant de tuile en tuile. L&rsquo;aire de jeu commence avec seulement quelques cases de jungle dans le jeu : un champ de cacao et un petit march\u00e9; deux cases de jungle sont pos\u00e9es en face et les carreaux de la jungle restantes empil\u00e9es comme pioche.<\/p>\n<p>\u00c0 son tour, un joueur place une de ses tuiles de travailleurs sur la carte adjacentes \u00e0 une ou plusieurs cases de jungle d\u00e9j\u00e0 en jeu, puis ajoute une des tuiles de la jungle \u00e0 l&rsquo;aire de jeu dans cet espace.<\/p>\n<p>Les travailleurs se mettent au travail et livrent les r\u00e9sultats de leurs efforts :<\/p>\n<ul>\n<li>si vous avez plac\u00e9 les travailleurs \u00e0 c\u00f4t\u00e9 d&rsquo;un champ de cacao, vous recevez un ou deux marqueurs de cacao par travailleur,<\/li>\n<li>s&rsquo;ils sont \u00e0 c\u00f4t\u00e9 d&rsquo;un march\u00e9, vous pouvez choisir de vendre un marqueur de cacao par travailleur au prix indiqu\u00e9,<\/li>\n<li>s&rsquo;ils sont \u00e0 c\u00f4t\u00e9 d&rsquo;un bien, vous recevez de l&rsquo;eau,<\/li>\n<li>s&rsquo;ils sont \u00e0 c\u00f4t\u00e9 d&rsquo;un temple, ils se situent bien jusqu&rsquo;\u00e0 la fin du jeu; et ainsi de suite.<\/li>\n<\/ul>\n<p>Une fois que tous les joueurs ont utilis\u00e9 toutes leurs tuiles de travailleurs, le jeu se termine. Les joueurs marquent (ou perdent) des points en fonction de leur approvisionnement en eau et chaque temples r\u00e9compenses les travailleurs. Celui qui a recueilli le plus de victoire d&rsquo;or gagne.<\/p>\n<h2>Aper\u00e7u du jeu CACAO<\/h2>\n<p>&nbsp;<\/p>\n<p style=\"text-align: center;\"><iframe loading=\"lazy\" src=\"https:\/\/player.trictrac.net\/embed\/Cacao_de_le_comment_ca_marche?autoplay=0\" width=\"480\" height=\"270\" frameborder=\"0\" allowfullscreen=\"allowfullscreen\"><span data-mce-type=\"bookmark\" style=\"display: inline-block; width: 0px; overflow: hidden; line-height: 0;\" class=\"mce_SELRES_start\">\ufeff<\/span><span data-mce-type=\"bookmark\" style=\"display: inline-block; width: 0px; overflow: hidden; line-height: 0;\" class=\"mce_SELRES_start\">\ufeff<\/span><\/iframe><\/p>\n<div class=\"disclaimer material\">\n<h3><\/h3>\n<h3>Contenu du jeu<\/h3>\n<ul>\n<li>44 tuiles Ouvriers<\/li>\n<li>4 porteurs d\u2019eau<\/li>\n<li>4 plateaux Village<\/li>\n<li>28 tuiles Jungle<\/li>\n<li>20 f\u00e8ves de cacao<\/li>\n<li>12 jetons Soleil<\/li>\n<li>48 pi\u00e8ces d\u2019or<\/li>\n<li>1 r\u00e8gle<\/li>\n<\/ul>\n<\/div>\n","protected":false},"excerpt":{"rendered":"<p>Cacao emm\u00e8ne les joueurs dans le monde exotique du \u00abfruit des dieux\u00a0\u00bb<\/p>\n<ul>\n<li><strong>\u00c2ge<\/strong> : 8\u00a0ans et +<\/li>\n<li><strong>Dur\u00e9e<\/strong> : 30 \u00e0 60 min<\/li>\n<li><strong>Joueurs<\/strong> : 2\u00a0\u00e0 4<\/li>\n<\/ul>\n","protected":false},"featured_media":7657,"comment_status":"open","ping_status":"closed","template":"","meta":{"_acf_changed":false},"product_brand":[],"product_cat":[323,494,361],"product_tag":[664,344,395],"class_list":{"0":"post-7656","1":"product","2":"type-product","3":"status-publish","4":"has-post-thumbnail","6":"product_cat-jeux","7":"product_cat-jeux-de-societe","8":"product_cat-familiaux","9":"product_tag-alimentation","10":"product_tag-placement","11":"product_tag-tuiles","12":"product_shipping_class-livraisonstandard_colis","14":"first","15":"instock","16":"sale","17":"taxable","18":"shipping-taxable","19":"purchasable","20":"product-type-simple"},"acf":[],"yoast_head":"<!-- This site is optimized with the Yoast SEO plugin v25.3 - https:\/\/yoast.com\/wordpress\/plugins\/seo\/ -->\n<title>Acheter Cacao - GOZU ZONE - Jeux et Accessoires<\/title>\n<meta name=\"robots\" content=\"index, follow, max-snippet:-1, max-image-preview:large, max-video-preview:-1\" \/>\n<link rel=\"canonical\" href=\"https:\/\/gozu.zone\/?product=cacao\" \/>\n<meta property=\"og:locale\" content=\"fr_FR\" \/>\n<meta property=\"og:type\" content=\"article\" \/>\n<meta property=\"og:title\" content=\"Acheter Cacao - GOZU ZONE - Jeux et Accessoires\" \/>\n<meta property=\"og:description\" content=\"Cacao emm\u00e8ne les joueurs dans le monde exotique du \u00abfruit des dieux&quot;   \u00c2ge : 8\u00a0ans et +  Dur\u00e9e : 30 \u00e0 60 min  Joueurs : 2\u00a0\u00e0 4\" \/>\n<meta property=\"og:url\" content=\"https:\/\/gozu.zone\/?product=cacao\" \/>\n<meta property=\"og:site_name\" content=\"GOZU ZONE\" \/>\n<meta property=\"article:publisher\" content=\"https:\/\/www.facebook.com\/gozuzone\/\" \/>\n<meta property=\"article:modified_time\" content=\"2018-05-20T08:27:26+00:00\" \/>\n<meta property=\"og:image\" content=\"https:\/\/gozu.zone\/wp-content\/uploads\/2018\/05\/cacao-filosofia.jpg\" \/>\n\t<meta property=\"og:image:width\" content=\"580\" \/>\n\t<meta property=\"og:image:height\" content=\"580\" \/>\n\t<meta property=\"og:image:type\" content=\"image\/jpeg\" \/>\n<meta name=\"twitter:card\" content=\"summary_large_image\" \/>\n<meta name=\"twitter:site\" content=\"@gozuzone\" \/>\n<meta name=\"twitter:label1\" content=\"Dur\u00e9e de lecture estim\u00e9e\" \/>\n\t<meta name=\"twitter:data1\" content=\"2 minutes\" \/>\n<script type=\"application\/ld+json\" class=\"yoast-schema-graph\">{\"@context\":\"https:\/\/schema.org\",\"@graph\":[{\"@type\":\"WebPage\",\"@id\":\"https:\/\/gozu.zone\/?product=cacao\",\"url\":\"https:\/\/gozu.zone\/?product=cacao\",\"name\":\"Acheter Cacao - GOZU ZONE - Jeux et Accessoires\",\"isPartOf\":{\"@id\":\"https:\/\/gozu.zone\/#website\"},\"primaryImageOfPage\":{\"@id\":\"https:\/\/gozu.zone\/?product=cacao#primaryimage\"},\"image\":{\"@id\":\"https:\/\/gozu.zone\/?product=cacao#primaryimage\"},\"thumbnailUrl\":\"https:\/\/gozu.zone\/wp-content\/uploads\/2018\/05\/cacao-filosofia.jpg\",\"datePublished\":\"2018-05-12T15:43:19+00:00\",\"dateModified\":\"2018-05-20T08:27:26+00:00\",\"breadcrumb\":{\"@id\":\"https:\/\/gozu.zone\/?product=cacao#breadcrumb\"},\"inLanguage\":\"fr-FR\",\"potentialAction\":[{\"@type\":\"ReadAction\",\"target\":[\"https:\/\/gozu.zone\/?product=cacao\"]}]},{\"@type\":\"ImageObject\",\"inLanguage\":\"fr-FR\",\"@id\":\"https:\/\/gozu.zone\/?product=cacao#primaryimage\",\"url\":\"https:\/\/gozu.zone\/wp-content\/uploads\/2018\/05\/cacao-filosofia.jpg\",\"contentUrl\":\"https:\/\/gozu.zone\/wp-content\/uploads\/2018\/05\/cacao-filosofia.jpg\",\"width\":580,\"height\":580,\"caption\":\"Cacao\"},{\"@type\":\"BreadcrumbList\",\"@id\":\"https:\/\/gozu.zone\/?product=cacao#breadcrumb\",\"itemListElement\":[{\"@type\":\"ListItem\",\"position\":1,\"name\":\"Accueil\",\"item\":\"https:\/\/gozu.zone\/\"},{\"@type\":\"ListItem\",\"position\":2,\"name\":\"BOUTIQUE\",\"item\":\"https:\/\/gozu.zone\/?page_id=308\"},{\"@type\":\"ListItem\",\"position\":3,\"name\":\"Cacao\"}]},{\"@type\":\"WebSite\",\"@id\":\"https:\/\/gozu.zone\/#website\",\"url\":\"https:\/\/gozu.zone\/\",\"name\":\"GOZU ZONE\",\"description\":\"Toujours plus pour vos jeux\",\"potentialAction\":[{\"@type\":\"SearchAction\",\"target\":{\"@type\":\"EntryPoint\",\"urlTemplate\":\"https:\/\/gozu.zone\/?s={search_term_string}\"},\"query-input\":{\"@type\":\"PropertyValueSpecification\",\"valueRequired\":true,\"valueName\":\"search_term_string\"}}],\"inLanguage\":\"fr-FR\"}]}<\/script>\n<!-- \/ Yoast SEO plugin. -->","yoast_head_json":{"title":"Acheter Cacao - GOZU ZONE - Jeux et Accessoires","robots":{"index":"index","follow":"follow","max-snippet":"max-snippet:-1","max-image-preview":"max-image-preview:large","max-video-preview":"max-video-preview:-1"},"canonical":"https:\/\/gozu.zone\/?product=cacao","og_locale":"fr_FR","og_type":"article","og_title":"Acheter Cacao - GOZU ZONE - Jeux et Accessoires","og_description":"Cacao emm\u00e8ne les joueurs dans le monde exotique du \u00abfruit des dieux\"   \u00c2ge : 8\u00a0ans et +  Dur\u00e9e : 30 \u00e0 60 min  Joueurs : 2\u00a0\u00e0 4","og_url":"https:\/\/gozu.zone\/?product=cacao","og_site_name":"GOZU ZONE","article_publisher":"https:\/\/www.facebook.com\/gozuzone\/","article_modified_time":"2018-05-20T08:27:26+00:00","og_image":[{"width":580,"height":580,"url":"https:\/\/gozu.zone\/wp-content\/uploads\/2018\/05\/cacao-filosofia.jpg","type":"image\/jpeg"}],"twitter_card":"summary_large_image","twitter_site":"@gozuzone","twitter_misc":{"Dur\u00e9e de lecture estim\u00e9e":"2 minutes"},"schema":{"@context":"https:\/\/schema.org","@graph":[{"@type":"WebPage","@id":"https:\/\/gozu.zone\/?product=cacao","url":"https:\/\/gozu.zone\/?product=cacao","name":"Acheter Cacao - GOZU ZONE - Jeux et Accessoires","isPartOf":{"@id":"https:\/\/gozu.zone\/#website"},"primaryImageOfPage":{"@id":"https:\/\/gozu.zone\/?product=cacao#primaryimage"},"image":{"@id":"https:\/\/gozu.zone\/?product=cacao#primaryimage"},"thumbnailUrl":"https:\/\/gozu.zone\/wp-content\/uploads\/2018\/05\/cacao-filosofia.jpg","datePublished":"2018-05-12T15:43:19+00:00","dateModified":"2018-05-20T08:27:26+00:00","breadcrumb":{"@id":"https:\/\/gozu.zone\/?product=cacao#breadcrumb"},"inLanguage":"fr-FR","potentialAction":[{"@type":"ReadAction","target":["https:\/\/gozu.zone\/?product=cacao"]}]},{"@type":"ImageObject","inLanguage":"fr-FR","@id":"https:\/\/gozu.zone\/?product=cacao#primaryimage","url":"https:\/\/gozu.zone\/wp-content\/uploads\/2018\/05\/cacao-filosofia.jpg","contentUrl":"https:\/\/gozu.zone\/wp-content\/uploads\/2018\/05\/cacao-filosofia.jpg","width":580,"height":580,"caption":"Cacao"},{"@type":"BreadcrumbList","@id":"https:\/\/gozu.zone\/?product=cacao#breadcrumb","itemListElement":[{"@type":"ListItem","position":1,"name":"Accueil","item":"https:\/\/gozu.zone\/"},{"@type":"ListItem","position":2,"name":"BOUTIQUE","item":"https:\/\/gozu.zone\/?page_id=308"},{"@type":"ListItem","position":3,"name":"Cacao"}]},{"@type":"WebSite","@id":"https:\/\/gozu.zone\/#website","url":"https:\/\/gozu.zone\/","name":"GOZU ZONE","description":"Toujours plus pour vos jeux","potentialAction":[{"@type":"SearchAction","target":{"@type":"EntryPoint","urlTemplate":"https:\/\/gozu.zone\/?s={search_term_string}"},"query-input":{"@type":"PropertyValueSpecification","valueRequired":true,"valueName":"search_term_string"}}],"inLanguage":"fr-FR"}]}},"_links":{"self":[{"href":"https:\/\/gozu.zone\/index.php?rest_route=\/wp\/v2\/product\/7656","targetHints":{"allow":["GET"]}}],"collection":[{"href":"https:\/\/gozu.zone\/index.php?rest_route=\/wp\/v2\/product"}],"about":[{"href":"https:\/\/gozu.zone\/index.php?rest_route=\/wp\/v2\/types\/product"}],"replies":[{"embeddable":true,"href":"https:\/\/gozu.zone\/index.php?rest_route=%2Fwp%2Fv2%2Fcomments&post=7656"}],"wp:featuredmedia":[{"embeddable":true,"href":"https:\/\/gozu.zone\/index.php?rest_route=\/wp\/v2\/media\/7657"}],"wp:attachment":[{"href":"https:\/\/gozu.zone\/index.php?rest_route=%2Fwp%2Fv2%2Fmedia&parent=7656"}],"wp:term":[{"taxonomy":"product_brand","embeddable":true,"href":"https:\/\/gozu.zone\/index.php?rest_route=%2Fwp%2Fv2%2Fproduct_brand&post=7656"},{"taxonomy":"product_cat","embeddable":true,"href":"https:\/\/gozu.zone\/index.php?rest_route=%2Fwp%2Fv2%2Fproduct_cat&post=7656"},{"taxonomy":"product_tag","embeddable":true,"href":"https:\/\/gozu.zone\/index.php?rest_route=%2Fwp%2Fv2%2Fproduct_tag&post=7656"}],"curies":[{"name":"wp","href":"https:\/\/api.w.org\/{rel}","templated":true}]}}