{"id":7721,"date":"2018-05-19T14:09:07","date_gmt":"2018-05-19T14:09:07","guid":{"rendered":"https:\/\/gozu.zone\/?post_type=product&#038;p=7721"},"modified":"2018-06-01T11:29:24","modified_gmt":"2018-06-01T11:29:24","slug":"miniquest","status":"publish","type":"product","link":"https:\/\/gozu.zone\/?product=miniquest","title":{"rendered":"MiniQuest"},"content":{"rendered":"<div>Le Royaume est une nouvelle fois en grand danger !<\/div>\n<div><\/div>\n<div>Argo le Dragon survole nos contr\u00e9es et ses hordes de monstres attaquent nos r\u00e9gions. La menace de succomber \u00e0 l\u2019influence d\u2019Argo n\u2019a jamais \u00e9t\u00e9 aussi \u00e9lev\u00e9e depuis bien longtemps ! C\u2019est pourquoi le roi Aldor vous a convoqu\u00e9 pour la plus importante des missions.<\/div>\n<div><\/div>\n<div>Vous devez d\u00e9fendre le Royaume et combattre Argo le Dragon avec l\u2019aide de Gosu, Jeju, Mana et Ryu.<\/div>\n<div>Argo ne battra en retraite que lorsque votre prestige, gagn\u00e9 au combat, sera suffisamment grand pour qu\u2019il renonce \u00e0 ses projets funestes. Jusqu\u2019\u00e0 sa prochaine invasion&#8230;<\/div>\n<p>&nbsp;<\/p>\n<div class=\"disclaimer material\">\n<h3>Contenu du jeu<\/h3>\n<ul>\n<li>8 Profils de personnages (2 Gosu, 2 Jeju, 2 Mana, 2 Ryu)<\/li>\n<li>2 Profils Argo le Dragon (1 Apprenti et 1 H\u00e9ros)<\/li>\n<li>10 Socles en plastique<\/li>\n<li>2 D\u00e9s Rouges<\/li>\n<li>1 Livret de R\u00e8gles<\/li>\n<li>6 Jetons \u00ab\u00a0Menace\u00a0\u00bb<\/li>\n<li>12 Jetons d&rsquo;Exp\u00e9rience<\/li>\n<li>10 Jetons \u00ab\u00a0Prestige\u00a0\u00bb<\/li>\n<li>4 Cartes \u00ab\u00a0Personnage\u00a0\u00bb<\/li>\n<li>1 Carte Argo le Dragon<\/li>\n<li>12 Cartes \u00ab\u00a0Monstre\u00a0\u00bb<\/li>\n<li>36 Cartes \u00ab\u00a0Timeline\u00a0\u00bb<\/li>\n<li>20 Cartes \u00ab\u00a0Pouvoir\u00a0\u00bb<\/li>\n<\/ul>\n<\/div>\n","protected":false},"excerpt":{"rendered":"<p>Le Royaume est une nouvelle fois en grand danger !<\/p>\n<ul>\n<li><strong>\u00c2ge<\/strong> : 8 ans et +<\/li>\n<li><strong>Dur\u00e9e<\/strong> : 30 min<\/li>\n<li><strong>Joueurs<\/strong> : 2\u00a0\u00e0 4<\/li>\n<\/ul>\n","protected":false},"featured_media":7727,"comment_status":"open","ping_status":"closed","template":"","meta":{"_acf_changed":false},"product_brand":[],"product_cat":[323,494,361,333],"product_tag":[177,352,398],"class_list":{"0":"post-7721","1":"product","2":"type-product","3":"status-publish","4":"has-post-thumbnail","6":"product_cat-jeux","7":"product_cat-jeux-de-societe","8":"product_cat-familiaux","9":"product_cat-par-types","10":"product_tag-cartes","11":"product_tag-fantastique","12":"product_tag-medieval","13":"product_shipping_class-livraisonstandard_colis","15":"first","16":"instock","17":"sale","18":"taxable","19":"shipping-taxable","20":"purchasable","21":"product-type-simple"},"acf":[],"yoast_head":"<!-- This site is optimized with the Yoast SEO plugin v25.3 - https:\/\/yoast.com\/wordpress\/plugins\/seo\/ -->\n<title>Acheter MiniQuest - GOZU ZONE - Jeux et Accessoires<\/title>\n<meta name=\"description\" content=\"Minivilles est un jeu \u00e9dit\u00e9 par .\" \/>\n<meta name=\"robots\" content=\"index, follow, max-snippet:-1, max-image-preview:large, max-video-preview:-1\" \/>\n<link rel=\"canonical\" href=\"https:\/\/gozu.zone\/?product=miniquest\" \/>\n<meta property=\"og:locale\" content=\"fr_FR\" \/>\n<meta property=\"og:type\" content=\"article\" \/>\n<meta property=\"og:title\" content=\"Acheter MiniQuest - GOZU ZONE - Jeux et Accessoires\" \/>\n<meta property=\"og:description\" content=\"Minivilles est un jeu \u00e9dit\u00e9 par .\" \/>\n<meta property=\"og:url\" content=\"https:\/\/gozu.zone\/?product=miniquest\" \/>\n<meta property=\"og:site_name\" content=\"GOZU ZONE\" \/>\n<meta property=\"article:publisher\" content=\"https:\/\/www.facebook.com\/gozuzone\/\" \/>\n<meta property=\"article:modified_time\" content=\"2018-06-01T11:29:24+00:00\" \/>\n<meta property=\"og:image\" content=\"https:\/\/gozu.zone\/wp-content\/uploads\/2018\/05\/miniquest-vf.jpg\" \/>\n\t<meta property=\"og:image:width\" content=\"640\" \/>\n\t<meta property=\"og:image:height\" content=\"640\" \/>\n\t<meta property=\"og:image:type\" content=\"image\/jpeg\" \/>\n<meta name=\"twitter:card\" content=\"summary_large_image\" \/>\n<meta name=\"twitter:site\" content=\"@gozuzone\" \/>\n<meta name=\"twitter:label1\" content=\"Dur\u00e9e de lecture estim\u00e9e\" \/>\n\t<meta name=\"twitter:data1\" content=\"1 minute\" \/>\n<script type=\"application\/ld+json\" class=\"yoast-schema-graph\">{\"@context\":\"https:\/\/schema.org\",\"@graph\":[{\"@type\":\"WebPage\",\"@id\":\"https:\/\/gozu.zone\/?product=miniquest\",\"url\":\"https:\/\/gozu.zone\/?product=miniquest\",\"name\":\"Acheter MiniQuest - GOZU ZONE - Jeux et Accessoires\",\"isPartOf\":{\"@id\":\"https:\/\/gozu.zone\/#website\"},\"primaryImageOfPage\":{\"@id\":\"https:\/\/gozu.zone\/?product=miniquest#primaryimage\"},\"image\":{\"@id\":\"https:\/\/gozu.zone\/?product=miniquest#primaryimage\"},\"thumbnailUrl\":\"https:\/\/gozu.zone\/wp-content\/uploads\/2018\/05\/miniquest-vf.jpg\",\"datePublished\":\"2018-05-19T14:09:07+00:00\",\"dateModified\":\"2018-06-01T11:29:24+00:00\",\"description\":\"Minivilles est un jeu \u00e9dit\u00e9 par .\",\"breadcrumb\":{\"@id\":\"https:\/\/gozu.zone\/?product=miniquest#breadcrumb\"},\"inLanguage\":\"fr-FR\",\"potentialAction\":[{\"@type\":\"ReadAction\",\"target\":[\"https:\/\/gozu.zone\/?product=miniquest\"]}]},{\"@type\":\"ImageObject\",\"inLanguage\":\"fr-FR\",\"@id\":\"https:\/\/gozu.zone\/?product=miniquest#primaryimage\",\"url\":\"https:\/\/gozu.zone\/wp-content\/uploads\/2018\/05\/miniquest-vf.jpg\",\"contentUrl\":\"https:\/\/gozu.zone\/wp-content\/uploads\/2018\/05\/miniquest-vf.jpg\",\"width\":640,\"height\":640},{\"@type\":\"BreadcrumbList\",\"@id\":\"https:\/\/gozu.zone\/?product=miniquest#breadcrumb\",\"itemListElement\":[{\"@type\":\"ListItem\",\"position\":1,\"name\":\"Accueil\",\"item\":\"https:\/\/gozu.zone\/\"},{\"@type\":\"ListItem\",\"position\":2,\"name\":\"BOUTIQUE\",\"item\":\"https:\/\/gozu.zone\/?page_id=308\"},{\"@type\":\"ListItem\",\"position\":3,\"name\":\"MiniQuest\"}]},{\"@type\":\"WebSite\",\"@id\":\"https:\/\/gozu.zone\/#website\",\"url\":\"https:\/\/gozu.zone\/\",\"name\":\"GOZU ZONE\",\"description\":\"Toujours plus pour vos jeux\",\"potentialAction\":[{\"@type\":\"SearchAction\",\"target\":{\"@type\":\"EntryPoint\",\"urlTemplate\":\"https:\/\/gozu.zone\/?s={search_term_string}\"},\"query-input\":{\"@type\":\"PropertyValueSpecification\",\"valueRequired\":true,\"valueName\":\"search_term_string\"}}],\"inLanguage\":\"fr-FR\"}]}<\/script>\n<!-- \/ Yoast SEO plugin. -->","yoast_head_json":{"title":"Acheter MiniQuest - GOZU ZONE - Jeux et Accessoires","description":"Minivilles est un jeu \u00e9dit\u00e9 par .","robots":{"index":"index","follow":"follow","max-snippet":"max-snippet:-1","max-image-preview":"max-image-preview:large","max-video-preview":"max-video-preview:-1"},"canonical":"https:\/\/gozu.zone\/?product=miniquest","og_locale":"fr_FR","og_type":"article","og_title":"Acheter MiniQuest - GOZU ZONE - Jeux et Accessoires","og_description":"Minivilles est un jeu \u00e9dit\u00e9 par .","og_url":"https:\/\/gozu.zone\/?product=miniquest","og_site_name":"GOZU ZONE","article_publisher":"https:\/\/www.facebook.com\/gozuzone\/","article_modified_time":"2018-06-01T11:29:24+00:00","og_image":[{"width":640,"height":640,"url":"https:\/\/gozu.zone\/wp-content\/uploads\/2018\/05\/miniquest-vf.jpg","type":"image\/jpeg"}],"twitter_card":"summary_large_image","twitter_site":"@gozuzone","twitter_misc":{"Dur\u00e9e de lecture estim\u00e9e":"1 minute"},"schema":{"@context":"https:\/\/schema.org","@graph":[{"@type":"WebPage","@id":"https:\/\/gozu.zone\/?product=miniquest","url":"https:\/\/gozu.zone\/?product=miniquest","name":"Acheter MiniQuest - GOZU ZONE - Jeux et Accessoires","isPartOf":{"@id":"https:\/\/gozu.zone\/#website"},"primaryImageOfPage":{"@id":"https:\/\/gozu.zone\/?product=miniquest#primaryimage"},"image":{"@id":"https:\/\/gozu.zone\/?product=miniquest#primaryimage"},"thumbnailUrl":"https:\/\/gozu.zone\/wp-content\/uploads\/2018\/05\/miniquest-vf.jpg","datePublished":"2018-05-19T14:09:07+00:00","dateModified":"2018-06-01T11:29:24+00:00","description":"Minivilles est un jeu \u00e9dit\u00e9 par .","breadcrumb":{"@id":"https:\/\/gozu.zone\/?product=miniquest#breadcrumb"},"inLanguage":"fr-FR","potentialAction":[{"@type":"ReadAction","target":["https:\/\/gozu.zone\/?product=miniquest"]}]},{"@type":"ImageObject","inLanguage":"fr-FR","@id":"https:\/\/gozu.zone\/?product=miniquest#primaryimage","url":"https:\/\/gozu.zone\/wp-content\/uploads\/2018\/05\/miniquest-vf.jpg","contentUrl":"https:\/\/gozu.zone\/wp-content\/uploads\/2018\/05\/miniquest-vf.jpg","width":640,"height":640},{"@type":"BreadcrumbList","@id":"https:\/\/gozu.zone\/?product=miniquest#breadcrumb","itemListElement":[{"@type":"ListItem","position":1,"name":"Accueil","item":"https:\/\/gozu.zone\/"},{"@type":"ListItem","position":2,"name":"BOUTIQUE","item":"https:\/\/gozu.zone\/?page_id=308"},{"@type":"ListItem","position":3,"name":"MiniQuest"}]},{"@type":"WebSite","@id":"https:\/\/gozu.zone\/#website","url":"https:\/\/gozu.zone\/","name":"GOZU ZONE","description":"Toujours plus pour vos jeux","potentialAction":[{"@type":"SearchAction","target":{"@type":"EntryPoint","urlTemplate":"https:\/\/gozu.zone\/?s={search_term_string}"},"query-input":{"@type":"PropertyValueSpecification","valueRequired":true,"valueName":"search_term_string"}}],"inLanguage":"fr-FR"}]}},"_links":{"self":[{"href":"https:\/\/gozu.zone\/index.php?rest_route=\/wp\/v2\/product\/7721","targetHints":{"allow":["GET"]}}],"collection":[{"href":"https:\/\/gozu.zone\/index.php?rest_route=\/wp\/v2\/product"}],"about":[{"href":"https:\/\/gozu.zone\/index.php?rest_route=\/wp\/v2\/types\/product"}],"replies":[{"embeddable":true,"href":"https:\/\/gozu.zone\/index.php?rest_route=%2Fwp%2Fv2%2Fcomments&post=7721"}],"wp:featuredmedia":[{"embeddable":true,"href":"https:\/\/gozu.zone\/index.php?rest_route=\/wp\/v2\/media\/7727"}],"wp:attachment":[{"href":"https:\/\/gozu.zone\/index.php?rest_route=%2Fwp%2Fv2%2Fmedia&parent=7721"}],"wp:term":[{"taxonomy":"product_brand","embeddable":true,"href":"https:\/\/gozu.zone\/index.php?rest_route=%2Fwp%2Fv2%2Fproduct_brand&post=7721"},{"taxonomy":"product_cat","embeddable":true,"href":"https:\/\/gozu.zone\/index.php?rest_route=%2Fwp%2Fv2%2Fproduct_cat&post=7721"},{"taxonomy":"product_tag","embeddable":true,"href":"https:\/\/gozu.zone\/index.php?rest_route=%2Fwp%2Fv2%2Fproduct_tag&post=7721"}],"curies":[{"name":"wp","href":"https:\/\/api.w.org\/{rel}","templated":true}]}}