{"id":773,"date":"2015-04-10T21:52:48","date_gmt":"2015-04-10T21:52:48","guid":{"rendered":"http:\/\/gozu.zone\/?post_type=product&#038;p=773"},"modified":"2017-11-02T14:48:32","modified_gmt":"2017-11-02T14:48:32","slug":"tokens-stress-x8","status":"publish","type":"product","link":"https:\/\/gozu.zone\/?product=tokens-stress-x8","title":{"rendered":"Tokens Stress X8"},"content":{"rendered":"<p>8X Tokens Stress compatibles avec X-Wing le Jeu de Figurine*<\/p>\n<p>Bien plus\u00a0durables que les tokens en carton d&rsquo;origine et dot\u00e9s d&rsquo;une esth\u00e9tique en bas-relief, ils donneront une nouvelle saveur \u00e0 vos batailles ! Ces tokens poss\u00e8dent \u00e9galement un relief en forme hexagonale qui permet de les ranger et de les sortir \u00e0 la vol\u00e9e sur le champ de bataille, gr\u00e2ce au rangement en nid d&rsquo;abeille pr\u00e9sent sur ce site !<\/p>\n<p>Ces tokens sont <strong>Imprim\u00e9s en 3D <\/strong>(mati\u00e8re plastique r\u00e9sistante polyhydroxyalkanoate) et <strong>Made In France<\/strong> par <strong>GOZU ZONE<\/strong><\/p>\n<p>&nbsp;<\/p>\n<p>*Ce produit a \u00e9t\u00e9 con\u00e7u pour \u00eatre compatible avec X Wing, jeu de Fantasy Flight Games et \u00e9dit\u00e9 par Edge en France. Nous sommes ind\u00e9pendants de ces soci\u00e9t\u00e9s et celles-ci ne n\u2019assument aucune responsabilit\u00e9 quant \u00e0 nos produits.<\/p>\n<p>&nbsp;<\/p>\n","protected":false},"excerpt":{"rendered":"<p><strong>Compatibles<\/strong> avec<strong> X-Wing le Jeu de Figurine <\/strong><\/p>\n","protected":false},"featured_media":6351,"comment_status":"open","ping_status":"closed","template":"","meta":{"_acf_changed":false},"product_brand":[],"product_cat":[439,480,481],"product_tag":[593,594,592,11],"class_list":{"0":"post-773","1":"product","2":"type-product","3":"status-publish","4":"has-post-thumbnail","6":"product_cat-accessoires","7":"product_cat-divers","8":"product_cat-boitiers-cartes-des-jetons","9":"product_tag-jetons","10":"product_tag-pions","11":"product_tag-tokens","12":"product_tag-x-wing","13":"product_shipping_class-livraisonstandard_enveloppe-fr","15":"first","16":"instock","17":"sale","18":"taxable","19":"shipping-taxable","20":"purchasable","21":"product-type-simple"},"acf":[],"yoast_head":"<!-- This site is optimized with the Yoast SEO plugin v25.3 - https:\/\/yoast.com\/wordpress\/plugins\/seo\/ -->\n<title>Acheter Tokens Stress X8 - GOZU ZONE - Jeux et Accessoires<\/title>\n<meta name=\"robots\" content=\"index, follow, max-snippet:-1, max-image-preview:large, max-video-preview:-1\" \/>\n<link rel=\"canonical\" href=\"https:\/\/gozu.zone\/?product=tokens-stress-x8\" \/>\n<meta property=\"og:locale\" content=\"fr_FR\" \/>\n<meta property=\"og:type\" content=\"article\" \/>\n<meta property=\"og:title\" content=\"Acheter Tokens Stress X8 - GOZU ZONE - Jeux et Accessoires\" \/>\n<meta property=\"og:description\" content=\"Compatibles avec X-Wing le Jeu de Figurine\" \/>\n<meta property=\"og:url\" content=\"https:\/\/gozu.zone\/?product=tokens-stress-x8\" \/>\n<meta property=\"og:site_name\" content=\"GOZU ZONE\" \/>\n<meta property=\"article:publisher\" content=\"https:\/\/www.facebook.com\/gozuzone\/\" \/>\n<meta property=\"article:modified_time\" content=\"2017-11-02T14:48:32+00:00\" \/>\n<meta property=\"og:image\" content=\"https:\/\/gozu.zone\/wp-content\/uploads\/2017\/10\/stress-token-xwing.png\" \/>\n\t<meta property=\"og:image:width\" content=\"800\" \/>\n\t<meta property=\"og:image:height\" content=\"800\" \/>\n\t<meta property=\"og:image:type\" content=\"image\/png\" \/>\n<meta name=\"twitter:card\" content=\"summary_large_image\" \/>\n<meta name=\"twitter:site\" content=\"@gozuzone\" \/>\n<meta name=\"twitter:label1\" content=\"Dur\u00e9e de lecture estim\u00e9e\" \/>\n\t<meta name=\"twitter:data1\" content=\"1 minute\" \/>\n<script type=\"application\/ld+json\" class=\"yoast-schema-graph\">{\"@context\":\"https:\/\/schema.org\",\"@graph\":[{\"@type\":\"WebPage\",\"@id\":\"https:\/\/gozu.zone\/?product=tokens-stress-x8\",\"url\":\"https:\/\/gozu.zone\/?product=tokens-stress-x8\",\"name\":\"Acheter Tokens Stress X8 - GOZU ZONE - Jeux et Accessoires\",\"isPartOf\":{\"@id\":\"https:\/\/gozu.zone\/#website\"},\"primaryImageOfPage\":{\"@id\":\"https:\/\/gozu.zone\/?product=tokens-stress-x8#primaryimage\"},\"image\":{\"@id\":\"https:\/\/gozu.zone\/?product=tokens-stress-x8#primaryimage\"},\"thumbnailUrl\":\"https:\/\/gozu.zone\/wp-content\/uploads\/2017\/10\/stress-token-xwing.png\",\"datePublished\":\"2015-04-10T21:52:48+00:00\",\"dateModified\":\"2017-11-02T14:48:32+00:00\",\"breadcrumb\":{\"@id\":\"https:\/\/gozu.zone\/?product=tokens-stress-x8#breadcrumb\"},\"inLanguage\":\"fr-FR\",\"potentialAction\":[{\"@type\":\"ReadAction\",\"target\":[\"https:\/\/gozu.zone\/?product=tokens-stress-x8\"]}]},{\"@type\":\"ImageObject\",\"inLanguage\":\"fr-FR\",\"@id\":\"https:\/\/gozu.zone\/?product=tokens-stress-x8#primaryimage\",\"url\":\"https:\/\/gozu.zone\/wp-content\/uploads\/2017\/10\/stress-token-xwing.png\",\"contentUrl\":\"https:\/\/gozu.zone\/wp-content\/uploads\/2017\/10\/stress-token-xwing.png\",\"width\":800,\"height\":800,\"caption\":\"stress-token-xwing\"},{\"@type\":\"BreadcrumbList\",\"@id\":\"https:\/\/gozu.zone\/?product=tokens-stress-x8#breadcrumb\",\"itemListElement\":[{\"@type\":\"ListItem\",\"position\":1,\"name\":\"Accueil\",\"item\":\"https:\/\/gozu.zone\/\"},{\"@type\":\"ListItem\",\"position\":2,\"name\":\"BOUTIQUE\",\"item\":\"https:\/\/gozu.zone\/?page_id=308\"},{\"@type\":\"ListItem\",\"position\":3,\"name\":\"Tokens Stress X8\"}]},{\"@type\":\"WebSite\",\"@id\":\"https:\/\/gozu.zone\/#website\",\"url\":\"https:\/\/gozu.zone\/\",\"name\":\"GOZU ZONE\",\"description\":\"Toujours plus pour vos jeux\",\"potentialAction\":[{\"@type\":\"SearchAction\",\"target\":{\"@type\":\"EntryPoint\",\"urlTemplate\":\"https:\/\/gozu.zone\/?s={search_term_string}\"},\"query-input\":{\"@type\":\"PropertyValueSpecification\",\"valueRequired\":true,\"valueName\":\"search_term_string\"}}],\"inLanguage\":\"fr-FR\"}]}<\/script>\n<!-- \/ Yoast SEO plugin. -->","yoast_head_json":{"title":"Acheter Tokens Stress X8 - GOZU ZONE - Jeux et Accessoires","robots":{"index":"index","follow":"follow","max-snippet":"max-snippet:-1","max-image-preview":"max-image-preview:large","max-video-preview":"max-video-preview:-1"},"canonical":"https:\/\/gozu.zone\/?product=tokens-stress-x8","og_locale":"fr_FR","og_type":"article","og_title":"Acheter Tokens Stress X8 - GOZU ZONE - Jeux et Accessoires","og_description":"Compatibles avec X-Wing le Jeu de Figurine","og_url":"https:\/\/gozu.zone\/?product=tokens-stress-x8","og_site_name":"GOZU ZONE","article_publisher":"https:\/\/www.facebook.com\/gozuzone\/","article_modified_time":"2017-11-02T14:48:32+00:00","og_image":[{"width":800,"height":800,"url":"https:\/\/gozu.zone\/wp-content\/uploads\/2017\/10\/stress-token-xwing.png","type":"image\/png"}],"twitter_card":"summary_large_image","twitter_site":"@gozuzone","twitter_misc":{"Dur\u00e9e de lecture estim\u00e9e":"1 minute"},"schema":{"@context":"https:\/\/schema.org","@graph":[{"@type":"WebPage","@id":"https:\/\/gozu.zone\/?product=tokens-stress-x8","url":"https:\/\/gozu.zone\/?product=tokens-stress-x8","name":"Acheter Tokens Stress X8 - GOZU ZONE - Jeux et Accessoires","isPartOf":{"@id":"https:\/\/gozu.zone\/#website"},"primaryImageOfPage":{"@id":"https:\/\/gozu.zone\/?product=tokens-stress-x8#primaryimage"},"image":{"@id":"https:\/\/gozu.zone\/?product=tokens-stress-x8#primaryimage"},"thumbnailUrl":"https:\/\/gozu.zone\/wp-content\/uploads\/2017\/10\/stress-token-xwing.png","datePublished":"2015-04-10T21:52:48+00:00","dateModified":"2017-11-02T14:48:32+00:00","breadcrumb":{"@id":"https:\/\/gozu.zone\/?product=tokens-stress-x8#breadcrumb"},"inLanguage":"fr-FR","potentialAction":[{"@type":"ReadAction","target":["https:\/\/gozu.zone\/?product=tokens-stress-x8"]}]},{"@type":"ImageObject","inLanguage":"fr-FR","@id":"https:\/\/gozu.zone\/?product=tokens-stress-x8#primaryimage","url":"https:\/\/gozu.zone\/wp-content\/uploads\/2017\/10\/stress-token-xwing.png","contentUrl":"https:\/\/gozu.zone\/wp-content\/uploads\/2017\/10\/stress-token-xwing.png","width":800,"height":800,"caption":"stress-token-xwing"},{"@type":"BreadcrumbList","@id":"https:\/\/gozu.zone\/?product=tokens-stress-x8#breadcrumb","itemListElement":[{"@type":"ListItem","position":1,"name":"Accueil","item":"https:\/\/gozu.zone\/"},{"@type":"ListItem","position":2,"name":"BOUTIQUE","item":"https:\/\/gozu.zone\/?page_id=308"},{"@type":"ListItem","position":3,"name":"Tokens Stress X8"}]},{"@type":"WebSite","@id":"https:\/\/gozu.zone\/#website","url":"https:\/\/gozu.zone\/","name":"GOZU ZONE","description":"Toujours plus pour vos jeux","potentialAction":[{"@type":"SearchAction","target":{"@type":"EntryPoint","urlTemplate":"https:\/\/gozu.zone\/?s={search_term_string}"},"query-input":{"@type":"PropertyValueSpecification","valueRequired":true,"valueName":"search_term_string"}}],"inLanguage":"fr-FR"}]}},"_links":{"self":[{"href":"https:\/\/gozu.zone\/index.php?rest_route=\/wp\/v2\/product\/773","targetHints":{"allow":["GET"]}}],"collection":[{"href":"https:\/\/gozu.zone\/index.php?rest_route=\/wp\/v2\/product"}],"about":[{"href":"https:\/\/gozu.zone\/index.php?rest_route=\/wp\/v2\/types\/product"}],"replies":[{"embeddable":true,"href":"https:\/\/gozu.zone\/index.php?rest_route=%2Fwp%2Fv2%2Fcomments&post=773"}],"wp:featuredmedia":[{"embeddable":true,"href":"https:\/\/gozu.zone\/index.php?rest_route=\/wp\/v2\/media\/6351"}],"wp:attachment":[{"href":"https:\/\/gozu.zone\/index.php?rest_route=%2Fwp%2Fv2%2Fmedia&parent=773"}],"wp:term":[{"taxonomy":"product_brand","embeddable":true,"href":"https:\/\/gozu.zone\/index.php?rest_route=%2Fwp%2Fv2%2Fproduct_brand&post=773"},{"taxonomy":"product_cat","embeddable":true,"href":"https:\/\/gozu.zone\/index.php?rest_route=%2Fwp%2Fv2%2Fproduct_cat&post=773"},{"taxonomy":"product_tag","embeddable":true,"href":"https:\/\/gozu.zone\/index.php?rest_route=%2Fwp%2Fv2%2Fproduct_tag&post=773"}],"curies":[{"name":"wp","href":"https:\/\/api.w.org\/{rel}","templated":true}]}}