{"id":7794,"date":"2018-06-03T16:37:49","date_gmt":"2018-06-03T16:37:49","guid":{"rendered":"https:\/\/gozu.zone\/?post_type=product&#038;p=7794"},"modified":"2024-05-14T18:26:48","modified_gmt":"2024-05-14T18:26:48","slug":"exploding-kittens-nsfw-edition-vf","status":"publish","type":"product","link":"https:\/\/gozu.zone\/?product=exploding-kittens-nsfw-edition-vf","title":{"rendered":"Exploding Kittens : NSFW Edition ( VF )"},"content":{"rendered":"<p>Dans cette nouvelle version plus trash et seulement pour adultes de la roulette russe, prenez garde aux chatons qui explosent, sous peine d&rsquo;\u00eatre \u00e9limin\u00e9 de la partie !<br \/>\nAfin d\u2019\u00e9viter un sort cruel aux matous, les joueurs peuvent utiliser des cartes sp\u00e9ciales pour attaquer les autres participants, regarder la pile ou d\u00e9placer le chat explosif !<br \/>\nExploding Kittens : NSFW Edition est une version strictement r\u00e9serv\u00e9 aux adultes du c\u00e9l\u00e8bre jeu qui revisite la roulette russe.<\/p>\n<p>Elle contient l&rsquo;int\u00e9gralit\u00e9 des cartes d&rsquo;Exploding Kittens, mais chacune de leurs illustrations a \u00e9t\u00e9 remplac\u00e9e par un dessin trop horrible\/incroyable pour la version standard.<\/p>\n<p>Vous pouvez utiliser cette \u00e9dition toute seule ou la combiner avec un autre paquet afin de rassembler jusqu&rsquo;\u00e0 9 joueurs.<\/p>\n<div class=\"disclaimer material\">\n<h3>CONTENU de Exploding Kittens : NSFW Edition VF<\/h3>\n<ul>\n<li>56 Cartes<\/li>\n<li>1 Livret de R\u00e8gles<\/li>\n<\/ul>\n<\/div>\n<p>&nbsp;<\/p>\n","protected":false},"excerpt":{"rendered":"<p><strong>Exploding Kittens : NSFW Edition<\/strong> est une version strictement r\u00e9serv\u00e9 aux adultes du c\u00e9l\u00e8bre jeu qui revisite la roulette russe.<\/p>\n<ul>\n<li><strong>\u00c2ge<\/strong> : 18 ans et +<\/li>\n<li><strong>Dur\u00e9e<\/strong> : moins de 30 min<\/li>\n<li><strong>Joueurs<\/strong> : 2 \u00e0 5<\/li>\n<\/ul>\n","protected":false},"featured_media":7797,"comment_status":"open","ping_status":"closed","template":"","meta":{"_acf_changed":false},"product_brand":[],"product_cat":[323,494,333,339],"product_tag":[604,363],"class_list":{"0":"post-7794","1":"product","2":"type-product","3":"status-publish","4":"has-post-thumbnail","6":"product_cat-jeux","7":"product_cat-jeux-de-societe","8":"product_cat-par-types","9":"product_cat-petits","10":"product_tag-hasard","11":"product_tag-humour","12":"product_shipping_class-livraisonstandard_colis","14":"first","15":"instock","16":"sale","17":"taxable","18":"shipping-taxable","19":"purchasable","20":"product-type-simple"},"acf":[],"yoast_head":"<!-- This site is optimized with the Yoast SEO plugin v25.3 - https:\/\/yoast.com\/wordpress\/plugins\/seo\/ -->\n<title>Acheter Exploding Kittens : NSFW Edition ( VF ) - GOZU ZONE - Jeux et Accessoires<\/title>\n<meta name=\"robots\" content=\"index, follow, max-snippet:-1, max-image-preview:large, max-video-preview:-1\" \/>\n<link rel=\"canonical\" href=\"https:\/\/gozu.zone\/?product=exploding-kittens-nsfw-edition-vf\" \/>\n<meta property=\"og:locale\" content=\"fr_FR\" \/>\n<meta property=\"og:type\" content=\"article\" \/>\n<meta property=\"og:title\" content=\"Acheter Exploding Kittens : NSFW Edition ( VF ) - GOZU ZONE - Jeux et Accessoires\" \/>\n<meta property=\"og:description\" content=\"Exploding Kittens : NSFW Edition est une version strictement r\u00e9serv\u00e9 aux adultes du c\u00e9l\u00e8bre jeu qui revisite la roulette russe.   \u00c2ge : 18 ans et +  Dur\u00e9e : moins de 30 min  Joueurs : 2 \u00e0 5\" \/>\n<meta property=\"og:url\" content=\"https:\/\/gozu.zone\/?product=exploding-kittens-nsfw-edition-vf\" \/>\n<meta property=\"og:site_name\" content=\"GOZU ZONE\" \/>\n<meta property=\"article:publisher\" content=\"https:\/\/www.facebook.com\/gozuzone\/\" \/>\n<meta property=\"article:modified_time\" content=\"2024-05-14T18:26:48+00:00\" \/>\n<meta property=\"og:image\" content=\"https:\/\/gozu.zone\/wp-content\/uploads\/2018\/06\/exploding-kittens-nsfw.jpg\" \/>\n\t<meta property=\"og:image:width\" content=\"640\" \/>\n\t<meta property=\"og:image:height\" content=\"640\" \/>\n\t<meta property=\"og:image:type\" content=\"image\/jpeg\" \/>\n<meta name=\"twitter:card\" content=\"summary_large_image\" \/>\n<meta name=\"twitter:site\" content=\"@gozuzone\" \/>\n<meta name=\"twitter:label1\" content=\"Dur\u00e9e de lecture estim\u00e9e\" \/>\n\t<meta name=\"twitter:data1\" content=\"1 minute\" \/>\n<script type=\"application\/ld+json\" class=\"yoast-schema-graph\">{\"@context\":\"https:\/\/schema.org\",\"@graph\":[{\"@type\":\"WebPage\",\"@id\":\"https:\/\/gozu.zone\/?product=exploding-kittens-nsfw-edition-vf\",\"url\":\"https:\/\/gozu.zone\/?product=exploding-kittens-nsfw-edition-vf\",\"name\":\"Acheter Exploding Kittens : NSFW Edition ( VF ) - GOZU ZONE - Jeux et Accessoires\",\"isPartOf\":{\"@id\":\"https:\/\/gozu.zone\/#website\"},\"primaryImageOfPage\":{\"@id\":\"https:\/\/gozu.zone\/?product=exploding-kittens-nsfw-edition-vf#primaryimage\"},\"image\":{\"@id\":\"https:\/\/gozu.zone\/?product=exploding-kittens-nsfw-edition-vf#primaryimage\"},\"thumbnailUrl\":\"https:\/\/gozu.zone\/wp-content\/uploads\/2018\/06\/exploding-kittens-nsfw.jpg\",\"datePublished\":\"2018-06-03T16:37:49+00:00\",\"dateModified\":\"2024-05-14T18:26:48+00:00\",\"breadcrumb\":{\"@id\":\"https:\/\/gozu.zone\/?product=exploding-kittens-nsfw-edition-vf#breadcrumb\"},\"inLanguage\":\"fr-FR\",\"potentialAction\":[{\"@type\":\"ReadAction\",\"target\":[\"https:\/\/gozu.zone\/?product=exploding-kittens-nsfw-edition-vf\"]}]},{\"@type\":\"ImageObject\",\"inLanguage\":\"fr-FR\",\"@id\":\"https:\/\/gozu.zone\/?product=exploding-kittens-nsfw-edition-vf#primaryimage\",\"url\":\"https:\/\/gozu.zone\/wp-content\/uploads\/2018\/06\/exploding-kittens-nsfw.jpg\",\"contentUrl\":\"https:\/\/gozu.zone\/wp-content\/uploads\/2018\/06\/exploding-kittens-nsfw.jpg\",\"width\":640,\"height\":640},{\"@type\":\"BreadcrumbList\",\"@id\":\"https:\/\/gozu.zone\/?product=exploding-kittens-nsfw-edition-vf#breadcrumb\",\"itemListElement\":[{\"@type\":\"ListItem\",\"position\":1,\"name\":\"Accueil\",\"item\":\"https:\/\/gozu.zone\/\"},{\"@type\":\"ListItem\",\"position\":2,\"name\":\"BOUTIQUE\",\"item\":\"https:\/\/gozu.zone\/?page_id=308\"},{\"@type\":\"ListItem\",\"position\":3,\"name\":\"Exploding Kittens : NSFW Edition ( VF )\"}]},{\"@type\":\"WebSite\",\"@id\":\"https:\/\/gozu.zone\/#website\",\"url\":\"https:\/\/gozu.zone\/\",\"name\":\"GOZU ZONE\",\"description\":\"Toujours plus pour vos jeux\",\"potentialAction\":[{\"@type\":\"SearchAction\",\"target\":{\"@type\":\"EntryPoint\",\"urlTemplate\":\"https:\/\/gozu.zone\/?s={search_term_string}\"},\"query-input\":{\"@type\":\"PropertyValueSpecification\",\"valueRequired\":true,\"valueName\":\"search_term_string\"}}],\"inLanguage\":\"fr-FR\"}]}<\/script>\n<!-- \/ Yoast SEO plugin. -->","yoast_head_json":{"title":"Acheter Exploding Kittens : NSFW Edition ( VF ) - GOZU ZONE - Jeux et Accessoires","robots":{"index":"index","follow":"follow","max-snippet":"max-snippet:-1","max-image-preview":"max-image-preview:large","max-video-preview":"max-video-preview:-1"},"canonical":"https:\/\/gozu.zone\/?product=exploding-kittens-nsfw-edition-vf","og_locale":"fr_FR","og_type":"article","og_title":"Acheter Exploding Kittens : NSFW Edition ( VF ) - GOZU ZONE - Jeux et Accessoires","og_description":"Exploding Kittens : NSFW Edition est une version strictement r\u00e9serv\u00e9 aux adultes du c\u00e9l\u00e8bre jeu qui revisite la roulette russe.   \u00c2ge : 18 ans et +  Dur\u00e9e : moins de 30 min  Joueurs : 2 \u00e0 5","og_url":"https:\/\/gozu.zone\/?product=exploding-kittens-nsfw-edition-vf","og_site_name":"GOZU ZONE","article_publisher":"https:\/\/www.facebook.com\/gozuzone\/","article_modified_time":"2024-05-14T18:26:48+00:00","og_image":[{"width":640,"height":640,"url":"https:\/\/gozu.zone\/wp-content\/uploads\/2018\/06\/exploding-kittens-nsfw.jpg","type":"image\/jpeg"}],"twitter_card":"summary_large_image","twitter_site":"@gozuzone","twitter_misc":{"Dur\u00e9e de lecture estim\u00e9e":"1 minute"},"schema":{"@context":"https:\/\/schema.org","@graph":[{"@type":"WebPage","@id":"https:\/\/gozu.zone\/?product=exploding-kittens-nsfw-edition-vf","url":"https:\/\/gozu.zone\/?product=exploding-kittens-nsfw-edition-vf","name":"Acheter Exploding Kittens : NSFW Edition ( VF ) - GOZU ZONE - Jeux et Accessoires","isPartOf":{"@id":"https:\/\/gozu.zone\/#website"},"primaryImageOfPage":{"@id":"https:\/\/gozu.zone\/?product=exploding-kittens-nsfw-edition-vf#primaryimage"},"image":{"@id":"https:\/\/gozu.zone\/?product=exploding-kittens-nsfw-edition-vf#primaryimage"},"thumbnailUrl":"https:\/\/gozu.zone\/wp-content\/uploads\/2018\/06\/exploding-kittens-nsfw.jpg","datePublished":"2018-06-03T16:37:49+00:00","dateModified":"2024-05-14T18:26:48+00:00","breadcrumb":{"@id":"https:\/\/gozu.zone\/?product=exploding-kittens-nsfw-edition-vf#breadcrumb"},"inLanguage":"fr-FR","potentialAction":[{"@type":"ReadAction","target":["https:\/\/gozu.zone\/?product=exploding-kittens-nsfw-edition-vf"]}]},{"@type":"ImageObject","inLanguage":"fr-FR","@id":"https:\/\/gozu.zone\/?product=exploding-kittens-nsfw-edition-vf#primaryimage","url":"https:\/\/gozu.zone\/wp-content\/uploads\/2018\/06\/exploding-kittens-nsfw.jpg","contentUrl":"https:\/\/gozu.zone\/wp-content\/uploads\/2018\/06\/exploding-kittens-nsfw.jpg","width":640,"height":640},{"@type":"BreadcrumbList","@id":"https:\/\/gozu.zone\/?product=exploding-kittens-nsfw-edition-vf#breadcrumb","itemListElement":[{"@type":"ListItem","position":1,"name":"Accueil","item":"https:\/\/gozu.zone\/"},{"@type":"ListItem","position":2,"name":"BOUTIQUE","item":"https:\/\/gozu.zone\/?page_id=308"},{"@type":"ListItem","position":3,"name":"Exploding Kittens : NSFW Edition ( VF )"}]},{"@type":"WebSite","@id":"https:\/\/gozu.zone\/#website","url":"https:\/\/gozu.zone\/","name":"GOZU ZONE","description":"Toujours plus pour vos jeux","potentialAction":[{"@type":"SearchAction","target":{"@type":"EntryPoint","urlTemplate":"https:\/\/gozu.zone\/?s={search_term_string}"},"query-input":{"@type":"PropertyValueSpecification","valueRequired":true,"valueName":"search_term_string"}}],"inLanguage":"fr-FR"}]}},"_links":{"self":[{"href":"https:\/\/gozu.zone\/index.php?rest_route=\/wp\/v2\/product\/7794","targetHints":{"allow":["GET"]}}],"collection":[{"href":"https:\/\/gozu.zone\/index.php?rest_route=\/wp\/v2\/product"}],"about":[{"href":"https:\/\/gozu.zone\/index.php?rest_route=\/wp\/v2\/types\/product"}],"replies":[{"embeddable":true,"href":"https:\/\/gozu.zone\/index.php?rest_route=%2Fwp%2Fv2%2Fcomments&post=7794"}],"wp:featuredmedia":[{"embeddable":true,"href":"https:\/\/gozu.zone\/index.php?rest_route=\/wp\/v2\/media\/7797"}],"wp:attachment":[{"href":"https:\/\/gozu.zone\/index.php?rest_route=%2Fwp%2Fv2%2Fmedia&parent=7794"}],"wp:term":[{"taxonomy":"product_brand","embeddable":true,"href":"https:\/\/gozu.zone\/index.php?rest_route=%2Fwp%2Fv2%2Fproduct_brand&post=7794"},{"taxonomy":"product_cat","embeddable":true,"href":"https:\/\/gozu.zone\/index.php?rest_route=%2Fwp%2Fv2%2Fproduct_cat&post=7794"},{"taxonomy":"product_tag","embeddable":true,"href":"https:\/\/gozu.zone\/index.php?rest_route=%2Fwp%2Fv2%2Fproduct_tag&post=7794"}],"curies":[{"name":"wp","href":"https:\/\/api.w.org\/{rel}","templated":true}]}}