{"id":7854,"date":"2018-06-17T16:27:22","date_gmt":"2018-06-17T16:27:22","guid":{"rendered":"https:\/\/gozu.zone\/?post_type=product&#038;p=7854"},"modified":"2018-06-17T16:35:25","modified_gmt":"2018-06-17T16:35:25","slug":"lotus","status":"publish","type":"product","link":"https:\/\/gozu.zone\/?product=lotus","title":{"rendered":"LOTUS"},"content":{"rendered":"<div>\n<p>Ne vous fiez pas \u00e0 la beaut\u00e9 envoutante des fleurs du Jardin du Lotus, et soyez plus rus\u00e9 que vos concurrents pour capturer le plus de fleurs \u00e0 l\u2019aide de vos alli\u00e9s et de vos pouvoirs !<\/p>\n<p>Les fleurs du Jardin du Lotus sont r\u00e9put\u00e9es pour \u00eatre sources de sagesse. Pour en capturer l\u2019\u00e9nergie mystique, faites appel \u00e0 vos alli\u00e9s et d\u00e9veloppez vos facult\u00e9s pour atteindre l\u2019illumination ! Le joueur qui compl\u00e8te une fleur gagne autant de points que de p\u00e9tales qui la composent. Le joueur dont les symboles sont majoritaires sur cette fleur gagne soit des points, soit un pouvoir pour amplifier l\u2019effet de ses prochaines actions.<\/p>\n<p>Pour gagner, les joueurs devront optimiser leur main de cartes, anticiper et s\u2019adapter aux \u00e9volutions du Jardin pour remporter les majorit\u00e9s et \u00eatre pr\u00eats \u00e0 saisir toutes les opportunit\u00e9s.<\/p>\n<\/div>\n<div><\/div>\n<p style=\"text-align: center;\"><iframe loading=\"lazy\" src=\"https:\/\/www.youtube.com\/embed\/gtyo_O0nPyY\" width=\"560\" height=\"315\" frameborder=\"0\" allowfullscreen=\"allowfullscreen\"><\/iframe><\/p>\n","protected":false},"excerpt":{"rendered":"<p><strong>LOTUS<\/strong>\u00a0&#8211; Videz votre esprit et r\u00e9fugiez vous dans la tranquillit\u00e9 du jardin du lotus.<\/p>\n<ul>\n<li><strong>\u00c2ge<\/strong> : 8 ans et +<\/li>\n<li><strong>Dur\u00e9e<\/strong> : 30 min<\/li>\n<li><strong>Joueurs<\/strong> : 2\u00a0\u00e0 4<\/li>\n<\/ul>\n","protected":false},"featured_media":7855,"comment_status":"open","ping_status":"closed","template":"","meta":{"_acf_changed":false},"product_brand":[],"product_cat":[323,494,361,333],"product_tag":[177,596],"class_list":{"0":"post-7854","1":"product","2":"type-product","3":"status-publish","4":"has-post-thumbnail","6":"product_cat-jeux","7":"product_cat-jeux-de-societe","8":"product_cat-familiaux","9":"product_cat-par-types","10":"product_tag-cartes","11":"product_tag-nature","12":"product_shipping_class-livraisonstandard_colis","14":"first","15":"instock","16":"sale","17":"taxable","18":"shipping-taxable","19":"purchasable","20":"product-type-simple"},"acf":[],"yoast_head":"<!-- This site is optimized with the Yoast SEO plugin v25.3 - https:\/\/yoast.com\/wordpress\/plugins\/seo\/ -->\n<title>Acheter LOTUS - GOZU ZONE - Jeux et Accessoires<\/title>\n<meta name=\"robots\" content=\"index, follow, max-snippet:-1, max-image-preview:large, max-video-preview:-1\" \/>\n<link rel=\"canonical\" href=\"https:\/\/gozu.zone\/?product=lotus\" \/>\n<meta property=\"og:locale\" content=\"fr_FR\" \/>\n<meta property=\"og:type\" content=\"article\" \/>\n<meta property=\"og:title\" content=\"Acheter LOTUS - GOZU ZONE - Jeux et Accessoires\" \/>\n<meta property=\"og:description\" content=\"LOTUS\u00a0- Videz votre esprit et r\u00e9fugiez vous dans la tranquillit\u00e9 du jardin du lotus.   \u00c2ge : 8 ans et +  Dur\u00e9e : 30 min  Joueurs : 2\u00a0\u00e0 4\" \/>\n<meta property=\"og:url\" content=\"https:\/\/gozu.zone\/?product=lotus\" \/>\n<meta property=\"og:site_name\" content=\"GOZU ZONE\" \/>\n<meta property=\"article:publisher\" content=\"https:\/\/www.facebook.com\/gozuzone\/\" \/>\n<meta property=\"article:modified_time\" content=\"2018-06-17T16:35:25+00:00\" \/>\n<meta property=\"og:image\" content=\"https:\/\/gozu.zone\/wp-content\/uploads\/2018\/06\/lotus-jeu-de-plateau.jpg\" \/>\n\t<meta property=\"og:image:width\" content=\"640\" \/>\n\t<meta property=\"og:image:height\" content=\"640\" \/>\n\t<meta property=\"og:image:type\" content=\"image\/jpeg\" \/>\n<meta name=\"twitter:card\" content=\"summary_large_image\" \/>\n<meta name=\"twitter:site\" content=\"@gozuzone\" \/>\n<meta name=\"twitter:label1\" content=\"Dur\u00e9e de lecture estim\u00e9e\" \/>\n\t<meta name=\"twitter:data1\" content=\"1 minute\" \/>\n<script type=\"application\/ld+json\" class=\"yoast-schema-graph\">{\"@context\":\"https:\/\/schema.org\",\"@graph\":[{\"@type\":\"WebPage\",\"@id\":\"https:\/\/gozu.zone\/?product=lotus\",\"url\":\"https:\/\/gozu.zone\/?product=lotus\",\"name\":\"Acheter LOTUS - GOZU ZONE - Jeux et Accessoires\",\"isPartOf\":{\"@id\":\"https:\/\/gozu.zone\/#website\"},\"primaryImageOfPage\":{\"@id\":\"https:\/\/gozu.zone\/?product=lotus#primaryimage\"},\"image\":{\"@id\":\"https:\/\/gozu.zone\/?product=lotus#primaryimage\"},\"thumbnailUrl\":\"https:\/\/gozu.zone\/wp-content\/uploads\/2018\/06\/lotus-jeu-de-plateau.jpg\",\"datePublished\":\"2018-06-17T16:27:22+00:00\",\"dateModified\":\"2018-06-17T16:35:25+00:00\",\"breadcrumb\":{\"@id\":\"https:\/\/gozu.zone\/?product=lotus#breadcrumb\"},\"inLanguage\":\"fr-FR\",\"potentialAction\":[{\"@type\":\"ReadAction\",\"target\":[\"https:\/\/gozu.zone\/?product=lotus\"]}]},{\"@type\":\"ImageObject\",\"inLanguage\":\"fr-FR\",\"@id\":\"https:\/\/gozu.zone\/?product=lotus#primaryimage\",\"url\":\"https:\/\/gozu.zone\/wp-content\/uploads\/2018\/06\/lotus-jeu-de-plateau.jpg\",\"contentUrl\":\"https:\/\/gozu.zone\/wp-content\/uploads\/2018\/06\/lotus-jeu-de-plateau.jpg\",\"width\":640,\"height\":640,\"caption\":\"lotus-jeu-de-plateau\"},{\"@type\":\"BreadcrumbList\",\"@id\":\"https:\/\/gozu.zone\/?product=lotus#breadcrumb\",\"itemListElement\":[{\"@type\":\"ListItem\",\"position\":1,\"name\":\"Accueil\",\"item\":\"https:\/\/gozu.zone\/\"},{\"@type\":\"ListItem\",\"position\":2,\"name\":\"BOUTIQUE\",\"item\":\"https:\/\/gozu.zone\/?page_id=308\"},{\"@type\":\"ListItem\",\"position\":3,\"name\":\"LOTUS\"}]},{\"@type\":\"WebSite\",\"@id\":\"https:\/\/gozu.zone\/#website\",\"url\":\"https:\/\/gozu.zone\/\",\"name\":\"GOZU ZONE\",\"description\":\"Toujours plus pour vos jeux\",\"potentialAction\":[{\"@type\":\"SearchAction\",\"target\":{\"@type\":\"EntryPoint\",\"urlTemplate\":\"https:\/\/gozu.zone\/?s={search_term_string}\"},\"query-input\":{\"@type\":\"PropertyValueSpecification\",\"valueRequired\":true,\"valueName\":\"search_term_string\"}}],\"inLanguage\":\"fr-FR\"}]}<\/script>\n<!-- \/ Yoast SEO plugin. -->","yoast_head_json":{"title":"Acheter LOTUS - GOZU ZONE - Jeux et Accessoires","robots":{"index":"index","follow":"follow","max-snippet":"max-snippet:-1","max-image-preview":"max-image-preview:large","max-video-preview":"max-video-preview:-1"},"canonical":"https:\/\/gozu.zone\/?product=lotus","og_locale":"fr_FR","og_type":"article","og_title":"Acheter LOTUS - GOZU ZONE - Jeux et Accessoires","og_description":"LOTUS\u00a0- Videz votre esprit et r\u00e9fugiez vous dans la tranquillit\u00e9 du jardin du lotus.   \u00c2ge : 8 ans et +  Dur\u00e9e : 30 min  Joueurs : 2\u00a0\u00e0 4","og_url":"https:\/\/gozu.zone\/?product=lotus","og_site_name":"GOZU ZONE","article_publisher":"https:\/\/www.facebook.com\/gozuzone\/","article_modified_time":"2018-06-17T16:35:25+00:00","og_image":[{"width":640,"height":640,"url":"https:\/\/gozu.zone\/wp-content\/uploads\/2018\/06\/lotus-jeu-de-plateau.jpg","type":"image\/jpeg"}],"twitter_card":"summary_large_image","twitter_site":"@gozuzone","twitter_misc":{"Dur\u00e9e de lecture estim\u00e9e":"1 minute"},"schema":{"@context":"https:\/\/schema.org","@graph":[{"@type":"WebPage","@id":"https:\/\/gozu.zone\/?product=lotus","url":"https:\/\/gozu.zone\/?product=lotus","name":"Acheter LOTUS - GOZU ZONE - Jeux et Accessoires","isPartOf":{"@id":"https:\/\/gozu.zone\/#website"},"primaryImageOfPage":{"@id":"https:\/\/gozu.zone\/?product=lotus#primaryimage"},"image":{"@id":"https:\/\/gozu.zone\/?product=lotus#primaryimage"},"thumbnailUrl":"https:\/\/gozu.zone\/wp-content\/uploads\/2018\/06\/lotus-jeu-de-plateau.jpg","datePublished":"2018-06-17T16:27:22+00:00","dateModified":"2018-06-17T16:35:25+00:00","breadcrumb":{"@id":"https:\/\/gozu.zone\/?product=lotus#breadcrumb"},"inLanguage":"fr-FR","potentialAction":[{"@type":"ReadAction","target":["https:\/\/gozu.zone\/?product=lotus"]}]},{"@type":"ImageObject","inLanguage":"fr-FR","@id":"https:\/\/gozu.zone\/?product=lotus#primaryimage","url":"https:\/\/gozu.zone\/wp-content\/uploads\/2018\/06\/lotus-jeu-de-plateau.jpg","contentUrl":"https:\/\/gozu.zone\/wp-content\/uploads\/2018\/06\/lotus-jeu-de-plateau.jpg","width":640,"height":640,"caption":"lotus-jeu-de-plateau"},{"@type":"BreadcrumbList","@id":"https:\/\/gozu.zone\/?product=lotus#breadcrumb","itemListElement":[{"@type":"ListItem","position":1,"name":"Accueil","item":"https:\/\/gozu.zone\/"},{"@type":"ListItem","position":2,"name":"BOUTIQUE","item":"https:\/\/gozu.zone\/?page_id=308"},{"@type":"ListItem","position":3,"name":"LOTUS"}]},{"@type":"WebSite","@id":"https:\/\/gozu.zone\/#website","url":"https:\/\/gozu.zone\/","name":"GOZU ZONE","description":"Toujours plus pour vos jeux","potentialAction":[{"@type":"SearchAction","target":{"@type":"EntryPoint","urlTemplate":"https:\/\/gozu.zone\/?s={search_term_string}"},"query-input":{"@type":"PropertyValueSpecification","valueRequired":true,"valueName":"search_term_string"}}],"inLanguage":"fr-FR"}]}},"_links":{"self":[{"href":"https:\/\/gozu.zone\/index.php?rest_route=\/wp\/v2\/product\/7854","targetHints":{"allow":["GET"]}}],"collection":[{"href":"https:\/\/gozu.zone\/index.php?rest_route=\/wp\/v2\/product"}],"about":[{"href":"https:\/\/gozu.zone\/index.php?rest_route=\/wp\/v2\/types\/product"}],"replies":[{"embeddable":true,"href":"https:\/\/gozu.zone\/index.php?rest_route=%2Fwp%2Fv2%2Fcomments&post=7854"}],"wp:featuredmedia":[{"embeddable":true,"href":"https:\/\/gozu.zone\/index.php?rest_route=\/wp\/v2\/media\/7855"}],"wp:attachment":[{"href":"https:\/\/gozu.zone\/index.php?rest_route=%2Fwp%2Fv2%2Fmedia&parent=7854"}],"wp:term":[{"taxonomy":"product_brand","embeddable":true,"href":"https:\/\/gozu.zone\/index.php?rest_route=%2Fwp%2Fv2%2Fproduct_brand&post=7854"},{"taxonomy":"product_cat","embeddable":true,"href":"https:\/\/gozu.zone\/index.php?rest_route=%2Fwp%2Fv2%2Fproduct_cat&post=7854"},{"taxonomy":"product_tag","embeddable":true,"href":"https:\/\/gozu.zone\/index.php?rest_route=%2Fwp%2Fv2%2Fproduct_tag&post=7854"}],"curies":[{"name":"wp","href":"https:\/\/api.w.org\/{rel}","templated":true}]}}