{"id":7917,"date":"2018-06-27T20:03:42","date_gmt":"2018-06-27T20:03:42","guid":{"rendered":"https:\/\/gozu.zone\/?post_type=product&#038;p=7917"},"modified":"2025-03-26T09:49:38","modified_gmt":"2025-03-26T09:49:38","slug":"rangements-ganymede","status":"publish","type":"product","link":"https:\/\/gozu.zone\/?product=rangements-ganymede","title":{"rendered":"Rangements \u2013 Ganym\u00e8de \u2122"},"content":{"rendered":"<p>Vous souhaitez organiser au mieux Ganym\u00e8de \u2122 ? Gozu Zone a sp\u00e9cialement con\u00e7u ce kit de rangement \u00e0 petit prix !<\/p>\n<p>&nbsp;<\/p>\n<h2>Rangements \u2013 Ganym\u00e8de \u00a0\u2122\u00a0 contient :<\/h2>\n<ul>\n<li>1 module de 3 emplacements pour les cartes, 1 emplacement pour les tuiles colons, 1 emplacement pour les marqueurs de r\u00e9putation<\/li>\n<li>2 modules amovibles pour les meeples colons<\/li>\n<\/ul>\n<p><a href=\"https:\/\/gozu.zone\/wp-content\/uploads\/2018\/06\/ganymede.png\"><img loading=\"lazy\" decoding=\"async\" class=\"aligncenter wp-image-7919 size-full\" src=\"https:\/\/gozu.zone\/wp-content\/uploads\/2018\/06\/ganymede.png\" alt=\"\" width=\"600\" height=\"383\" srcset=\"https:\/\/gozu.zone\/wp-content\/uploads\/2018\/06\/ganymede.png 600w, https:\/\/gozu.zone\/wp-content\/uploads\/2018\/06\/ganymede-510x326.png 510w, https:\/\/gozu.zone\/wp-content\/uploads\/2018\/06\/ganymede-300x192.png 300w, https:\/\/gozu.zone\/wp-content\/uploads\/2018\/06\/ganymede-570x364.png 570w\" sizes=\"auto, (max-width: 600px) 100vw, 600px\" \/><\/a><\/p>\n<p><strong>Remarque<\/strong> : le rangement est compatible si les cartes sont pochet\u00e9es*<\/p>\n<h2>Aper\u00e7u en 3D des modules<\/h2>\n<p>&nbsp;<\/p>\n<div class=\"sketchfab-embed-wrapper\">\n<p><iframe loading=\"lazy\" src=\"https:\/\/sketchfab.com\/models\/407f0d4393f6423b81ef4488a2090dac\/embed\" width=\"640\" height=\"480\" frameborder=\"0\"><\/iframe><\/p>\n<p style=\"font-size: 13px; font-weight: normal; margin: 5px; color: #4a4a4a;\"><a style=\"font-weight: bold; color: #1caad9;\" href=\"https:\/\/sketchfab.com\/models\/407f0d4393f6423b81ef4488a2090dac?utm_medium=embed&amp;utm_source=website&amp;utm_campain=share-popup\" target=\"_blank\" rel=\"noopener noreferrer\">Rangements &#8211; Ganym\u00e8de<\/a> by <a style=\"font-weight: bold; color: #1caad9;\" href=\"https:\/\/sketchfab.com\/gozu_zone?utm_medium=embed&amp;utm_source=website&amp;utm_campain=share-popup\" target=\"_blank\" rel=\"noopener noreferrer\">gozu_zone<\/a> on <a style=\"font-weight: bold; color: #1caad9;\" href=\"https:\/\/sketchfab.com?utm_medium=embed&amp;utm_source=website&amp;utm_campain=share-popup\" target=\"_blank\" rel=\"noopener noreferrer\">Sketchfab<\/a><\/p>\n<\/div>\n<p>&nbsp;<\/p>\n<p><em>* les pochettes utilis\u00e9es sont de la marque Arcane Tinmen, format mini europ\u00e9en : <a href=\"https:\/\/gozu.zone\/?product=pochette-100-small-mini-european-sleeves-44x68mm\" target=\"_blank\" rel=\"noopener noreferrer\">voir le produit<\/a><\/em><\/p>\n<p>&nbsp;<\/p>\n<p class=\"disclaimer\"><strong>Ganym\u00e8de<\/strong> \u2122\u00a0est un jeu de <strong>Hope S. HWANG,<\/strong> illustr\u00e9 par\u00a0<strong>Oliver MOOTOO<\/strong> et \u00e9dit\u00e9 par <strong><a title=\"Geek Attitude Games\" href=\"https:\/\/www.sorryweare.fr\/fr\/\">Sorry We Are French<\/a><\/strong>. <strong>Gozu Zone<\/strong> propose de sa propre initiative des rangements compatibles avec ce jeu, qui demeurent la propri\u00e9t\u00e9 de l&rsquo;\u00e9diteur. Ce dernier n&rsquo;assume aucune responsabilit\u00e9 quant \u00e0 nos produits.<\/p>\n<p class=\"disclaimer\"><strong>Remarque<\/strong> : Ce rangement est propos\u00e9 en couleur\u00a0<strong>argent\u00e9e\u00a0<\/strong>par d\u00e9faut. Si vous souhaitez un coloris personnalis\u00e9, merci de contacter l&rsquo;\u00e9quipe via le chat en bas \u00e0 droite ! Nous nous ferons un plaisir d&rsquo;\u00e9tudier votre demande et nous vous r\u00e9pondrons\u00a0dans les plus brefs d\u00e9lais.<\/p>\n<p>Ce produit est <strong>fabriqu\u00e9 en France<\/strong>. Si vous souhaitez en savoir un peu plus sur notre proc\u00e9d\u00e9 de fabrication, nous sommes dispos\u00e9s \u00e0 r\u00e9pondre \u00e0 toutes vos questions !<\/p>\n","protected":false},"excerpt":{"rendered":"<p>Kit de rangement pour organiser Ganym\u00e8de \u2122<\/p>\n","protected":false},"featured_media":7918,"comment_status":"open","ping_status":"closed","template":"","meta":{"_acf_changed":false},"product_brand":[],"product_cat":[439,311],"product_tag":[294,107,459],"class_list":{"0":"post-7917","1":"product","2":"type-product","3":"status-publish","4":"has-post-thumbnail","6":"product_cat-accessoires","7":"product_cat-organiseurs","8":"product_tag-organiseur","9":"product_tag-rangement","10":"product_tag-rangements-j2s","11":"product_shipping_class-livraisonstandard_colis","13":"first","14":"instock","15":"taxable","16":"shipping-taxable","17":"purchasable","18":"product-type-simple"},"acf":[],"yoast_head":"<!-- This site is optimized with the Yoast SEO plugin v25.3 - https:\/\/yoast.com\/wordpress\/plugins\/seo\/ -->\n<title>Acheter Rangements \u2013 Ganym\u00e8de \u2122 - GOZU ZONE - Jeux et Accessoires<\/title>\n<meta name=\"robots\" content=\"index, follow, max-snippet:-1, max-image-preview:large, max-video-preview:-1\" \/>\n<link rel=\"canonical\" href=\"https:\/\/gozu.zone\/?product=rangements-ganymede\" \/>\n<meta property=\"og:locale\" content=\"fr_FR\" \/>\n<meta property=\"og:type\" content=\"article\" \/>\n<meta property=\"og:title\" content=\"Acheter Rangements \u2013 Ganym\u00e8de \u2122 - GOZU ZONE - Jeux et Accessoires\" \/>\n<meta property=\"og:description\" content=\"Kit de rangement pour organiser Ganym\u00e8de \u2122\" \/>\n<meta property=\"og:url\" content=\"https:\/\/gozu.zone\/?product=rangements-ganymede\" \/>\n<meta property=\"og:site_name\" content=\"GOZU ZONE\" \/>\n<meta property=\"article:publisher\" content=\"https:\/\/www.facebook.com\/gozuzone\/\" \/>\n<meta property=\"article:modified_time\" content=\"2025-03-26T09:49:38+00:00\" \/>\n<meta property=\"og:image\" content=\"https:\/\/gozu.zone\/wp-content\/uploads\/2018\/06\/ganymede-gozu-zone.jpg\" \/>\n\t<meta property=\"og:image:width\" content=\"800\" \/>\n\t<meta property=\"og:image:height\" content=\"800\" \/>\n\t<meta property=\"og:image:type\" content=\"image\/jpeg\" \/>\n<meta name=\"twitter:card\" content=\"summary_large_image\" \/>\n<meta name=\"twitter:site\" content=\"@gozuzone\" \/>\n<meta name=\"twitter:label1\" content=\"Dur\u00e9e de lecture estim\u00e9e\" \/>\n\t<meta name=\"twitter:data1\" content=\"2 minutes\" \/>\n<script type=\"application\/ld+json\" class=\"yoast-schema-graph\">{\"@context\":\"https:\/\/schema.org\",\"@graph\":[{\"@type\":\"WebPage\",\"@id\":\"https:\/\/gozu.zone\/?product=rangements-ganymede\",\"url\":\"https:\/\/gozu.zone\/?product=rangements-ganymede\",\"name\":\"Acheter Rangements \u2013 Ganym\u00e8de \u2122 - GOZU ZONE - Jeux et Accessoires\",\"isPartOf\":{\"@id\":\"https:\/\/gozu.zone\/#website\"},\"primaryImageOfPage\":{\"@id\":\"https:\/\/gozu.zone\/?product=rangements-ganymede#primaryimage\"},\"image\":{\"@id\":\"https:\/\/gozu.zone\/?product=rangements-ganymede#primaryimage\"},\"thumbnailUrl\":\"https:\/\/gozu.zone\/wp-content\/uploads\/2018\/06\/ganymede-gozu-zone.jpg\",\"datePublished\":\"2018-06-27T20:03:42+00:00\",\"dateModified\":\"2025-03-26T09:49:38+00:00\",\"breadcrumb\":{\"@id\":\"https:\/\/gozu.zone\/?product=rangements-ganymede#breadcrumb\"},\"inLanguage\":\"fr-FR\",\"potentialAction\":[{\"@type\":\"ReadAction\",\"target\":[\"https:\/\/gozu.zone\/?product=rangements-ganymede\"]}]},{\"@type\":\"ImageObject\",\"inLanguage\":\"fr-FR\",\"@id\":\"https:\/\/gozu.zone\/?product=rangements-ganymede#primaryimage\",\"url\":\"https:\/\/gozu.zone\/wp-content\/uploads\/2018\/06\/ganymede-gozu-zone.jpg\",\"contentUrl\":\"https:\/\/gozu.zone\/wp-content\/uploads\/2018\/06\/ganymede-gozu-zone.jpg\",\"width\":800,\"height\":800,\"caption\":\"ganymede-gozu-zone\"},{\"@type\":\"BreadcrumbList\",\"@id\":\"https:\/\/gozu.zone\/?product=rangements-ganymede#breadcrumb\",\"itemListElement\":[{\"@type\":\"ListItem\",\"position\":1,\"name\":\"Accueil\",\"item\":\"https:\/\/gozu.zone\/\"},{\"@type\":\"ListItem\",\"position\":2,\"name\":\"BOUTIQUE\",\"item\":\"https:\/\/gozu.zone\/?page_id=308\"},{\"@type\":\"ListItem\",\"position\":3,\"name\":\"Rangements \u2013 Ganym\u00e8de \u2122\"}]},{\"@type\":\"WebSite\",\"@id\":\"https:\/\/gozu.zone\/#website\",\"url\":\"https:\/\/gozu.zone\/\",\"name\":\"GOZU ZONE\",\"description\":\"Toujours plus pour vos jeux\",\"potentialAction\":[{\"@type\":\"SearchAction\",\"target\":{\"@type\":\"EntryPoint\",\"urlTemplate\":\"https:\/\/gozu.zone\/?s={search_term_string}\"},\"query-input\":{\"@type\":\"PropertyValueSpecification\",\"valueRequired\":true,\"valueName\":\"search_term_string\"}}],\"inLanguage\":\"fr-FR\"}]}<\/script>\n<!-- \/ Yoast SEO plugin. -->","yoast_head_json":{"title":"Acheter Rangements \u2013 Ganym\u00e8de \u2122 - GOZU ZONE - Jeux et Accessoires","robots":{"index":"index","follow":"follow","max-snippet":"max-snippet:-1","max-image-preview":"max-image-preview:large","max-video-preview":"max-video-preview:-1"},"canonical":"https:\/\/gozu.zone\/?product=rangements-ganymede","og_locale":"fr_FR","og_type":"article","og_title":"Acheter Rangements \u2013 Ganym\u00e8de \u2122 - GOZU ZONE - Jeux et Accessoires","og_description":"Kit de rangement pour organiser Ganym\u00e8de \u2122","og_url":"https:\/\/gozu.zone\/?product=rangements-ganymede","og_site_name":"GOZU ZONE","article_publisher":"https:\/\/www.facebook.com\/gozuzone\/","article_modified_time":"2025-03-26T09:49:38+00:00","og_image":[{"width":800,"height":800,"url":"https:\/\/gozu.zone\/wp-content\/uploads\/2018\/06\/ganymede-gozu-zone.jpg","type":"image\/jpeg"}],"twitter_card":"summary_large_image","twitter_site":"@gozuzone","twitter_misc":{"Dur\u00e9e de lecture estim\u00e9e":"2 minutes"},"schema":{"@context":"https:\/\/schema.org","@graph":[{"@type":"WebPage","@id":"https:\/\/gozu.zone\/?product=rangements-ganymede","url":"https:\/\/gozu.zone\/?product=rangements-ganymede","name":"Acheter Rangements \u2013 Ganym\u00e8de \u2122 - GOZU ZONE - Jeux et Accessoires","isPartOf":{"@id":"https:\/\/gozu.zone\/#website"},"primaryImageOfPage":{"@id":"https:\/\/gozu.zone\/?product=rangements-ganymede#primaryimage"},"image":{"@id":"https:\/\/gozu.zone\/?product=rangements-ganymede#primaryimage"},"thumbnailUrl":"https:\/\/gozu.zone\/wp-content\/uploads\/2018\/06\/ganymede-gozu-zone.jpg","datePublished":"2018-06-27T20:03:42+00:00","dateModified":"2025-03-26T09:49:38+00:00","breadcrumb":{"@id":"https:\/\/gozu.zone\/?product=rangements-ganymede#breadcrumb"},"inLanguage":"fr-FR","potentialAction":[{"@type":"ReadAction","target":["https:\/\/gozu.zone\/?product=rangements-ganymede"]}]},{"@type":"ImageObject","inLanguage":"fr-FR","@id":"https:\/\/gozu.zone\/?product=rangements-ganymede#primaryimage","url":"https:\/\/gozu.zone\/wp-content\/uploads\/2018\/06\/ganymede-gozu-zone.jpg","contentUrl":"https:\/\/gozu.zone\/wp-content\/uploads\/2018\/06\/ganymede-gozu-zone.jpg","width":800,"height":800,"caption":"ganymede-gozu-zone"},{"@type":"BreadcrumbList","@id":"https:\/\/gozu.zone\/?product=rangements-ganymede#breadcrumb","itemListElement":[{"@type":"ListItem","position":1,"name":"Accueil","item":"https:\/\/gozu.zone\/"},{"@type":"ListItem","position":2,"name":"BOUTIQUE","item":"https:\/\/gozu.zone\/?page_id=308"},{"@type":"ListItem","position":3,"name":"Rangements \u2013 Ganym\u00e8de \u2122"}]},{"@type":"WebSite","@id":"https:\/\/gozu.zone\/#website","url":"https:\/\/gozu.zone\/","name":"GOZU ZONE","description":"Toujours plus pour vos jeux","potentialAction":[{"@type":"SearchAction","target":{"@type":"EntryPoint","urlTemplate":"https:\/\/gozu.zone\/?s={search_term_string}"},"query-input":{"@type":"PropertyValueSpecification","valueRequired":true,"valueName":"search_term_string"}}],"inLanguage":"fr-FR"}]}},"_links":{"self":[{"href":"https:\/\/gozu.zone\/index.php?rest_route=\/wp\/v2\/product\/7917","targetHints":{"allow":["GET"]}}],"collection":[{"href":"https:\/\/gozu.zone\/index.php?rest_route=\/wp\/v2\/product"}],"about":[{"href":"https:\/\/gozu.zone\/index.php?rest_route=\/wp\/v2\/types\/product"}],"replies":[{"embeddable":true,"href":"https:\/\/gozu.zone\/index.php?rest_route=%2Fwp%2Fv2%2Fcomments&post=7917"}],"wp:featuredmedia":[{"embeddable":true,"href":"https:\/\/gozu.zone\/index.php?rest_route=\/wp\/v2\/media\/7918"}],"wp:attachment":[{"href":"https:\/\/gozu.zone\/index.php?rest_route=%2Fwp%2Fv2%2Fmedia&parent=7917"}],"wp:term":[{"taxonomy":"product_brand","embeddable":true,"href":"https:\/\/gozu.zone\/index.php?rest_route=%2Fwp%2Fv2%2Fproduct_brand&post=7917"},{"taxonomy":"product_cat","embeddable":true,"href":"https:\/\/gozu.zone\/index.php?rest_route=%2Fwp%2Fv2%2Fproduct_cat&post=7917"},{"taxonomy":"product_tag","embeddable":true,"href":"https:\/\/gozu.zone\/index.php?rest_route=%2Fwp%2Fv2%2Fproduct_tag&post=7917"}],"curies":[{"name":"wp","href":"https:\/\/api.w.org\/{rel}","templated":true}]}}