{"id":7941,"date":"2018-07-08T07:38:31","date_gmt":"2018-07-08T07:38:31","guid":{"rendered":"https:\/\/gozu.zone\/?post_type=product&#038;p=7941"},"modified":"2025-03-31T08:55:39","modified_gmt":"2025-03-31T08:55:39","slug":"51st-state-seconde-edition-vf","status":"publish","type":"product","link":"https:\/\/gozu.zone\/?product=51st-state-seconde-edition-vf","title":{"rendered":"51st State (Seconde \u00c9dition) &#8211; VF"},"content":{"rendered":"<div>\n<p><strong><em>51st State<\/em><\/strong>\u00a0est un jeu de cartes dans lequel vous contr\u00f4lez une des quatre puissances qui cherchent \u00e0 construire un nouveau pays. B\u00e2tissez des lieux, faites des affaires et envoyez vos ouvriers r\u00e9cup\u00e9rer des ressources et d\u00e9velopper de nouvelles capacit\u00e9s.<\/p>\n<p>Cette seconde \u00e9dition marque la renaissance de la gamme\u00a0<strong><em>51st State<\/em><\/strong>. Cette bo\u00eete contient 88 cartes du jeu de base original, 50 cartes de l\u2019extension\u00a0<em>Nouvelle \u00c8re<\/em>\u00a0et 50 cartes de l\u2019extension\u00a0<em>Hiver<\/em>. L\u2019ensemble des cartes a \u00e9t\u00e9 r\u00e9\u00e9quilibr\u00e9 pour offrir une exp\u00e9rience de jeu coh\u00e9rente, quelle que soit l\u2019extension que vous d\u00e9cidez d\u2019utiliser.<\/p>\n<p>&nbsp;<\/p>\n<\/div>\n<h2>R\u00e8gles du jeu 51st State<\/h2>\n<p>&nbsp;<\/p>\n<p style=\"text-align: center;\"><iframe loading=\"lazy\" src=\"https:\/\/player.trictrac.net\/embed\/51st_State_De_Lexplication?autoplay=0\" width=\"640\" height=\"360\" frameborder=\"0\" allowfullscreen=\"allowfullscreen\"><\/iframe><\/p>\n<div class=\"disclaimer material\">\n<h3>Contenu du jeu<\/h3>\n<ul>\n<li>200 cartes (63 x 88 mm\u00a0) :\n<ul>\n<li>88 cartes du jeu de base<\/li>\n<li>12 cartes Relations (6 de chaque couleur)<\/li>\n<li>50 cartes Nouvelle \u00c8re<\/li>\n<li>50 cartes Hiver<\/li>\n<\/ul>\n<\/li>\n<li>38 Ouvriers min.<\/li>\n<li>30 ressources Flingue min.<\/li>\n<li>30 ressources Essence min.<\/li>\n<li>30 ressources Ferraille min.<\/li>\n<li>30 ressources Brique min.<\/li>\n<li>13 pions Munitions<a href=\"http:\/\/pro.gozu.zone\/wp-content\/uploads\/2018\/07\/efpg5101_gallery_00.png\"><img loading=\"lazy\" decoding=\"async\" class=\"alignright wp-image-7943 \" src=\"http:\/\/pro.gozu.zone\/wp-content\/uploads\/2018\/07\/efpg5101_gallery_00.png\" alt=\"\" width=\"344\" height=\"180\" srcset=\"https:\/\/gozu.zone\/wp-content\/uploads\/2018\/07\/efpg5101_gallery_00.png 880w, https:\/\/gozu.zone\/wp-content\/uploads\/2018\/07\/efpg5101_gallery_00-510x267.png 510w, https:\/\/gozu.zone\/wp-content\/uploads\/2018\/07\/efpg5101_gallery_00-300x157.png 300w, https:\/\/gozu.zone\/wp-content\/uploads\/2018\/07\/efpg5101_gallery_00-768x401.png 768w, https:\/\/gozu.zone\/wp-content\/uploads\/2018\/07\/efpg5101_gallery_00-570x298.png 570w\" sizes=\"auto, (max-width: 344px) 100vw, 344px\" \/><\/a><\/li>\n<li>20 pions Contact rouges<\/li>\n<li>20 pions Contact bleus<\/li>\n<li>30 pions Contact gris<\/li>\n<li>7 pions Contact Universel<\/li>\n<li>9 pions D\u00e9veloppement<\/li>\n<li>4 pions Multiplicateur<\/li>\n<li>4 plateaux de faction<\/li>\n<li>1 plateau des scores<\/li>\n<li>4 marqueurs de score<\/li>\n<li>1 pion Premier joueur<\/li>\n<li>1 livret de r\u00e8gles<\/li>\n<\/ul>\n<\/div>\n","protected":false},"excerpt":{"rendered":"<p><strong>51st State<\/strong> est un jeu de cartes dans lequel vous contr\u00f4lez une des quatre puissances qui cherchent \u00e0 construire un nouveau pays. B\u00e2tissez des lieux, faites des affaires et envoyez vos ouvriers r\u00e9cup\u00e9rer des ressources et d\u00e9velopper de nouvelles capacit\u00e9s.<\/p>\n<ul>\n<li><strong>\u00c2ge<\/strong> : 14 ans et +<\/li>\n<li><strong>Dur\u00e9e<\/strong> : 1 \u00e0 2 h<\/li>\n<li><strong>Joueurs<\/strong> : 2\u00a0\u00e0 4<\/li>\n<\/ul>\n","protected":false},"featured_media":7942,"comment_status":"open","ping_status":"closed","template":"","meta":{"_acf_changed":false},"product_brand":[],"product_cat":[323,494,333,324],"product_tag":[177,383,516,429,566],"class_list":{"0":"post-7941","1":"product","2":"type-product","3":"status-publish","4":"has-post-thumbnail","6":"product_cat-jeux","7":"product_cat-jeux-de-societe","8":"product_cat-par-types","9":"product_cat-experts","10":"product_tag-cartes","11":"product_tag-combinaison","12":"product_tag-draft","13":"product_tag-guerre","14":"product_tag-science-fiction","15":"product_shipping_class-livraisonstandard_colis","17":"first","18":"outofstock","19":"sale","20":"taxable","21":"shipping-taxable","22":"purchasable","23":"product-type-simple"},"acf":[],"yoast_head":"<!-- This site is optimized with the Yoast SEO plugin v25.3 - https:\/\/yoast.com\/wordpress\/plugins\/seo\/ -->\n<title>Acheter 51st State (Seconde \u00c9dition) - VF - GOZU ZONE - Jeux et Accessoires<\/title>\n<meta name=\"robots\" content=\"index, follow, max-snippet:-1, max-image-preview:large, max-video-preview:-1\" \/>\n<link rel=\"canonical\" href=\"https:\/\/gozu.zone\/?product=51st-state-seconde-edition-vf\" \/>\n<meta property=\"og:locale\" content=\"fr_FR\" \/>\n<meta property=\"og:type\" content=\"article\" \/>\n<meta property=\"og:title\" content=\"Acheter 51st State (Seconde \u00c9dition) - VF - GOZU ZONE - Jeux et Accessoires\" \/>\n<meta property=\"og:description\" content=\"51st State est un jeu de cartes dans lequel vous contr\u00f4lez une des quatre puissances qui cherchent \u00e0 construire un nouveau pays. B\u00e2tissez des lieux, faites des affaires et envoyez vos ouvriers r\u00e9cup\u00e9rer des ressources et d\u00e9velopper de nouvelles capacit\u00e9s.   \u00c2ge : 14 ans et +  Dur\u00e9e : 1 \u00e0 2 h  Joueurs : 2\u00a0\u00e0 4\" \/>\n<meta property=\"og:url\" content=\"https:\/\/gozu.zone\/?product=51st-state-seconde-edition-vf\" \/>\n<meta property=\"og:site_name\" content=\"GOZU ZONE\" \/>\n<meta property=\"article:publisher\" content=\"https:\/\/www.facebook.com\/gozuzone\/\" \/>\n<meta property=\"article:modified_time\" content=\"2025-03-31T08:55:39+00:00\" \/>\n<meta property=\"og:image\" content=\"https:\/\/gozu.zone\/wp-content\/uploads\/2018\/07\/51ST-STATE.jpg\" \/>\n\t<meta property=\"og:image:width\" content=\"640\" \/>\n\t<meta property=\"og:image:height\" content=\"640\" \/>\n\t<meta property=\"og:image:type\" content=\"image\/jpeg\" \/>\n<meta name=\"twitter:card\" content=\"summary_large_image\" \/>\n<meta name=\"twitter:site\" content=\"@gozuzone\" \/>\n<meta name=\"twitter:label1\" content=\"Dur\u00e9e de lecture estim\u00e9e\" \/>\n\t<meta name=\"twitter:data1\" content=\"1 minute\" \/>\n<script type=\"application\/ld+json\" class=\"yoast-schema-graph\">{\"@context\":\"https:\/\/schema.org\",\"@graph\":[{\"@type\":\"WebPage\",\"@id\":\"https:\/\/gozu.zone\/?product=51st-state-seconde-edition-vf\",\"url\":\"https:\/\/gozu.zone\/?product=51st-state-seconde-edition-vf\",\"name\":\"Acheter 51st State (Seconde \u00c9dition) - VF - GOZU ZONE - Jeux et Accessoires\",\"isPartOf\":{\"@id\":\"https:\/\/gozu.zone\/#website\"},\"primaryImageOfPage\":{\"@id\":\"https:\/\/gozu.zone\/?product=51st-state-seconde-edition-vf#primaryimage\"},\"image\":{\"@id\":\"https:\/\/gozu.zone\/?product=51st-state-seconde-edition-vf#primaryimage\"},\"thumbnailUrl\":\"https:\/\/gozu.zone\/wp-content\/uploads\/2018\/07\/51ST-STATE.jpg\",\"datePublished\":\"2018-07-08T07:38:31+00:00\",\"dateModified\":\"2025-03-31T08:55:39+00:00\",\"breadcrumb\":{\"@id\":\"https:\/\/gozu.zone\/?product=51st-state-seconde-edition-vf#breadcrumb\"},\"inLanguage\":\"fr-FR\",\"potentialAction\":[{\"@type\":\"ReadAction\",\"target\":[\"https:\/\/gozu.zone\/?product=51st-state-seconde-edition-vf\"]}]},{\"@type\":\"ImageObject\",\"inLanguage\":\"fr-FR\",\"@id\":\"https:\/\/gozu.zone\/?product=51st-state-seconde-edition-vf#primaryimage\",\"url\":\"https:\/\/gozu.zone\/wp-content\/uploads\/2018\/07\/51ST-STATE.jpg\",\"contentUrl\":\"https:\/\/gozu.zone\/wp-content\/uploads\/2018\/07\/51ST-STATE.jpg\",\"width\":640,\"height\":640,\"caption\":\"51ST-STATE\"},{\"@type\":\"BreadcrumbList\",\"@id\":\"https:\/\/gozu.zone\/?product=51st-state-seconde-edition-vf#breadcrumb\",\"itemListElement\":[{\"@type\":\"ListItem\",\"position\":1,\"name\":\"Accueil\",\"item\":\"https:\/\/gozu.zone\/\"},{\"@type\":\"ListItem\",\"position\":2,\"name\":\"BOUTIQUE\",\"item\":\"https:\/\/gozu.zone\/?page_id=308\"},{\"@type\":\"ListItem\",\"position\":3,\"name\":\"51st State (Seconde \u00c9dition) &#8211; VF\"}]},{\"@type\":\"WebSite\",\"@id\":\"https:\/\/gozu.zone\/#website\",\"url\":\"https:\/\/gozu.zone\/\",\"name\":\"GOZU ZONE\",\"description\":\"Toujours plus pour vos jeux\",\"potentialAction\":[{\"@type\":\"SearchAction\",\"target\":{\"@type\":\"EntryPoint\",\"urlTemplate\":\"https:\/\/gozu.zone\/?s={search_term_string}\"},\"query-input\":{\"@type\":\"PropertyValueSpecification\",\"valueRequired\":true,\"valueName\":\"search_term_string\"}}],\"inLanguage\":\"fr-FR\"}]}<\/script>\n<!-- \/ Yoast SEO plugin. -->","yoast_head_json":{"title":"Acheter 51st State (Seconde \u00c9dition) - VF - GOZU ZONE - Jeux et Accessoires","robots":{"index":"index","follow":"follow","max-snippet":"max-snippet:-1","max-image-preview":"max-image-preview:large","max-video-preview":"max-video-preview:-1"},"canonical":"https:\/\/gozu.zone\/?product=51st-state-seconde-edition-vf","og_locale":"fr_FR","og_type":"article","og_title":"Acheter 51st State (Seconde \u00c9dition) - VF - GOZU ZONE - Jeux et Accessoires","og_description":"51st State est un jeu de cartes dans lequel vous contr\u00f4lez une des quatre puissances qui cherchent \u00e0 construire un nouveau pays. B\u00e2tissez des lieux, faites des affaires et envoyez vos ouvriers r\u00e9cup\u00e9rer des ressources et d\u00e9velopper de nouvelles capacit\u00e9s.   \u00c2ge : 14 ans et +  Dur\u00e9e : 1 \u00e0 2 h  Joueurs : 2\u00a0\u00e0 4","og_url":"https:\/\/gozu.zone\/?product=51st-state-seconde-edition-vf","og_site_name":"GOZU ZONE","article_publisher":"https:\/\/www.facebook.com\/gozuzone\/","article_modified_time":"2025-03-31T08:55:39+00:00","og_image":[{"width":640,"height":640,"url":"https:\/\/gozu.zone\/wp-content\/uploads\/2018\/07\/51ST-STATE.jpg","type":"image\/jpeg"}],"twitter_card":"summary_large_image","twitter_site":"@gozuzone","twitter_misc":{"Dur\u00e9e de lecture estim\u00e9e":"1 minute"},"schema":{"@context":"https:\/\/schema.org","@graph":[{"@type":"WebPage","@id":"https:\/\/gozu.zone\/?product=51st-state-seconde-edition-vf","url":"https:\/\/gozu.zone\/?product=51st-state-seconde-edition-vf","name":"Acheter 51st State (Seconde \u00c9dition) - VF - GOZU ZONE - Jeux et Accessoires","isPartOf":{"@id":"https:\/\/gozu.zone\/#website"},"primaryImageOfPage":{"@id":"https:\/\/gozu.zone\/?product=51st-state-seconde-edition-vf#primaryimage"},"image":{"@id":"https:\/\/gozu.zone\/?product=51st-state-seconde-edition-vf#primaryimage"},"thumbnailUrl":"https:\/\/gozu.zone\/wp-content\/uploads\/2018\/07\/51ST-STATE.jpg","datePublished":"2018-07-08T07:38:31+00:00","dateModified":"2025-03-31T08:55:39+00:00","breadcrumb":{"@id":"https:\/\/gozu.zone\/?product=51st-state-seconde-edition-vf#breadcrumb"},"inLanguage":"fr-FR","potentialAction":[{"@type":"ReadAction","target":["https:\/\/gozu.zone\/?product=51st-state-seconde-edition-vf"]}]},{"@type":"ImageObject","inLanguage":"fr-FR","@id":"https:\/\/gozu.zone\/?product=51st-state-seconde-edition-vf#primaryimage","url":"https:\/\/gozu.zone\/wp-content\/uploads\/2018\/07\/51ST-STATE.jpg","contentUrl":"https:\/\/gozu.zone\/wp-content\/uploads\/2018\/07\/51ST-STATE.jpg","width":640,"height":640,"caption":"51ST-STATE"},{"@type":"BreadcrumbList","@id":"https:\/\/gozu.zone\/?product=51st-state-seconde-edition-vf#breadcrumb","itemListElement":[{"@type":"ListItem","position":1,"name":"Accueil","item":"https:\/\/gozu.zone\/"},{"@type":"ListItem","position":2,"name":"BOUTIQUE","item":"https:\/\/gozu.zone\/?page_id=308"},{"@type":"ListItem","position":3,"name":"51st State (Seconde \u00c9dition) &#8211; VF"}]},{"@type":"WebSite","@id":"https:\/\/gozu.zone\/#website","url":"https:\/\/gozu.zone\/","name":"GOZU ZONE","description":"Toujours plus pour vos jeux","potentialAction":[{"@type":"SearchAction","target":{"@type":"EntryPoint","urlTemplate":"https:\/\/gozu.zone\/?s={search_term_string}"},"query-input":{"@type":"PropertyValueSpecification","valueRequired":true,"valueName":"search_term_string"}}],"inLanguage":"fr-FR"}]}},"_links":{"self":[{"href":"https:\/\/gozu.zone\/index.php?rest_route=\/wp\/v2\/product\/7941","targetHints":{"allow":["GET"]}}],"collection":[{"href":"https:\/\/gozu.zone\/index.php?rest_route=\/wp\/v2\/product"}],"about":[{"href":"https:\/\/gozu.zone\/index.php?rest_route=\/wp\/v2\/types\/product"}],"replies":[{"embeddable":true,"href":"https:\/\/gozu.zone\/index.php?rest_route=%2Fwp%2Fv2%2Fcomments&post=7941"}],"wp:featuredmedia":[{"embeddable":true,"href":"https:\/\/gozu.zone\/index.php?rest_route=\/wp\/v2\/media\/7942"}],"wp:attachment":[{"href":"https:\/\/gozu.zone\/index.php?rest_route=%2Fwp%2Fv2%2Fmedia&parent=7941"}],"wp:term":[{"taxonomy":"product_brand","embeddable":true,"href":"https:\/\/gozu.zone\/index.php?rest_route=%2Fwp%2Fv2%2Fproduct_brand&post=7941"},{"taxonomy":"product_cat","embeddable":true,"href":"https:\/\/gozu.zone\/index.php?rest_route=%2Fwp%2Fv2%2Fproduct_cat&post=7941"},{"taxonomy":"product_tag","embeddable":true,"href":"https:\/\/gozu.zone\/index.php?rest_route=%2Fwp%2Fv2%2Fproduct_tag&post=7941"}],"curies":[{"name":"wp","href":"https:\/\/api.w.org\/{rel}","templated":true}]}}