{"id":7965,"date":"2018-07-08T14:24:04","date_gmt":"2018-07-08T14:24:04","guid":{"rendered":"https:\/\/gozu.zone\/?post_type=product&#038;p=7965"},"modified":"2022-10-18T13:32:47","modified_gmt":"2022-10-18T13:32:47","slug":"ganymede","status":"publish","type":"product","link":"https:\/\/gozu.zone\/?product=ganymede","title":{"rendered":"Ganym\u00e8de"},"content":{"rendered":"<p>&nbsp;<\/p>\n<div style=\"background: black;\"><a href=\"http:\/\/pro.gozu.zone\/wp-content\/uploads\/2018\/07\/logo.png\"><img loading=\"lazy\" decoding=\"async\" class=\"aligncenter wp-image-7967 size-full\" src=\"http:\/\/pro.gozu.zone\/wp-content\/uploads\/2018\/07\/logo.png\" alt=\"\" width=\"585\" height=\"85\" srcset=\"https:\/\/gozu.zone\/wp-content\/uploads\/2018\/07\/logo.png 585w, https:\/\/gozu.zone\/wp-content\/uploads\/2018\/07\/logo-510x74.png 510w, https:\/\/gozu.zone\/wp-content\/uploads\/2018\/07\/logo-300x44.png 300w, https:\/\/gozu.zone\/wp-content\/uploads\/2018\/07\/logo-570x83.png 570w\" sizes=\"auto, (max-width: 585px) 100vw, 585px\" \/><\/a><\/div>\n<p>&nbsp;<\/p>\n<p class=\"paragraph\"><strong>Ganym\u00e8de<\/strong> est un jeu de d\u00e9veloppement et de construction de tableau pour 2 A 4 joueurs, d\u2019une dur\u00e9e de 10 minutes par joueur.<\/p>\n<p class=\"paragraph\">Cr\u00e9\u00e9 par Hope. S. Hwang et illustr\u00e9 par Oliver Mootoo, vous incarnez une Corporation du futur sp\u00e9cialis\u00e9e dans le transport de Colons de la Terre vers <strong>Ganym\u00e8de<\/strong>, o\u00f9 se trouve la base de lancement de Vaisseaux destin\u00e9s \u00e0 coloniser des plan\u00e8tes lointaines de la galaxie \u2026<\/p>\n<p class=\"paragraph\">Dans <strong>Ganym\u00e8de<\/strong>, les ressources (les Colons) ne sont pas d\u00e9pens\u00e9es mais d\u00e9plac\u00e9es d\u2019un lieu \u00e0 un autre gr\u00e2ce aux cartes Navette Spatiale utilis\u00e9es pendant la partie. Les Colons ne retournent dans la r\u00e9serve que lorsqu\u2019un Vaisseau de Colons d\u00e9colle, accordant ainsi des points de victoire aux joueurs.<\/p>\n<h2>Comment jouer<\/h2>\n<p class=\"paragraph\">A son tour le joueur actif effectue une action parmi les 2 suivantes :<\/p>\n<ul>\n<li>Recruter des Colons en pla\u00e7ant une tuile Colon au-dessus de son plateau personnel<\/li>\n<li>Utiliser une carte Navette pour faire voyager les Colons indiqu\u00e9s sur celle-ci vers Mars, puis vers Ganym\u00e8de<\/li>\n<li>D\u00e9fausser de 1 \u00e0 3 tuiles Colon pour effectuer de 1 \u00e0 3 Action Basiques (Recruter un Colon, Adapter un Colon, Transf\u00e9rer un Colon, Gagner de la R\u00e9putation, Piocher un Vaisseau de Colons)<\/li>\n<\/ul>\n<h2>Comment gagner<\/h2>\n<p class=\"paragraph\">La partie se termine lorsqu\u2019un joueur a fait d\u00e9coller son 4\u00e8me Vaisseau de Colons. Les joueurs additionnent les points des Vaisseaux de Colons qu\u2019ils ont fait d\u00e9coller, les points de leur piste de R\u00e9putation et 1 point par Colon sur les Vaisseaux de Colon qui n\u2019ont pas encore d\u00e9coll\u00e9. Le joueur avec le total le plus \u00e9lev\u00e9 remporte la partie !<\/p>\n<p>&nbsp;<\/p>\n<h2>Comment ranger et prot\u00e9ger Ganym\u00e8de<\/h2>\n<ul>\n<li><a href=\"http:\/\/pro.gozu.zone\/?product_cat=format-mini-europeen\" target=\"_blank\" rel=\"noopener noreferrer\">100 pochettes mini european<\/a><\/li>\n<li><a href=\"http:\/\/pro.gozu.zone\/?product=rangements-ganymede\" target=\"_blank\" rel=\"noopener noreferrer\">Organiseur GOZU ZONE<\/a><\/li>\n<\/ul>\n<h2><\/h2>\n<h2>R\u00e8gles du jeu <strong>Ganymede<\/strong><\/h2>\n<p>&nbsp;<\/p>\n<div class=\"disclaimer material\">\n<h3>Contenu du jeu<\/h3>\n<ul>\n<li>52 meeples Colon<\/li>\n<li>90 cartes Navette et Vaisseau de Colons<a href=\"http:\/\/pro.gozu.zone\/wp-content\/uploads\/2018\/07\/eclate.png\"><img loading=\"lazy\" decoding=\"async\" class=\"alignright wp-image-7966 \" src=\"http:\/\/pro.gozu.zone\/wp-content\/uploads\/2018\/07\/eclate.png\" alt=\"\" width=\"267\" height=\"229\" srcset=\"https:\/\/gozu.zone\/wp-content\/uploads\/2018\/07\/eclate.png 708w, https:\/\/gozu.zone\/wp-content\/uploads\/2018\/07\/eclate-510x437.png 510w, https:\/\/gozu.zone\/wp-content\/uploads\/2018\/07\/eclate-300x257.png 300w, https:\/\/gozu.zone\/wp-content\/uploads\/2018\/07\/eclate-570x489.png 570w\" sizes=\"auto, (max-width: 267px) 100vw, 267px\" \/><\/a><\/li>\n<li>4 Plateaux Individuels<\/li>\n<li>4 marqueurs de R\u00e9putation<\/li>\n<li>1 Livret de r\u00e8gles en 3 langues (anglais, cor\u00e9en, fran\u00e7ais)<\/li>\n<\/ul>\n<\/div>\n","protected":false},"excerpt":{"rendered":"<p>Pr\u00eat pour un d\u00e9part vers Ganym\u00e8de ?<\/p>\n<ul>\n<li><strong>\u00c2ge<\/strong> : 14\u00a0ans et +<\/li>\n<li><strong>Dur\u00e9e<\/strong> : 20 \u00e0 40 min<\/li>\n<li><strong>Joueurs<\/strong> : 2\u00a0\u00e0 4<\/li>\n<\/ul>\n","protected":false},"featured_media":7969,"comment_status":"open","ping_status":"closed","template":"","meta":{"_acf_changed":false},"product_brand":[],"product_cat":[560,323,494,361,333],"product_tag":[399,516,437,566],"class_list":{"0":"post-7965","1":"product","2":"type-product","3":"status-publish","4":"has-post-thumbnail","6":"product_cat-destockage","7":"product_cat-jeux","8":"product_cat-jeux-de-societe","9":"product_cat-familiaux","10":"product_cat-par-types","11":"product_tag-collection","12":"product_tag-draft","13":"product_tag-espace","14":"product_tag-science-fiction","15":"product_shipping_class-livraisonstandard_colis","17":"first","18":"instock","19":"sale","20":"taxable","21":"shipping-taxable","22":"purchasable","23":"product-type-simple"},"acf":[],"yoast_head":"<!-- This site is optimized with the Yoast SEO plugin v25.3 - https:\/\/yoast.com\/wordpress\/plugins\/seo\/ -->\n<title>Acheter Ganym\u00e8de - GOZU ZONE - Jeux et Accessoires<\/title>\n<meta name=\"robots\" content=\"index, follow, max-snippet:-1, max-image-preview:large, max-video-preview:-1\" \/>\n<link rel=\"canonical\" href=\"https:\/\/gozu.zone\/?product=ganymede\" \/>\n<meta property=\"og:locale\" content=\"fr_FR\" \/>\n<meta property=\"og:type\" content=\"article\" \/>\n<meta property=\"og:title\" content=\"Acheter Ganym\u00e8de - GOZU ZONE - Jeux et Accessoires\" \/>\n<meta property=\"og:description\" content=\"Pr\u00eat pour un d\u00e9part vers Ganym\u00e8de ?   \u00c2ge : 14\u00a0ans et +  Dur\u00e9e : 20 \u00e0 40 min  Joueurs : 2\u00a0\u00e0 4\" \/>\n<meta property=\"og:url\" content=\"https:\/\/gozu.zone\/?product=ganymede\" \/>\n<meta property=\"og:site_name\" content=\"GOZU ZONE\" \/>\n<meta property=\"article:publisher\" content=\"https:\/\/www.facebook.com\/gozuzone\/\" \/>\n<meta property=\"article:modified_time\" content=\"2022-10-18T13:32:47+00:00\" \/>\n<meta property=\"og:image\" content=\"https:\/\/gozu.zone\/wp-content\/uploads\/2018\/07\/ganymede.jpg\" \/>\n\t<meta property=\"og:image:width\" content=\"640\" \/>\n\t<meta property=\"og:image:height\" content=\"640\" \/>\n\t<meta property=\"og:image:type\" content=\"image\/jpeg\" \/>\n<meta name=\"twitter:card\" content=\"summary_large_image\" \/>\n<meta name=\"twitter:site\" content=\"@gozuzone\" \/>\n<meta name=\"twitter:label1\" content=\"Dur\u00e9e de lecture estim\u00e9e\" \/>\n\t<meta name=\"twitter:data1\" content=\"2 minutes\" \/>\n<script type=\"application\/ld+json\" class=\"yoast-schema-graph\">{\"@context\":\"https:\/\/schema.org\",\"@graph\":[{\"@type\":\"WebPage\",\"@id\":\"https:\/\/gozu.zone\/?product=ganymede\",\"url\":\"https:\/\/gozu.zone\/?product=ganymede\",\"name\":\"Acheter Ganym\u00e8de - GOZU ZONE - Jeux et Accessoires\",\"isPartOf\":{\"@id\":\"https:\/\/gozu.zone\/#website\"},\"primaryImageOfPage\":{\"@id\":\"https:\/\/gozu.zone\/?product=ganymede#primaryimage\"},\"image\":{\"@id\":\"https:\/\/gozu.zone\/?product=ganymede#primaryimage\"},\"thumbnailUrl\":\"https:\/\/gozu.zone\/wp-content\/uploads\/2018\/07\/ganymede.jpg\",\"datePublished\":\"2018-07-08T14:24:04+00:00\",\"dateModified\":\"2022-10-18T13:32:47+00:00\",\"breadcrumb\":{\"@id\":\"https:\/\/gozu.zone\/?product=ganymede#breadcrumb\"},\"inLanguage\":\"fr-FR\",\"potentialAction\":[{\"@type\":\"ReadAction\",\"target\":[\"https:\/\/gozu.zone\/?product=ganymede\"]}]},{\"@type\":\"ImageObject\",\"inLanguage\":\"fr-FR\",\"@id\":\"https:\/\/gozu.zone\/?product=ganymede#primaryimage\",\"url\":\"https:\/\/gozu.zone\/wp-content\/uploads\/2018\/07\/ganymede.jpg\",\"contentUrl\":\"https:\/\/gozu.zone\/wp-content\/uploads\/2018\/07\/ganymede.jpg\",\"width\":640,\"height\":640},{\"@type\":\"BreadcrumbList\",\"@id\":\"https:\/\/gozu.zone\/?product=ganymede#breadcrumb\",\"itemListElement\":[{\"@type\":\"ListItem\",\"position\":1,\"name\":\"Accueil\",\"item\":\"https:\/\/gozu.zone\/\"},{\"@type\":\"ListItem\",\"position\":2,\"name\":\"BOUTIQUE\",\"item\":\"https:\/\/gozu.zone\/?page_id=308\"},{\"@type\":\"ListItem\",\"position\":3,\"name\":\"Ganym\u00e8de\"}]},{\"@type\":\"WebSite\",\"@id\":\"https:\/\/gozu.zone\/#website\",\"url\":\"https:\/\/gozu.zone\/\",\"name\":\"GOZU ZONE\",\"description\":\"Toujours plus pour vos jeux\",\"potentialAction\":[{\"@type\":\"SearchAction\",\"target\":{\"@type\":\"EntryPoint\",\"urlTemplate\":\"https:\/\/gozu.zone\/?s={search_term_string}\"},\"query-input\":{\"@type\":\"PropertyValueSpecification\",\"valueRequired\":true,\"valueName\":\"search_term_string\"}}],\"inLanguage\":\"fr-FR\"}]}<\/script>\n<!-- \/ Yoast SEO plugin. -->","yoast_head_json":{"title":"Acheter Ganym\u00e8de - GOZU ZONE - Jeux et Accessoires","robots":{"index":"index","follow":"follow","max-snippet":"max-snippet:-1","max-image-preview":"max-image-preview:large","max-video-preview":"max-video-preview:-1"},"canonical":"https:\/\/gozu.zone\/?product=ganymede","og_locale":"fr_FR","og_type":"article","og_title":"Acheter Ganym\u00e8de - GOZU ZONE - Jeux et Accessoires","og_description":"Pr\u00eat pour un d\u00e9part vers Ganym\u00e8de ?   \u00c2ge : 14\u00a0ans et +  Dur\u00e9e : 20 \u00e0 40 min  Joueurs : 2\u00a0\u00e0 4","og_url":"https:\/\/gozu.zone\/?product=ganymede","og_site_name":"GOZU ZONE","article_publisher":"https:\/\/www.facebook.com\/gozuzone\/","article_modified_time":"2022-10-18T13:32:47+00:00","og_image":[{"width":640,"height":640,"url":"https:\/\/gozu.zone\/wp-content\/uploads\/2018\/07\/ganymede.jpg","type":"image\/jpeg"}],"twitter_card":"summary_large_image","twitter_site":"@gozuzone","twitter_misc":{"Dur\u00e9e de lecture estim\u00e9e":"2 minutes"},"schema":{"@context":"https:\/\/schema.org","@graph":[{"@type":"WebPage","@id":"https:\/\/gozu.zone\/?product=ganymede","url":"https:\/\/gozu.zone\/?product=ganymede","name":"Acheter Ganym\u00e8de - GOZU ZONE - Jeux et Accessoires","isPartOf":{"@id":"https:\/\/gozu.zone\/#website"},"primaryImageOfPage":{"@id":"https:\/\/gozu.zone\/?product=ganymede#primaryimage"},"image":{"@id":"https:\/\/gozu.zone\/?product=ganymede#primaryimage"},"thumbnailUrl":"https:\/\/gozu.zone\/wp-content\/uploads\/2018\/07\/ganymede.jpg","datePublished":"2018-07-08T14:24:04+00:00","dateModified":"2022-10-18T13:32:47+00:00","breadcrumb":{"@id":"https:\/\/gozu.zone\/?product=ganymede#breadcrumb"},"inLanguage":"fr-FR","potentialAction":[{"@type":"ReadAction","target":["https:\/\/gozu.zone\/?product=ganymede"]}]},{"@type":"ImageObject","inLanguage":"fr-FR","@id":"https:\/\/gozu.zone\/?product=ganymede#primaryimage","url":"https:\/\/gozu.zone\/wp-content\/uploads\/2018\/07\/ganymede.jpg","contentUrl":"https:\/\/gozu.zone\/wp-content\/uploads\/2018\/07\/ganymede.jpg","width":640,"height":640},{"@type":"BreadcrumbList","@id":"https:\/\/gozu.zone\/?product=ganymede#breadcrumb","itemListElement":[{"@type":"ListItem","position":1,"name":"Accueil","item":"https:\/\/gozu.zone\/"},{"@type":"ListItem","position":2,"name":"BOUTIQUE","item":"https:\/\/gozu.zone\/?page_id=308"},{"@type":"ListItem","position":3,"name":"Ganym\u00e8de"}]},{"@type":"WebSite","@id":"https:\/\/gozu.zone\/#website","url":"https:\/\/gozu.zone\/","name":"GOZU ZONE","description":"Toujours plus pour vos jeux","potentialAction":[{"@type":"SearchAction","target":{"@type":"EntryPoint","urlTemplate":"https:\/\/gozu.zone\/?s={search_term_string}"},"query-input":{"@type":"PropertyValueSpecification","valueRequired":true,"valueName":"search_term_string"}}],"inLanguage":"fr-FR"}]}},"_links":{"self":[{"href":"https:\/\/gozu.zone\/index.php?rest_route=\/wp\/v2\/product\/7965","targetHints":{"allow":["GET"]}}],"collection":[{"href":"https:\/\/gozu.zone\/index.php?rest_route=\/wp\/v2\/product"}],"about":[{"href":"https:\/\/gozu.zone\/index.php?rest_route=\/wp\/v2\/types\/product"}],"replies":[{"embeddable":true,"href":"https:\/\/gozu.zone\/index.php?rest_route=%2Fwp%2Fv2%2Fcomments&post=7965"}],"wp:featuredmedia":[{"embeddable":true,"href":"https:\/\/gozu.zone\/index.php?rest_route=\/wp\/v2\/media\/7969"}],"wp:attachment":[{"href":"https:\/\/gozu.zone\/index.php?rest_route=%2Fwp%2Fv2%2Fmedia&parent=7965"}],"wp:term":[{"taxonomy":"product_brand","embeddable":true,"href":"https:\/\/gozu.zone\/index.php?rest_route=%2Fwp%2Fv2%2Fproduct_brand&post=7965"},{"taxonomy":"product_cat","embeddable":true,"href":"https:\/\/gozu.zone\/index.php?rest_route=%2Fwp%2Fv2%2Fproduct_cat&post=7965"},{"taxonomy":"product_tag","embeddable":true,"href":"https:\/\/gozu.zone\/index.php?rest_route=%2Fwp%2Fv2%2Fproduct_tag&post=7965"}],"curies":[{"name":"wp","href":"https:\/\/api.w.org\/{rel}","templated":true}]}}