{"id":8045,"date":"2018-08-11T16:18:41","date_gmt":"2018-08-11T16:18:41","guid":{"rendered":"https:\/\/gozu.zone\/?post_type=product&#038;p=8045"},"modified":"2019-05-18T20:19:05","modified_gmt":"2019-05-18T20:19:05","slug":"u-s-telegraph","status":"publish","type":"product","link":"https:\/\/gozu.zone\/?product=u-s-telegraph","title":{"rendered":"U.S. TELEGRAPH"},"content":{"rendered":"<div>\n<p><a href=\"http:\/\/pro.gozu.zone\/wp-content\/uploads\/2018\/08\/UST-logo.png\"><img loading=\"lazy\" decoding=\"async\" class=\"aligncenter wp-image-8049 \" src=\"http:\/\/pro.gozu.zone\/wp-content\/uploads\/2018\/08\/UST-logo.png\" alt=\"\" width=\"301\" height=\"172\" srcset=\"https:\/\/gozu.zone\/wp-content\/uploads\/2018\/08\/UST-logo.png 500w, https:\/\/gozu.zone\/wp-content\/uploads\/2018\/08\/UST-logo-300x172.png 300w\" sizes=\"auto, (max-width: 301px) 100vw, 301px\" \/><\/a>Nous sommes au XIX\u00e8me si\u00e8cle aux Etats-Unis et un projet gigantesque de construction d\u2019un t\u00e9l\u00e9graphe reliant la Californie et le reste du pays est lanc\u00e9.<\/p>\n<p>Chaque joueur, \u00e0 la t\u00eate d\u2019une compagnie d\u2019investissement, va participer au d\u00e9veloppement de sa ville en finan\u00e7ant de nouveaux projets de construction, en participant \u00e0 l\u2019\u00e9dification de nouveaux tron\u00e7ons de chemin de fer et au d\u00e9veloppement du Transcontinental Telegraph<\/p>\n<p>&nbsp;<\/p>\n<\/div>\n<h2>R\u00e8gles du jeu U.S. TELEGRAPH<\/h2>\n<p>&nbsp;<\/p>\n<p style=\"text-align: center;\"><iframe loading=\"lazy\" src=\"https:\/\/www.youtube.com\/embed\/ZH9F5pr9WUA\" width=\"560\" height=\"315\" frameborder=\"0\" allowfullscreen=\"allowfullscreen\"><\/iframe><\/p>\n","protected":false},"excerpt":{"rendered":"<p>Nous sommes au XIX\u00e8me si\u00e8cle aux Etats-Unis et un projet gigantesque de construction d\u2019un t\u00e9l\u00e9graphe reliant la Californie et le reste du pays est lanc\u00e9.<\/p>\n<ul>\n<li><strong>\u00c2ge<\/strong> : 10 ans et +<\/li>\n<li><strong>Dur\u00e9e<\/strong> : 30 \u00e0 60 min<\/li>\n<li><strong>Joueurs<\/strong> : 2\u00a0\u00e0 4<\/li>\n<\/ul>\n","protected":false},"featured_media":8050,"comment_status":"open","ping_status":"closed","template":"","meta":{"_acf_changed":false},"product_brand":[],"product_cat":[323,494,361,333],"product_tag":[669,344],"class_list":{"0":"post-8045","1":"product","2":"type-product","3":"status-publish","4":"has-post-thumbnail","6":"product_cat-jeux","7":"product_cat-jeux-de-societe","8":"product_cat-familiaux","9":"product_cat-par-types","10":"product_tag-gestion","11":"product_tag-placement","12":"product_shipping_class-livraisonstandard_colis","14":"first","15":"instock","16":"sale","17":"taxable","18":"shipping-taxable","19":"purchasable","20":"product-type-simple"},"acf":[],"yoast_head":"<!-- This site is optimized with the Yoast SEO plugin v25.3 - https:\/\/yoast.com\/wordpress\/plugins\/seo\/ -->\n<title>Acheter U.S. TELEGRAPH - GOZU ZONE - Jeux et Accessoires<\/title>\n<meta name=\"robots\" content=\"index, follow, max-snippet:-1, max-image-preview:large, max-video-preview:-1\" \/>\n<link rel=\"canonical\" href=\"https:\/\/gozu.zone\/?product=u-s-telegraph\" \/>\n<meta property=\"og:locale\" content=\"fr_FR\" \/>\n<meta property=\"og:type\" content=\"article\" \/>\n<meta property=\"og:title\" content=\"Acheter U.S. TELEGRAPH - GOZU ZONE - Jeux et Accessoires\" \/>\n<meta property=\"og:description\" content=\"Nous sommes au XIX\u00e8me si\u00e8cle aux Etats-Unis et un projet gigantesque de construction d\u2019un t\u00e9l\u00e9graphe reliant la Californie et le reste du pays est lanc\u00e9.   \u00c2ge : 10 ans et +  Dur\u00e9e : 30 \u00e0 60 min  Joueurs : 2\u00a0\u00e0 4\" \/>\n<meta property=\"og:url\" content=\"https:\/\/gozu.zone\/?product=u-s-telegraph\" \/>\n<meta property=\"og:site_name\" content=\"GOZU ZONE\" \/>\n<meta property=\"article:publisher\" content=\"https:\/\/www.facebook.com\/gozuzone\/\" \/>\n<meta property=\"article:modified_time\" content=\"2019-05-18T20:19:05+00:00\" \/>\n<meta property=\"og:image\" content=\"https:\/\/gozu.zone\/wp-content\/uploads\/2018\/08\/USTELEGRAPHE-BOITE.jpg\" \/>\n\t<meta property=\"og:image:width\" content=\"450\" \/>\n\t<meta property=\"og:image:height\" content=\"450\" \/>\n\t<meta property=\"og:image:type\" content=\"image\/jpeg\" \/>\n<meta name=\"twitter:card\" content=\"summary_large_image\" \/>\n<meta name=\"twitter:site\" content=\"@gozuzone\" \/>\n<script type=\"application\/ld+json\" class=\"yoast-schema-graph\">{\"@context\":\"https:\/\/schema.org\",\"@graph\":[{\"@type\":\"WebPage\",\"@id\":\"https:\/\/gozu.zone\/?product=u-s-telegraph\",\"url\":\"https:\/\/gozu.zone\/?product=u-s-telegraph\",\"name\":\"Acheter U.S. TELEGRAPH - GOZU ZONE - Jeux et Accessoires\",\"isPartOf\":{\"@id\":\"https:\/\/gozu.zone\/#website\"},\"primaryImageOfPage\":{\"@id\":\"https:\/\/gozu.zone\/?product=u-s-telegraph#primaryimage\"},\"image\":{\"@id\":\"https:\/\/gozu.zone\/?product=u-s-telegraph#primaryimage\"},\"thumbnailUrl\":\"https:\/\/gozu.zone\/wp-content\/uploads\/2018\/08\/USTELEGRAPHE-BOITE.jpg\",\"datePublished\":\"2018-08-11T16:18:41+00:00\",\"dateModified\":\"2019-05-18T20:19:05+00:00\",\"breadcrumb\":{\"@id\":\"https:\/\/gozu.zone\/?product=u-s-telegraph#breadcrumb\"},\"inLanguage\":\"fr-FR\",\"potentialAction\":[{\"@type\":\"ReadAction\",\"target\":[\"https:\/\/gozu.zone\/?product=u-s-telegraph\"]}]},{\"@type\":\"ImageObject\",\"inLanguage\":\"fr-FR\",\"@id\":\"https:\/\/gozu.zone\/?product=u-s-telegraph#primaryimage\",\"url\":\"https:\/\/gozu.zone\/wp-content\/uploads\/2018\/08\/USTELEGRAPHE-BOITE.jpg\",\"contentUrl\":\"https:\/\/gozu.zone\/wp-content\/uploads\/2018\/08\/USTELEGRAPHE-BOITE.jpg\",\"width\":450,\"height\":450},{\"@type\":\"BreadcrumbList\",\"@id\":\"https:\/\/gozu.zone\/?product=u-s-telegraph#breadcrumb\",\"itemListElement\":[{\"@type\":\"ListItem\",\"position\":1,\"name\":\"Accueil\",\"item\":\"https:\/\/gozu.zone\/\"},{\"@type\":\"ListItem\",\"position\":2,\"name\":\"BOUTIQUE\",\"item\":\"https:\/\/gozu.zone\/?page_id=308\"},{\"@type\":\"ListItem\",\"position\":3,\"name\":\"U.S. TELEGRAPH\"}]},{\"@type\":\"WebSite\",\"@id\":\"https:\/\/gozu.zone\/#website\",\"url\":\"https:\/\/gozu.zone\/\",\"name\":\"GOZU ZONE\",\"description\":\"Toujours plus pour vos jeux\",\"potentialAction\":[{\"@type\":\"SearchAction\",\"target\":{\"@type\":\"EntryPoint\",\"urlTemplate\":\"https:\/\/gozu.zone\/?s={search_term_string}\"},\"query-input\":{\"@type\":\"PropertyValueSpecification\",\"valueRequired\":true,\"valueName\":\"search_term_string\"}}],\"inLanguage\":\"fr-FR\"}]}<\/script>\n<!-- \/ Yoast SEO plugin. -->","yoast_head_json":{"title":"Acheter U.S. TELEGRAPH - GOZU ZONE - Jeux et Accessoires","robots":{"index":"index","follow":"follow","max-snippet":"max-snippet:-1","max-image-preview":"max-image-preview:large","max-video-preview":"max-video-preview:-1"},"canonical":"https:\/\/gozu.zone\/?product=u-s-telegraph","og_locale":"fr_FR","og_type":"article","og_title":"Acheter U.S. TELEGRAPH - GOZU ZONE - Jeux et Accessoires","og_description":"Nous sommes au XIX\u00e8me si\u00e8cle aux Etats-Unis et un projet gigantesque de construction d\u2019un t\u00e9l\u00e9graphe reliant la Californie et le reste du pays est lanc\u00e9.   \u00c2ge : 10 ans et +  Dur\u00e9e : 30 \u00e0 60 min  Joueurs : 2\u00a0\u00e0 4","og_url":"https:\/\/gozu.zone\/?product=u-s-telegraph","og_site_name":"GOZU ZONE","article_publisher":"https:\/\/www.facebook.com\/gozuzone\/","article_modified_time":"2019-05-18T20:19:05+00:00","og_image":[{"width":450,"height":450,"url":"https:\/\/gozu.zone\/wp-content\/uploads\/2018\/08\/USTELEGRAPHE-BOITE.jpg","type":"image\/jpeg"}],"twitter_card":"summary_large_image","twitter_site":"@gozuzone","schema":{"@context":"https:\/\/schema.org","@graph":[{"@type":"WebPage","@id":"https:\/\/gozu.zone\/?product=u-s-telegraph","url":"https:\/\/gozu.zone\/?product=u-s-telegraph","name":"Acheter U.S. TELEGRAPH - GOZU ZONE - Jeux et Accessoires","isPartOf":{"@id":"https:\/\/gozu.zone\/#website"},"primaryImageOfPage":{"@id":"https:\/\/gozu.zone\/?product=u-s-telegraph#primaryimage"},"image":{"@id":"https:\/\/gozu.zone\/?product=u-s-telegraph#primaryimage"},"thumbnailUrl":"https:\/\/gozu.zone\/wp-content\/uploads\/2018\/08\/USTELEGRAPHE-BOITE.jpg","datePublished":"2018-08-11T16:18:41+00:00","dateModified":"2019-05-18T20:19:05+00:00","breadcrumb":{"@id":"https:\/\/gozu.zone\/?product=u-s-telegraph#breadcrumb"},"inLanguage":"fr-FR","potentialAction":[{"@type":"ReadAction","target":["https:\/\/gozu.zone\/?product=u-s-telegraph"]}]},{"@type":"ImageObject","inLanguage":"fr-FR","@id":"https:\/\/gozu.zone\/?product=u-s-telegraph#primaryimage","url":"https:\/\/gozu.zone\/wp-content\/uploads\/2018\/08\/USTELEGRAPHE-BOITE.jpg","contentUrl":"https:\/\/gozu.zone\/wp-content\/uploads\/2018\/08\/USTELEGRAPHE-BOITE.jpg","width":450,"height":450},{"@type":"BreadcrumbList","@id":"https:\/\/gozu.zone\/?product=u-s-telegraph#breadcrumb","itemListElement":[{"@type":"ListItem","position":1,"name":"Accueil","item":"https:\/\/gozu.zone\/"},{"@type":"ListItem","position":2,"name":"BOUTIQUE","item":"https:\/\/gozu.zone\/?page_id=308"},{"@type":"ListItem","position":3,"name":"U.S. TELEGRAPH"}]},{"@type":"WebSite","@id":"https:\/\/gozu.zone\/#website","url":"https:\/\/gozu.zone\/","name":"GOZU ZONE","description":"Toujours plus pour vos jeux","potentialAction":[{"@type":"SearchAction","target":{"@type":"EntryPoint","urlTemplate":"https:\/\/gozu.zone\/?s={search_term_string}"},"query-input":{"@type":"PropertyValueSpecification","valueRequired":true,"valueName":"search_term_string"}}],"inLanguage":"fr-FR"}]}},"_links":{"self":[{"href":"https:\/\/gozu.zone\/index.php?rest_route=\/wp\/v2\/product\/8045","targetHints":{"allow":["GET"]}}],"collection":[{"href":"https:\/\/gozu.zone\/index.php?rest_route=\/wp\/v2\/product"}],"about":[{"href":"https:\/\/gozu.zone\/index.php?rest_route=\/wp\/v2\/types\/product"}],"replies":[{"embeddable":true,"href":"https:\/\/gozu.zone\/index.php?rest_route=%2Fwp%2Fv2%2Fcomments&post=8045"}],"wp:featuredmedia":[{"embeddable":true,"href":"https:\/\/gozu.zone\/index.php?rest_route=\/wp\/v2\/media\/8050"}],"wp:attachment":[{"href":"https:\/\/gozu.zone\/index.php?rest_route=%2Fwp%2Fv2%2Fmedia&parent=8045"}],"wp:term":[{"taxonomy":"product_brand","embeddable":true,"href":"https:\/\/gozu.zone\/index.php?rest_route=%2Fwp%2Fv2%2Fproduct_brand&post=8045"},{"taxonomy":"product_cat","embeddable":true,"href":"https:\/\/gozu.zone\/index.php?rest_route=%2Fwp%2Fv2%2Fproduct_cat&post=8045"},{"taxonomy":"product_tag","embeddable":true,"href":"https:\/\/gozu.zone\/index.php?rest_route=%2Fwp%2Fv2%2Fproduct_tag&post=8045"}],"curies":[{"name":"wp","href":"https:\/\/api.w.org\/{rel}","templated":true}]}}