{"id":8051,"date":"2018-08-11T17:20:48","date_gmt":"2018-08-11T17:20:48","guid":{"rendered":"https:\/\/gozu.zone\/?post_type=product&#038;p=8051"},"modified":"2024-05-14T18:26:27","modified_gmt":"2024-05-14T18:26:27","slug":"flipships","status":"publish","type":"product","link":"https:\/\/gozu.zone\/?product=flipships","title":{"rendered":"FLIPSHIPS"},"content":{"rendered":"<p>Nous sommes tomb\u00e9s dans leur pi\u00e8ge\u2026 Le Vaisseau-m\u00e8re a surgi de nulle part, son ombre gigantesque \u00e9crasant la Cit\u00e9. En quelques secondes, vague apr\u00e8s vague, des chasseurs en sont sortis, emplissant le ciel tout entier. Nous lan\u00e7ons nos vaisseaux, ceux qui sont pr\u00eats, mais ils sont bien peu nombreux. Nos pilotes se battent comme des lions, d\u00e9fendent la plan\u00e8te, pendant que nous affr\u00e9tons le reste de la flotte. Le ciel est cribl\u00e9 d\u2019explosions, nous essuyons des tirs, mais nous n\u2019abandonnerons pas. Et vous ? <strong>FLIPSHIPS<\/strong> est un jeu de coop\u00e9ration et d\u2019adresse dans lequel les joueurs endossent le r\u00f4le de courageux pilotes qui d\u00e9fendent leur plan\u00e8te contre une pluie de feu meurtri\u00e8re. Lancez vos vaisseaux, \u00e9liminez les envahisseurs et terrassez le puissant Vaisseau-m\u00e8re avant qu\u2019il ne soit trop tard !<\/p>\n<h2>R\u00e8gles du jeu FLIPSHIPS<\/h2>\n<p>&nbsp;<\/p>\n<p style=\"text-align: center;\"><iframe loading=\"lazy\" src=\"https:\/\/www.youtube.com\/embed\/XVyEj5lXvXk\" width=\"740\" height=\"450\" frameborder=\"0\" allowfullscreen=\"allowfullscreen\"><\/iframe><\/p>\n<div class=\"disclaimer material\">\n<h3>Contenu du jeu<\/h3>\n<ul>\n<li>28 disques Vaisseau<\/li>\n<li>12 cartes Pilotage<\/li>\n<li>60 cartes Ennemie<\/li>\n<li>1 carte Syst\u00e8me de vis\u00e9e<\/li>\n<li>1 tuile Plateforme d\u2019appontage<\/li>\n<li>1 Vaisseau-M\u00e8re ennemie<\/li>\n<li>6 tuiles puzzle Zone de bataille (recto-verso)<\/li>\n<li>1 marqueur de Sant\u00e9 Cit\u00e9<\/li>\n<li>1 marquer de Sant\u00e9 Vaisseau-M\u00e8re<\/li>\n<li>1 marqueur Ordre du tour<\/li>\n<li>1 Plateforme de lancement<\/li>\n<li>1 livret de r\u00e8gles<\/li>\n<\/ul>\n<\/div>\n","protected":false},"excerpt":{"rendered":"<p>De courageux pilotes organisent la d\u00e9fense de leur plan\u00e8te en repoussant les vagues d\u2019appareils ennemis et leur vaisseau-m\u00e8re.<\/p>\n<ul>\n<li><strong>\u00c2ge<\/strong> : 8 ans et +<\/li>\n<li><strong>Dur\u00e9e<\/strong> : 30 min<\/li>\n<li><strong>Joueurs<\/strong> : 1\u00a0\u00e0 4<\/li>\n<\/ul>\n","protected":false},"featured_media":8052,"comment_status":"open","ping_status":"closed","template":"","meta":{"_acf_changed":false},"product_brand":[],"product_cat":[323,494,361,333],"product_tag":[605,437,615],"class_list":{"0":"post-8051","1":"product","2":"type-product","3":"status-publish","4":"has-post-thumbnail","6":"product_cat-jeux","7":"product_cat-jeux-de-societe","8":"product_cat-familiaux","9":"product_cat-par-types","10":"product_tag-dexterite","11":"product_tag-espace","12":"product_tag-vaisseau","13":"product_shipping_class-livraisonstandard_colis","15":"first","16":"instock","17":"sale","18":"taxable","19":"shipping-taxable","20":"purchasable","21":"product-type-simple"},"acf":[],"yoast_head":"<!-- This site is optimized with the Yoast SEO plugin v25.3 - https:\/\/yoast.com\/wordpress\/plugins\/seo\/ -->\n<title>Acheter FLIPSHIPS - GOZU ZONE - Jeux et Accessoires<\/title>\n<meta name=\"robots\" content=\"index, follow, max-snippet:-1, max-image-preview:large, max-video-preview:-1\" \/>\n<link rel=\"canonical\" href=\"https:\/\/gozu.zone\/?product=flipships\" \/>\n<meta property=\"og:locale\" content=\"fr_FR\" \/>\n<meta property=\"og:type\" content=\"article\" \/>\n<meta property=\"og:title\" content=\"Acheter FLIPSHIPS - GOZU ZONE - Jeux et Accessoires\" \/>\n<meta property=\"og:description\" content=\"De courageux pilotes organisent la d\u00e9fense de leur plan\u00e8te en repoussant les vagues d\u2019appareils ennemis et leur vaisseau-m\u00e8re.    \u00c2ge : 8 ans et +  Dur\u00e9e : 30 min  Joueurs : 1\u00a0\u00e0 4\" \/>\n<meta property=\"og:url\" content=\"https:\/\/gozu.zone\/?product=flipships\" \/>\n<meta property=\"og:site_name\" content=\"GOZU ZONE\" \/>\n<meta property=\"article:publisher\" content=\"https:\/\/www.facebook.com\/gozuzone\/\" \/>\n<meta property=\"article:modified_time\" content=\"2024-05-14T18:26:27+00:00\" \/>\n<meta property=\"og:image\" content=\"https:\/\/gozu.zone\/wp-content\/uploads\/2018\/08\/flipship.jpg\" \/>\n\t<meta property=\"og:image:width\" content=\"400\" \/>\n\t<meta property=\"og:image:height\" content=\"400\" \/>\n\t<meta property=\"og:image:type\" content=\"image\/jpeg\" \/>\n<meta name=\"twitter:card\" content=\"summary_large_image\" \/>\n<meta name=\"twitter:site\" content=\"@gozuzone\" \/>\n<meta name=\"twitter:label1\" content=\"Dur\u00e9e de lecture estim\u00e9e\" \/>\n\t<meta name=\"twitter:data1\" content=\"1 minute\" \/>\n<script type=\"application\/ld+json\" class=\"yoast-schema-graph\">{\"@context\":\"https:\/\/schema.org\",\"@graph\":[{\"@type\":\"WebPage\",\"@id\":\"https:\/\/gozu.zone\/?product=flipships\",\"url\":\"https:\/\/gozu.zone\/?product=flipships\",\"name\":\"Acheter FLIPSHIPS - GOZU ZONE - Jeux et Accessoires\",\"isPartOf\":{\"@id\":\"https:\/\/gozu.zone\/#website\"},\"primaryImageOfPage\":{\"@id\":\"https:\/\/gozu.zone\/?product=flipships#primaryimage\"},\"image\":{\"@id\":\"https:\/\/gozu.zone\/?product=flipships#primaryimage\"},\"thumbnailUrl\":\"https:\/\/gozu.zone\/wp-content\/uploads\/2018\/08\/flipship.jpg\",\"datePublished\":\"2018-08-11T17:20:48+00:00\",\"dateModified\":\"2024-05-14T18:26:27+00:00\",\"breadcrumb\":{\"@id\":\"https:\/\/gozu.zone\/?product=flipships#breadcrumb\"},\"inLanguage\":\"fr-FR\",\"potentialAction\":[{\"@type\":\"ReadAction\",\"target\":[\"https:\/\/gozu.zone\/?product=flipships\"]}]},{\"@type\":\"ImageObject\",\"inLanguage\":\"fr-FR\",\"@id\":\"https:\/\/gozu.zone\/?product=flipships#primaryimage\",\"url\":\"https:\/\/gozu.zone\/wp-content\/uploads\/2018\/08\/flipship.jpg\",\"contentUrl\":\"https:\/\/gozu.zone\/wp-content\/uploads\/2018\/08\/flipship.jpg\",\"width\":400,\"height\":400},{\"@type\":\"BreadcrumbList\",\"@id\":\"https:\/\/gozu.zone\/?product=flipships#breadcrumb\",\"itemListElement\":[{\"@type\":\"ListItem\",\"position\":1,\"name\":\"Accueil\",\"item\":\"https:\/\/gozu.zone\/\"},{\"@type\":\"ListItem\",\"position\":2,\"name\":\"BOUTIQUE\",\"item\":\"https:\/\/gozu.zone\/?page_id=308\"},{\"@type\":\"ListItem\",\"position\":3,\"name\":\"FLIPSHIPS\"}]},{\"@type\":\"WebSite\",\"@id\":\"https:\/\/gozu.zone\/#website\",\"url\":\"https:\/\/gozu.zone\/\",\"name\":\"GOZU ZONE\",\"description\":\"Toujours plus pour vos jeux\",\"potentialAction\":[{\"@type\":\"SearchAction\",\"target\":{\"@type\":\"EntryPoint\",\"urlTemplate\":\"https:\/\/gozu.zone\/?s={search_term_string}\"},\"query-input\":{\"@type\":\"PropertyValueSpecification\",\"valueRequired\":true,\"valueName\":\"search_term_string\"}}],\"inLanguage\":\"fr-FR\"}]}<\/script>\n<!-- \/ Yoast SEO plugin. -->","yoast_head_json":{"title":"Acheter FLIPSHIPS - GOZU ZONE - Jeux et Accessoires","robots":{"index":"index","follow":"follow","max-snippet":"max-snippet:-1","max-image-preview":"max-image-preview:large","max-video-preview":"max-video-preview:-1"},"canonical":"https:\/\/gozu.zone\/?product=flipships","og_locale":"fr_FR","og_type":"article","og_title":"Acheter FLIPSHIPS - GOZU ZONE - Jeux et Accessoires","og_description":"De courageux pilotes organisent la d\u00e9fense de leur plan\u00e8te en repoussant les vagues d\u2019appareils ennemis et leur vaisseau-m\u00e8re.    \u00c2ge : 8 ans et +  Dur\u00e9e : 30 min  Joueurs : 1\u00a0\u00e0 4","og_url":"https:\/\/gozu.zone\/?product=flipships","og_site_name":"GOZU ZONE","article_publisher":"https:\/\/www.facebook.com\/gozuzone\/","article_modified_time":"2024-05-14T18:26:27+00:00","og_image":[{"width":400,"height":400,"url":"https:\/\/gozu.zone\/wp-content\/uploads\/2018\/08\/flipship.jpg","type":"image\/jpeg"}],"twitter_card":"summary_large_image","twitter_site":"@gozuzone","twitter_misc":{"Dur\u00e9e de lecture estim\u00e9e":"1 minute"},"schema":{"@context":"https:\/\/schema.org","@graph":[{"@type":"WebPage","@id":"https:\/\/gozu.zone\/?product=flipships","url":"https:\/\/gozu.zone\/?product=flipships","name":"Acheter FLIPSHIPS - GOZU ZONE - Jeux et Accessoires","isPartOf":{"@id":"https:\/\/gozu.zone\/#website"},"primaryImageOfPage":{"@id":"https:\/\/gozu.zone\/?product=flipships#primaryimage"},"image":{"@id":"https:\/\/gozu.zone\/?product=flipships#primaryimage"},"thumbnailUrl":"https:\/\/gozu.zone\/wp-content\/uploads\/2018\/08\/flipship.jpg","datePublished":"2018-08-11T17:20:48+00:00","dateModified":"2024-05-14T18:26:27+00:00","breadcrumb":{"@id":"https:\/\/gozu.zone\/?product=flipships#breadcrumb"},"inLanguage":"fr-FR","potentialAction":[{"@type":"ReadAction","target":["https:\/\/gozu.zone\/?product=flipships"]}]},{"@type":"ImageObject","inLanguage":"fr-FR","@id":"https:\/\/gozu.zone\/?product=flipships#primaryimage","url":"https:\/\/gozu.zone\/wp-content\/uploads\/2018\/08\/flipship.jpg","contentUrl":"https:\/\/gozu.zone\/wp-content\/uploads\/2018\/08\/flipship.jpg","width":400,"height":400},{"@type":"BreadcrumbList","@id":"https:\/\/gozu.zone\/?product=flipships#breadcrumb","itemListElement":[{"@type":"ListItem","position":1,"name":"Accueil","item":"https:\/\/gozu.zone\/"},{"@type":"ListItem","position":2,"name":"BOUTIQUE","item":"https:\/\/gozu.zone\/?page_id=308"},{"@type":"ListItem","position":3,"name":"FLIPSHIPS"}]},{"@type":"WebSite","@id":"https:\/\/gozu.zone\/#website","url":"https:\/\/gozu.zone\/","name":"GOZU ZONE","description":"Toujours plus pour vos jeux","potentialAction":[{"@type":"SearchAction","target":{"@type":"EntryPoint","urlTemplate":"https:\/\/gozu.zone\/?s={search_term_string}"},"query-input":{"@type":"PropertyValueSpecification","valueRequired":true,"valueName":"search_term_string"}}],"inLanguage":"fr-FR"}]}},"_links":{"self":[{"href":"https:\/\/gozu.zone\/index.php?rest_route=\/wp\/v2\/product\/8051","targetHints":{"allow":["GET"]}}],"collection":[{"href":"https:\/\/gozu.zone\/index.php?rest_route=\/wp\/v2\/product"}],"about":[{"href":"https:\/\/gozu.zone\/index.php?rest_route=\/wp\/v2\/types\/product"}],"replies":[{"embeddable":true,"href":"https:\/\/gozu.zone\/index.php?rest_route=%2Fwp%2Fv2%2Fcomments&post=8051"}],"wp:featuredmedia":[{"embeddable":true,"href":"https:\/\/gozu.zone\/index.php?rest_route=\/wp\/v2\/media\/8052"}],"wp:attachment":[{"href":"https:\/\/gozu.zone\/index.php?rest_route=%2Fwp%2Fv2%2Fmedia&parent=8051"}],"wp:term":[{"taxonomy":"product_brand","embeddable":true,"href":"https:\/\/gozu.zone\/index.php?rest_route=%2Fwp%2Fv2%2Fproduct_brand&post=8051"},{"taxonomy":"product_cat","embeddable":true,"href":"https:\/\/gozu.zone\/index.php?rest_route=%2Fwp%2Fv2%2Fproduct_cat&post=8051"},{"taxonomy":"product_tag","embeddable":true,"href":"https:\/\/gozu.zone\/index.php?rest_route=%2Fwp%2Fv2%2Fproduct_tag&post=8051"}],"curies":[{"name":"wp","href":"https:\/\/api.w.org\/{rel}","templated":true}]}}