{"id":8053,"date":"2018-08-11T20:01:31","date_gmt":"2018-08-11T20:01:31","guid":{"rendered":"https:\/\/gozu.zone\/?post_type=product&#038;p=8053"},"modified":"2025-03-23T15:48:04","modified_gmt":"2025-03-23T15:48:04","slug":"deckspace-braquage-a-venise","status":"publish","type":"product","link":"https:\/\/gozu.zone\/?product=deckspace-braquage-a-venise","title":{"rendered":"DECKSCAPE- Braquage \u00e0 Venise"},"content":{"rendered":"<div>Jeu d\u2019Escape Room de poche con\u00e7u pour \u00eatre jou\u00e9 seul ou avec un groupe d\u2019amis.<\/div>\n<div>Vous \u00eates des cambrioleurs professionnels \u00e0 la retraite, mais une myst\u00e9rieuse missive vous force \u00e0 reformer votre ancienne \u00e9quipe. La mission : vous introduire dans le plus ancien casino du monde, \u00e0 Venise, et voler le jeton d\u2019une valeur d\u20191 million d\u2019euros !<\/div>\n<div><\/div>\n<div>Chacun d\u2019entre vous dispose de capacit\u00e9s et de comp\u00e9tences sp\u00e9cifiques, et si vous suivez le plan tout se passera bien. Malgr\u00e9 tout, il s\u2019agit d\u2019une op\u00e9ration risqu\u00e9e, et le moindre \u00e9v\u00e9nement inattendu pourrait compromettre toute la mission.<\/div>\n<div>Serez-vous capables de d\u00e9jouer le syst\u00e8me de s\u00e9curit\u00e9 complexe du casino puis de vous enfuir avec le butin ?<\/div>\n","protected":false},"excerpt":{"rendered":"<p>La mission : vous introduire dans le plus ancien casino du monde, \u00e0 Venise, et voler le jeton d\u2019une valeur d\u20191 million d\u2019euros !<\/p>\n<ul>\n<li><strong>\u00c2ge<\/strong> : 12 ans et +<\/li>\n<li><strong>Dur\u00e9e<\/strong> : 30 min \u00e0 60 min<\/li>\n<li><strong>Joueurs<\/strong> : 1\u00a0\u00e0 6<\/li>\n<\/ul>\n","protected":false},"featured_media":8055,"comment_status":"open","ping_status":"closed","template":"","meta":{"_acf_changed":false},"product_brand":[],"product_cat":[323,494,361,333],"product_tag":[444,680],"class_list":{"0":"post-8053","1":"product","2":"type-product","3":"status-publish","4":"has-post-thumbnail","6":"product_cat-jeux","7":"product_cat-jeux-de-societe","8":"product_cat-familiaux","9":"product_cat-par-types","10":"product_tag-enquete","11":"product_tag-escape-room","12":"product_shipping_class-livraisonstandard_colis","14":"first","15":"instock","16":"taxable","17":"shipping-taxable","18":"purchasable","19":"product-type-simple"},"acf":[],"yoast_head":"<!-- This site is optimized with the Yoast SEO plugin v25.3 - https:\/\/yoast.com\/wordpress\/plugins\/seo\/ -->\n<title>Acheter DECKSCAPE- Braquage \u00e0 Venise - GOZU ZONE - Jeux et Accessoires<\/title>\n<meta name=\"robots\" content=\"index, follow, max-snippet:-1, max-image-preview:large, max-video-preview:-1\" \/>\n<link rel=\"canonical\" href=\"https:\/\/gozu.zone\/?product=deckspace-braquage-a-venise\" \/>\n<meta property=\"og:locale\" content=\"fr_FR\" \/>\n<meta property=\"og:type\" content=\"article\" \/>\n<meta property=\"og:title\" content=\"Acheter DECKSCAPE- Braquage \u00e0 Venise - GOZU ZONE - Jeux et Accessoires\" \/>\n<meta property=\"og:description\" content=\"La mission : vous introduire dans le plus ancien casino du monde, \u00e0 Venise, et voler le jeton d\u2019une valeur d\u20191 million d\u2019euros !   \u00c2ge : 12 ans et +  Dur\u00e9e : 30 min \u00e0 60 min  Joueurs : 1\u00a0\u00e0 6\" \/>\n<meta property=\"og:url\" content=\"https:\/\/gozu.zone\/?product=deckspace-braquage-a-venise\" \/>\n<meta property=\"og:site_name\" content=\"GOZU ZONE\" \/>\n<meta property=\"article:publisher\" content=\"https:\/\/www.facebook.com\/gozuzone\/\" \/>\n<meta property=\"article:modified_time\" content=\"2025-03-23T15:48:04+00:00\" \/>\n<meta property=\"og:image\" content=\"https:\/\/gozu.zone\/wp-content\/uploads\/2018\/08\/deckscape-braquage-a-venise.jpg\" \/>\n\t<meta property=\"og:image:width\" content=\"400\" \/>\n\t<meta property=\"og:image:height\" content=\"400\" \/>\n\t<meta property=\"og:image:type\" content=\"image\/jpeg\" \/>\n<meta name=\"twitter:card\" content=\"summary_large_image\" \/>\n<meta name=\"twitter:site\" content=\"@gozuzone\" \/>\n<meta name=\"twitter:label1\" content=\"Dur\u00e9e de lecture estim\u00e9e\" \/>\n\t<meta name=\"twitter:data1\" content=\"1 minute\" \/>\n<script type=\"application\/ld+json\" class=\"yoast-schema-graph\">{\"@context\":\"https:\/\/schema.org\",\"@graph\":[{\"@type\":\"WebPage\",\"@id\":\"https:\/\/gozu.zone\/?product=deckspace-braquage-a-venise\",\"url\":\"https:\/\/gozu.zone\/?product=deckspace-braquage-a-venise\",\"name\":\"Acheter DECKSCAPE- Braquage \u00e0 Venise - GOZU ZONE - Jeux et Accessoires\",\"isPartOf\":{\"@id\":\"https:\/\/gozu.zone\/#website\"},\"primaryImageOfPage\":{\"@id\":\"https:\/\/gozu.zone\/?product=deckspace-braquage-a-venise#primaryimage\"},\"image\":{\"@id\":\"https:\/\/gozu.zone\/?product=deckspace-braquage-a-venise#primaryimage\"},\"thumbnailUrl\":\"https:\/\/gozu.zone\/wp-content\/uploads\/2018\/08\/deckscape-braquage-a-venise.jpg\",\"datePublished\":\"2018-08-11T20:01:31+00:00\",\"dateModified\":\"2025-03-23T15:48:04+00:00\",\"breadcrumb\":{\"@id\":\"https:\/\/gozu.zone\/?product=deckspace-braquage-a-venise#breadcrumb\"},\"inLanguage\":\"fr-FR\",\"potentialAction\":[{\"@type\":\"ReadAction\",\"target\":[\"https:\/\/gozu.zone\/?product=deckspace-braquage-a-venise\"]}]},{\"@type\":\"ImageObject\",\"inLanguage\":\"fr-FR\",\"@id\":\"https:\/\/gozu.zone\/?product=deckspace-braquage-a-venise#primaryimage\",\"url\":\"https:\/\/gozu.zone\/wp-content\/uploads\/2018\/08\/deckscape-braquage-a-venise.jpg\",\"contentUrl\":\"https:\/\/gozu.zone\/wp-content\/uploads\/2018\/08\/deckscape-braquage-a-venise.jpg\",\"width\":400,\"height\":400},{\"@type\":\"BreadcrumbList\",\"@id\":\"https:\/\/gozu.zone\/?product=deckspace-braquage-a-venise#breadcrumb\",\"itemListElement\":[{\"@type\":\"ListItem\",\"position\":1,\"name\":\"Accueil\",\"item\":\"https:\/\/gozu.zone\/\"},{\"@type\":\"ListItem\",\"position\":2,\"name\":\"BOUTIQUE\",\"item\":\"https:\/\/gozu.zone\/?page_id=308\"},{\"@type\":\"ListItem\",\"position\":3,\"name\":\"DECKSCAPE- Braquage \u00e0 Venise\"}]},{\"@type\":\"WebSite\",\"@id\":\"https:\/\/gozu.zone\/#website\",\"url\":\"https:\/\/gozu.zone\/\",\"name\":\"GOZU ZONE\",\"description\":\"Toujours plus pour vos jeux\",\"potentialAction\":[{\"@type\":\"SearchAction\",\"target\":{\"@type\":\"EntryPoint\",\"urlTemplate\":\"https:\/\/gozu.zone\/?s={search_term_string}\"},\"query-input\":{\"@type\":\"PropertyValueSpecification\",\"valueRequired\":true,\"valueName\":\"search_term_string\"}}],\"inLanguage\":\"fr-FR\"}]}<\/script>\n<!-- \/ Yoast SEO plugin. -->","yoast_head_json":{"title":"Acheter DECKSCAPE- Braquage \u00e0 Venise - GOZU ZONE - Jeux et Accessoires","robots":{"index":"index","follow":"follow","max-snippet":"max-snippet:-1","max-image-preview":"max-image-preview:large","max-video-preview":"max-video-preview:-1"},"canonical":"https:\/\/gozu.zone\/?product=deckspace-braquage-a-venise","og_locale":"fr_FR","og_type":"article","og_title":"Acheter DECKSCAPE- Braquage \u00e0 Venise - GOZU ZONE - Jeux et Accessoires","og_description":"La mission : vous introduire dans le plus ancien casino du monde, \u00e0 Venise, et voler le jeton d\u2019une valeur d\u20191 million d\u2019euros !   \u00c2ge : 12 ans et +  Dur\u00e9e : 30 min \u00e0 60 min  Joueurs : 1\u00a0\u00e0 6","og_url":"https:\/\/gozu.zone\/?product=deckspace-braquage-a-venise","og_site_name":"GOZU ZONE","article_publisher":"https:\/\/www.facebook.com\/gozuzone\/","article_modified_time":"2025-03-23T15:48:04+00:00","og_image":[{"width":400,"height":400,"url":"https:\/\/gozu.zone\/wp-content\/uploads\/2018\/08\/deckscape-braquage-a-venise.jpg","type":"image\/jpeg"}],"twitter_card":"summary_large_image","twitter_site":"@gozuzone","twitter_misc":{"Dur\u00e9e de lecture estim\u00e9e":"1 minute"},"schema":{"@context":"https:\/\/schema.org","@graph":[{"@type":"WebPage","@id":"https:\/\/gozu.zone\/?product=deckspace-braquage-a-venise","url":"https:\/\/gozu.zone\/?product=deckspace-braquage-a-venise","name":"Acheter DECKSCAPE- Braquage \u00e0 Venise - GOZU ZONE - Jeux et Accessoires","isPartOf":{"@id":"https:\/\/gozu.zone\/#website"},"primaryImageOfPage":{"@id":"https:\/\/gozu.zone\/?product=deckspace-braquage-a-venise#primaryimage"},"image":{"@id":"https:\/\/gozu.zone\/?product=deckspace-braquage-a-venise#primaryimage"},"thumbnailUrl":"https:\/\/gozu.zone\/wp-content\/uploads\/2018\/08\/deckscape-braquage-a-venise.jpg","datePublished":"2018-08-11T20:01:31+00:00","dateModified":"2025-03-23T15:48:04+00:00","breadcrumb":{"@id":"https:\/\/gozu.zone\/?product=deckspace-braquage-a-venise#breadcrumb"},"inLanguage":"fr-FR","potentialAction":[{"@type":"ReadAction","target":["https:\/\/gozu.zone\/?product=deckspace-braquage-a-venise"]}]},{"@type":"ImageObject","inLanguage":"fr-FR","@id":"https:\/\/gozu.zone\/?product=deckspace-braquage-a-venise#primaryimage","url":"https:\/\/gozu.zone\/wp-content\/uploads\/2018\/08\/deckscape-braquage-a-venise.jpg","contentUrl":"https:\/\/gozu.zone\/wp-content\/uploads\/2018\/08\/deckscape-braquage-a-venise.jpg","width":400,"height":400},{"@type":"BreadcrumbList","@id":"https:\/\/gozu.zone\/?product=deckspace-braquage-a-venise#breadcrumb","itemListElement":[{"@type":"ListItem","position":1,"name":"Accueil","item":"https:\/\/gozu.zone\/"},{"@type":"ListItem","position":2,"name":"BOUTIQUE","item":"https:\/\/gozu.zone\/?page_id=308"},{"@type":"ListItem","position":3,"name":"DECKSCAPE- Braquage \u00e0 Venise"}]},{"@type":"WebSite","@id":"https:\/\/gozu.zone\/#website","url":"https:\/\/gozu.zone\/","name":"GOZU ZONE","description":"Toujours plus pour vos jeux","potentialAction":[{"@type":"SearchAction","target":{"@type":"EntryPoint","urlTemplate":"https:\/\/gozu.zone\/?s={search_term_string}"},"query-input":{"@type":"PropertyValueSpecification","valueRequired":true,"valueName":"search_term_string"}}],"inLanguage":"fr-FR"}]}},"_links":{"self":[{"href":"https:\/\/gozu.zone\/index.php?rest_route=\/wp\/v2\/product\/8053","targetHints":{"allow":["GET"]}}],"collection":[{"href":"https:\/\/gozu.zone\/index.php?rest_route=\/wp\/v2\/product"}],"about":[{"href":"https:\/\/gozu.zone\/index.php?rest_route=\/wp\/v2\/types\/product"}],"replies":[{"embeddable":true,"href":"https:\/\/gozu.zone\/index.php?rest_route=%2Fwp%2Fv2%2Fcomments&post=8053"}],"wp:featuredmedia":[{"embeddable":true,"href":"https:\/\/gozu.zone\/index.php?rest_route=\/wp\/v2\/media\/8055"}],"wp:attachment":[{"href":"https:\/\/gozu.zone\/index.php?rest_route=%2Fwp%2Fv2%2Fmedia&parent=8053"}],"wp:term":[{"taxonomy":"product_brand","embeddable":true,"href":"https:\/\/gozu.zone\/index.php?rest_route=%2Fwp%2Fv2%2Fproduct_brand&post=8053"},{"taxonomy":"product_cat","embeddable":true,"href":"https:\/\/gozu.zone\/index.php?rest_route=%2Fwp%2Fv2%2Fproduct_cat&post=8053"},{"taxonomy":"product_tag","embeddable":true,"href":"https:\/\/gozu.zone\/index.php?rest_route=%2Fwp%2Fv2%2Fproduct_tag&post=8053"}],"curies":[{"name":"wp","href":"https:\/\/api.w.org\/{rel}","templated":true}]}}