{"id":8077,"date":"2018-08-15T17:25:08","date_gmt":"2018-08-15T17:25:08","guid":{"rendered":"https:\/\/gozu.zone\/?post_type=product&#038;p=8077"},"modified":"2018-08-18T18:13:09","modified_gmt":"2018-08-18T18:13:09","slug":"dark-tales-cendrillon","status":"publish","type":"product","link":"https:\/\/gozu.zone\/?product=dark-tales-cendrillon","title":{"rendered":"Dark Tales &#8211; Cendrillon"},"content":{"rendered":"<div>\n<p>Elle devait travailler dur, du matin au soir : se lever avant l\u2019aube, porter l\u2019eau, faire le feu, la cuisine et le m\u00e9nage. Pendant ce temps, ses demi-s\u0153urs faisaient tout ce qui \u00e9tait en leur pouvoir pour lui faire du mal. Et le soir, quand elle \u00e9tait harass\u00e9e par la t\u00e2che, il n\u2019y avait pas de lit pour elle. Au lieu de cela, elle devait dormir pr\u00e8s du foyer, dans les cendres. Et comme elle avait toujours l\u2019air poussi\u00e9reuse et sale, elles l\u2019appel\u00e8rent\u2026 Cendrillon.<\/p>\n<p>Revivez l\u2019un des plus c\u00e9l\u00e8bres contes de f\u00e9es avec DARK TALES \u2013 CENDRILLON !<\/p>\n<p>Des tyranniques Demi-S\u0153urs \u00e0 la cruelle Mar\u00e2tre, du fabuleux Bal au Palais \u00e0 la c\u00e9l\u00e8bre Chaussure ; de nouveaux personnages et des objets sp\u00e9ciaux apparaissent dans le monde de Dark Tales, pour cr\u00e9er de nouvelles combinaisons inattendues !<\/p>\n<p>Cendrillon parviendra-t-elle \u00e0 danser avec le Prince, ou les Demi-S\u0153urs accapareront-elles son attention ?<\/p>\n<p>Quand l\u2019histoire s\u2019ach\u00e9ve, il est temps d\u2019en jouer une autre : La fin peut toujours changer !<\/p>\n<p>&nbsp;<\/p>\n<\/div>\n<div class=\"disclaimer material\">\n<h3>Contenu de l&rsquo;extension Dark Tales &#8211; Cendrillon<\/h3>\n<ul>\n<li>21 cartes \u00e0 jouer<\/li>\n<li>2 cartes Contexte Cendrillon<\/li>\n<li>1 carte sp\u00e9ciale Bal au Palais<\/li>\n<li>21\u00a0Marqueurs<\/li>\n<li>4 pions Point de victoire<\/li>\n<li>2\u00a0nouvelles cartes Contexte pour le jeu de base et un feuillet de r\u00e8gles<\/li>\n<\/ul>\n<\/div>\n","protected":false},"excerpt":{"rendered":"<p>Revivez l\u2019un des plus c\u00e9l\u00e8bres contes de f\u00e9es avec Dark Tales &#8211; Cendrillon !<\/p>\n<p><strong>N\u00e9cessite le jeu de base <a href=\"http:\/\/pro.gozu.zone\/?product=dark-tales\">Dark Tales VF<\/a><\/strong><\/p>\n<ul>\n<li><strong>\u00c2ge<\/strong> : 14 ans et +<\/li>\n<li><strong>Dur\u00e9e<\/strong> : 30 min<\/li>\n<li><strong>Joueurs<\/strong> : 2\u00a0\u00e0 4<\/li>\n<\/ul>\n","protected":false},"featured_media":8072,"comment_status":"open","ping_status":"closed","template":"","meta":{"_acf_changed":false},"product_brand":[],"product_cat":[324,327,323,494,333],"product_tag":[177,681,352],"class_list":{"0":"post-8077","1":"product","2":"type-product","3":"status-publish","4":"has-post-thumbnail","6":"product_cat-experts","7":"product_cat-extensions","8":"product_cat-jeux","9":"product_cat-jeux-de-societe","10":"product_cat-par-types","11":"product_tag-cartes","12":"product_tag-contes","13":"product_tag-fantastique","14":"product_shipping_class-livraisonstandard_colis","16":"first","17":"instock","18":"sale","19":"taxable","20":"shipping-taxable","21":"purchasable","22":"product-type-simple"},"acf":[],"yoast_head":"<!-- This site is optimized with the Yoast SEO plugin v25.3 - https:\/\/yoast.com\/wordpress\/plugins\/seo\/ -->\n<title>Acheter Dark Tales - Cendrillon - GOZU ZONE - Jeux et Accessoires<\/title>\n<meta name=\"robots\" content=\"index, follow, max-snippet:-1, max-image-preview:large, max-video-preview:-1\" \/>\n<link rel=\"canonical\" href=\"https:\/\/gozu.zone\/?product=dark-tales-cendrillon\" \/>\n<meta property=\"og:locale\" content=\"fr_FR\" \/>\n<meta property=\"og:type\" content=\"article\" \/>\n<meta property=\"og:title\" content=\"Acheter Dark Tales - Cendrillon - GOZU ZONE - Jeux et Accessoires\" \/>\n<meta property=\"og:description\" content=\"Revivez l\u2019un des plus c\u00e9l\u00e8bres contes de f\u00e9es avec Dark Tales - Cendrillon !  N\u00e9cessite le jeu de base Dark Tales VF   \u00c2ge : 14 ans et +  Dur\u00e9e : 30 min  Joueurs : 2\u00a0\u00e0 4\" \/>\n<meta property=\"og:url\" content=\"https:\/\/gozu.zone\/?product=dark-tales-cendrillon\" \/>\n<meta property=\"og:site_name\" content=\"GOZU ZONE\" \/>\n<meta property=\"article:publisher\" content=\"https:\/\/www.facebook.com\/gozuzone\/\" \/>\n<meta property=\"article:modified_time\" content=\"2018-08-18T18:13:09+00:00\" \/>\n<meta property=\"og:image\" content=\"https:\/\/gozu.zone\/wp-content\/uploads\/2018\/08\/DARK-TALES-CENDRILLON.jpg\" \/>\n\t<meta property=\"og:image:width\" content=\"580\" \/>\n\t<meta property=\"og:image:height\" content=\"580\" \/>\n\t<meta property=\"og:image:type\" content=\"image\/jpeg\" \/>\n<meta name=\"twitter:card\" content=\"summary_large_image\" \/>\n<meta name=\"twitter:site\" content=\"@gozuzone\" \/>\n<meta name=\"twitter:label1\" content=\"Dur\u00e9e de lecture estim\u00e9e\" \/>\n\t<meta name=\"twitter:data1\" content=\"1 minute\" \/>\n<script type=\"application\/ld+json\" class=\"yoast-schema-graph\">{\"@context\":\"https:\/\/schema.org\",\"@graph\":[{\"@type\":\"WebPage\",\"@id\":\"https:\/\/gozu.zone\/?product=dark-tales-cendrillon\",\"url\":\"https:\/\/gozu.zone\/?product=dark-tales-cendrillon\",\"name\":\"Acheter Dark Tales - Cendrillon - GOZU ZONE - Jeux et Accessoires\",\"isPartOf\":{\"@id\":\"https:\/\/gozu.zone\/#website\"},\"primaryImageOfPage\":{\"@id\":\"https:\/\/gozu.zone\/?product=dark-tales-cendrillon#primaryimage\"},\"image\":{\"@id\":\"https:\/\/gozu.zone\/?product=dark-tales-cendrillon#primaryimage\"},\"thumbnailUrl\":\"https:\/\/gozu.zone\/wp-content\/uploads\/2018\/08\/DARK-TALES-CENDRILLON.jpg\",\"datePublished\":\"2018-08-15T17:25:08+00:00\",\"dateModified\":\"2018-08-18T18:13:09+00:00\",\"breadcrumb\":{\"@id\":\"https:\/\/gozu.zone\/?product=dark-tales-cendrillon#breadcrumb\"},\"inLanguage\":\"fr-FR\",\"potentialAction\":[{\"@type\":\"ReadAction\",\"target\":[\"https:\/\/gozu.zone\/?product=dark-tales-cendrillon\"]}]},{\"@type\":\"ImageObject\",\"inLanguage\":\"fr-FR\",\"@id\":\"https:\/\/gozu.zone\/?product=dark-tales-cendrillon#primaryimage\",\"url\":\"https:\/\/gozu.zone\/wp-content\/uploads\/2018\/08\/DARK-TALES-CENDRILLON.jpg\",\"contentUrl\":\"https:\/\/gozu.zone\/wp-content\/uploads\/2018\/08\/DARK-TALES-CENDRILLON.jpg\",\"width\":580,\"height\":580},{\"@type\":\"BreadcrumbList\",\"@id\":\"https:\/\/gozu.zone\/?product=dark-tales-cendrillon#breadcrumb\",\"itemListElement\":[{\"@type\":\"ListItem\",\"position\":1,\"name\":\"Accueil\",\"item\":\"https:\/\/gozu.zone\/\"},{\"@type\":\"ListItem\",\"position\":2,\"name\":\"BOUTIQUE\",\"item\":\"https:\/\/gozu.zone\/?page_id=308\"},{\"@type\":\"ListItem\",\"position\":3,\"name\":\"Dark Tales &#8211; Cendrillon\"}]},{\"@type\":\"WebSite\",\"@id\":\"https:\/\/gozu.zone\/#website\",\"url\":\"https:\/\/gozu.zone\/\",\"name\":\"GOZU ZONE\",\"description\":\"Toujours plus pour vos jeux\",\"potentialAction\":[{\"@type\":\"SearchAction\",\"target\":{\"@type\":\"EntryPoint\",\"urlTemplate\":\"https:\/\/gozu.zone\/?s={search_term_string}\"},\"query-input\":{\"@type\":\"PropertyValueSpecification\",\"valueRequired\":true,\"valueName\":\"search_term_string\"}}],\"inLanguage\":\"fr-FR\"}]}<\/script>\n<!-- \/ Yoast SEO plugin. -->","yoast_head_json":{"title":"Acheter Dark Tales - Cendrillon - GOZU ZONE - Jeux et Accessoires","robots":{"index":"index","follow":"follow","max-snippet":"max-snippet:-1","max-image-preview":"max-image-preview:large","max-video-preview":"max-video-preview:-1"},"canonical":"https:\/\/gozu.zone\/?product=dark-tales-cendrillon","og_locale":"fr_FR","og_type":"article","og_title":"Acheter Dark Tales - Cendrillon - GOZU ZONE - Jeux et Accessoires","og_description":"Revivez l\u2019un des plus c\u00e9l\u00e8bres contes de f\u00e9es avec Dark Tales - Cendrillon !  N\u00e9cessite le jeu de base Dark Tales VF   \u00c2ge : 14 ans et +  Dur\u00e9e : 30 min  Joueurs : 2\u00a0\u00e0 4","og_url":"https:\/\/gozu.zone\/?product=dark-tales-cendrillon","og_site_name":"GOZU ZONE","article_publisher":"https:\/\/www.facebook.com\/gozuzone\/","article_modified_time":"2018-08-18T18:13:09+00:00","og_image":[{"width":580,"height":580,"url":"https:\/\/gozu.zone\/wp-content\/uploads\/2018\/08\/DARK-TALES-CENDRILLON.jpg","type":"image\/jpeg"}],"twitter_card":"summary_large_image","twitter_site":"@gozuzone","twitter_misc":{"Dur\u00e9e de lecture estim\u00e9e":"1 minute"},"schema":{"@context":"https:\/\/schema.org","@graph":[{"@type":"WebPage","@id":"https:\/\/gozu.zone\/?product=dark-tales-cendrillon","url":"https:\/\/gozu.zone\/?product=dark-tales-cendrillon","name":"Acheter Dark Tales - Cendrillon - GOZU ZONE - Jeux et Accessoires","isPartOf":{"@id":"https:\/\/gozu.zone\/#website"},"primaryImageOfPage":{"@id":"https:\/\/gozu.zone\/?product=dark-tales-cendrillon#primaryimage"},"image":{"@id":"https:\/\/gozu.zone\/?product=dark-tales-cendrillon#primaryimage"},"thumbnailUrl":"https:\/\/gozu.zone\/wp-content\/uploads\/2018\/08\/DARK-TALES-CENDRILLON.jpg","datePublished":"2018-08-15T17:25:08+00:00","dateModified":"2018-08-18T18:13:09+00:00","breadcrumb":{"@id":"https:\/\/gozu.zone\/?product=dark-tales-cendrillon#breadcrumb"},"inLanguage":"fr-FR","potentialAction":[{"@type":"ReadAction","target":["https:\/\/gozu.zone\/?product=dark-tales-cendrillon"]}]},{"@type":"ImageObject","inLanguage":"fr-FR","@id":"https:\/\/gozu.zone\/?product=dark-tales-cendrillon#primaryimage","url":"https:\/\/gozu.zone\/wp-content\/uploads\/2018\/08\/DARK-TALES-CENDRILLON.jpg","contentUrl":"https:\/\/gozu.zone\/wp-content\/uploads\/2018\/08\/DARK-TALES-CENDRILLON.jpg","width":580,"height":580},{"@type":"BreadcrumbList","@id":"https:\/\/gozu.zone\/?product=dark-tales-cendrillon#breadcrumb","itemListElement":[{"@type":"ListItem","position":1,"name":"Accueil","item":"https:\/\/gozu.zone\/"},{"@type":"ListItem","position":2,"name":"BOUTIQUE","item":"https:\/\/gozu.zone\/?page_id=308"},{"@type":"ListItem","position":3,"name":"Dark Tales &#8211; Cendrillon"}]},{"@type":"WebSite","@id":"https:\/\/gozu.zone\/#website","url":"https:\/\/gozu.zone\/","name":"GOZU ZONE","description":"Toujours plus pour vos jeux","potentialAction":[{"@type":"SearchAction","target":{"@type":"EntryPoint","urlTemplate":"https:\/\/gozu.zone\/?s={search_term_string}"},"query-input":{"@type":"PropertyValueSpecification","valueRequired":true,"valueName":"search_term_string"}}],"inLanguage":"fr-FR"}]}},"_links":{"self":[{"href":"https:\/\/gozu.zone\/index.php?rest_route=\/wp\/v2\/product\/8077","targetHints":{"allow":["GET"]}}],"collection":[{"href":"https:\/\/gozu.zone\/index.php?rest_route=\/wp\/v2\/product"}],"about":[{"href":"https:\/\/gozu.zone\/index.php?rest_route=\/wp\/v2\/types\/product"}],"replies":[{"embeddable":true,"href":"https:\/\/gozu.zone\/index.php?rest_route=%2Fwp%2Fv2%2Fcomments&post=8077"}],"wp:featuredmedia":[{"embeddable":true,"href":"https:\/\/gozu.zone\/index.php?rest_route=\/wp\/v2\/media\/8072"}],"wp:attachment":[{"href":"https:\/\/gozu.zone\/index.php?rest_route=%2Fwp%2Fv2%2Fmedia&parent=8077"}],"wp:term":[{"taxonomy":"product_brand","embeddable":true,"href":"https:\/\/gozu.zone\/index.php?rest_route=%2Fwp%2Fv2%2Fproduct_brand&post=8077"},{"taxonomy":"product_cat","embeddable":true,"href":"https:\/\/gozu.zone\/index.php?rest_route=%2Fwp%2Fv2%2Fproduct_cat&post=8077"},{"taxonomy":"product_tag","embeddable":true,"href":"https:\/\/gozu.zone\/index.php?rest_route=%2Fwp%2Fv2%2Fproduct_tag&post=8077"}],"curies":[{"name":"wp","href":"https:\/\/api.w.org\/{rel}","templated":true}]}}